{"id":8742,"date":"2024-11-06T10:45:48","date_gmt":"2024-11-06T07:45:48","guid":{"rendered":"https:\/\/atasagon.com\/?post_type=product&#038;p=8742"},"modified":"2026-02-11T12:39:59","modified_gmt":"2026-02-11T09:39:59","slug":"https-atasagon-com-post_typeproductp8742previewtrue","status":"publish","type":"product","link":"https:\/\/atasagon.com\/en\/product\/https-atasagon-com-post_typeproductp8742previewtrue\/","title":{"rendered":"Consiliere Psihologica &#8211; 60 minute"},"content":{"rendered":"<p>C\u00e2nd vine vorba de s\u0103n\u0103tatea ta fizic\u0103, nu te-ai g\u00e2ndi de dou\u0103 ori s\u0103 vezi un medic. Dar ce zici de s\u0103n\u0103tatea ta mental\u0103 \u0219i de bun\u0103starea emo\u021bional\u0103? Cau\u021bi \u00eendrumare pentru o situa\u021bie dificil\u0103 cu care te confrun\u021bi? Noi suntem al\u0103turi de tine! Consilierea psihologic\u0103 este o form\u0103 de interven\u021bie care \u021bi se adreseaz\u0103 dac\u0103 e\u0219ti \u00eentr-un impas al vie\u021bii, fiind unul dintre cele mai utile instrumente pentru rezolvarea problemelor stresante din via\u021ba ta. Nu trebuie s\u0103 ar\u0103\u021bi mereu c\u0103 e\u0219ti puternic, las\u0103-ne s\u0103 te ajut\u0103m! Scopurile consilierii psihologice sunt autocunoa\u0219terea \u0219i descoperirea propriului poten\u021bial, dezvoltarea personal\u0103, acceptarea de sine \u0219i a celor din jur \u0219i armonizarea rela\u021biilor cu ceilal\u021bi. Alege s\u0103 \u00ee\u021bi valorifici resursele interioare pentru a ajunge s\u0103 te reconectezi cu adev\u0103ratul \u0219i autenticul \u201ctu\u201d.<\/p>\n<p>&nbsp;<\/p>","protected":false},"excerpt":{"rendered":"<p>C\u00e2nd vine vorba de s\u0103n\u0103tatea ta fizic\u0103, nu te-ai g\u00e2ndi de dou\u0103 ori s\u0103 vezi un medic. Dar ce zici de s\u0103n\u0103tatea ta mental\u0103 \u0219i de bun\u0103starea emo\u021bional\u0103? Cau\u021bi \u00eendrumare pentru o situa\u021bie dificil\u0103 cu care te confrun\u021bi? Noi suntem al\u0103turi de tine! Consilierea psihologic\u0103 este o form\u0103 de interven\u021bie care \u021bi se adreseaz\u0103 dac\u0103&hellip;<\/p>","protected":false},"featured_media":8746,"comment_status":"closed","ping_status":"closed","template":"","meta":{"_acf_changed":false},"product_brand":[],"product_cat":[36],"product_tag":[],"class_list":{"0":"post-8742","1":"product","2":"type-product","3":"status-publish","4":"has-post-thumbnail","6":"product_cat-minte-suflet","8":"first","9":"instock","10":"shipping-taxable","11":"purchasable","12":"product-type-simple"},"acf":[],"yoast_head":"<!-- This site is optimized with the Yoast SEO plugin v27.2 - https:\/\/yoast.com\/product\/yoast-seo-wordpress\/ -->\n<title>Consiliere Psihologica - 60 minute - Atasagon<\/title>\n<meta name=\"robots\" content=\"index, follow, max-snippet:-1, max-image-preview:large, max-video-preview:-1\" \/>\n<link rel=\"canonical\" href=\"https:\/\/atasagon.com\/en\/product\/https-atasagon-com-post_typeproductp8742previewtrue\/\" \/>\n<meta property=\"og:locale\" content=\"en_US\" \/>\n<meta property=\"og:type\" content=\"article\" \/>\n<meta property=\"og:title\" content=\"Consiliere Psihologica - 60 minute - Atasagon\" \/>\n<meta property=\"og:description\" content=\"C\u00e2nd vine vorba de s\u0103n\u0103tatea ta fizic\u0103, nu te-ai g\u00e2ndi de dou\u0103 ori s\u0103 vezi un medic. Dar ce zici de s\u0103n\u0103tatea ta mental\u0103 \u0219i de bun\u0103starea emo\u021bional\u0103? Cau\u021bi \u00eendrumare pentru o situa\u021bie dificil\u0103 cu care te confrun\u021bi? Noi suntem al\u0103turi de tine! Consilierea psihologic\u0103 este o form\u0103 de interven\u021bie care \u021bi se adreseaz\u0103 dac\u0103&hellip;\" \/>\n<meta property=\"og:url\" content=\"https:\/\/atasagon.com\/en\/product\/https-atasagon-com-post_typeproductp8742previewtrue\/\" \/>\n<meta property=\"og:site_name\" content=\"Atasagon\" \/>\n<meta property=\"article:publisher\" content=\"https:\/\/www.facebook.com\/atasagon\/\" \/>\n<meta property=\"article:modified_time\" content=\"2026-02-11T09:39:59+00:00\" \/>\n<meta property=\"og:image\" content=\"https:\/\/atasagon.com\/wp-content\/uploads\/2024\/11\/Atasagon-1762.jpg\" \/>\n\t<meta property=\"og:image:width\" content=\"1304\" \/>\n\t<meta property=\"og:image:height\" content=\"869\" \/>\n\t<meta property=\"og:image:type\" content=\"image\/jpeg\" \/>\n<meta name=\"twitter:card\" content=\"summary_large_image\" \/>\n<meta name=\"twitter:label1\" content=\"Est. reading time\" \/>\n\t<meta name=\"twitter:data1\" content=\"1 minute\" \/>\n<script type=\"application\/ld+json\" class=\"yoast-schema-graph\">{\"@context\":\"https:\/\/schema.org\",\"@graph\":[{\"@type\":\"WebPage\",\"@id\":\"https:\/\/atasagon.com\/produs\/https-atasagon-com-post_typeproductp8742previewtrue\/\",\"url\":\"https:\/\/atasagon.com\/produs\/https-atasagon-com-post_typeproductp8742previewtrue\/\",\"name\":\"Consiliere Psihologica - 60 minute - Atasagon\",\"isPartOf\":{\"@id\":\"https:\/\/atasagon.com\/#website\"},\"primaryImageOfPage\":{\"@id\":\"https:\/\/atasagon.com\/produs\/https-atasagon-com-post_typeproductp8742previewtrue\/#primaryimage\"},\"image\":{\"@id\":\"https:\/\/atasagon.com\/produs\/https-atasagon-com-post_typeproductp8742previewtrue\/#primaryimage\"},\"thumbnailUrl\":\"https:\/\/atasagon.com\/wp-content\/uploads\/2024\/11\/Atasagon-1762.jpg\",\"datePublished\":\"2024-11-06T07:45:48+00:00\",\"dateModified\":\"2026-02-11T09:39:59+00:00\",\"breadcrumb\":{\"@id\":\"https:\/\/atasagon.com\/produs\/https-atasagon-com-post_typeproductp8742previewtrue\/#breadcrumb\"},\"inLanguage\":\"en-US\",\"potentialAction\":[{\"@type\":\"ReadAction\",\"target\":[\"https:\/\/atasagon.com\/produs\/https-atasagon-com-post_typeproductp8742previewtrue\/\"]}]},{\"@type\":\"ImageObject\",\"inLanguage\":\"en-US\",\"@id\":\"https:\/\/atasagon.com\/produs\/https-atasagon-com-post_typeproductp8742previewtrue\/#primaryimage\",\"url\":\"https:\/\/atasagon.com\/wp-content\/uploads\/2024\/11\/Atasagon-1762.jpg\",\"contentUrl\":\"https:\/\/atasagon.com\/wp-content\/uploads\/2024\/11\/Atasagon-1762.jpg\",\"width\":1304,\"height\":869},{\"@type\":\"BreadcrumbList\",\"@id\":\"https:\/\/atasagon.com\/produs\/https-atasagon-com-post_typeproductp8742previewtrue\/#breadcrumb\",\"itemListElement\":[{\"@type\":\"ListItem\",\"position\":1,\"name\":\"Home\",\"item\":\"https:\/\/atasagon.com\/\"},{\"@type\":\"ListItem\",\"position\":2,\"name\":\"Products\",\"item\":\"https:\/\/atasagon.com\/en\/shop\/\"},{\"@type\":\"ListItem\",\"position\":3,\"name\":\"Consiliere Psihologica &#8211; 60 minute\"}]},{\"@type\":\"WebSite\",\"@id\":\"https:\/\/atasagon.com\/#website\",\"url\":\"https:\/\/atasagon.com\/\",\"name\":\"Atasagon\",\"description\":\"Primul centru de nutri\u021bie \u0219i detoxifiere din Rom\u00e2nia\",\"publisher\":{\"@id\":\"https:\/\/atasagon.com\/#organization\"},\"potentialAction\":[{\"@type\":\"SearchAction\",\"target\":{\"@type\":\"EntryPoint\",\"urlTemplate\":\"https:\/\/atasagon.com\/?s={search_term_string}\"},\"query-input\":{\"@type\":\"PropertyValueSpecification\",\"valueRequired\":true,\"valueName\":\"search_term_string\"}}],\"inLanguage\":\"en-US\"},{\"@type\":\"Organization\",\"@id\":\"https:\/\/atasagon.com\/#organization\",\"name\":\"Atasagon\",\"url\":\"https:\/\/atasagon.com\/\",\"logo\":{\"@type\":\"ImageObject\",\"inLanguage\":\"en-US\",\"@id\":\"https:\/\/atasagon.com\/#\/schema\/logo\/image\/\",\"url\":\"https:\/\/atasagon.com\/wp-content\/uploads\/2023\/01\/cropped-atasagon-logo-2-175x58-1.png\",\"contentUrl\":\"https:\/\/atasagon.com\/wp-content\/uploads\/2023\/01\/cropped-atasagon-logo-2-175x58-1.png\",\"width\":175,\"height\":58,\"caption\":\"Atasagon\"},\"image\":{\"@id\":\"https:\/\/atasagon.com\/#\/schema\/logo\/image\/\"},\"sameAs\":[\"https:\/\/www.facebook.com\/atasagon\/\",\"https:\/\/instagram.com\/atasagon\"]}]}<\/script>\n<!-- \/ Yoast SEO plugin. -->","yoast_head_json":{"title":"Consiliere Psihologica - 60 minute - Atasagon","robots":{"index":"index","follow":"follow","max-snippet":"max-snippet:-1","max-image-preview":"max-image-preview:large","max-video-preview":"max-video-preview:-1"},"canonical":"https:\/\/atasagon.com\/en\/product\/https-atasagon-com-post_typeproductp8742previewtrue\/","og_locale":"en_US","og_type":"article","og_title":"Consiliere Psihologica - 60 minute - Atasagon","og_description":"C\u00e2nd vine vorba de s\u0103n\u0103tatea ta fizic\u0103, nu te-ai g\u00e2ndi de dou\u0103 ori s\u0103 vezi un medic. Dar ce zici de s\u0103n\u0103tatea ta mental\u0103 \u0219i de bun\u0103starea emo\u021bional\u0103? Cau\u021bi \u00eendrumare pentru o situa\u021bie dificil\u0103 cu care te confrun\u021bi? Noi suntem al\u0103turi de tine! Consilierea psihologic\u0103 este o form\u0103 de interven\u021bie care \u021bi se adreseaz\u0103 dac\u0103&hellip;","og_url":"https:\/\/atasagon.com\/en\/product\/https-atasagon-com-post_typeproductp8742previewtrue\/","og_site_name":"Atasagon","article_publisher":"https:\/\/www.facebook.com\/atasagon\/","article_modified_time":"2026-02-11T09:39:59+00:00","og_image":[{"width":1304,"height":869,"url":"https:\/\/atasagon.com\/wp-content\/uploads\/2024\/11\/Atasagon-1762.jpg","type":"image\/jpeg"}],"twitter_card":"summary_large_image","twitter_misc":{"Est. reading time":"1 minute"},"schema":{"@context":"https:\/\/schema.org","@graph":[{"@type":"WebPage","@id":"https:\/\/atasagon.com\/produs\/https-atasagon-com-post_typeproductp8742previewtrue\/","url":"https:\/\/atasagon.com\/produs\/https-atasagon-com-post_typeproductp8742previewtrue\/","name":"Consiliere Psihologica - 60 minute - Atasagon","isPartOf":{"@id":"https:\/\/atasagon.com\/#website"},"primaryImageOfPage":{"@id":"https:\/\/atasagon.com\/produs\/https-atasagon-com-post_typeproductp8742previewtrue\/#primaryimage"},"image":{"@id":"https:\/\/atasagon.com\/produs\/https-atasagon-com-post_typeproductp8742previewtrue\/#primaryimage"},"thumbnailUrl":"https:\/\/atasagon.com\/wp-content\/uploads\/2024\/11\/Atasagon-1762.jpg","datePublished":"2024-11-06T07:45:48+00:00","dateModified":"2026-02-11T09:39:59+00:00","breadcrumb":{"@id":"https:\/\/atasagon.com\/produs\/https-atasagon-com-post_typeproductp8742previewtrue\/#breadcrumb"},"inLanguage":"en-US","potentialAction":[{"@type":"ReadAction","target":["https:\/\/atasagon.com\/produs\/https-atasagon-com-post_typeproductp8742previewtrue\/"]}]},{"@type":"ImageObject","inLanguage":"en-US","@id":"https:\/\/atasagon.com\/produs\/https-atasagon-com-post_typeproductp8742previewtrue\/#primaryimage","url":"https:\/\/atasagon.com\/wp-content\/uploads\/2024\/11\/Atasagon-1762.jpg","contentUrl":"https:\/\/atasagon.com\/wp-content\/uploads\/2024\/11\/Atasagon-1762.jpg","width":1304,"height":869},{"@type":"BreadcrumbList","@id":"https:\/\/atasagon.com\/produs\/https-atasagon-com-post_typeproductp8742previewtrue\/#breadcrumb","itemListElement":[{"@type":"ListItem","position":1,"name":"Home","item":"https:\/\/atasagon.com\/"},{"@type":"ListItem","position":2,"name":"Products","item":"https:\/\/atasagon.com\/en\/shop\/"},{"@type":"ListItem","position":3,"name":"Consiliere Psihologica &#8211; 60 minute"}]},{"@type":"WebSite","@id":"https:\/\/atasagon.com\/#website","url":"https:\/\/atasagon.com\/","name":"Atasagon","description":"The first nutrition and detoxification center in Romania","publisher":{"@id":"https:\/\/atasagon.com\/#organization"},"potentialAction":[{"@type":"SearchAction","target":{"@type":"EntryPoint","urlTemplate":"https:\/\/atasagon.com\/?s={search_term_string}"},"query-input":{"@type":"PropertyValueSpecification","valueRequired":true,"valueName":"search_term_string"}}],"inLanguage":"en-US"},{"@type":"Organization","@id":"https:\/\/atasagon.com\/#organization","name":"Atasagon","url":"https:\/\/atasagon.com\/","logo":{"@type":"ImageObject","inLanguage":"en-US","@id":"https:\/\/atasagon.com\/#\/schema\/logo\/image\/","url":"https:\/\/atasagon.com\/wp-content\/uploads\/2023\/01\/cropped-atasagon-logo-2-175x58-1.png","contentUrl":"https:\/\/atasagon.com\/wp-content\/uploads\/2023\/01\/cropped-atasagon-logo-2-175x58-1.png","width":175,"height":58,"caption":"Atasagon"},"image":{"@id":"https:\/\/atasagon.com\/#\/schema\/logo\/image\/"},"sameAs":["https:\/\/www.facebook.com\/atasagon\/","https:\/\/instagram.com\/atasagon"]}]}},"_links":{"self":[{"href":"https:\/\/atasagon.com\/en\/wp-json\/wp\/v2\/product\/8742","targetHints":{"allow":["GET"]}}],"collection":[{"href":"https:\/\/atasagon.com\/en\/wp-json\/wp\/v2\/product"}],"about":[{"href":"https:\/\/atasagon.com\/en\/wp-json\/wp\/v2\/types\/product"}],"replies":[{"embeddable":true,"href":"https:\/\/atasagon.com\/en\/wp-json\/wp\/v2\/comments?post=8742"}],"wp:featuredmedia":[{"embeddable":true,"href":"https:\/\/atasagon.com\/en\/wp-json\/wp\/v2\/media\/8746"}],"wp:attachment":[{"href":"https:\/\/atasagon.com\/en\/wp-json\/wp\/v2\/media?parent=8742"}],"wp:term":[{"taxonomy":"product_brand","embeddable":true,"href":"https:\/\/atasagon.com\/en\/wp-json\/wp\/v2\/product_brand?post=8742"},{"taxonomy":"product_cat","embeddable":true,"href":"https:\/\/atasagon.com\/en\/wp-json\/wp\/v2\/product_cat?post=8742"},{"taxonomy":"product_tag","embeddable":true,"href":"https:\/\/atasagon.com\/en\/wp-json\/wp\/v2\/product_tag?post=8742"}],"curies":[{"name":"wp","href":"https:\/\/api.w.org\/{rel}","templated":true}]}}