{"id":8739,"date":"2024-11-06T10:40:27","date_gmt":"2024-11-06T07:40:27","guid":{"rendered":"https:\/\/atasagon.com\/?post_type=product&#038;p=8739"},"modified":"2024-11-06T10:40:27","modified_gmt":"2024-11-06T07:40:27","slug":"consiliere-psihologica-60-minute-2","status":"publish","type":"product","link":"https:\/\/atasagon.com\/en\/product\/consiliere-psihologica-60-minute-2\/","title":{"rendered":"Consiliere psihologica &#8211; 60 minute"},"content":{"rendered":"<p>C\u00e2nd vine vorba de s\u0103n\u0103tatea ta fizic\u0103, nu te-ai g\u00e2ndi de dou\u0103 ori s\u0103 vezi un medic. Dar ce zici de s\u0103n\u0103tatea ta mental\u0103 \u0219i de bun\u0103starea emo\u021bional\u0103? Cau\u021bi \u00eendrumare pentru o situa\u021bie dificil\u0103 cu care te confrun\u021bi? Noi suntem al\u0103turi de tine! Consilierea psihologic\u0103 este o form\u0103 de interven\u021bie care \u021bi se adreseaz\u0103 dac\u0103 e\u0219ti \u00eentr-un impas al vie\u021bii, fiind unul dintre cele mai utile instrumente pentru rezolvarea problemelor stresante din via\u021ba ta. Nu trebuie s\u0103 ar\u0103\u021bi mereu c\u0103 e\u0219ti puternic, las\u0103-ne s\u0103 te ajut\u0103m! Scopurile consilierii psihologice sunt autocunoa\u0219terea \u0219i descoperirea propriului poten\u021bial, dezvoltarea personal\u0103, acceptarea de sine \u0219i a celor din jur \u0219i armonizarea rela\u021biilor cu ceilal\u021bi. Alege s\u0103 \u00ee\u021bi valorifici resursele interioare pentru a ajunge s\u0103 te reconectezi cu adev\u0103ratul \u0219i autenticul \u201ctu\u201d.<\/p>","protected":false},"excerpt":{"rendered":"<p>C\u00e2nd vine vorba de s\u0103n\u0103tatea ta fizic\u0103, nu te-ai g\u00e2ndi de dou\u0103 ori s\u0103 vezi un medic. Dar ce zici de s\u0103n\u0103tatea ta mental\u0103 \u0219i de bun\u0103starea emo\u021bional\u0103? Cau\u021bi \u00eendrumare pentru o situa\u021bie dificil\u0103 cu care te confrun\u021bi? Noi suntem al\u0103turi de tine!<\/p>","protected":false},"featured_media":0,"comment_status":"closed","ping_status":"closed","template":"","meta":{"_acf_changed":false},"product_brand":[],"product_cat":[36],"product_tag":[],"class_list":{"0":"post-8739","1":"product","2":"type-product","3":"status-publish","5":"product_cat-minte-suflet","7":"first","8":"instock","9":"shipping-taxable","10":"product-type-simple"},"acf":[],"yoast_head":"<!-- This site is optimized with the Yoast SEO plugin v27.2 - https:\/\/yoast.com\/product\/yoast-seo-wordpress\/ -->\n<title>Consiliere psihologica - 60 minute - Atasagon<\/title>\n<meta name=\"robots\" content=\"index, follow, max-snippet:-1, max-image-preview:large, max-video-preview:-1\" \/>\n<link rel=\"canonical\" href=\"https:\/\/atasagon.com\/en\/?post_type=product&p=8739\" \/>\n<meta property=\"og:locale\" content=\"en_US\" \/>\n<meta property=\"og:type\" content=\"article\" \/>\n<meta property=\"og:title\" content=\"Consiliere psihologica - 60 minute - Atasagon\" \/>\n<meta property=\"og:description\" content=\"C\u00e2nd vine vorba de s\u0103n\u0103tatea ta fizic\u0103, nu te-ai g\u00e2ndi de dou\u0103 ori s\u0103 vezi un medic. Dar ce zici de s\u0103n\u0103tatea ta mental\u0103 \u0219i de bun\u0103starea emo\u021bional\u0103? Cau\u021bi \u00eendrumare pentru o situa\u021bie dificil\u0103 cu care te confrun\u021bi? Noi suntem al\u0103turi de tine!\" \/>\n<meta property=\"og:url\" content=\"https:\/\/atasagon.com\/en\/?post_type=product&amp;p=8739\" \/>\n<meta property=\"og:site_name\" content=\"Atasagon\" \/>\n<meta property=\"article:publisher\" content=\"https:\/\/www.facebook.com\/atasagon\/\" \/>\n<meta name=\"twitter:card\" content=\"summary_large_image\" \/>\n<meta name=\"twitter:label1\" content=\"Est. reading time\" \/>\n\t<meta name=\"twitter:data1\" content=\"1 minute\" \/>\n<script type=\"application\/ld+json\" class=\"yoast-schema-graph\">{\"@context\":\"https:\/\/schema.org\",\"@graph\":[{\"@type\":\"WebPage\",\"@id\":\"https:\/\/atasagon.com\/?post_type=product&p=8739\",\"url\":\"https:\/\/atasagon.com\/?post_type=product&p=8739\",\"name\":\"Consiliere psihologica - 60 minute - Atasagon\",\"isPartOf\":{\"@id\":\"https:\/\/atasagon.com\/#website\"},\"datePublished\":\"2024-11-06T07:40:27+00:00\",\"breadcrumb\":{\"@id\":\"https:\/\/atasagon.com\/?post_type=product&p=8739#breadcrumb\"},\"inLanguage\":\"en-US\",\"potentialAction\":[{\"@type\":\"ReadAction\",\"target\":[\"https:\/\/atasagon.com\/?post_type=product&p=8739\"]}]},{\"@type\":\"BreadcrumbList\",\"@id\":\"https:\/\/atasagon.com\/?post_type=product&p=8739#breadcrumb\",\"itemListElement\":[{\"@type\":\"ListItem\",\"position\":1,\"name\":\"Home\",\"item\":\"https:\/\/atasagon.com\/\"},{\"@type\":\"ListItem\",\"position\":2,\"name\":\"Products\",\"item\":\"https:\/\/atasagon.com\/en\/shop\/\"},{\"@type\":\"ListItem\",\"position\":3,\"name\":\"Consiliere psihologica &#8211; 60 minute\"}]},{\"@type\":\"WebSite\",\"@id\":\"https:\/\/atasagon.com\/#website\",\"url\":\"https:\/\/atasagon.com\/\",\"name\":\"Atasagon\",\"description\":\"Primul centru de nutri\u021bie \u0219i detoxifiere din Rom\u00e2nia\",\"publisher\":{\"@id\":\"https:\/\/atasagon.com\/#organization\"},\"potentialAction\":[{\"@type\":\"SearchAction\",\"target\":{\"@type\":\"EntryPoint\",\"urlTemplate\":\"https:\/\/atasagon.com\/?s={search_term_string}\"},\"query-input\":{\"@type\":\"PropertyValueSpecification\",\"valueRequired\":true,\"valueName\":\"search_term_string\"}}],\"inLanguage\":\"en-US\"},{\"@type\":\"Organization\",\"@id\":\"https:\/\/atasagon.com\/#organization\",\"name\":\"Atasagon\",\"url\":\"https:\/\/atasagon.com\/\",\"logo\":{\"@type\":\"ImageObject\",\"inLanguage\":\"en-US\",\"@id\":\"https:\/\/atasagon.com\/#\/schema\/logo\/image\/\",\"url\":\"https:\/\/atasagon.com\/wp-content\/uploads\/2023\/01\/cropped-atasagon-logo-2-175x58-1.png\",\"contentUrl\":\"https:\/\/atasagon.com\/wp-content\/uploads\/2023\/01\/cropped-atasagon-logo-2-175x58-1.png\",\"width\":175,\"height\":58,\"caption\":\"Atasagon\"},\"image\":{\"@id\":\"https:\/\/atasagon.com\/#\/schema\/logo\/image\/\"},\"sameAs\":[\"https:\/\/www.facebook.com\/atasagon\/\",\"https:\/\/instagram.com\/atasagon\"]}]}<\/script>\n<!-- \/ Yoast SEO plugin. -->","yoast_head_json":{"title":"Consiliere psihologica - 60 minute - Atasagon","robots":{"index":"index","follow":"follow","max-snippet":"max-snippet:-1","max-image-preview":"max-image-preview:large","max-video-preview":"max-video-preview:-1"},"canonical":"https:\/\/atasagon.com\/en\/?post_type=product&p=8739","og_locale":"en_US","og_type":"article","og_title":"Consiliere psihologica - 60 minute - Atasagon","og_description":"C\u00e2nd vine vorba de s\u0103n\u0103tatea ta fizic\u0103, nu te-ai g\u00e2ndi de dou\u0103 ori s\u0103 vezi un medic. Dar ce zici de s\u0103n\u0103tatea ta mental\u0103 \u0219i de bun\u0103starea emo\u021bional\u0103? Cau\u021bi \u00eendrumare pentru o situa\u021bie dificil\u0103 cu care te confrun\u021bi? Noi suntem al\u0103turi de tine!","og_url":"https:\/\/atasagon.com\/en\/?post_type=product&p=8739","og_site_name":"Atasagon","article_publisher":"https:\/\/www.facebook.com\/atasagon\/","twitter_card":"summary_large_image","twitter_misc":{"Est. reading time":"1 minute"},"schema":{"@context":"https:\/\/schema.org","@graph":[{"@type":"WebPage","@id":"https:\/\/atasagon.com\/?post_type=product&p=8739","url":"https:\/\/atasagon.com\/?post_type=product&p=8739","name":"Consiliere psihologica - 60 minute - Atasagon","isPartOf":{"@id":"https:\/\/atasagon.com\/#website"},"datePublished":"2024-11-06T07:40:27+00:00","breadcrumb":{"@id":"https:\/\/atasagon.com\/?post_type=product&p=8739#breadcrumb"},"inLanguage":"en-US","potentialAction":[{"@type":"ReadAction","target":["https:\/\/atasagon.com\/?post_type=product&p=8739"]}]},{"@type":"BreadcrumbList","@id":"https:\/\/atasagon.com\/?post_type=product&p=8739#breadcrumb","itemListElement":[{"@type":"ListItem","position":1,"name":"Home","item":"https:\/\/atasagon.com\/"},{"@type":"ListItem","position":2,"name":"Products","item":"https:\/\/atasagon.com\/en\/shop\/"},{"@type":"ListItem","position":3,"name":"Consiliere psihologica &#8211; 60 minute"}]},{"@type":"WebSite","@id":"https:\/\/atasagon.com\/#website","url":"https:\/\/atasagon.com\/","name":"Atasagon","description":"The first nutrition and detoxification center in Romania","publisher":{"@id":"https:\/\/atasagon.com\/#organization"},"potentialAction":[{"@type":"SearchAction","target":{"@type":"EntryPoint","urlTemplate":"https:\/\/atasagon.com\/?s={search_term_string}"},"query-input":{"@type":"PropertyValueSpecification","valueRequired":true,"valueName":"search_term_string"}}],"inLanguage":"en-US"},{"@type":"Organization","@id":"https:\/\/atasagon.com\/#organization","name":"Atasagon","url":"https:\/\/atasagon.com\/","logo":{"@type":"ImageObject","inLanguage":"en-US","@id":"https:\/\/atasagon.com\/#\/schema\/logo\/image\/","url":"https:\/\/atasagon.com\/wp-content\/uploads\/2023\/01\/cropped-atasagon-logo-2-175x58-1.png","contentUrl":"https:\/\/atasagon.com\/wp-content\/uploads\/2023\/01\/cropped-atasagon-logo-2-175x58-1.png","width":175,"height":58,"caption":"Atasagon"},"image":{"@id":"https:\/\/atasagon.com\/#\/schema\/logo\/image\/"},"sameAs":["https:\/\/www.facebook.com\/atasagon\/","https:\/\/instagram.com\/atasagon"]}]}},"_links":{"self":[{"href":"https:\/\/atasagon.com\/en\/wp-json\/wp\/v2\/product\/8739","targetHints":{"allow":["GET"]}}],"collection":[{"href":"https:\/\/atasagon.com\/en\/wp-json\/wp\/v2\/product"}],"about":[{"href":"https:\/\/atasagon.com\/en\/wp-json\/wp\/v2\/types\/product"}],"replies":[{"embeddable":true,"href":"https:\/\/atasagon.com\/en\/wp-json\/wp\/v2\/comments?post=8739"}],"wp:attachment":[{"href":"https:\/\/atasagon.com\/en\/wp-json\/wp\/v2\/media?parent=8739"}],"wp:term":[{"taxonomy":"product_brand","embeddable":true,"href":"https:\/\/atasagon.com\/en\/wp-json\/wp\/v2\/product_brand?post=8739"},{"taxonomy":"product_cat","embeddable":true,"href":"https:\/\/atasagon.com\/en\/wp-json\/wp\/v2\/product_cat?post=8739"},{"taxonomy":"product_tag","embeddable":true,"href":"https:\/\/atasagon.com\/en\/wp-json\/wp\/v2\/product_tag?post=8739"}],"curies":[{"name":"wp","href":"https:\/\/api.w.org\/{rel}","templated":true}]}}