{"id":8082,"date":"2024-06-04T11:58:52","date_gmt":"2024-06-04T08:58:52","guid":{"rendered":"https:\/\/atasagon.com\/?post_type=product&#038;p=8082"},"modified":"2024-06-04T11:58:52","modified_gmt":"2024-06-04T08:58:52","slug":"consultatie-homeopata","status":"publish","type":"product","link":"https:\/\/atasagon.com\/en\/product\/consultatie-homeopata\/","title":{"rendered":"Consulta\u021bie homeopat\u0103"},"content":{"rendered":"<p>Durat\u0103: 45-60 minute<\/p>\n<p class=\"cvGsUA direction-ltr align-justify para-style-body\"><span class=\"OYPEnA text-decoration-none text-strikethrough-none\">Fiind una dintre cele mai bl\u00e2nde terapii complementare, homeopatia ofer\u0103 tratamente lipsite de efecte adverse \u0219i mobilizeaz\u0103 toate resursele naturale de vindecare, cu scopul refacerii s\u0103n\u0103t\u0103\u021bii \u0219i restabilirii echilibrului acestuia. Homeopatia este o terapie bl\u00e2nd\u0103, de echilibrare \u0219i armonizare a s\u0103n\u0103t\u0103\u021bii organismului. <\/span><span class=\"OYPEnA text-decoration-none text-strikethrough-none\">Remediile homeopate nu determin\u0103 reac\u021bii adverse \u0219i nu au nici un grad de toxicitate.<\/span><\/p>\n<p class=\"cvGsUA direction-ltr align-justify para-style-body\"><span class=\"OYPEnA text-decoration-none text-strikethrough-none\"><strong>Ce afec\u021biuni pot fi tratate?<\/strong><\/span><\/p>\n<ul>\n<li class=\"cvGsUA direction-ltr align-justify para-style-body\"><span class=\"OYPEnA text-decoration-none text-strikethrough-none\">Afec\u021biuni acute ORL, afte, hemoroizi, hematoame, traumatisme, diaree acuta, pulpit\u0103 acut\u0103, abcese dentare, atac de panic\u0103, infec\u021bii acute respiratorii, virale, urinare sau digestive<\/span><\/li>\n<li><span class=\"OYPEnA text-decoration-none text-strikethrough-none\">R\u0103celi frecvente, sinuzite, otite, amigdalite, vegeta\u021bii adenoide, bron\u0219ite, astm bron\u0219ic, rinit\u0103 alergic\u0103, alergii<\/span><\/li>\n<li><span class=\"OYPEnA text-decoration-none text-strikethrough-none\">Erup\u021bii ale pielii, urticarii, eczeme, psorazis, afec\u021biuni dermatologice, acnee juvenil\u0103, dermatit\u0103 atopic\u0103<\/span><\/li>\n<li><span class=\"OYPEnA text-decoration-none text-strikethrough-none\">Dureri cronice de cap, migrene, vertij, t<\/span><span class=\"OYPEnA text-decoration-none text-strikethrough-none\">ulbur\u0103ri de somn, oboseal\u0103 cronic\u0103<\/span><\/li>\n<\/ul>\n<p><strong>Consulta\u021biile sunt efectuate de dr. Carmen Grigoriu<\/strong><\/p>","protected":false},"excerpt":{"rendered":"<p>Durat\u0103: 45-60 minute Fiind una dintre cele mai bl\u00e2nde terapii complementare, homeopatia ofer\u0103 tratamente lipsite de efecte adverse \u0219i mobilizeaz\u0103 toate resursele naturale de vindecare, cu scopul refacerii s\u0103n\u0103t\u0103\u021bii \u0219i restabilirii echilibrului acestuia. Homeopatia este o terapie bl\u00e2nd\u0103, de echilibrare \u0219i armonizare a s\u0103n\u0103t\u0103\u021bii organismului. Remediile homeopate nu determin\u0103 reac\u021bii adverse \u0219i nu au nici&hellip;<\/p>","protected":false},"featured_media":8083,"comment_status":"closed","ping_status":"closed","template":"","meta":{"_acf_changed":false},"product_brand":[],"product_cat":[33],"product_tag":[],"class_list":{"0":"post-8082","1":"product","2":"type-product","3":"status-publish","4":"has-post-thumbnail","6":"product_cat-medical","8":"first","9":"instock","10":"shipping-taxable","11":"purchasable","12":"product-type-simple"},"acf":[],"yoast_head":"<!-- This site is optimized with the Yoast SEO plugin v27.2 - https:\/\/yoast.com\/product\/yoast-seo-wordpress\/ -->\n<title>Consulta\u021bie homeopat\u0103 - Atasagon<\/title>\n<meta name=\"robots\" content=\"index, follow, max-snippet:-1, max-image-preview:large, max-video-preview:-1\" \/>\n<link rel=\"canonical\" href=\"https:\/\/atasagon.com\/en\/product\/consultatie-homeopata\/\" \/>\n<meta property=\"og:locale\" content=\"en_US\" \/>\n<meta property=\"og:type\" content=\"article\" \/>\n<meta property=\"og:title\" content=\"Consulta\u021bie homeopat\u0103 - Atasagon\" \/>\n<meta property=\"og:description\" content=\"Durat\u0103: 45-60 minute Fiind una dintre cele mai bl\u00e2nde terapii complementare, homeopatia ofer\u0103 tratamente lipsite de efecte adverse \u0219i mobilizeaz\u0103 toate resursele naturale de vindecare, cu scopul refacerii s\u0103n\u0103t\u0103\u021bii \u0219i restabilirii echilibrului acestuia. Homeopatia este o terapie bl\u00e2nd\u0103, de echilibrare \u0219i armonizare a s\u0103n\u0103t\u0103\u021bii organismului. Remediile homeopate nu determin\u0103 reac\u021bii adverse \u0219i nu au nici&hellip;\" \/>\n<meta property=\"og:url\" content=\"https:\/\/atasagon.com\/en\/product\/consultatie-homeopata\/\" \/>\n<meta property=\"og:site_name\" content=\"Atasagon\" \/>\n<meta property=\"article:publisher\" content=\"https:\/\/www.facebook.com\/atasagon\/\" \/>\n<meta property=\"og:image\" content=\"https:\/\/atasagon.com\/wp-content\/uploads\/2024\/06\/Design-fara-titlu-5.png\" \/>\n\t<meta property=\"og:image:width\" content=\"1116\" \/>\n\t<meta property=\"og:image:height\" content=\"962\" \/>\n\t<meta property=\"og:image:type\" content=\"image\/png\" \/>\n<meta name=\"twitter:card\" content=\"summary_large_image\" \/>\n<meta name=\"twitter:label1\" content=\"Est. reading time\" \/>\n\t<meta name=\"twitter:data1\" content=\"1 minute\" \/>\n<script type=\"application\/ld+json\" class=\"yoast-schema-graph\">{\"@context\":\"https:\/\/schema.org\",\"@graph\":[{\"@type\":\"WebPage\",\"@id\":\"https:\/\/atasagon.com\/produs\/consultatie-homeopata\/\",\"url\":\"https:\/\/atasagon.com\/produs\/consultatie-homeopata\/\",\"name\":\"Consulta\u021bie homeopat\u0103 - Atasagon\",\"isPartOf\":{\"@id\":\"https:\/\/atasagon.com\/#website\"},\"primaryImageOfPage\":{\"@id\":\"https:\/\/atasagon.com\/produs\/consultatie-homeopata\/#primaryimage\"},\"image\":{\"@id\":\"https:\/\/atasagon.com\/produs\/consultatie-homeopata\/#primaryimage\"},\"thumbnailUrl\":\"https:\/\/atasagon.com\/wp-content\/uploads\/2024\/06\/Design-fara-titlu-5.png\",\"datePublished\":\"2024-06-04T08:58:52+00:00\",\"breadcrumb\":{\"@id\":\"https:\/\/atasagon.com\/produs\/consultatie-homeopata\/#breadcrumb\"},\"inLanguage\":\"en-US\",\"potentialAction\":[{\"@type\":\"ReadAction\",\"target\":[\"https:\/\/atasagon.com\/produs\/consultatie-homeopata\/\"]}]},{\"@type\":\"ImageObject\",\"inLanguage\":\"en-US\",\"@id\":\"https:\/\/atasagon.com\/produs\/consultatie-homeopata\/#primaryimage\",\"url\":\"https:\/\/atasagon.com\/wp-content\/uploads\/2024\/06\/Design-fara-titlu-5.png\",\"contentUrl\":\"https:\/\/atasagon.com\/wp-content\/uploads\/2024\/06\/Design-fara-titlu-5.png\",\"width\":1116,\"height\":962},{\"@type\":\"BreadcrumbList\",\"@id\":\"https:\/\/atasagon.com\/produs\/consultatie-homeopata\/#breadcrumb\",\"itemListElement\":[{\"@type\":\"ListItem\",\"position\":1,\"name\":\"Home\",\"item\":\"https:\/\/atasagon.com\/\"},{\"@type\":\"ListItem\",\"position\":2,\"name\":\"Products\",\"item\":\"https:\/\/atasagon.com\/en\/shop\/\"},{\"@type\":\"ListItem\",\"position\":3,\"name\":\"Consulta\u021bie homeopat\u0103\"}]},{\"@type\":\"WebSite\",\"@id\":\"https:\/\/atasagon.com\/#website\",\"url\":\"https:\/\/atasagon.com\/\",\"name\":\"Atasagon\",\"description\":\"Primul centru de nutri\u021bie \u0219i detoxifiere din Rom\u00e2nia\",\"publisher\":{\"@id\":\"https:\/\/atasagon.com\/#organization\"},\"potentialAction\":[{\"@type\":\"SearchAction\",\"target\":{\"@type\":\"EntryPoint\",\"urlTemplate\":\"https:\/\/atasagon.com\/?s={search_term_string}\"},\"query-input\":{\"@type\":\"PropertyValueSpecification\",\"valueRequired\":true,\"valueName\":\"search_term_string\"}}],\"inLanguage\":\"en-US\"},{\"@type\":\"Organization\",\"@id\":\"https:\/\/atasagon.com\/#organization\",\"name\":\"Atasagon\",\"url\":\"https:\/\/atasagon.com\/\",\"logo\":{\"@type\":\"ImageObject\",\"inLanguage\":\"en-US\",\"@id\":\"https:\/\/atasagon.com\/#\/schema\/logo\/image\/\",\"url\":\"https:\/\/atasagon.com\/wp-content\/uploads\/2023\/01\/cropped-atasagon-logo-2-175x58-1.png\",\"contentUrl\":\"https:\/\/atasagon.com\/wp-content\/uploads\/2023\/01\/cropped-atasagon-logo-2-175x58-1.png\",\"width\":175,\"height\":58,\"caption\":\"Atasagon\"},\"image\":{\"@id\":\"https:\/\/atasagon.com\/#\/schema\/logo\/image\/\"},\"sameAs\":[\"https:\/\/www.facebook.com\/atasagon\/\",\"https:\/\/instagram.com\/atasagon\"]}]}<\/script>\n<!-- \/ Yoast SEO plugin. -->","yoast_head_json":{"title":"Consulta\u021bie homeopat\u0103 - Atasagon","robots":{"index":"index","follow":"follow","max-snippet":"max-snippet:-1","max-image-preview":"max-image-preview:large","max-video-preview":"max-video-preview:-1"},"canonical":"https:\/\/atasagon.com\/en\/product\/consultatie-homeopata\/","og_locale":"en_US","og_type":"article","og_title":"Consulta\u021bie homeopat\u0103 - Atasagon","og_description":"Durat\u0103: 45-60 minute Fiind una dintre cele mai bl\u00e2nde terapii complementare, homeopatia ofer\u0103 tratamente lipsite de efecte adverse \u0219i mobilizeaz\u0103 toate resursele naturale de vindecare, cu scopul refacerii s\u0103n\u0103t\u0103\u021bii \u0219i restabilirii echilibrului acestuia. Homeopatia este o terapie bl\u00e2nd\u0103, de echilibrare \u0219i armonizare a s\u0103n\u0103t\u0103\u021bii organismului. Remediile homeopate nu determin\u0103 reac\u021bii adverse \u0219i nu au nici&hellip;","og_url":"https:\/\/atasagon.com\/en\/product\/consultatie-homeopata\/","og_site_name":"Atasagon","article_publisher":"https:\/\/www.facebook.com\/atasagon\/","og_image":[{"width":1116,"height":962,"url":"https:\/\/atasagon.com\/wp-content\/uploads\/2024\/06\/Design-fara-titlu-5.png","type":"image\/png"}],"twitter_card":"summary_large_image","twitter_misc":{"Est. reading time":"1 minute"},"schema":{"@context":"https:\/\/schema.org","@graph":[{"@type":"WebPage","@id":"https:\/\/atasagon.com\/produs\/consultatie-homeopata\/","url":"https:\/\/atasagon.com\/produs\/consultatie-homeopata\/","name":"Consulta\u021bie homeopat\u0103 - Atasagon","isPartOf":{"@id":"https:\/\/atasagon.com\/#website"},"primaryImageOfPage":{"@id":"https:\/\/atasagon.com\/produs\/consultatie-homeopata\/#primaryimage"},"image":{"@id":"https:\/\/atasagon.com\/produs\/consultatie-homeopata\/#primaryimage"},"thumbnailUrl":"https:\/\/atasagon.com\/wp-content\/uploads\/2024\/06\/Design-fara-titlu-5.png","datePublished":"2024-06-04T08:58:52+00:00","breadcrumb":{"@id":"https:\/\/atasagon.com\/produs\/consultatie-homeopata\/#breadcrumb"},"inLanguage":"en-US","potentialAction":[{"@type":"ReadAction","target":["https:\/\/atasagon.com\/produs\/consultatie-homeopata\/"]}]},{"@type":"ImageObject","inLanguage":"en-US","@id":"https:\/\/atasagon.com\/produs\/consultatie-homeopata\/#primaryimage","url":"https:\/\/atasagon.com\/wp-content\/uploads\/2024\/06\/Design-fara-titlu-5.png","contentUrl":"https:\/\/atasagon.com\/wp-content\/uploads\/2024\/06\/Design-fara-titlu-5.png","width":1116,"height":962},{"@type":"BreadcrumbList","@id":"https:\/\/atasagon.com\/produs\/consultatie-homeopata\/#breadcrumb","itemListElement":[{"@type":"ListItem","position":1,"name":"Home","item":"https:\/\/atasagon.com\/"},{"@type":"ListItem","position":2,"name":"Products","item":"https:\/\/atasagon.com\/en\/shop\/"},{"@type":"ListItem","position":3,"name":"Consulta\u021bie homeopat\u0103"}]},{"@type":"WebSite","@id":"https:\/\/atasagon.com\/#website","url":"https:\/\/atasagon.com\/","name":"Atasagon","description":"The first nutrition and detoxification center in Romania","publisher":{"@id":"https:\/\/atasagon.com\/#organization"},"potentialAction":[{"@type":"SearchAction","target":{"@type":"EntryPoint","urlTemplate":"https:\/\/atasagon.com\/?s={search_term_string}"},"query-input":{"@type":"PropertyValueSpecification","valueRequired":true,"valueName":"search_term_string"}}],"inLanguage":"en-US"},{"@type":"Organization","@id":"https:\/\/atasagon.com\/#organization","name":"Atasagon","url":"https:\/\/atasagon.com\/","logo":{"@type":"ImageObject","inLanguage":"en-US","@id":"https:\/\/atasagon.com\/#\/schema\/logo\/image\/","url":"https:\/\/atasagon.com\/wp-content\/uploads\/2023\/01\/cropped-atasagon-logo-2-175x58-1.png","contentUrl":"https:\/\/atasagon.com\/wp-content\/uploads\/2023\/01\/cropped-atasagon-logo-2-175x58-1.png","width":175,"height":58,"caption":"Atasagon"},"image":{"@id":"https:\/\/atasagon.com\/#\/schema\/logo\/image\/"},"sameAs":["https:\/\/www.facebook.com\/atasagon\/","https:\/\/instagram.com\/atasagon"]}]}},"_links":{"self":[{"href":"https:\/\/atasagon.com\/en\/wp-json\/wp\/v2\/product\/8082","targetHints":{"allow":["GET"]}}],"collection":[{"href":"https:\/\/atasagon.com\/en\/wp-json\/wp\/v2\/product"}],"about":[{"href":"https:\/\/atasagon.com\/en\/wp-json\/wp\/v2\/types\/product"}],"replies":[{"embeddable":true,"href":"https:\/\/atasagon.com\/en\/wp-json\/wp\/v2\/comments?post=8082"}],"wp:featuredmedia":[{"embeddable":true,"href":"https:\/\/atasagon.com\/en\/wp-json\/wp\/v2\/media\/8083"}],"wp:attachment":[{"href":"https:\/\/atasagon.com\/en\/wp-json\/wp\/v2\/media?parent=8082"}],"wp:term":[{"taxonomy":"product_brand","embeddable":true,"href":"https:\/\/atasagon.com\/en\/wp-json\/wp\/v2\/product_brand?post=8082"},{"taxonomy":"product_cat","embeddable":true,"href":"https:\/\/atasagon.com\/en\/wp-json\/wp\/v2\/product_cat?post=8082"},{"taxonomy":"product_tag","embeddable":true,"href":"https:\/\/atasagon.com\/en\/wp-json\/wp\/v2\/product_tag?post=8082"}],"curies":[{"name":"wp","href":"https:\/\/api.w.org\/{rel}","templated":true}]}}