{"id":7228,"date":"2024-01-08T10:53:08","date_gmt":"2024-01-08T07:53:08","guid":{"rendered":"https:\/\/atasagon.com\/?post_type=product&#038;p=7228"},"modified":"2025-03-12T16:43:01","modified_gmt":"2025-03-12T13:43:01","slug":"consultatie-si-reevaluare-medicala-cu-timewaver-med","status":"publish","type":"product","link":"https:\/\/atasagon.com\/en\/product\/consultatie-si-reevaluare-medicala-cu-timewaver-med\/","title":{"rendered":"Medical Consultation and Reevaluation with TimeWaver Med"},"content":{"rendered":"<p data-start=\"206\" data-end=\"494\">\u2713 <strong data-start=\"208\" data-end=\"492\">Prin tehnologia sa de ultim\u0103 genera\u021bie, aparatul TimeWaver exploreaz\u0103 cauzele subtile ale dezechilibrelor care \u00ee\u021bi influen\u021beaz\u0103 starea de s\u0103n\u0103tate \u0219i calitatea vie\u021bii. Cu ajutorul programelor de terapie, acesta poate contribui la restabilirea echilibrului \u0219i armoniei \u00een organism.<\/strong><\/p>\n<p data-start=\"496\" data-end=\"807\">\u2713 <strong data-start=\"498\" data-end=\"805\">Analiza realizat\u0103 \u00een c\u00e2mpul t\u0103u informa\u021bional permite o abordare holistic\u0103 a s\u0103n\u0103t\u0103\u021bii, explor\u00e2nd nivelurile profunde ale fiin\u021bei. TimeWaver identific\u0103 \u0219i corecteaz\u0103 informa\u021biile perturbatoare, \u00eenlocuindu-le cu \u0219abloane vibra\u021bionale optimizate, pentru a sus\u021bine vindecarea natural\u0103 a corpului \u0219i min\u021bii.<\/strong><\/p>\n<p data-start=\"809\" data-end=\"951\">\u2713 <strong data-start=\"811\" data-end=\"949\">Terapia TimeWaver de la Atasagon este personalizat\u0103 \u00een func\u021bie de rezultatele analizei detaliate \u0219i poate ac\u021biona pe multiple paliere:<\/strong><\/p>\n<ul data-start=\"954\" data-end=\"1795\">\n<li data-start=\"954\" data-end=\"1046\"><strong data-start=\"956\" data-end=\"988\">Nivel emo\u021bional \u0219i spiritual<\/strong> \u2013 armonizarea st\u0103rii emo\u021bionale \u0219i reducerea stresului;<\/li>\n<li data-start=\"1049\" data-end=\"1133\"><strong data-start=\"1051\" data-end=\"1069\">Nivel sistemic<\/strong> \u2013 abordarea conflictelor familiale \u0219i a influen\u021belor karmice;<\/li>\n<li data-start=\"1136\" data-end=\"1215\"><strong data-start=\"1138\" data-end=\"1154\">Nivel psihic<\/strong> \u2013 echilibrarea mental\u0103 \u0219i suport \u00een gestionarea emo\u021biilor;<\/li>\n<li data-start=\"1218\" data-end=\"1300\"><strong data-start=\"1220\" data-end=\"1243\">Nivel informa\u021bional<\/strong> \u2013 optimizarea fluxului de informa\u021bii subtile din corp;<\/li>\n<li data-start=\"1303\" data-end=\"1391\"><strong data-start=\"1305\" data-end=\"1324\">Nivel energetic<\/strong> \u2013 reechilibrarea sistemului energetic \u0219i stimularea vitalit\u0103\u021bii;<\/li>\n<li data-start=\"1394\" data-end=\"1460\"><strong data-start=\"1396\" data-end=\"1420\">Nivelul frecven\u021belor<\/strong> \u2013 restabilirea armoniei vibra\u021bionale;<\/li>\n<li data-start=\"1463\" data-end=\"1535\"><strong data-start=\"1465\" data-end=\"1488\">Procese fiziologice<\/strong> \u2013 sus\u021binerea func\u021biilor biologice esen\u021biale;<\/li>\n<li data-start=\"1538\" data-end=\"1600\"><strong data-start=\"1540\" data-end=\"1560\">\u00cenc\u0103rc\u0103ri toxice<\/strong> \u2013 detectarea \u0219i eliminarea toxinelor;<\/li>\n<li data-start=\"1603\" data-end=\"1701\"><strong data-start=\"1605\" data-end=\"1647\">Bacterii, viru\u0219i, parazi\u021bi \u0219i ciuperci<\/strong> \u2013 echilibrarea prezen\u021bei microorganismelor \u00een corp;<\/li>\n<li data-start=\"1704\" data-end=\"1795\"><strong data-start=\"1706\" data-end=\"1725\">Simptomatologie<\/strong> \u2013 identificarea \u0219i corectarea dezechilibrelor fizice \u0219i emo\u021bionale.<\/li>\n<\/ul>\n<p data-start=\"1797\" data-end=\"2102\">\u2713 <strong data-start=\"1799\" data-end=\"2100\">TimeWaver nu doar c\u0103 semnaleaz\u0103 dezechilibrele la nivel biologic (structura \u0219i func\u021bia organelor \u0219i sistemelor), ci \u0219i factorii de stres din mediul familial, profesional sau exterior, care \u00ee\u021bi pot afecta starea de bine. Prin terapiile specifice, aceste dezechilibre pot fi armonizate \u0219i corectate.<\/strong><\/p>\n<p data-start=\"2104\" data-end=\"2319\">\u2713 <strong data-start=\"2106\" data-end=\"2317\">Datorit\u0103 bazei sale de date multidimensionale \u0219i a algoritmilor avansa\u021bi, TimeWaver poate identifica dezechilibre chiar \u0219i \u00een cazurile mai pu\u021bin comune, oferind solu\u021bii personalizate pentru fiecare persoan\u0103.<\/strong><\/p>\n<p data-start=\"2321\" data-end=\"2456\" data-is-last-node=\"\" data-is-only-node=\"\">\ud83d\udd39 <strong data-start=\"2324\" data-end=\"2456\" data-is-last-node=\"\">Descoper\u0103 terapia vibra\u021bional\u0103 TimeWaver la Atasagon \u0219i las\u0103 tehnologia de ultim\u0103 or\u0103 s\u0103 te ghideze spre echilibru \u0219i bun\u0103stare!<\/strong><\/p>\n<p data-start=\"2321\" data-end=\"2456\" data-is-last-node=\"\" data-is-only-node=\"\"><span class=\"OYPEnA text-decoration-none text-strikethrough-none\"><strong>Contraindications<\/strong>: Sarcina, Stimulator Cardiac<\/span><\/p>","protected":false},"excerpt":{"rendered":"<p><span class=\"OYPEnA text-decoration-none text-strikethrough-none\">In aceasta consultatie, beneficiezi de: Organ Coherence, Wave screening, evaluarea meridianelor energetice, analiza orthomoleculara si indicarea deficientelor de vitamine, minerale.<\/span><\/p>","protected":false},"featured_media":7306,"comment_status":"closed","ping_status":"closed","template":"","meta":{"_acf_changed":false},"product_brand":[],"product_cat":[33],"product_tag":[],"class_list":{"0":"post-7228","1":"product","2":"type-product","3":"status-publish","4":"has-post-thumbnail","6":"product_cat-medical","8":"first","9":"instock","10":"shipping-taxable","11":"purchasable","12":"product-type-simple"},"acf":[],"yoast_head":"<!-- This site is optimized with the Yoast SEO plugin v27.2 - https:\/\/yoast.com\/product\/yoast-seo-wordpress\/ -->\n<title>Consultatie si Reevaluare Medicala cu TimeWaver Med - Atasagon<\/title>\n<meta name=\"robots\" content=\"index, follow, max-snippet:-1, max-image-preview:large, max-video-preview:-1\" \/>\n<link rel=\"canonical\" href=\"https:\/\/atasagon.com\/en\/product\/consultatie-si-reevaluare-medicala-cu-timewaver-med\/\" \/>\n<meta property=\"og:locale\" content=\"en_US\" \/>\n<meta property=\"og:type\" content=\"article\" \/>\n<meta property=\"og:title\" content=\"Consultatie si Reevaluare Medicala cu TimeWaver Med - Atasagon\" \/>\n<meta property=\"og:description\" content=\"In aceasta consultatie, beneficiezi de: Organ Coherence, Wave screening, evaluarea meridianelor energetice, analiza orthomoleculara si indicarea deficientelor de vitamine, minerale.\" \/>\n<meta property=\"og:url\" content=\"https:\/\/atasagon.com\/en\/product\/consultatie-si-reevaluare-medicala-cu-timewaver-med\/\" \/>\n<meta property=\"og:site_name\" content=\"Atasagon\" \/>\n<meta property=\"article:publisher\" content=\"https:\/\/www.facebook.com\/atasagon\/\" \/>\n<meta property=\"article:modified_time\" content=\"2025-03-12T13:43:01+00:00\" \/>\n<meta property=\"og:image\" content=\"https:\/\/atasagon.com\/wp-content\/uploads\/2024\/01\/Imagine-WhatsApp-2024-01-10-la-16.48.18_e42bdc8c.jpg\" \/>\n\t<meta property=\"og:image:width\" content=\"2048\" \/>\n\t<meta property=\"og:image:height\" content=\"1536\" \/>\n\t<meta property=\"og:image:type\" content=\"image\/jpeg\" \/>\n<meta name=\"twitter:card\" content=\"summary_large_image\" \/>\n<meta name=\"twitter:label1\" content=\"Est. reading time\" \/>\n\t<meta name=\"twitter:data1\" content=\"2 minutes\" \/>\n<script type=\"application\/ld+json\" class=\"yoast-schema-graph\">{\"@context\":\"https:\/\/schema.org\",\"@graph\":[{\"@type\":\"WebPage\",\"@id\":\"https:\/\/atasagon.com\/produs\/consultatie-si-reevaluare-medicala-cu-timewaver-med\/\",\"url\":\"https:\/\/atasagon.com\/produs\/consultatie-si-reevaluare-medicala-cu-timewaver-med\/\",\"name\":\"Consultatie si Reevaluare Medicala cu TimeWaver Med - Atasagon\",\"isPartOf\":{\"@id\":\"https:\/\/atasagon.com\/#website\"},\"primaryImageOfPage\":{\"@id\":\"https:\/\/atasagon.com\/produs\/consultatie-si-reevaluare-medicala-cu-timewaver-med\/#primaryimage\"},\"image\":{\"@id\":\"https:\/\/atasagon.com\/produs\/consultatie-si-reevaluare-medicala-cu-timewaver-med\/#primaryimage\"},\"thumbnailUrl\":\"https:\/\/atasagon.com\/wp-content\/uploads\/2024\/01\/Imagine-WhatsApp-2024-01-10-la-16.48.18_e42bdc8c.jpg\",\"datePublished\":\"2024-01-08T07:53:08+00:00\",\"dateModified\":\"2025-03-12T13:43:01+00:00\",\"breadcrumb\":{\"@id\":\"https:\/\/atasagon.com\/produs\/consultatie-si-reevaluare-medicala-cu-timewaver-med\/#breadcrumb\"},\"inLanguage\":\"en-US\",\"potentialAction\":[{\"@type\":\"ReadAction\",\"target\":[\"https:\/\/atasagon.com\/produs\/consultatie-si-reevaluare-medicala-cu-timewaver-med\/\"]}]},{\"@type\":\"ImageObject\",\"inLanguage\":\"en-US\",\"@id\":\"https:\/\/atasagon.com\/produs\/consultatie-si-reevaluare-medicala-cu-timewaver-med\/#primaryimage\",\"url\":\"https:\/\/atasagon.com\/wp-content\/uploads\/2024\/01\/Imagine-WhatsApp-2024-01-10-la-16.48.18_e42bdc8c.jpg\",\"contentUrl\":\"https:\/\/atasagon.com\/wp-content\/uploads\/2024\/01\/Imagine-WhatsApp-2024-01-10-la-16.48.18_e42bdc8c.jpg\",\"width\":2048,\"height\":1536},{\"@type\":\"BreadcrumbList\",\"@id\":\"https:\/\/atasagon.com\/produs\/consultatie-si-reevaluare-medicala-cu-timewaver-med\/#breadcrumb\",\"itemListElement\":[{\"@type\":\"ListItem\",\"position\":1,\"name\":\"Home\",\"item\":\"https:\/\/atasagon.com\/\"},{\"@type\":\"ListItem\",\"position\":2,\"name\":\"Products\",\"item\":\"https:\/\/atasagon.com\/en\/shop\/\"},{\"@type\":\"ListItem\",\"position\":3,\"name\":\"Consultatie si Reevaluare Medicala cu TimeWaver Med\"}]},{\"@type\":\"WebSite\",\"@id\":\"https:\/\/atasagon.com\/#website\",\"url\":\"https:\/\/atasagon.com\/\",\"name\":\"Atasagon\",\"description\":\"Primul centru de nutri\u021bie \u0219i detoxifiere din Rom\u00e2nia\",\"publisher\":{\"@id\":\"https:\/\/atasagon.com\/#organization\"},\"potentialAction\":[{\"@type\":\"SearchAction\",\"target\":{\"@type\":\"EntryPoint\",\"urlTemplate\":\"https:\/\/atasagon.com\/?s={search_term_string}\"},\"query-input\":{\"@type\":\"PropertyValueSpecification\",\"valueRequired\":true,\"valueName\":\"search_term_string\"}}],\"inLanguage\":\"en-US\"},{\"@type\":\"Organization\",\"@id\":\"https:\/\/atasagon.com\/#organization\",\"name\":\"Atasagon\",\"url\":\"https:\/\/atasagon.com\/\",\"logo\":{\"@type\":\"ImageObject\",\"inLanguage\":\"en-US\",\"@id\":\"https:\/\/atasagon.com\/#\/schema\/logo\/image\/\",\"url\":\"https:\/\/atasagon.com\/wp-content\/uploads\/2023\/01\/cropped-atasagon-logo-2-175x58-1.png\",\"contentUrl\":\"https:\/\/atasagon.com\/wp-content\/uploads\/2023\/01\/cropped-atasagon-logo-2-175x58-1.png\",\"width\":175,\"height\":58,\"caption\":\"Atasagon\"},\"image\":{\"@id\":\"https:\/\/atasagon.com\/#\/schema\/logo\/image\/\"},\"sameAs\":[\"https:\/\/www.facebook.com\/atasagon\/\",\"https:\/\/instagram.com\/atasagon\"]}]}<\/script>\n<!-- \/ Yoast SEO plugin. -->","yoast_head_json":{"title":"Consultatie si Reevaluare Medicala cu TimeWaver Med - Atasagon","robots":{"index":"index","follow":"follow","max-snippet":"max-snippet:-1","max-image-preview":"max-image-preview:large","max-video-preview":"max-video-preview:-1"},"canonical":"https:\/\/atasagon.com\/en\/product\/consultatie-si-reevaluare-medicala-cu-timewaver-med\/","og_locale":"en_US","og_type":"article","og_title":"Consultatie si Reevaluare Medicala cu TimeWaver Med - Atasagon","og_description":"In aceasta consultatie, beneficiezi de: Organ Coherence, Wave screening, evaluarea meridianelor energetice, analiza orthomoleculara si indicarea deficientelor de vitamine, minerale.","og_url":"https:\/\/atasagon.com\/en\/product\/consultatie-si-reevaluare-medicala-cu-timewaver-med\/","og_site_name":"Atasagon","article_publisher":"https:\/\/www.facebook.com\/atasagon\/","article_modified_time":"2025-03-12T13:43:01+00:00","og_image":[{"width":2048,"height":1536,"url":"https:\/\/atasagon.com\/wp-content\/uploads\/2024\/01\/Imagine-WhatsApp-2024-01-10-la-16.48.18_e42bdc8c.jpg","type":"image\/jpeg"}],"twitter_card":"summary_large_image","twitter_misc":{"Est. reading time":"2 minutes"},"schema":{"@context":"https:\/\/schema.org","@graph":[{"@type":"WebPage","@id":"https:\/\/atasagon.com\/produs\/consultatie-si-reevaluare-medicala-cu-timewaver-med\/","url":"https:\/\/atasagon.com\/produs\/consultatie-si-reevaluare-medicala-cu-timewaver-med\/","name":"Consultatie si Reevaluare Medicala cu TimeWaver Med - Atasagon","isPartOf":{"@id":"https:\/\/atasagon.com\/#website"},"primaryImageOfPage":{"@id":"https:\/\/atasagon.com\/produs\/consultatie-si-reevaluare-medicala-cu-timewaver-med\/#primaryimage"},"image":{"@id":"https:\/\/atasagon.com\/produs\/consultatie-si-reevaluare-medicala-cu-timewaver-med\/#primaryimage"},"thumbnailUrl":"https:\/\/atasagon.com\/wp-content\/uploads\/2024\/01\/Imagine-WhatsApp-2024-01-10-la-16.48.18_e42bdc8c.jpg","datePublished":"2024-01-08T07:53:08+00:00","dateModified":"2025-03-12T13:43:01+00:00","breadcrumb":{"@id":"https:\/\/atasagon.com\/produs\/consultatie-si-reevaluare-medicala-cu-timewaver-med\/#breadcrumb"},"inLanguage":"en-US","potentialAction":[{"@type":"ReadAction","target":["https:\/\/atasagon.com\/produs\/consultatie-si-reevaluare-medicala-cu-timewaver-med\/"]}]},{"@type":"ImageObject","inLanguage":"en-US","@id":"https:\/\/atasagon.com\/produs\/consultatie-si-reevaluare-medicala-cu-timewaver-med\/#primaryimage","url":"https:\/\/atasagon.com\/wp-content\/uploads\/2024\/01\/Imagine-WhatsApp-2024-01-10-la-16.48.18_e42bdc8c.jpg","contentUrl":"https:\/\/atasagon.com\/wp-content\/uploads\/2024\/01\/Imagine-WhatsApp-2024-01-10-la-16.48.18_e42bdc8c.jpg","width":2048,"height":1536},{"@type":"BreadcrumbList","@id":"https:\/\/atasagon.com\/produs\/consultatie-si-reevaluare-medicala-cu-timewaver-med\/#breadcrumb","itemListElement":[{"@type":"ListItem","position":1,"name":"Home","item":"https:\/\/atasagon.com\/"},{"@type":"ListItem","position":2,"name":"Products","item":"https:\/\/atasagon.com\/en\/shop\/"},{"@type":"ListItem","position":3,"name":"Consultatie si Reevaluare Medicala cu TimeWaver Med"}]},{"@type":"WebSite","@id":"https:\/\/atasagon.com\/#website","url":"https:\/\/atasagon.com\/","name":"Atasagon","description":"The first nutrition and detoxification center in Romania","publisher":{"@id":"https:\/\/atasagon.com\/#organization"},"potentialAction":[{"@type":"SearchAction","target":{"@type":"EntryPoint","urlTemplate":"https:\/\/atasagon.com\/?s={search_term_string}"},"query-input":{"@type":"PropertyValueSpecification","valueRequired":true,"valueName":"search_term_string"}}],"inLanguage":"en-US"},{"@type":"Organization","@id":"https:\/\/atasagon.com\/#organization","name":"Atasagon","url":"https:\/\/atasagon.com\/","logo":{"@type":"ImageObject","inLanguage":"en-US","@id":"https:\/\/atasagon.com\/#\/schema\/logo\/image\/","url":"https:\/\/atasagon.com\/wp-content\/uploads\/2023\/01\/cropped-atasagon-logo-2-175x58-1.png","contentUrl":"https:\/\/atasagon.com\/wp-content\/uploads\/2023\/01\/cropped-atasagon-logo-2-175x58-1.png","width":175,"height":58,"caption":"Atasagon"},"image":{"@id":"https:\/\/atasagon.com\/#\/schema\/logo\/image\/"},"sameAs":["https:\/\/www.facebook.com\/atasagon\/","https:\/\/instagram.com\/atasagon"]}]}},"_links":{"self":[{"href":"https:\/\/atasagon.com\/en\/wp-json\/wp\/v2\/product\/7228","targetHints":{"allow":["GET"]}}],"collection":[{"href":"https:\/\/atasagon.com\/en\/wp-json\/wp\/v2\/product"}],"about":[{"href":"https:\/\/atasagon.com\/en\/wp-json\/wp\/v2\/types\/product"}],"replies":[{"embeddable":true,"href":"https:\/\/atasagon.com\/en\/wp-json\/wp\/v2\/comments?post=7228"}],"wp:featuredmedia":[{"embeddable":true,"href":"https:\/\/atasagon.com\/en\/wp-json\/wp\/v2\/media\/7306"}],"wp:attachment":[{"href":"https:\/\/atasagon.com\/en\/wp-json\/wp\/v2\/media?parent=7228"}],"wp:term":[{"taxonomy":"product_brand","embeddable":true,"href":"https:\/\/atasagon.com\/en\/wp-json\/wp\/v2\/product_brand?post=7228"},{"taxonomy":"product_cat","embeddable":true,"href":"https:\/\/atasagon.com\/en\/wp-json\/wp\/v2\/product_cat?post=7228"},{"taxonomy":"product_tag","embeddable":true,"href":"https:\/\/atasagon.com\/en\/wp-json\/wp\/v2\/product_tag?post=7228"}],"curies":[{"name":"wp","href":"https:\/\/api.w.org\/{rel}","templated":true}]}}