{"id":7206,"date":"2024-01-04T12:37:22","date_gmt":"2024-01-04T09:37:22","guid":{"rendered":"https:\/\/atasagon.com\/?post_type=product&#038;p=7206"},"modified":"2024-08-01T09:40:51","modified_gmt":"2024-08-01T06:40:51","slug":"terapia-bb-glow","status":"publish","type":"product","link":"https:\/\/atasagon.com\/en\/product\/terapia-bb-glow\/","title":{"rendered":"BB Glow Therapy"},"content":{"rendered":"<p>The BB Glow treatment is truly remarkable! It is one of the most popular skin care and beautification technologies because it is effective and has no adverse effects! It is truly amazing to be able to achieve these results without going through invasive or painful procedures.<\/p>\n<p>BB Glow Therapy is a non-invasive facial beautification procedure that uses special serums to achieve a more even and luminous skin. Benefits include evening out skin tone, reducing pigmentation spots and blemishes, intensive hydration, and stimulating collagen production for younger-looking skin.<\/p>\n<p>The procedure perfectly combines the mesotherapy procedure with microneedling (microneedling) and the skin semi-pigmentation procedure, offering remarkable results in skin uniformity, cellular revitalization and increased collagen and elastin production. It is important to consult a specialist before opting for this therapy to determine if it is suitable for your skin type.<\/p>\n<p>To maintain the results obtained, it is recommended to carry out this procedure regularly.<\/p>\n<p>For a complete BB Glow treatment, an average of 3 sessions are required at an interval of approximately 2 weeks for a final result that lasts even 6 months. After this period, 1-2 treatment maintenance sessions are necessary.<\/p>\n<p><strong>Contraindications<\/strong><strong>:\u00a0 <\/strong><\/p>\n<p>active acne, inflammation (e.g. eczema, painful pimples, pimples with fluid), virus symptoms (e.g. herpes, warts, etc.), mechanical damage to the skin, melanosis in the treated area, skin hypersensitivity, allergy to any of the components in the serums meso, autoimmune diseases, blood coagulation disorders (hypercoagulable state), cancer, cardiac arrhythmias, diabetes, fever and symptoms of body weakness, hemophilia, patients under 18 years of age, pregnancy and breastfeeding, after surgery of any kind type, after X-ray therapy, people under treatment.<\/p>\n<p>&nbsp;<\/p>","protected":false},"excerpt":{"rendered":"<p>Tratamentul BB Glow este cu adev\u0103rat remarcabil! Este una dintre cele mai \u00een vog\u0103 tehnologii de \u00eengrijire \u0219i \u00eenfrumuse\u021bare a pielii pentru c\u0103 este eficient \u0219i nu are efecte adverse! Este cu adev\u0103rat uimitor s\u0103 po\u021bi ob\u021bine aceste rezultate f\u0103r\u0103 a trece prin proceduri invazive sau dureroase. Terapia BB Glow este o procedur\u0103 de \u00eenfrumuse\u021bare&hellip;<\/p>","protected":false},"featured_media":7207,"comment_status":"open","ping_status":"closed","template":"","meta":{"_acf_changed":false},"product_brand":[],"product_cat":[37],"product_tag":[92,94,93,91],"class_list":{"0":"post-7206","1":"product","2":"type-product","3":"status-publish","4":"has-post-thumbnail","6":"product_cat-esteticabeauty","7":"product_tag-bb-glow","8":"product_tag-regenerare-faciala","9":"product_tag-terapie-faciala-antirid","10":"product_tag-terapie-frumusete","12":"first","13":"instock","14":"shipping-taxable","15":"purchasable","16":"product-type-simple"},"acf":[],"yoast_head":"<!-- This site is optimized with the Yoast SEO plugin v27.2 - https:\/\/yoast.com\/product\/yoast-seo-wordpress\/ -->\n<title>Terapia BB Glow - Atasagon<\/title>\n<meta name=\"robots\" content=\"index, follow, max-snippet:-1, max-image-preview:large, max-video-preview:-1\" \/>\n<link rel=\"canonical\" href=\"https:\/\/atasagon.com\/en\/product\/terapia-bb-glow\/\" \/>\n<meta property=\"og:locale\" content=\"en_US\" \/>\n<meta property=\"og:type\" content=\"article\" \/>\n<meta property=\"og:title\" content=\"Terapia BB Glow - Atasagon\" \/>\n<meta property=\"og:description\" content=\"Tratamentul BB Glow este cu adev\u0103rat remarcabil! Este una dintre cele mai \u00een vog\u0103 tehnologii de \u00eengrijire \u0219i \u00eenfrumuse\u021bare a pielii pentru c\u0103 este eficient \u0219i nu are efecte adverse! Este cu adev\u0103rat uimitor s\u0103 po\u021bi ob\u021bine aceste rezultate f\u0103r\u0103 a trece prin proceduri invazive sau dureroase. Terapia BB Glow este o procedur\u0103 de \u00eenfrumuse\u021bare&hellip;\" \/>\n<meta property=\"og:url\" content=\"https:\/\/atasagon.com\/en\/product\/terapia-bb-glow\/\" \/>\n<meta property=\"og:site_name\" content=\"Atasagon\" \/>\n<meta property=\"article:publisher\" content=\"https:\/\/www.facebook.com\/atasagon\/\" \/>\n<meta property=\"article:modified_time\" content=\"2024-08-01T06:40:51+00:00\" \/>\n<meta property=\"og:image\" content=\"https:\/\/atasagon.com\/wp-content\/uploads\/2024\/01\/BBGlow.png\" \/>\n\t<meta property=\"og:image:width\" content=\"940\" \/>\n\t<meta property=\"og:image:height\" content=\"788\" \/>\n\t<meta property=\"og:image:type\" content=\"image\/png\" \/>\n<meta name=\"twitter:card\" content=\"summary_large_image\" \/>\n<meta name=\"twitter:label1\" content=\"Est. reading time\" \/>\n\t<meta name=\"twitter:data1\" content=\"2 minutes\" \/>\n<script type=\"application\/ld+json\" class=\"yoast-schema-graph\">{\"@context\":\"https:\/\/schema.org\",\"@graph\":[{\"@type\":\"WebPage\",\"@id\":\"https:\/\/atasagon.com\/produs\/terapia-bb-glow\/\",\"url\":\"https:\/\/atasagon.com\/produs\/terapia-bb-glow\/\",\"name\":\"Terapia BB Glow - Atasagon\",\"isPartOf\":{\"@id\":\"https:\/\/atasagon.com\/#website\"},\"primaryImageOfPage\":{\"@id\":\"https:\/\/atasagon.com\/produs\/terapia-bb-glow\/#primaryimage\"},\"image\":{\"@id\":\"https:\/\/atasagon.com\/produs\/terapia-bb-glow\/#primaryimage\"},\"thumbnailUrl\":\"https:\/\/atasagon.com\/wp-content\/uploads\/2024\/01\/BBGlow.png\",\"datePublished\":\"2024-01-04T09:37:22+00:00\",\"dateModified\":\"2024-08-01T06:40:51+00:00\",\"breadcrumb\":{\"@id\":\"https:\/\/atasagon.com\/produs\/terapia-bb-glow\/#breadcrumb\"},\"inLanguage\":\"en-US\",\"potentialAction\":[{\"@type\":\"ReadAction\",\"target\":[\"https:\/\/atasagon.com\/produs\/terapia-bb-glow\/\"]}]},{\"@type\":\"ImageObject\",\"inLanguage\":\"en-US\",\"@id\":\"https:\/\/atasagon.com\/produs\/terapia-bb-glow\/#primaryimage\",\"url\":\"https:\/\/atasagon.com\/wp-content\/uploads\/2024\/01\/BBGlow.png\",\"contentUrl\":\"https:\/\/atasagon.com\/wp-content\/uploads\/2024\/01\/BBGlow.png\",\"width\":940,\"height\":788},{\"@type\":\"BreadcrumbList\",\"@id\":\"https:\/\/atasagon.com\/produs\/terapia-bb-glow\/#breadcrumb\",\"itemListElement\":[{\"@type\":\"ListItem\",\"position\":1,\"name\":\"Home\",\"item\":\"https:\/\/atasagon.com\/\"},{\"@type\":\"ListItem\",\"position\":2,\"name\":\"Products\",\"item\":\"https:\/\/atasagon.com\/en\/shop\/\"},{\"@type\":\"ListItem\",\"position\":3,\"name\":\"Terapia BB Glow\"}]},{\"@type\":\"WebSite\",\"@id\":\"https:\/\/atasagon.com\/#website\",\"url\":\"https:\/\/atasagon.com\/\",\"name\":\"Atasagon\",\"description\":\"Primul centru de nutri\u021bie \u0219i detoxifiere din Rom\u00e2nia\",\"publisher\":{\"@id\":\"https:\/\/atasagon.com\/#organization\"},\"potentialAction\":[{\"@type\":\"SearchAction\",\"target\":{\"@type\":\"EntryPoint\",\"urlTemplate\":\"https:\/\/atasagon.com\/?s={search_term_string}\"},\"query-input\":{\"@type\":\"PropertyValueSpecification\",\"valueRequired\":true,\"valueName\":\"search_term_string\"}}],\"inLanguage\":\"en-US\"},{\"@type\":\"Organization\",\"@id\":\"https:\/\/atasagon.com\/#organization\",\"name\":\"Atasagon\",\"url\":\"https:\/\/atasagon.com\/\",\"logo\":{\"@type\":\"ImageObject\",\"inLanguage\":\"en-US\",\"@id\":\"https:\/\/atasagon.com\/#\/schema\/logo\/image\/\",\"url\":\"https:\/\/atasagon.com\/wp-content\/uploads\/2023\/01\/cropped-atasagon-logo-2-175x58-1.png\",\"contentUrl\":\"https:\/\/atasagon.com\/wp-content\/uploads\/2023\/01\/cropped-atasagon-logo-2-175x58-1.png\",\"width\":175,\"height\":58,\"caption\":\"Atasagon\"},\"image\":{\"@id\":\"https:\/\/atasagon.com\/#\/schema\/logo\/image\/\"},\"sameAs\":[\"https:\/\/www.facebook.com\/atasagon\/\",\"https:\/\/instagram.com\/atasagon\"]}]}<\/script>\n<!-- \/ Yoast SEO plugin. -->","yoast_head_json":{"title":"Terapia BB Glow - Atasagon","robots":{"index":"index","follow":"follow","max-snippet":"max-snippet:-1","max-image-preview":"max-image-preview:large","max-video-preview":"max-video-preview:-1"},"canonical":"https:\/\/atasagon.com\/en\/product\/terapia-bb-glow\/","og_locale":"en_US","og_type":"article","og_title":"Terapia BB Glow - Atasagon","og_description":"Tratamentul BB Glow este cu adev\u0103rat remarcabil! Este una dintre cele mai \u00een vog\u0103 tehnologii de \u00eengrijire \u0219i \u00eenfrumuse\u021bare a pielii pentru c\u0103 este eficient \u0219i nu are efecte adverse! Este cu adev\u0103rat uimitor s\u0103 po\u021bi ob\u021bine aceste rezultate f\u0103r\u0103 a trece prin proceduri invazive sau dureroase. Terapia BB Glow este o procedur\u0103 de \u00eenfrumuse\u021bare&hellip;","og_url":"https:\/\/atasagon.com\/en\/product\/terapia-bb-glow\/","og_site_name":"Atasagon","article_publisher":"https:\/\/www.facebook.com\/atasagon\/","article_modified_time":"2024-08-01T06:40:51+00:00","og_image":[{"width":940,"height":788,"url":"https:\/\/atasagon.com\/wp-content\/uploads\/2024\/01\/BBGlow.png","type":"image\/png"}],"twitter_card":"summary_large_image","twitter_misc":{"Est. reading time":"2 minutes"},"schema":{"@context":"https:\/\/schema.org","@graph":[{"@type":"WebPage","@id":"https:\/\/atasagon.com\/produs\/terapia-bb-glow\/","url":"https:\/\/atasagon.com\/produs\/terapia-bb-glow\/","name":"Terapia BB Glow - Atasagon","isPartOf":{"@id":"https:\/\/atasagon.com\/#website"},"primaryImageOfPage":{"@id":"https:\/\/atasagon.com\/produs\/terapia-bb-glow\/#primaryimage"},"image":{"@id":"https:\/\/atasagon.com\/produs\/terapia-bb-glow\/#primaryimage"},"thumbnailUrl":"https:\/\/atasagon.com\/wp-content\/uploads\/2024\/01\/BBGlow.png","datePublished":"2024-01-04T09:37:22+00:00","dateModified":"2024-08-01T06:40:51+00:00","breadcrumb":{"@id":"https:\/\/atasagon.com\/produs\/terapia-bb-glow\/#breadcrumb"},"inLanguage":"en-US","potentialAction":[{"@type":"ReadAction","target":["https:\/\/atasagon.com\/produs\/terapia-bb-glow\/"]}]},{"@type":"ImageObject","inLanguage":"en-US","@id":"https:\/\/atasagon.com\/produs\/terapia-bb-glow\/#primaryimage","url":"https:\/\/atasagon.com\/wp-content\/uploads\/2024\/01\/BBGlow.png","contentUrl":"https:\/\/atasagon.com\/wp-content\/uploads\/2024\/01\/BBGlow.png","width":940,"height":788},{"@type":"BreadcrumbList","@id":"https:\/\/atasagon.com\/produs\/terapia-bb-glow\/#breadcrumb","itemListElement":[{"@type":"ListItem","position":1,"name":"Home","item":"https:\/\/atasagon.com\/"},{"@type":"ListItem","position":2,"name":"Products","item":"https:\/\/atasagon.com\/en\/shop\/"},{"@type":"ListItem","position":3,"name":"Terapia BB Glow"}]},{"@type":"WebSite","@id":"https:\/\/atasagon.com\/#website","url":"https:\/\/atasagon.com\/","name":"Atasagon","description":"The first nutrition and detoxification center in Romania","publisher":{"@id":"https:\/\/atasagon.com\/#organization"},"potentialAction":[{"@type":"SearchAction","target":{"@type":"EntryPoint","urlTemplate":"https:\/\/atasagon.com\/?s={search_term_string}"},"query-input":{"@type":"PropertyValueSpecification","valueRequired":true,"valueName":"search_term_string"}}],"inLanguage":"en-US"},{"@type":"Organization","@id":"https:\/\/atasagon.com\/#organization","name":"Atasagon","url":"https:\/\/atasagon.com\/","logo":{"@type":"ImageObject","inLanguage":"en-US","@id":"https:\/\/atasagon.com\/#\/schema\/logo\/image\/","url":"https:\/\/atasagon.com\/wp-content\/uploads\/2023\/01\/cropped-atasagon-logo-2-175x58-1.png","contentUrl":"https:\/\/atasagon.com\/wp-content\/uploads\/2023\/01\/cropped-atasagon-logo-2-175x58-1.png","width":175,"height":58,"caption":"Atasagon"},"image":{"@id":"https:\/\/atasagon.com\/#\/schema\/logo\/image\/"},"sameAs":["https:\/\/www.facebook.com\/atasagon\/","https:\/\/instagram.com\/atasagon"]}]}},"_links":{"self":[{"href":"https:\/\/atasagon.com\/en\/wp-json\/wp\/v2\/product\/7206","targetHints":{"allow":["GET"]}}],"collection":[{"href":"https:\/\/atasagon.com\/en\/wp-json\/wp\/v2\/product"}],"about":[{"href":"https:\/\/atasagon.com\/en\/wp-json\/wp\/v2\/types\/product"}],"replies":[{"embeddable":true,"href":"https:\/\/atasagon.com\/en\/wp-json\/wp\/v2\/comments?post=7206"}],"wp:featuredmedia":[{"embeddable":true,"href":"https:\/\/atasagon.com\/en\/wp-json\/wp\/v2\/media\/7207"}],"wp:attachment":[{"href":"https:\/\/atasagon.com\/en\/wp-json\/wp\/v2\/media?parent=7206"}],"wp:term":[{"taxonomy":"product_brand","embeddable":true,"href":"https:\/\/atasagon.com\/en\/wp-json\/wp\/v2\/product_brand?post=7206"},{"taxonomy":"product_cat","embeddable":true,"href":"https:\/\/atasagon.com\/en\/wp-json\/wp\/v2\/product_cat?post=7206"},{"taxonomy":"product_tag","embeddable":true,"href":"https:\/\/atasagon.com\/en\/wp-json\/wp\/v2\/product_tag?post=7206"}],"curies":[{"name":"wp","href":"https:\/\/api.w.org\/{rel}","templated":true}]}}