{"id":6993,"date":"2023-12-06T15:51:47","date_gmt":"2023-12-06T12:51:47","guid":{"rendered":"https:\/\/atasagon.com\/?post_type=product&#038;p=6993"},"modified":"2024-07-05T14:07:16","modified_gmt":"2024-07-05T11:07:16","slug":"galvano-terapie-faciala","status":"publish","type":"product","link":"https:\/\/atasagon.com\/en\/product\/galvano-terapie-faciala\/","title":{"rendered":"Galvano Facial Therapy"},"content":{"rendered":"<p>The electrical stimulation of the ions will accelerate the blood circulation, which favors the penetration of substances into the dermis. The therapy prevents skin aging, eliminates hyperpigmentation spots and stimulates collagen production.<\/p>\n<p>Recommendation: 3 sessions\/week<\/p>\n<p>The session lasts 15 minutes.<\/p>\n<p><em>Contraindications:<\/em> pregnancy\/breastfeeding, skin diseases or open wounds in the treated area.<\/p>","protected":false},"excerpt":{"rendered":"<p><span style=\"font-size: 12.0pt;color: #040404;letter-spacing: -.3pt;font-weight: normal\">La orice pachet de <\/span><strong><span style=\"font-size: 12.0pt;color: #040404;letter-spacing: -.3pt\">3 tratamente faciale<\/span><\/strong><span style=\"font-size: 12.0pt;color: #040404;letter-spacing: -.3pt;font-weight: normal\"> beneficiezi de <\/span><strong><span style=\"font-size: 12.0pt;color: #040404;letter-spacing: -.3pt\">20% discount<\/span><\/strong><span style=\"font-size: 12.0pt;color: #040404;letter-spacing: -.3pt;font-weight: normal\">. <\/span><\/p>\n<p><span style=\"font-size: 12.0pt;color: #040404;letter-spacing: -.3pt;font-weight: normal\">Pentru a accesa oferta contacteaz\u0103-ne telefonic la <strong>0746 407 070<\/strong>.<\/span><\/p>\n<p><span style=\"font-size: 12.0pt;color: #040404;letter-spacing: -.3pt;font-weight: normal\">Ofert\u0103 valabil\u0103 p\u00e2n\u0103 pe <\/span><span style=\"font-size: 12.0pt;color: #040404;letter-spacing: -.3pt\">31.07.2024.<\/span><\/p>","protected":false},"featured_media":6994,"comment_status":"closed","ping_status":"closed","template":"","meta":{"_acf_changed":false},"product_brand":[],"product_cat":[37],"product_tag":[],"class_list":{"0":"post-6993","1":"product","2":"type-product","3":"status-publish","4":"has-post-thumbnail","6":"product_cat-esteticabeauty","8":"first","9":"instock","10":"shipping-taxable","11":"purchasable","12":"product-type-simple"},"acf":[],"yoast_head":"<!-- This site is optimized with the Yoast SEO plugin v27.2 - https:\/\/yoast.com\/product\/yoast-seo-wordpress\/ -->\n<title>Galvano Terapie Faciala - Atasagon<\/title>\n<meta name=\"robots\" content=\"index, follow, max-snippet:-1, max-image-preview:large, max-video-preview:-1\" \/>\n<link rel=\"canonical\" href=\"https:\/\/atasagon.com\/en\/product\/galvano-terapie-faciala\/\" \/>\n<meta property=\"og:locale\" content=\"en_US\" \/>\n<meta property=\"og:type\" content=\"article\" \/>\n<meta property=\"og:title\" content=\"Galvano Terapie Faciala - Atasagon\" \/>\n<meta property=\"og:description\" content=\"La orice pachet de 3 tratamente faciale beneficiezi de 20% reducere.   Pentru a accesa oferta contacteaz\u0103-ne telefonic la 0746 407 070.  Ofert\u0103 valabil\u0103 p\u00e2n\u0103 pe 31.07.2024.\" \/>\n<meta property=\"og:url\" content=\"https:\/\/atasagon.com\/en\/product\/galvano-terapie-faciala\/\" \/>\n<meta property=\"og:site_name\" content=\"Atasagon\" \/>\n<meta property=\"article:publisher\" content=\"https:\/\/www.facebook.com\/atasagon\/\" \/>\n<meta property=\"article:modified_time\" content=\"2024-07-05T11:07:16+00:00\" \/>\n<meta property=\"og:image\" content=\"https:\/\/atasagon.com\/wp-content\/uploads\/2023\/12\/Galvano_terapie.png\" \/>\n\t<meta property=\"og:image:width\" content=\"940\" \/>\n\t<meta property=\"og:image:height\" content=\"788\" \/>\n\t<meta property=\"og:image:type\" content=\"image\/png\" \/>\n<meta name=\"twitter:card\" content=\"summary_large_image\" \/>\n<meta name=\"twitter:label1\" content=\"Est. reading time\" \/>\n\t<meta name=\"twitter:data1\" content=\"1 minute\" \/>\n<script type=\"application\/ld+json\" class=\"yoast-schema-graph\">{\"@context\":\"https:\/\/schema.org\",\"@graph\":[{\"@type\":\"WebPage\",\"@id\":\"https:\/\/atasagon.com\/produs\/galvano-terapie-faciala\/\",\"url\":\"https:\/\/atasagon.com\/produs\/galvano-terapie-faciala\/\",\"name\":\"Galvano Terapie Faciala - Atasagon\",\"isPartOf\":{\"@id\":\"https:\/\/atasagon.com\/#website\"},\"primaryImageOfPage\":{\"@id\":\"https:\/\/atasagon.com\/produs\/galvano-terapie-faciala\/#primaryimage\"},\"image\":{\"@id\":\"https:\/\/atasagon.com\/produs\/galvano-terapie-faciala\/#primaryimage\"},\"thumbnailUrl\":\"https:\/\/atasagon.com\/wp-content\/uploads\/2023\/12\/Galvano_terapie.png\",\"datePublished\":\"2023-12-06T12:51:47+00:00\",\"dateModified\":\"2024-07-05T11:07:16+00:00\",\"breadcrumb\":{\"@id\":\"https:\/\/atasagon.com\/produs\/galvano-terapie-faciala\/#breadcrumb\"},\"inLanguage\":\"en-US\",\"potentialAction\":[{\"@type\":\"ReadAction\",\"target\":[\"https:\/\/atasagon.com\/produs\/galvano-terapie-faciala\/\"]}]},{\"@type\":\"ImageObject\",\"inLanguage\":\"en-US\",\"@id\":\"https:\/\/atasagon.com\/produs\/galvano-terapie-faciala\/#primaryimage\",\"url\":\"https:\/\/atasagon.com\/wp-content\/uploads\/2023\/12\/Galvano_terapie.png\",\"contentUrl\":\"https:\/\/atasagon.com\/wp-content\/uploads\/2023\/12\/Galvano_terapie.png\",\"width\":940,\"height\":788},{\"@type\":\"BreadcrumbList\",\"@id\":\"https:\/\/atasagon.com\/produs\/galvano-terapie-faciala\/#breadcrumb\",\"itemListElement\":[{\"@type\":\"ListItem\",\"position\":1,\"name\":\"Home\",\"item\":\"https:\/\/atasagon.com\/\"},{\"@type\":\"ListItem\",\"position\":2,\"name\":\"Products\",\"item\":\"https:\/\/atasagon.com\/en\/shop\/\"},{\"@type\":\"ListItem\",\"position\":3,\"name\":\"Galvano Terapie Faciala\"}]},{\"@type\":\"WebSite\",\"@id\":\"https:\/\/atasagon.com\/#website\",\"url\":\"https:\/\/atasagon.com\/\",\"name\":\"Atasagon\",\"description\":\"Primul centru de nutri\u021bie \u0219i detoxifiere din Rom\u00e2nia\",\"publisher\":{\"@id\":\"https:\/\/atasagon.com\/#organization\"},\"potentialAction\":[{\"@type\":\"SearchAction\",\"target\":{\"@type\":\"EntryPoint\",\"urlTemplate\":\"https:\/\/atasagon.com\/?s={search_term_string}\"},\"query-input\":{\"@type\":\"PropertyValueSpecification\",\"valueRequired\":true,\"valueName\":\"search_term_string\"}}],\"inLanguage\":\"en-US\"},{\"@type\":\"Organization\",\"@id\":\"https:\/\/atasagon.com\/#organization\",\"name\":\"Atasagon\",\"url\":\"https:\/\/atasagon.com\/\",\"logo\":{\"@type\":\"ImageObject\",\"inLanguage\":\"en-US\",\"@id\":\"https:\/\/atasagon.com\/#\/schema\/logo\/image\/\",\"url\":\"https:\/\/atasagon.com\/wp-content\/uploads\/2023\/01\/cropped-atasagon-logo-2-175x58-1.png\",\"contentUrl\":\"https:\/\/atasagon.com\/wp-content\/uploads\/2023\/01\/cropped-atasagon-logo-2-175x58-1.png\",\"width\":175,\"height\":58,\"caption\":\"Atasagon\"},\"image\":{\"@id\":\"https:\/\/atasagon.com\/#\/schema\/logo\/image\/\"},\"sameAs\":[\"https:\/\/www.facebook.com\/atasagon\/\",\"https:\/\/instagram.com\/atasagon\"]}]}<\/script>\n<!-- \/ Yoast SEO plugin. -->","yoast_head_json":{"title":"Galvano Terapie Faciala - Atasagon","robots":{"index":"index","follow":"follow","max-snippet":"max-snippet:-1","max-image-preview":"max-image-preview:large","max-video-preview":"max-video-preview:-1"},"canonical":"https:\/\/atasagon.com\/en\/product\/galvano-terapie-faciala\/","og_locale":"en_US","og_type":"article","og_title":"Galvano Terapie Faciala - Atasagon","og_description":"La orice pachet de 3 tratamente faciale beneficiezi de 20% reducere.   Pentru a accesa oferta contacteaz\u0103-ne telefonic la 0746 407 070.  Ofert\u0103 valabil\u0103 p\u00e2n\u0103 pe 31.07.2024.","og_url":"https:\/\/atasagon.com\/en\/product\/galvano-terapie-faciala\/","og_site_name":"Atasagon","article_publisher":"https:\/\/www.facebook.com\/atasagon\/","article_modified_time":"2024-07-05T11:07:16+00:00","og_image":[{"width":940,"height":788,"url":"https:\/\/atasagon.com\/wp-content\/uploads\/2023\/12\/Galvano_terapie.png","type":"image\/png"}],"twitter_card":"summary_large_image","twitter_misc":{"Est. reading time":"1 minute"},"schema":{"@context":"https:\/\/schema.org","@graph":[{"@type":"WebPage","@id":"https:\/\/atasagon.com\/produs\/galvano-terapie-faciala\/","url":"https:\/\/atasagon.com\/produs\/galvano-terapie-faciala\/","name":"Galvano Terapie Faciala - Atasagon","isPartOf":{"@id":"https:\/\/atasagon.com\/#website"},"primaryImageOfPage":{"@id":"https:\/\/atasagon.com\/produs\/galvano-terapie-faciala\/#primaryimage"},"image":{"@id":"https:\/\/atasagon.com\/produs\/galvano-terapie-faciala\/#primaryimage"},"thumbnailUrl":"https:\/\/atasagon.com\/wp-content\/uploads\/2023\/12\/Galvano_terapie.png","datePublished":"2023-12-06T12:51:47+00:00","dateModified":"2024-07-05T11:07:16+00:00","breadcrumb":{"@id":"https:\/\/atasagon.com\/produs\/galvano-terapie-faciala\/#breadcrumb"},"inLanguage":"en-US","potentialAction":[{"@type":"ReadAction","target":["https:\/\/atasagon.com\/produs\/galvano-terapie-faciala\/"]}]},{"@type":"ImageObject","inLanguage":"en-US","@id":"https:\/\/atasagon.com\/produs\/galvano-terapie-faciala\/#primaryimage","url":"https:\/\/atasagon.com\/wp-content\/uploads\/2023\/12\/Galvano_terapie.png","contentUrl":"https:\/\/atasagon.com\/wp-content\/uploads\/2023\/12\/Galvano_terapie.png","width":940,"height":788},{"@type":"BreadcrumbList","@id":"https:\/\/atasagon.com\/produs\/galvano-terapie-faciala\/#breadcrumb","itemListElement":[{"@type":"ListItem","position":1,"name":"Home","item":"https:\/\/atasagon.com\/"},{"@type":"ListItem","position":2,"name":"Products","item":"https:\/\/atasagon.com\/en\/shop\/"},{"@type":"ListItem","position":3,"name":"Galvano Terapie Faciala"}]},{"@type":"WebSite","@id":"https:\/\/atasagon.com\/#website","url":"https:\/\/atasagon.com\/","name":"Atasagon","description":"The first nutrition and detoxification center in Romania","publisher":{"@id":"https:\/\/atasagon.com\/#organization"},"potentialAction":[{"@type":"SearchAction","target":{"@type":"EntryPoint","urlTemplate":"https:\/\/atasagon.com\/?s={search_term_string}"},"query-input":{"@type":"PropertyValueSpecification","valueRequired":true,"valueName":"search_term_string"}}],"inLanguage":"en-US"},{"@type":"Organization","@id":"https:\/\/atasagon.com\/#organization","name":"Atasagon","url":"https:\/\/atasagon.com\/","logo":{"@type":"ImageObject","inLanguage":"en-US","@id":"https:\/\/atasagon.com\/#\/schema\/logo\/image\/","url":"https:\/\/atasagon.com\/wp-content\/uploads\/2023\/01\/cropped-atasagon-logo-2-175x58-1.png","contentUrl":"https:\/\/atasagon.com\/wp-content\/uploads\/2023\/01\/cropped-atasagon-logo-2-175x58-1.png","width":175,"height":58,"caption":"Atasagon"},"image":{"@id":"https:\/\/atasagon.com\/#\/schema\/logo\/image\/"},"sameAs":["https:\/\/www.facebook.com\/atasagon\/","https:\/\/instagram.com\/atasagon"]}]}},"_links":{"self":[{"href":"https:\/\/atasagon.com\/en\/wp-json\/wp\/v2\/product\/6993","targetHints":{"allow":["GET"]}}],"collection":[{"href":"https:\/\/atasagon.com\/en\/wp-json\/wp\/v2\/product"}],"about":[{"href":"https:\/\/atasagon.com\/en\/wp-json\/wp\/v2\/types\/product"}],"replies":[{"embeddable":true,"href":"https:\/\/atasagon.com\/en\/wp-json\/wp\/v2\/comments?post=6993"}],"wp:featuredmedia":[{"embeddable":true,"href":"https:\/\/atasagon.com\/en\/wp-json\/wp\/v2\/media\/6994"}],"wp:attachment":[{"href":"https:\/\/atasagon.com\/en\/wp-json\/wp\/v2\/media?parent=6993"}],"wp:term":[{"taxonomy":"product_brand","embeddable":true,"href":"https:\/\/atasagon.com\/en\/wp-json\/wp\/v2\/product_brand?post=6993"},{"taxonomy":"product_cat","embeddable":true,"href":"https:\/\/atasagon.com\/en\/wp-json\/wp\/v2\/product_cat?post=6993"},{"taxonomy":"product_tag","embeddable":true,"href":"https:\/\/atasagon.com\/en\/wp-json\/wp\/v2\/product_tag?post=6993"}],"curies":[{"name":"wp","href":"https:\/\/api.w.org\/{rel}","templated":true}]}}