{"id":5105,"date":"2023-03-02T12:09:41","date_gmt":"2023-03-02T09:09:41","guid":{"rendered":"https:\/\/dev.mabit.ro\/?post_type=product&#038;p=5105"},"modified":"2025-10-16T21:18:50","modified_gmt":"2025-10-16T18:18:50","slug":"raw-food-detox","status":"publish","type":"product","link":"https:\/\/atasagon.com\/en\/product\/raw-food-detox\/","title":{"rendered":"Raw Food Detox"},"content":{"rendered":"<p><strong>\ud83c\udf43Raw Food Detox<\/strong> is a program that we warmly recommend to those who want to get rid of excess fat and ease their digestive system. Raw food is based on raw vegetables, fresh fruits, dried fruits, nuts and seeds. The foods in the Raw Food Detox program are processed at temperatures of maximum 42\u00b0C.<\/p>\n<p>In addition to the juices served, you must drink a lot of water (alkaline with pH 9.5) to intensify the detoxification process by increasing the amount of toxins eliminated through the kidneys. It is recommended to consume it so that you urinate every hour.<\/p>\n<p>going <strong>RAW FOOD DETOX,<\/strong>\u00a0you will benefit from a complete experience of detoxification and energization, after which you will eliminate toxins and restore health and energy to the body.<strong>\ud83c\udf43<\/strong><\/p>\n<p><strong>The time interval for serving food and juices from the Raw Food Detox program:<\/strong><\/p>\n<p>09:00 &#8211; Apa alcalina + suc Immune Boost + salata de fructe<\/p>\n<p>09:30 \u2013 Wheat juice, herbs + green juice<\/p>\n<p>11:00 \u2013 Alkaline water + detox soup<\/p>\n<p>12:30 \u2013 Raw lunch + Electrolytic drink<\/p>\n<p>14:00 \u2013 Alkaline water + detox soup<\/p>\n<p>15:30 \u2013 Wheat juice, plants + green juice<\/p>\n<p>17:00 \u2013 Alkaline water + detox soup<\/p>\n<p>18:30 \u2013 Green salad + Electrolytic drink<\/p>\n<p>20:00 \u2013 Green energizing drink + Alkaline water<\/p>\n<p>21:30 \u2013 Probiotics<\/p>","protected":false},"excerpt":{"rendered":"<h3 data-start=\"226\" data-end=\"319\"><strong data-start=\"233\" data-end=\"319\">Ofert\u0103 special\u0103: Green Friday \u2013 40% reducere la programele de detoxifiere Atasagon<\/strong><\/h3>\n<p data-start=\"321\" data-end=\"574\">Este momentul perfect s\u0103-\u021bi oferi o pauz\u0103 profund\u0103 de regenerare.<br data-start=\"386\" data-end=\"389\" \/>With <strong data-start=\"392\" data-end=\"416\">Green Friday Voucher<\/strong>, te bucuri de o experien\u021b\u0103 complet\u0103 de detoxifiere \u0219i relaxare la <strong data-start=\"483\" data-end=\"502\">Atasagon Bra\u0219ov<\/strong>, acum la un pre\u021b special:<br data-start=\"528\" data-end=\"531\" \/>\ud83d\udc9a <strong data-start=\"534\" data-end=\"572\">de la 615 lei\/zi \u2192 doar 369 lei\/zi<\/strong><\/p>\n<p data-start=\"764\" data-end=\"930\">\ud83d\udcc5 <strong data-start=\"767\" data-end=\"827\">Voucherul se poate achizi\u021biona p\u00e2n\u0103 la 31 octombrie 2025<\/strong><br data-start=\"827\" data-end=\"830\" \/>\u23f3 <strong data-start=\"832\" data-end=\"866\">Valabil p\u00e2n\u0103 \u00een decembrie 2026<\/strong><br data-start=\"866\" data-end=\"869\" \/>\u2728 <strong data-start=\"871\" data-end=\"928\">Pentru orice program de detoxifiere de minimum 4 zile<\/strong><\/p>\n<p data-start=\"932\" data-end=\"995\">Locuri limitate \u2013 rezerv\u0103 acum experien\u021ba ta de transformare!<\/p>","protected":false},"featured_media":8843,"comment_status":"open","ping_status":"closed","template":"","meta":{"_acf_changed":false},"product_brand":[],"product_cat":[39],"product_tag":[],"class_list":{"0":"post-5105","1":"product","2":"type-product","3":"status-publish","4":"has-post-thumbnail","6":"product_cat-detox","8":"first","9":"instock","10":"sale","11":"shipping-taxable","12":"purchasable","13":"product-type-simple"},"acf":[],"yoast_head":"<!-- This site is optimized with the Yoast SEO plugin v27.2 - https:\/\/yoast.com\/product\/yoast-seo-wordpress\/ -->\n<title>Raw Food Detox - Atasagon<\/title>\n<meta name=\"description\" content=\"Hrana raw se bazeaz\u0103 pe legume crude, fructe proaspete, fructe uscate, nuci \u0219i semin\u021be. Scap\u0103 de gr\u0103simea \u00een exces \u0219i s\u0103 u\u0219urez\u0103-\u021bi sistemul digestiv.\" \/>\n<meta name=\"robots\" content=\"index, follow, max-snippet:-1, max-image-preview:large, max-video-preview:-1\" \/>\n<link rel=\"canonical\" href=\"https:\/\/atasagon.com\/en\/product\/raw-food-detox\/\" \/>\n<meta property=\"og:locale\" content=\"en_US\" \/>\n<meta property=\"og:type\" content=\"article\" \/>\n<meta property=\"og:title\" content=\"Raw Food Detox - Atasagon\" \/>\n<meta property=\"og:description\" content=\"Hrana raw se bazeaz\u0103 pe legume crude, fructe proaspete, fructe uscate, nuci \u0219i semin\u021be. Scap\u0103 de gr\u0103simea \u00een exces \u0219i s\u0103 u\u0219urez\u0103-\u021bi sistemul digestiv.\" \/>\n<meta property=\"og:url\" content=\"https:\/\/atasagon.com\/en\/product\/raw-food-detox\/\" \/>\n<meta property=\"og:site_name\" content=\"Atasagon\" \/>\n<meta property=\"article:publisher\" content=\"https:\/\/www.facebook.com\/atasagon\/\" \/>\n<meta property=\"article:modified_time\" content=\"2025-10-16T18:18:50+00:00\" \/>\n<meta property=\"og:image\" content=\"https:\/\/atasagon.com\/wp-content\/uploads\/2025\/01\/2.png\" \/>\n\t<meta property=\"og:image:width\" content=\"851\" \/>\n\t<meta property=\"og:image:height\" content=\"315\" \/>\n\t<meta property=\"og:image:type\" content=\"image\/png\" \/>\n<meta name=\"twitter:card\" content=\"summary_large_image\" \/>\n<meta name=\"twitter:label1\" content=\"Est. reading time\" \/>\n\t<meta name=\"twitter:data1\" content=\"2 minutes\" \/>\n<script type=\"application\/ld+json\" class=\"yoast-schema-graph\">{\"@context\":\"https:\/\/schema.org\",\"@graph\":[{\"@type\":\"WebPage\",\"@id\":\"https:\/\/atasagon.com\/produs\/raw-food-detox\/\",\"url\":\"https:\/\/atasagon.com\/produs\/raw-food-detox\/\",\"name\":\"Raw Food Detox - Atasagon\",\"isPartOf\":{\"@id\":\"https:\/\/atasagon.com\/#website\"},\"primaryImageOfPage\":{\"@id\":\"https:\/\/atasagon.com\/produs\/raw-food-detox\/#primaryimage\"},\"image\":{\"@id\":\"https:\/\/atasagon.com\/produs\/raw-food-detox\/#primaryimage\"},\"thumbnailUrl\":\"https:\/\/atasagon.com\/wp-content\/uploads\/2025\/01\/2.png\",\"datePublished\":\"2023-03-02T09:09:41+00:00\",\"dateModified\":\"2025-10-16T18:18:50+00:00\",\"description\":\"Hrana raw se bazeaz\u0103 pe legume crude, fructe proaspete, fructe uscate, nuci \u0219i semin\u021be. Scap\u0103 de gr\u0103simea \u00een exces \u0219i s\u0103 u\u0219urez\u0103-\u021bi sistemul digestiv.\",\"breadcrumb\":{\"@id\":\"https:\/\/atasagon.com\/produs\/raw-food-detox\/#breadcrumb\"},\"inLanguage\":\"en-US\",\"potentialAction\":[{\"@type\":\"ReadAction\",\"target\":[\"https:\/\/atasagon.com\/produs\/raw-food-detox\/\"]}]},{\"@type\":\"ImageObject\",\"inLanguage\":\"en-US\",\"@id\":\"https:\/\/atasagon.com\/produs\/raw-food-detox\/#primaryimage\",\"url\":\"https:\/\/atasagon.com\/wp-content\/uploads\/2025\/01\/2.png\",\"contentUrl\":\"https:\/\/atasagon.com\/wp-content\/uploads\/2025\/01\/2.png\",\"width\":851,\"height\":315},{\"@type\":\"BreadcrumbList\",\"@id\":\"https:\/\/atasagon.com\/produs\/raw-food-detox\/#breadcrumb\",\"itemListElement\":[{\"@type\":\"ListItem\",\"position\":1,\"name\":\"Home\",\"item\":\"https:\/\/atasagon.com\/\"},{\"@type\":\"ListItem\",\"position\":2,\"name\":\"Products\",\"item\":\"https:\/\/atasagon.com\/en\/shop\/\"},{\"@type\":\"ListItem\",\"position\":3,\"name\":\"Raw Food Detox\"}]},{\"@type\":\"WebSite\",\"@id\":\"https:\/\/atasagon.com\/#website\",\"url\":\"https:\/\/atasagon.com\/\",\"name\":\"Atasagon\",\"description\":\"Primul centru de nutri\u021bie \u0219i detoxifiere din Rom\u00e2nia\",\"publisher\":{\"@id\":\"https:\/\/atasagon.com\/#organization\"},\"potentialAction\":[{\"@type\":\"SearchAction\",\"target\":{\"@type\":\"EntryPoint\",\"urlTemplate\":\"https:\/\/atasagon.com\/?s={search_term_string}\"},\"query-input\":{\"@type\":\"PropertyValueSpecification\",\"valueRequired\":true,\"valueName\":\"search_term_string\"}}],\"inLanguage\":\"en-US\"},{\"@type\":\"Organization\",\"@id\":\"https:\/\/atasagon.com\/#organization\",\"name\":\"Atasagon\",\"url\":\"https:\/\/atasagon.com\/\",\"logo\":{\"@type\":\"ImageObject\",\"inLanguage\":\"en-US\",\"@id\":\"https:\/\/atasagon.com\/#\/schema\/logo\/image\/\",\"url\":\"https:\/\/atasagon.com\/wp-content\/uploads\/2023\/01\/cropped-atasagon-logo-2-175x58-1.png\",\"contentUrl\":\"https:\/\/atasagon.com\/wp-content\/uploads\/2023\/01\/cropped-atasagon-logo-2-175x58-1.png\",\"width\":175,\"height\":58,\"caption\":\"Atasagon\"},\"image\":{\"@id\":\"https:\/\/atasagon.com\/#\/schema\/logo\/image\/\"},\"sameAs\":[\"https:\/\/www.facebook.com\/atasagon\/\",\"https:\/\/instagram.com\/atasagon\"]}]}<\/script>\n<!-- \/ Yoast SEO plugin. -->","yoast_head_json":{"title":"Raw Food Detox - Atasagon","description":"Hrana raw se bazeaz\u0103 pe legume crude, fructe proaspete, fructe uscate, nuci \u0219i semin\u021be. Scap\u0103 de gr\u0103simea \u00een exces \u0219i s\u0103 u\u0219urez\u0103-\u021bi sistemul digestiv.","robots":{"index":"index","follow":"follow","max-snippet":"max-snippet:-1","max-image-preview":"max-image-preview:large","max-video-preview":"max-video-preview:-1"},"canonical":"https:\/\/atasagon.com\/en\/product\/raw-food-detox\/","og_locale":"en_US","og_type":"article","og_title":"Raw Food Detox - Atasagon","og_description":"Hrana raw se bazeaz\u0103 pe legume crude, fructe proaspete, fructe uscate, nuci \u0219i semin\u021be. Scap\u0103 de gr\u0103simea \u00een exces \u0219i s\u0103 u\u0219urez\u0103-\u021bi sistemul digestiv.","og_url":"https:\/\/atasagon.com\/en\/product\/raw-food-detox\/","og_site_name":"Atasagon","article_publisher":"https:\/\/www.facebook.com\/atasagon\/","article_modified_time":"2025-10-16T18:18:50+00:00","og_image":[{"width":851,"height":315,"url":"https:\/\/atasagon.com\/wp-content\/uploads\/2025\/01\/2.png","type":"image\/png"}],"twitter_card":"summary_large_image","twitter_misc":{"Est. reading time":"2 minutes"},"schema":{"@context":"https:\/\/schema.org","@graph":[{"@type":"WebPage","@id":"https:\/\/atasagon.com\/produs\/raw-food-detox\/","url":"https:\/\/atasagon.com\/produs\/raw-food-detox\/","name":"Raw Food Detox - Atasagon","isPartOf":{"@id":"https:\/\/atasagon.com\/#website"},"primaryImageOfPage":{"@id":"https:\/\/atasagon.com\/produs\/raw-food-detox\/#primaryimage"},"image":{"@id":"https:\/\/atasagon.com\/produs\/raw-food-detox\/#primaryimage"},"thumbnailUrl":"https:\/\/atasagon.com\/wp-content\/uploads\/2025\/01\/2.png","datePublished":"2023-03-02T09:09:41+00:00","dateModified":"2025-10-16T18:18:50+00:00","description":"Hrana raw se bazeaz\u0103 pe legume crude, fructe proaspete, fructe uscate, nuci \u0219i semin\u021be. Scap\u0103 de gr\u0103simea \u00een exces \u0219i s\u0103 u\u0219urez\u0103-\u021bi sistemul digestiv.","breadcrumb":{"@id":"https:\/\/atasagon.com\/produs\/raw-food-detox\/#breadcrumb"},"inLanguage":"en-US","potentialAction":[{"@type":"ReadAction","target":["https:\/\/atasagon.com\/produs\/raw-food-detox\/"]}]},{"@type":"ImageObject","inLanguage":"en-US","@id":"https:\/\/atasagon.com\/produs\/raw-food-detox\/#primaryimage","url":"https:\/\/atasagon.com\/wp-content\/uploads\/2025\/01\/2.png","contentUrl":"https:\/\/atasagon.com\/wp-content\/uploads\/2025\/01\/2.png","width":851,"height":315},{"@type":"BreadcrumbList","@id":"https:\/\/atasagon.com\/produs\/raw-food-detox\/#breadcrumb","itemListElement":[{"@type":"ListItem","position":1,"name":"Home","item":"https:\/\/atasagon.com\/"},{"@type":"ListItem","position":2,"name":"Products","item":"https:\/\/atasagon.com\/en\/shop\/"},{"@type":"ListItem","position":3,"name":"Raw Food Detox"}]},{"@type":"WebSite","@id":"https:\/\/atasagon.com\/#website","url":"https:\/\/atasagon.com\/","name":"Atasagon","description":"The first nutrition and detoxification center in Romania","publisher":{"@id":"https:\/\/atasagon.com\/#organization"},"potentialAction":[{"@type":"SearchAction","target":{"@type":"EntryPoint","urlTemplate":"https:\/\/atasagon.com\/?s={search_term_string}"},"query-input":{"@type":"PropertyValueSpecification","valueRequired":true,"valueName":"search_term_string"}}],"inLanguage":"en-US"},{"@type":"Organization","@id":"https:\/\/atasagon.com\/#organization","name":"Atasagon","url":"https:\/\/atasagon.com\/","logo":{"@type":"ImageObject","inLanguage":"en-US","@id":"https:\/\/atasagon.com\/#\/schema\/logo\/image\/","url":"https:\/\/atasagon.com\/wp-content\/uploads\/2023\/01\/cropped-atasagon-logo-2-175x58-1.png","contentUrl":"https:\/\/atasagon.com\/wp-content\/uploads\/2023\/01\/cropped-atasagon-logo-2-175x58-1.png","width":175,"height":58,"caption":"Atasagon"},"image":{"@id":"https:\/\/atasagon.com\/#\/schema\/logo\/image\/"},"sameAs":["https:\/\/www.facebook.com\/atasagon\/","https:\/\/instagram.com\/atasagon"]}]}},"_links":{"self":[{"href":"https:\/\/atasagon.com\/en\/wp-json\/wp\/v2\/product\/5105","targetHints":{"allow":["GET"]}}],"collection":[{"href":"https:\/\/atasagon.com\/en\/wp-json\/wp\/v2\/product"}],"about":[{"href":"https:\/\/atasagon.com\/en\/wp-json\/wp\/v2\/types\/product"}],"replies":[{"embeddable":true,"href":"https:\/\/atasagon.com\/en\/wp-json\/wp\/v2\/comments?post=5105"}],"wp:featuredmedia":[{"embeddable":true,"href":"https:\/\/atasagon.com\/en\/wp-json\/wp\/v2\/media\/8843"}],"wp:attachment":[{"href":"https:\/\/atasagon.com\/en\/wp-json\/wp\/v2\/media?parent=5105"}],"wp:term":[{"taxonomy":"product_brand","embeddable":true,"href":"https:\/\/atasagon.com\/en\/wp-json\/wp\/v2\/product_brand?post=5105"},{"taxonomy":"product_cat","embeddable":true,"href":"https:\/\/atasagon.com\/en\/wp-json\/wp\/v2\/product_cat?post=5105"},{"taxonomy":"product_tag","embeddable":true,"href":"https:\/\/atasagon.com\/en\/wp-json\/wp\/v2\/product_tag?post=5105"}],"curies":[{"name":"wp","href":"https:\/\/api.w.org\/{rel}","templated":true}]}}