{"id":4620,"date":"2023-02-14T14:13:57","date_gmt":"2023-02-14T14:13:57","guid":{"rendered":"https:\/\/dev.mabit.ro\/?post_type=product&#038;p=4620"},"modified":"2026-02-11T12:00:00","modified_gmt":"2026-02-11T09:00:00","slug":"insuflatie-cu-ozon-vaginala-sau-rectala-10-sedinte","status":"publish","type":"product","link":"https:\/\/atasagon.com\/en\/product\/insuflatie-cu-ozon-vaginala-sau-rectala-10-sedinte\/","title":{"rendered":"Vaginal or rectal ozone insufflation \u2013 10 Sessions"},"content":{"rendered":"<p><span style=\"font-weight: 400\">Insufficient tissue oxygenation often leads to a decline in the immune system, but also to aging. To prevent them, Atasagon offers you the possibility to do vaginal or rectal ozone insufflations.<\/span><\/p>\n<p><span style=\"font-weight: 400\">The benefits of ozone treatment begin with the correct oxygenation of tissues and blood, stimulation of blood circulation, elimination of microbes and bacteria, as well as restoration of local flora.<\/span><\/p>\n<p><span style=\"font-weight: 400\">The procedure consists of spraying 3-4 puffs of ozone in the specified area to stimulate the correct oxygenation of the tissues.<\/span><\/p>","protected":false},"excerpt":{"rendered":"<p>Insufficient tissue oxygenation often leads to a decline in the immune system, but also to aging. To prevent them, Atasagon offers you the possibility to do vaginal or rectal ozone insufflations. The benefits of ozone treatment begin with the correct oxygenation of the tissues and blood, the stimulation of blood circulation, the elimination of microbes and bacteria, as well as the restoration of the flora...<\/p>","protected":false},"featured_media":4583,"comment_status":"open","ping_status":"closed","template":"","meta":{"_acf_changed":false},"product_brand":[],"product_cat":[33],"product_tag":[],"class_list":{"0":"post-4620","1":"product","2":"type-product","3":"status-publish","4":"has-post-thumbnail","6":"product_cat-medical","8":"first","9":"instock","10":"shipping-taxable","11":"purchasable","12":"product-type-simple"},"acf":[],"yoast_head":"<!-- This site is optimized with the Yoast SEO plugin v27.2 - https:\/\/yoast.com\/product\/yoast-seo-wordpress\/ -->\n<title>Insufla\u021bie cu ozon vaginal\u0103 sau rectal\u0103 - 10 \u0218edin\u021be - Atasagon<\/title>\n<meta name=\"robots\" content=\"index, follow, max-snippet:-1, max-image-preview:large, max-video-preview:-1\" \/>\n<link rel=\"canonical\" href=\"https:\/\/atasagon.com\/en\/product\/insuflatie-cu-ozon-vaginala-sau-rectala-10-sedinte\/\" \/>\n<meta property=\"og:locale\" content=\"en_US\" \/>\n<meta property=\"og:type\" content=\"article\" \/>\n<meta property=\"og:title\" content=\"Insufla\u021bie cu ozon vaginal\u0103 sau rectal\u0103 - 10 \u0218edin\u021be - Atasagon\" \/>\n<meta property=\"og:description\" content=\"Oxigenarea insuficient\u0103 a \u021besuturilor duce adesea la sc\u0103derea sistemului imunitar, dar \u0219i la \u00eemb\u0103tr\u00e2nire. Pentru a le preveni, Atasagon \u00ee\u021bi ofer\u0103 posibilitatea de a face insufla\u021bii cu ozon vaginale sau rectale. Beneficiile tratamentului cu ozon \u00eencep cu oxigenarea corect\u0103 a \u021besuturilor \u0219i a s\u00e2ngelui, stimularea circula\u021biei sangvine, eliminarea microbilor \u0219i bacteriilor, precum \u0219i refacerea florei&hellip;\" \/>\n<meta property=\"og:url\" content=\"https:\/\/atasagon.com\/en\/product\/insuflatie-cu-ozon-vaginala-sau-rectala-10-sedinte\/\" \/>\n<meta property=\"og:site_name\" content=\"Atasagon\" \/>\n<meta property=\"article:publisher\" content=\"https:\/\/www.facebook.com\/atasagon\/\" \/>\n<meta property=\"article:modified_time\" content=\"2026-02-11T09:00:00+00:00\" \/>\n<meta property=\"og:image\" content=\"https:\/\/atasagon.com\/wp-content\/uploads\/2023\/01\/Insuflatie-cu-ozon-scaled.jpg\" \/>\n\t<meta property=\"og:image:width\" content=\"2560\" \/>\n\t<meta property=\"og:image:height\" content=\"1706\" \/>\n\t<meta property=\"og:image:type\" content=\"image\/jpeg\" \/>\n<meta name=\"twitter:card\" content=\"summary_large_image\" \/>\n<meta name=\"twitter:label1\" content=\"Est. reading time\" \/>\n\t<meta name=\"twitter:data1\" content=\"1 minute\" \/>\n<script type=\"application\/ld+json\" class=\"yoast-schema-graph\">{\"@context\":\"https:\/\/schema.org\",\"@graph\":[{\"@type\":\"WebPage\",\"@id\":\"https:\/\/atasagon.com\/produs\/insuflatie-cu-ozon-vaginala-sau-rectala-10-sedinte\/\",\"url\":\"https:\/\/atasagon.com\/produs\/insuflatie-cu-ozon-vaginala-sau-rectala-10-sedinte\/\",\"name\":\"Insufla\u021bie cu ozon vaginal\u0103 sau rectal\u0103 - 10 \u0218edin\u021be - Atasagon\",\"isPartOf\":{\"@id\":\"https:\/\/atasagon.com\/#website\"},\"primaryImageOfPage\":{\"@id\":\"https:\/\/atasagon.com\/produs\/insuflatie-cu-ozon-vaginala-sau-rectala-10-sedinte\/#primaryimage\"},\"image\":{\"@id\":\"https:\/\/atasagon.com\/produs\/insuflatie-cu-ozon-vaginala-sau-rectala-10-sedinte\/#primaryimage\"},\"thumbnailUrl\":\"https:\/\/atasagon.com\/wp-content\/uploads\/2023\/01\/Insuflatie-cu-ozon-scaled.jpg\",\"datePublished\":\"2023-02-14T14:13:57+00:00\",\"dateModified\":\"2026-02-11T09:00:00+00:00\",\"breadcrumb\":{\"@id\":\"https:\/\/atasagon.com\/produs\/insuflatie-cu-ozon-vaginala-sau-rectala-10-sedinte\/#breadcrumb\"},\"inLanguage\":\"en-US\",\"potentialAction\":[{\"@type\":\"ReadAction\",\"target\":[\"https:\/\/atasagon.com\/produs\/insuflatie-cu-ozon-vaginala-sau-rectala-10-sedinte\/\"]}]},{\"@type\":\"ImageObject\",\"inLanguage\":\"en-US\",\"@id\":\"https:\/\/atasagon.com\/produs\/insuflatie-cu-ozon-vaginala-sau-rectala-10-sedinte\/#primaryimage\",\"url\":\"https:\/\/atasagon.com\/wp-content\/uploads\/2023\/01\/Insuflatie-cu-ozon-scaled.jpg\",\"contentUrl\":\"https:\/\/atasagon.com\/wp-content\/uploads\/2023\/01\/Insuflatie-cu-ozon-scaled.jpg\",\"width\":2560,\"height\":1706},{\"@type\":\"BreadcrumbList\",\"@id\":\"https:\/\/atasagon.com\/produs\/insuflatie-cu-ozon-vaginala-sau-rectala-10-sedinte\/#breadcrumb\",\"itemListElement\":[{\"@type\":\"ListItem\",\"position\":1,\"name\":\"Home\",\"item\":\"https:\/\/atasagon.com\/\"},{\"@type\":\"ListItem\",\"position\":2,\"name\":\"Products\",\"item\":\"https:\/\/atasagon.com\/en\/shop\/\"},{\"@type\":\"ListItem\",\"position\":3,\"name\":\"Insufla\u021bie cu ozon vaginal\u0103 sau rectal\u0103 &#8211; 10 \u0218edin\u021be\"}]},{\"@type\":\"WebSite\",\"@id\":\"https:\/\/atasagon.com\/#website\",\"url\":\"https:\/\/atasagon.com\/\",\"name\":\"Atasagon\",\"description\":\"Primul centru de nutri\u021bie \u0219i detoxifiere din Rom\u00e2nia\",\"publisher\":{\"@id\":\"https:\/\/atasagon.com\/#organization\"},\"potentialAction\":[{\"@type\":\"SearchAction\",\"target\":{\"@type\":\"EntryPoint\",\"urlTemplate\":\"https:\/\/atasagon.com\/?s={search_term_string}\"},\"query-input\":{\"@type\":\"PropertyValueSpecification\",\"valueRequired\":true,\"valueName\":\"search_term_string\"}}],\"inLanguage\":\"en-US\"},{\"@type\":\"Organization\",\"@id\":\"https:\/\/atasagon.com\/#organization\",\"name\":\"Atasagon\",\"url\":\"https:\/\/atasagon.com\/\",\"logo\":{\"@type\":\"ImageObject\",\"inLanguage\":\"en-US\",\"@id\":\"https:\/\/atasagon.com\/#\/schema\/logo\/image\/\",\"url\":\"https:\/\/atasagon.com\/wp-content\/uploads\/2023\/01\/cropped-atasagon-logo-2-175x58-1.png\",\"contentUrl\":\"https:\/\/atasagon.com\/wp-content\/uploads\/2023\/01\/cropped-atasagon-logo-2-175x58-1.png\",\"width\":175,\"height\":58,\"caption\":\"Atasagon\"},\"image\":{\"@id\":\"https:\/\/atasagon.com\/#\/schema\/logo\/image\/\"},\"sameAs\":[\"https:\/\/www.facebook.com\/atasagon\/\",\"https:\/\/instagram.com\/atasagon\"]}]}<\/script>\n<!-- \/ Yoast SEO plugin. -->","yoast_head_json":{"title":"Insufla\u021bie cu ozon vaginal\u0103 sau rectal\u0103 - 10 \u0218edin\u021be - Atasagon","robots":{"index":"index","follow":"follow","max-snippet":"max-snippet:-1","max-image-preview":"max-image-preview:large","max-video-preview":"max-video-preview:-1"},"canonical":"https:\/\/atasagon.com\/en\/product\/insuflatie-cu-ozon-vaginala-sau-rectala-10-sedinte\/","og_locale":"en_US","og_type":"article","og_title":"Insufla\u021bie cu ozon vaginal\u0103 sau rectal\u0103 - 10 \u0218edin\u021be - Atasagon","og_description":"Oxigenarea insuficient\u0103 a \u021besuturilor duce adesea la sc\u0103derea sistemului imunitar, dar \u0219i la \u00eemb\u0103tr\u00e2nire. Pentru a le preveni, Atasagon \u00ee\u021bi ofer\u0103 posibilitatea de a face insufla\u021bii cu ozon vaginale sau rectale. Beneficiile tratamentului cu ozon \u00eencep cu oxigenarea corect\u0103 a \u021besuturilor \u0219i a s\u00e2ngelui, stimularea circula\u021biei sangvine, eliminarea microbilor \u0219i bacteriilor, precum \u0219i refacerea florei&hellip;","og_url":"https:\/\/atasagon.com\/en\/product\/insuflatie-cu-ozon-vaginala-sau-rectala-10-sedinte\/","og_site_name":"Atasagon","article_publisher":"https:\/\/www.facebook.com\/atasagon\/","article_modified_time":"2026-02-11T09:00:00+00:00","og_image":[{"width":2560,"height":1706,"url":"https:\/\/atasagon.com\/wp-content\/uploads\/2023\/01\/Insuflatie-cu-ozon-scaled.jpg","type":"image\/jpeg"}],"twitter_card":"summary_large_image","twitter_misc":{"Est. reading time":"1 minute"},"schema":{"@context":"https:\/\/schema.org","@graph":[{"@type":"WebPage","@id":"https:\/\/atasagon.com\/produs\/insuflatie-cu-ozon-vaginala-sau-rectala-10-sedinte\/","url":"https:\/\/atasagon.com\/produs\/insuflatie-cu-ozon-vaginala-sau-rectala-10-sedinte\/","name":"Insufla\u021bie cu ozon vaginal\u0103 sau rectal\u0103 - 10 \u0218edin\u021be - Atasagon","isPartOf":{"@id":"https:\/\/atasagon.com\/#website"},"primaryImageOfPage":{"@id":"https:\/\/atasagon.com\/produs\/insuflatie-cu-ozon-vaginala-sau-rectala-10-sedinte\/#primaryimage"},"image":{"@id":"https:\/\/atasagon.com\/produs\/insuflatie-cu-ozon-vaginala-sau-rectala-10-sedinte\/#primaryimage"},"thumbnailUrl":"https:\/\/atasagon.com\/wp-content\/uploads\/2023\/01\/Insuflatie-cu-ozon-scaled.jpg","datePublished":"2023-02-14T14:13:57+00:00","dateModified":"2026-02-11T09:00:00+00:00","breadcrumb":{"@id":"https:\/\/atasagon.com\/produs\/insuflatie-cu-ozon-vaginala-sau-rectala-10-sedinte\/#breadcrumb"},"inLanguage":"en-US","potentialAction":[{"@type":"ReadAction","target":["https:\/\/atasagon.com\/produs\/insuflatie-cu-ozon-vaginala-sau-rectala-10-sedinte\/"]}]},{"@type":"ImageObject","inLanguage":"en-US","@id":"https:\/\/atasagon.com\/produs\/insuflatie-cu-ozon-vaginala-sau-rectala-10-sedinte\/#primaryimage","url":"https:\/\/atasagon.com\/wp-content\/uploads\/2023\/01\/Insuflatie-cu-ozon-scaled.jpg","contentUrl":"https:\/\/atasagon.com\/wp-content\/uploads\/2023\/01\/Insuflatie-cu-ozon-scaled.jpg","width":2560,"height":1706},{"@type":"BreadcrumbList","@id":"https:\/\/atasagon.com\/produs\/insuflatie-cu-ozon-vaginala-sau-rectala-10-sedinte\/#breadcrumb","itemListElement":[{"@type":"ListItem","position":1,"name":"Home","item":"https:\/\/atasagon.com\/"},{"@type":"ListItem","position":2,"name":"Products","item":"https:\/\/atasagon.com\/en\/shop\/"},{"@type":"ListItem","position":3,"name":"Insufla\u021bie cu ozon vaginal\u0103 sau rectal\u0103 &#8211; 10 \u0218edin\u021be"}]},{"@type":"WebSite","@id":"https:\/\/atasagon.com\/#website","url":"https:\/\/atasagon.com\/","name":"Atasagon","description":"The first nutrition and detoxification center in Romania","publisher":{"@id":"https:\/\/atasagon.com\/#organization"},"potentialAction":[{"@type":"SearchAction","target":{"@type":"EntryPoint","urlTemplate":"https:\/\/atasagon.com\/?s={search_term_string}"},"query-input":{"@type":"PropertyValueSpecification","valueRequired":true,"valueName":"search_term_string"}}],"inLanguage":"en-US"},{"@type":"Organization","@id":"https:\/\/atasagon.com\/#organization","name":"Atasagon","url":"https:\/\/atasagon.com\/","logo":{"@type":"ImageObject","inLanguage":"en-US","@id":"https:\/\/atasagon.com\/#\/schema\/logo\/image\/","url":"https:\/\/atasagon.com\/wp-content\/uploads\/2023\/01\/cropped-atasagon-logo-2-175x58-1.png","contentUrl":"https:\/\/atasagon.com\/wp-content\/uploads\/2023\/01\/cropped-atasagon-logo-2-175x58-1.png","width":175,"height":58,"caption":"Atasagon"},"image":{"@id":"https:\/\/atasagon.com\/#\/schema\/logo\/image\/"},"sameAs":["https:\/\/www.facebook.com\/atasagon\/","https:\/\/instagram.com\/atasagon"]}]}},"_links":{"self":[{"href":"https:\/\/atasagon.com\/en\/wp-json\/wp\/v2\/product\/4620","targetHints":{"allow":["GET"]}}],"collection":[{"href":"https:\/\/atasagon.com\/en\/wp-json\/wp\/v2\/product"}],"about":[{"href":"https:\/\/atasagon.com\/en\/wp-json\/wp\/v2\/types\/product"}],"replies":[{"embeddable":true,"href":"https:\/\/atasagon.com\/en\/wp-json\/wp\/v2\/comments?post=4620"}],"wp:featuredmedia":[{"embeddable":true,"href":"https:\/\/atasagon.com\/en\/wp-json\/wp\/v2\/media\/4583"}],"wp:attachment":[{"href":"https:\/\/atasagon.com\/en\/wp-json\/wp\/v2\/media?parent=4620"}],"wp:term":[{"taxonomy":"product_brand","embeddable":true,"href":"https:\/\/atasagon.com\/en\/wp-json\/wp\/v2\/product_brand?post=4620"},{"taxonomy":"product_cat","embeddable":true,"href":"https:\/\/atasagon.com\/en\/wp-json\/wp\/v2\/product_cat?post=4620"},{"taxonomy":"product_tag","embeddable":true,"href":"https:\/\/atasagon.com\/en\/wp-json\/wp\/v2\/product_tag?post=4620"}],"curies":[{"name":"wp","href":"https:\/\/api.w.org\/{rel}","templated":true}]}}