{"id":4617,"date":"2023-02-14T14:11:24","date_gmt":"2023-02-14T14:11:24","guid":{"rendered":"https:\/\/dev.mabit.ro\/?post_type=product&#038;p=4617"},"modified":"2024-10-18T15:42:13","modified_gmt":"2024-10-18T12:42:13","slug":"colema-angel-of-water-5-sedinte","status":"publish","type":"product","link":"https:\/\/atasagon.com\/en\/product\/colema-angel-of-water-5-sedinte\/","title":{"rendered":"Colema \u2013 5 Sessions"},"content":{"rendered":"<p>Uneori, grija pe care \u021bi-o por\u021bi este motiva\u021bia pe care o po\u021bi oferi altora. A\u0219a c\u0103, alege s\u0103 \u00eei oferi corpului t\u0103u grija pe care o merit\u0103 \u0219i \u00eemp\u0103rt\u0103\u0219e\u0219te starea de bine cu cei din jurul t\u0103u. Cu ajutorul colemei, colonul \u00eencepe s\u0103 func\u021bioneze din nou \u00een armonie cu natura sa, organismul fiind detoxifiat \u00een \u00eentregime \u0219i regenerat. Cum vei \u0219tii c\u0103 a avut efect? Vei sim\u021bi imediat o stare de u\u0219urare at\u00e2t fizic c\u00e2t \u0219i mental, un nivel crescut de energie, dar \u0219i o piele mai luminoas\u0103. Pentru a te bucura de toate aceste efecte la maxim \u0219i pe o perioad\u0103 lung\u0103 de timp, este esen\u021bial s\u0103 te angajezi \u00een activit\u0103\u021bi \u0219i programe care sus\u021bin s\u0103n\u0103tatea (hidratare, activit\u0103\u021bi fizice, diete echilibrate). Prin intermediul acesteia ob\u021binerea st\u0103rii de bine prin detoxifierea corpului nu a fost niciodat\u0103 mai simpl\u0103 \u0219i sigur\u0103. Nu am\u00e2na efectele uimitoare ale colemei!<\/p>\n<p>Contraindications: cancer, hemorrhoids, anal fissures.<\/p>","protected":false},"excerpt":{"rendered":"<p>Sometimes the care you take for yourself is the motivation you can give to others. So, choose to give your body the care it deserves and share your well-being with those around you. With the help of colema, the colon begins to function again in harmony with its nature, the body being detoxified in\u2026<\/p>","protected":false},"featured_media":4576,"comment_status":"open","ping_status":"closed","template":"","meta":{"_acf_changed":false},"product_brand":[],"product_cat":[33],"product_tag":[],"class_list":{"0":"post-4617","1":"product","2":"type-product","3":"status-publish","4":"has-post-thumbnail","6":"product_cat-medical","8":"first","9":"instock","10":"shipping-taxable","11":"purchasable","12":"product-type-simple"},"acf":[],"yoast_head":"<!-- This site is optimized with the Yoast SEO plugin v27.2 - https:\/\/yoast.com\/product\/yoast-seo-wordpress\/ -->\n<title>Colema - 5 \u0218edin\u021be - Atasagon<\/title>\n<meta name=\"robots\" content=\"index, follow, max-snippet:-1, max-image-preview:large, max-video-preview:-1\" \/>\n<link rel=\"canonical\" href=\"https:\/\/atasagon.com\/en\/product\/colema-angel-of-water-5-sedinte\/\" \/>\n<meta property=\"og:locale\" content=\"en_US\" \/>\n<meta property=\"og:type\" content=\"article\" \/>\n<meta property=\"og:title\" content=\"Colema - 5 \u0218edin\u021be - Atasagon\" \/>\n<meta property=\"og:description\" content=\"Uneori, grija pe care \u021bi-o por\u021bi este motiva\u021bia pe care o po\u021bi oferi altora. A\u0219a c\u0103, alege s\u0103 \u00eei oferi corpului t\u0103u grija pe care o merit\u0103 \u0219i \u00eemp\u0103rt\u0103\u0219e\u0219te starea de bine cu cei din jurul t\u0103u. Cu ajutorul colemei, colonul \u00eencepe s\u0103 func\u021bioneze din nou \u00een armonie cu natura sa, organismul fiind detoxifiat \u00een&hellip;\" \/>\n<meta property=\"og:url\" content=\"https:\/\/atasagon.com\/en\/product\/colema-angel-of-water-5-sedinte\/\" \/>\n<meta property=\"og:site_name\" content=\"Atasagon\" \/>\n<meta property=\"article:publisher\" content=\"https:\/\/www.facebook.com\/atasagon\/\" \/>\n<meta property=\"article:modified_time\" content=\"2024-10-18T12:42:13+00:00\" \/>\n<meta property=\"og:image\" content=\"https:\/\/atasagon.com\/wp-content\/uploads\/2023\/01\/Colema-scaled.jpg\" \/>\n\t<meta property=\"og:image:width\" content=\"2560\" \/>\n\t<meta property=\"og:image:height\" content=\"2055\" \/>\n\t<meta property=\"og:image:type\" content=\"image\/jpeg\" \/>\n<meta name=\"twitter:card\" content=\"summary_large_image\" \/>\n<meta name=\"twitter:label1\" content=\"Est. reading time\" \/>\n\t<meta name=\"twitter:data1\" content=\"2 minutes\" \/>\n<script type=\"application\/ld+json\" class=\"yoast-schema-graph\">{\"@context\":\"https:\/\/schema.org\",\"@graph\":[{\"@type\":\"WebPage\",\"@id\":\"https:\/\/atasagon.com\/produs\/colema-angel-of-water-5-sedinte\/\",\"url\":\"https:\/\/atasagon.com\/produs\/colema-angel-of-water-5-sedinte\/\",\"name\":\"Colema - 5 \u0218edin\u021be - Atasagon\",\"isPartOf\":{\"@id\":\"https:\/\/atasagon.com\/#website\"},\"primaryImageOfPage\":{\"@id\":\"https:\/\/atasagon.com\/produs\/colema-angel-of-water-5-sedinte\/#primaryimage\"},\"image\":{\"@id\":\"https:\/\/atasagon.com\/produs\/colema-angel-of-water-5-sedinte\/#primaryimage\"},\"thumbnailUrl\":\"https:\/\/atasagon.com\/wp-content\/uploads\/2023\/01\/Colema-scaled.jpg\",\"datePublished\":\"2023-02-14T14:11:24+00:00\",\"dateModified\":\"2024-10-18T12:42:13+00:00\",\"breadcrumb\":{\"@id\":\"https:\/\/atasagon.com\/produs\/colema-angel-of-water-5-sedinte\/#breadcrumb\"},\"inLanguage\":\"en-US\",\"potentialAction\":[{\"@type\":\"ReadAction\",\"target\":[\"https:\/\/atasagon.com\/produs\/colema-angel-of-water-5-sedinte\/\"]}]},{\"@type\":\"ImageObject\",\"inLanguage\":\"en-US\",\"@id\":\"https:\/\/atasagon.com\/produs\/colema-angel-of-water-5-sedinte\/#primaryimage\",\"url\":\"https:\/\/atasagon.com\/wp-content\/uploads\/2023\/01\/Colema-scaled.jpg\",\"contentUrl\":\"https:\/\/atasagon.com\/wp-content\/uploads\/2023\/01\/Colema-scaled.jpg\",\"width\":2560,\"height\":2055},{\"@type\":\"BreadcrumbList\",\"@id\":\"https:\/\/atasagon.com\/produs\/colema-angel-of-water-5-sedinte\/#breadcrumb\",\"itemListElement\":[{\"@type\":\"ListItem\",\"position\":1,\"name\":\"Home\",\"item\":\"https:\/\/atasagon.com\/\"},{\"@type\":\"ListItem\",\"position\":2,\"name\":\"Products\",\"item\":\"https:\/\/atasagon.com\/en\/shop\/\"},{\"@type\":\"ListItem\",\"position\":3,\"name\":\"Colema &#8211; 5 \u0218edin\u021be\"}]},{\"@type\":\"WebSite\",\"@id\":\"https:\/\/atasagon.com\/#website\",\"url\":\"https:\/\/atasagon.com\/\",\"name\":\"Atasagon\",\"description\":\"Primul centru de nutri\u021bie \u0219i detoxifiere din Rom\u00e2nia\",\"publisher\":{\"@id\":\"https:\/\/atasagon.com\/#organization\"},\"potentialAction\":[{\"@type\":\"SearchAction\",\"target\":{\"@type\":\"EntryPoint\",\"urlTemplate\":\"https:\/\/atasagon.com\/?s={search_term_string}\"},\"query-input\":{\"@type\":\"PropertyValueSpecification\",\"valueRequired\":true,\"valueName\":\"search_term_string\"}}],\"inLanguage\":\"en-US\"},{\"@type\":\"Organization\",\"@id\":\"https:\/\/atasagon.com\/#organization\",\"name\":\"Atasagon\",\"url\":\"https:\/\/atasagon.com\/\",\"logo\":{\"@type\":\"ImageObject\",\"inLanguage\":\"en-US\",\"@id\":\"https:\/\/atasagon.com\/#\/schema\/logo\/image\/\",\"url\":\"https:\/\/atasagon.com\/wp-content\/uploads\/2023\/01\/cropped-atasagon-logo-2-175x58-1.png\",\"contentUrl\":\"https:\/\/atasagon.com\/wp-content\/uploads\/2023\/01\/cropped-atasagon-logo-2-175x58-1.png\",\"width\":175,\"height\":58,\"caption\":\"Atasagon\"},\"image\":{\"@id\":\"https:\/\/atasagon.com\/#\/schema\/logo\/image\/\"},\"sameAs\":[\"https:\/\/www.facebook.com\/atasagon\/\",\"https:\/\/instagram.com\/atasagon\"]}]}<\/script>\n<!-- \/ Yoast SEO plugin. -->","yoast_head_json":{"title":"Colema - 5 \u0218edin\u021be - Atasagon","robots":{"index":"index","follow":"follow","max-snippet":"max-snippet:-1","max-image-preview":"max-image-preview:large","max-video-preview":"max-video-preview:-1"},"canonical":"https:\/\/atasagon.com\/en\/product\/colema-angel-of-water-5-sedinte\/","og_locale":"en_US","og_type":"article","og_title":"Colema - 5 \u0218edin\u021be - Atasagon","og_description":"Uneori, grija pe care \u021bi-o por\u021bi este motiva\u021bia pe care o po\u021bi oferi altora. A\u0219a c\u0103, alege s\u0103 \u00eei oferi corpului t\u0103u grija pe care o merit\u0103 \u0219i \u00eemp\u0103rt\u0103\u0219e\u0219te starea de bine cu cei din jurul t\u0103u. Cu ajutorul colemei, colonul \u00eencepe s\u0103 func\u021bioneze din nou \u00een armonie cu natura sa, organismul fiind detoxifiat \u00een&hellip;","og_url":"https:\/\/atasagon.com\/en\/product\/colema-angel-of-water-5-sedinte\/","og_site_name":"Atasagon","article_publisher":"https:\/\/www.facebook.com\/atasagon\/","article_modified_time":"2024-10-18T12:42:13+00:00","og_image":[{"width":2560,"height":2055,"url":"https:\/\/atasagon.com\/wp-content\/uploads\/2023\/01\/Colema-scaled.jpg","type":"image\/jpeg"}],"twitter_card":"summary_large_image","twitter_misc":{"Est. reading time":"2 minutes"},"schema":{"@context":"https:\/\/schema.org","@graph":[{"@type":"WebPage","@id":"https:\/\/atasagon.com\/produs\/colema-angel-of-water-5-sedinte\/","url":"https:\/\/atasagon.com\/produs\/colema-angel-of-water-5-sedinte\/","name":"Colema - 5 \u0218edin\u021be - Atasagon","isPartOf":{"@id":"https:\/\/atasagon.com\/#website"},"primaryImageOfPage":{"@id":"https:\/\/atasagon.com\/produs\/colema-angel-of-water-5-sedinte\/#primaryimage"},"image":{"@id":"https:\/\/atasagon.com\/produs\/colema-angel-of-water-5-sedinte\/#primaryimage"},"thumbnailUrl":"https:\/\/atasagon.com\/wp-content\/uploads\/2023\/01\/Colema-scaled.jpg","datePublished":"2023-02-14T14:11:24+00:00","dateModified":"2024-10-18T12:42:13+00:00","breadcrumb":{"@id":"https:\/\/atasagon.com\/produs\/colema-angel-of-water-5-sedinte\/#breadcrumb"},"inLanguage":"en-US","potentialAction":[{"@type":"ReadAction","target":["https:\/\/atasagon.com\/produs\/colema-angel-of-water-5-sedinte\/"]}]},{"@type":"ImageObject","inLanguage":"en-US","@id":"https:\/\/atasagon.com\/produs\/colema-angel-of-water-5-sedinte\/#primaryimage","url":"https:\/\/atasagon.com\/wp-content\/uploads\/2023\/01\/Colema-scaled.jpg","contentUrl":"https:\/\/atasagon.com\/wp-content\/uploads\/2023\/01\/Colema-scaled.jpg","width":2560,"height":2055},{"@type":"BreadcrumbList","@id":"https:\/\/atasagon.com\/produs\/colema-angel-of-water-5-sedinte\/#breadcrumb","itemListElement":[{"@type":"ListItem","position":1,"name":"Home","item":"https:\/\/atasagon.com\/"},{"@type":"ListItem","position":2,"name":"Products","item":"https:\/\/atasagon.com\/en\/shop\/"},{"@type":"ListItem","position":3,"name":"Colema &#8211; 5 \u0218edin\u021be"}]},{"@type":"WebSite","@id":"https:\/\/atasagon.com\/#website","url":"https:\/\/atasagon.com\/","name":"Atasagon","description":"The first nutrition and detoxification center in Romania","publisher":{"@id":"https:\/\/atasagon.com\/#organization"},"potentialAction":[{"@type":"SearchAction","target":{"@type":"EntryPoint","urlTemplate":"https:\/\/atasagon.com\/?s={search_term_string}"},"query-input":{"@type":"PropertyValueSpecification","valueRequired":true,"valueName":"search_term_string"}}],"inLanguage":"en-US"},{"@type":"Organization","@id":"https:\/\/atasagon.com\/#organization","name":"Atasagon","url":"https:\/\/atasagon.com\/","logo":{"@type":"ImageObject","inLanguage":"en-US","@id":"https:\/\/atasagon.com\/#\/schema\/logo\/image\/","url":"https:\/\/atasagon.com\/wp-content\/uploads\/2023\/01\/cropped-atasagon-logo-2-175x58-1.png","contentUrl":"https:\/\/atasagon.com\/wp-content\/uploads\/2023\/01\/cropped-atasagon-logo-2-175x58-1.png","width":175,"height":58,"caption":"Atasagon"},"image":{"@id":"https:\/\/atasagon.com\/#\/schema\/logo\/image\/"},"sameAs":["https:\/\/www.facebook.com\/atasagon\/","https:\/\/instagram.com\/atasagon"]}]}},"_links":{"self":[{"href":"https:\/\/atasagon.com\/en\/wp-json\/wp\/v2\/product\/4617","targetHints":{"allow":["GET"]}}],"collection":[{"href":"https:\/\/atasagon.com\/en\/wp-json\/wp\/v2\/product"}],"about":[{"href":"https:\/\/atasagon.com\/en\/wp-json\/wp\/v2\/types\/product"}],"replies":[{"embeddable":true,"href":"https:\/\/atasagon.com\/en\/wp-json\/wp\/v2\/comments?post=4617"}],"wp:featuredmedia":[{"embeddable":true,"href":"https:\/\/atasagon.com\/en\/wp-json\/wp\/v2\/media\/4576"}],"wp:attachment":[{"href":"https:\/\/atasagon.com\/en\/wp-json\/wp\/v2\/media?parent=4617"}],"wp:term":[{"taxonomy":"product_brand","embeddable":true,"href":"https:\/\/atasagon.com\/en\/wp-json\/wp\/v2\/product_brand?post=4617"},{"taxonomy":"product_cat","embeddable":true,"href":"https:\/\/atasagon.com\/en\/wp-json\/wp\/v2\/product_cat?post=4617"},{"taxonomy":"product_tag","embeddable":true,"href":"https:\/\/atasagon.com\/en\/wp-json\/wp\/v2\/product_tag?post=4617"}],"curies":[{"name":"wp","href":"https:\/\/api.w.org\/{rel}","templated":true}]}}