{"id":4616,"date":"2023-02-14T14:10:20","date_gmt":"2023-02-14T14:10:20","guid":{"rendered":"https:\/\/dev.mabit.ro\/?post_type=product&#038;p=4616"},"modified":"2023-09-26T16:03:38","modified_gmt":"2023-09-26T13:03:38","slug":"terapie-prin-vitamine-perfuzabile-10-sedinte","status":"publish","type":"product","link":"https:\/\/atasagon.com\/en\/product\/terapie-prin-vitamine-perfuzabile-10-sedinte\/","title":{"rendered":"Infusion vitamin therapy \u2013 10 Sessions"},"content":{"rendered":"<p>Do you feel exhausted often throughout the day and nothing seems to help? Fatigue is at the forefront of symptoms that occur when your immune system is weakened. The quick, effective and immediate solution? Infusion vitamin therapy. Our infusions contain vitamins (C, Bl, B6, Bl2) and antioxidants (thiossen and glutathione) with an extraordinary ability to fight against oxidative stress and free radicals. If you wonder why you should choose infusions and not the usual pills, we tell you: by intravenous administration, the digestive system and the liver are avoided, achieving a much higher absorption rate and a direct effect on tissues and cells. Come and we will take care of formulating your cocktail customized to your state of health.<\/p>","protected":false},"excerpt":{"rendered":"<p>Do you feel exhausted often throughout the day and nothing seems to help? Fatigue is at the forefront of symptoms that occur when your immune system is weakened. The quick, effective and immediate solution? Infusion vitamin therapy. Our infusions contain vitamins (C, Bl, B6, Bl2) and antioxidants (thiossen and glutathione) with\u2026<\/p>","protected":false},"featured_media":3182,"comment_status":"open","ping_status":"closed","template":"","meta":{"_acf_changed":false},"product_brand":[],"product_cat":[33],"product_tag":[],"class_list":{"0":"post-4616","1":"product","2":"type-product","3":"status-publish","4":"has-post-thumbnail","6":"product_cat-medical","8":"first","9":"instock","10":"shipping-taxable","11":"purchasable","12":"product-type-simple"},"acf":[],"yoast_head":"<!-- This site is optimized with the Yoast SEO plugin v27.2 - https:\/\/yoast.com\/product\/yoast-seo-wordpress\/ -->\n<title>Terapie prin vitamine perfuzabile - 10 \u0218edin\u021be - Atasagon<\/title>\n<meta name=\"robots\" content=\"index, follow, max-snippet:-1, max-image-preview:large, max-video-preview:-1\" \/>\n<link rel=\"canonical\" href=\"https:\/\/atasagon.com\/en\/product\/terapie-prin-vitamine-perfuzabile-10-sedinte\/\" \/>\n<meta property=\"og:locale\" content=\"en_US\" \/>\n<meta property=\"og:type\" content=\"article\" \/>\n<meta property=\"og:title\" content=\"Terapie prin vitamine perfuzabile - 10 \u0218edin\u021be - Atasagon\" \/>\n<meta property=\"og:description\" content=\"Te sim\u021bi epuizat adesea pe parcursul zilei \u0219i pare c\u0103 nimic nu te poate ajuta? Oboseala se afl\u0103 \u00een fruntea simptomelor care apar atunci c\u00e2nd sistemul t\u0103u imunitar este sl\u0103bit. Solu\u021bia rapid\u0103, eficient\u0103 \u0219i cu efecte imediate? Terapia prin vitamine perfuzabile. Perfuziile noastre con\u021bin vitamine (C, Bl, B6, Bl2) \u0219i antioxidan\u021bi (thiossen \u0219i glutation) cu&hellip;\" \/>\n<meta property=\"og:url\" content=\"https:\/\/atasagon.com\/en\/product\/terapie-prin-vitamine-perfuzabile-10-sedinte\/\" \/>\n<meta property=\"og:site_name\" content=\"Atasagon\" \/>\n<meta property=\"article:publisher\" content=\"https:\/\/www.facebook.com\/atasagon\/\" \/>\n<meta property=\"article:modified_time\" content=\"2023-09-26T13:03:38+00:00\" \/>\n<meta property=\"og:image\" content=\"https:\/\/atasagon.com\/wp-content\/uploads\/2023\/01\/Atasagon_105-scaled.jpg\" \/>\n\t<meta property=\"og:image:width\" content=\"2560\" \/>\n\t<meta property=\"og:image:height\" content=\"1706\" \/>\n\t<meta property=\"og:image:type\" content=\"image\/jpeg\" \/>\n<meta name=\"twitter:card\" content=\"summary_large_image\" \/>\n<meta name=\"twitter:label1\" content=\"Est. reading time\" \/>\n\t<meta name=\"twitter:data1\" content=\"1 minute\" \/>\n<script type=\"application\/ld+json\" class=\"yoast-schema-graph\">{\"@context\":\"https:\/\/schema.org\",\"@graph\":[{\"@type\":\"WebPage\",\"@id\":\"https:\/\/atasagon.com\/produs\/terapie-prin-vitamine-perfuzabile-10-sedinte\/\",\"url\":\"https:\/\/atasagon.com\/produs\/terapie-prin-vitamine-perfuzabile-10-sedinte\/\",\"name\":\"Terapie prin vitamine perfuzabile - 10 \u0218edin\u021be - Atasagon\",\"isPartOf\":{\"@id\":\"https:\/\/atasagon.com\/#website\"},\"primaryImageOfPage\":{\"@id\":\"https:\/\/atasagon.com\/produs\/terapie-prin-vitamine-perfuzabile-10-sedinte\/#primaryimage\"},\"image\":{\"@id\":\"https:\/\/atasagon.com\/produs\/terapie-prin-vitamine-perfuzabile-10-sedinte\/#primaryimage\"},\"thumbnailUrl\":\"https:\/\/atasagon.com\/wp-content\/uploads\/2023\/01\/Atasagon_105-scaled.jpg\",\"datePublished\":\"2023-02-14T14:10:20+00:00\",\"dateModified\":\"2023-09-26T13:03:38+00:00\",\"breadcrumb\":{\"@id\":\"https:\/\/atasagon.com\/produs\/terapie-prin-vitamine-perfuzabile-10-sedinte\/#breadcrumb\"},\"inLanguage\":\"en-US\",\"potentialAction\":[{\"@type\":\"ReadAction\",\"target\":[\"https:\/\/atasagon.com\/produs\/terapie-prin-vitamine-perfuzabile-10-sedinte\/\"]}]},{\"@type\":\"ImageObject\",\"inLanguage\":\"en-US\",\"@id\":\"https:\/\/atasagon.com\/produs\/terapie-prin-vitamine-perfuzabile-10-sedinte\/#primaryimage\",\"url\":\"https:\/\/atasagon.com\/wp-content\/uploads\/2023\/01\/Atasagon_105-scaled.jpg\",\"contentUrl\":\"https:\/\/atasagon.com\/wp-content\/uploads\/2023\/01\/Atasagon_105-scaled.jpg\",\"width\":2560,\"height\":1706},{\"@type\":\"BreadcrumbList\",\"@id\":\"https:\/\/atasagon.com\/produs\/terapie-prin-vitamine-perfuzabile-10-sedinte\/#breadcrumb\",\"itemListElement\":[{\"@type\":\"ListItem\",\"position\":1,\"name\":\"Home\",\"item\":\"https:\/\/atasagon.com\/\"},{\"@type\":\"ListItem\",\"position\":2,\"name\":\"Products\",\"item\":\"https:\/\/atasagon.com\/en\/shop\/\"},{\"@type\":\"ListItem\",\"position\":3,\"name\":\"Terapie prin vitamine perfuzabile &#8211; 10 \u0218edin\u021be\"}]},{\"@type\":\"WebSite\",\"@id\":\"https:\/\/atasagon.com\/#website\",\"url\":\"https:\/\/atasagon.com\/\",\"name\":\"Atasagon\",\"description\":\"Primul centru de nutri\u021bie \u0219i detoxifiere din Rom\u00e2nia\",\"publisher\":{\"@id\":\"https:\/\/atasagon.com\/#organization\"},\"potentialAction\":[{\"@type\":\"SearchAction\",\"target\":{\"@type\":\"EntryPoint\",\"urlTemplate\":\"https:\/\/atasagon.com\/?s={search_term_string}\"},\"query-input\":{\"@type\":\"PropertyValueSpecification\",\"valueRequired\":true,\"valueName\":\"search_term_string\"}}],\"inLanguage\":\"en-US\"},{\"@type\":\"Organization\",\"@id\":\"https:\/\/atasagon.com\/#organization\",\"name\":\"Atasagon\",\"url\":\"https:\/\/atasagon.com\/\",\"logo\":{\"@type\":\"ImageObject\",\"inLanguage\":\"en-US\",\"@id\":\"https:\/\/atasagon.com\/#\/schema\/logo\/image\/\",\"url\":\"https:\/\/atasagon.com\/wp-content\/uploads\/2023\/01\/cropped-atasagon-logo-2-175x58-1.png\",\"contentUrl\":\"https:\/\/atasagon.com\/wp-content\/uploads\/2023\/01\/cropped-atasagon-logo-2-175x58-1.png\",\"width\":175,\"height\":58,\"caption\":\"Atasagon\"},\"image\":{\"@id\":\"https:\/\/atasagon.com\/#\/schema\/logo\/image\/\"},\"sameAs\":[\"https:\/\/www.facebook.com\/atasagon\/\",\"https:\/\/instagram.com\/atasagon\"]}]}<\/script>\n<!-- \/ Yoast SEO plugin. -->","yoast_head_json":{"title":"Terapie prin vitamine perfuzabile - 10 \u0218edin\u021be - Atasagon","robots":{"index":"index","follow":"follow","max-snippet":"max-snippet:-1","max-image-preview":"max-image-preview:large","max-video-preview":"max-video-preview:-1"},"canonical":"https:\/\/atasagon.com\/en\/product\/terapie-prin-vitamine-perfuzabile-10-sedinte\/","og_locale":"en_US","og_type":"article","og_title":"Terapie prin vitamine perfuzabile - 10 \u0218edin\u021be - Atasagon","og_description":"Te sim\u021bi epuizat adesea pe parcursul zilei \u0219i pare c\u0103 nimic nu te poate ajuta? Oboseala se afl\u0103 \u00een fruntea simptomelor care apar atunci c\u00e2nd sistemul t\u0103u imunitar este sl\u0103bit. Solu\u021bia rapid\u0103, eficient\u0103 \u0219i cu efecte imediate? Terapia prin vitamine perfuzabile. Perfuziile noastre con\u021bin vitamine (C, Bl, B6, Bl2) \u0219i antioxidan\u021bi (thiossen \u0219i glutation) cu&hellip;","og_url":"https:\/\/atasagon.com\/en\/product\/terapie-prin-vitamine-perfuzabile-10-sedinte\/","og_site_name":"Atasagon","article_publisher":"https:\/\/www.facebook.com\/atasagon\/","article_modified_time":"2023-09-26T13:03:38+00:00","og_image":[{"width":2560,"height":1706,"url":"https:\/\/atasagon.com\/wp-content\/uploads\/2023\/01\/Atasagon_105-scaled.jpg","type":"image\/jpeg"}],"twitter_card":"summary_large_image","twitter_misc":{"Est. reading time":"1 minute"},"schema":{"@context":"https:\/\/schema.org","@graph":[{"@type":"WebPage","@id":"https:\/\/atasagon.com\/produs\/terapie-prin-vitamine-perfuzabile-10-sedinte\/","url":"https:\/\/atasagon.com\/produs\/terapie-prin-vitamine-perfuzabile-10-sedinte\/","name":"Terapie prin vitamine perfuzabile - 10 \u0218edin\u021be - Atasagon","isPartOf":{"@id":"https:\/\/atasagon.com\/#website"},"primaryImageOfPage":{"@id":"https:\/\/atasagon.com\/produs\/terapie-prin-vitamine-perfuzabile-10-sedinte\/#primaryimage"},"image":{"@id":"https:\/\/atasagon.com\/produs\/terapie-prin-vitamine-perfuzabile-10-sedinte\/#primaryimage"},"thumbnailUrl":"https:\/\/atasagon.com\/wp-content\/uploads\/2023\/01\/Atasagon_105-scaled.jpg","datePublished":"2023-02-14T14:10:20+00:00","dateModified":"2023-09-26T13:03:38+00:00","breadcrumb":{"@id":"https:\/\/atasagon.com\/produs\/terapie-prin-vitamine-perfuzabile-10-sedinte\/#breadcrumb"},"inLanguage":"en-US","potentialAction":[{"@type":"ReadAction","target":["https:\/\/atasagon.com\/produs\/terapie-prin-vitamine-perfuzabile-10-sedinte\/"]}]},{"@type":"ImageObject","inLanguage":"en-US","@id":"https:\/\/atasagon.com\/produs\/terapie-prin-vitamine-perfuzabile-10-sedinte\/#primaryimage","url":"https:\/\/atasagon.com\/wp-content\/uploads\/2023\/01\/Atasagon_105-scaled.jpg","contentUrl":"https:\/\/atasagon.com\/wp-content\/uploads\/2023\/01\/Atasagon_105-scaled.jpg","width":2560,"height":1706},{"@type":"BreadcrumbList","@id":"https:\/\/atasagon.com\/produs\/terapie-prin-vitamine-perfuzabile-10-sedinte\/#breadcrumb","itemListElement":[{"@type":"ListItem","position":1,"name":"Home","item":"https:\/\/atasagon.com\/"},{"@type":"ListItem","position":2,"name":"Products","item":"https:\/\/atasagon.com\/en\/shop\/"},{"@type":"ListItem","position":3,"name":"Terapie prin vitamine perfuzabile &#8211; 10 \u0218edin\u021be"}]},{"@type":"WebSite","@id":"https:\/\/atasagon.com\/#website","url":"https:\/\/atasagon.com\/","name":"Atasagon","description":"The first nutrition and detoxification center in Romania","publisher":{"@id":"https:\/\/atasagon.com\/#organization"},"potentialAction":[{"@type":"SearchAction","target":{"@type":"EntryPoint","urlTemplate":"https:\/\/atasagon.com\/?s={search_term_string}"},"query-input":{"@type":"PropertyValueSpecification","valueRequired":true,"valueName":"search_term_string"}}],"inLanguage":"en-US"},{"@type":"Organization","@id":"https:\/\/atasagon.com\/#organization","name":"Atasagon","url":"https:\/\/atasagon.com\/","logo":{"@type":"ImageObject","inLanguage":"en-US","@id":"https:\/\/atasagon.com\/#\/schema\/logo\/image\/","url":"https:\/\/atasagon.com\/wp-content\/uploads\/2023\/01\/cropped-atasagon-logo-2-175x58-1.png","contentUrl":"https:\/\/atasagon.com\/wp-content\/uploads\/2023\/01\/cropped-atasagon-logo-2-175x58-1.png","width":175,"height":58,"caption":"Atasagon"},"image":{"@id":"https:\/\/atasagon.com\/#\/schema\/logo\/image\/"},"sameAs":["https:\/\/www.facebook.com\/atasagon\/","https:\/\/instagram.com\/atasagon"]}]}},"_links":{"self":[{"href":"https:\/\/atasagon.com\/en\/wp-json\/wp\/v2\/product\/4616","targetHints":{"allow":["GET"]}}],"collection":[{"href":"https:\/\/atasagon.com\/en\/wp-json\/wp\/v2\/product"}],"about":[{"href":"https:\/\/atasagon.com\/en\/wp-json\/wp\/v2\/types\/product"}],"replies":[{"embeddable":true,"href":"https:\/\/atasagon.com\/en\/wp-json\/wp\/v2\/comments?post=4616"}],"wp:featuredmedia":[{"embeddable":true,"href":"https:\/\/atasagon.com\/en\/wp-json\/wp\/v2\/media\/3182"}],"wp:attachment":[{"href":"https:\/\/atasagon.com\/en\/wp-json\/wp\/v2\/media?parent=4616"}],"wp:term":[{"taxonomy":"product_brand","embeddable":true,"href":"https:\/\/atasagon.com\/en\/wp-json\/wp\/v2\/product_brand?post=4616"},{"taxonomy":"product_cat","embeddable":true,"href":"https:\/\/atasagon.com\/en\/wp-json\/wp\/v2\/product_cat?post=4616"},{"taxonomy":"product_tag","embeddable":true,"href":"https:\/\/atasagon.com\/en\/wp-json\/wp\/v2\/product_tag?post=4616"}],"curies":[{"name":"wp","href":"https:\/\/api.w.org\/{rel}","templated":true}]}}