{"id":3030,"date":"2023-01-19T15:19:41","date_gmt":"2023-01-19T15:19:41","guid":{"rendered":"https:\/\/dev.mabit.ro\/?post_type=product&#038;p=3030"},"modified":"2023-03-15T11:35:40","modified_gmt":"2023-03-15T11:35:40","slug":"healthy-snacks-2","status":"publish","type":"product","link":"https:\/\/atasagon.com\/en\/product\/healthy-snacks-2\/","title":{"rendered":"Healthy Snacks \u2013 Energy balls"},"content":{"rendered":"<p><span style=\"font-weight: 400;\">Good snacks don&#039;t have to be unhealthy. Healthy Snacks are some of the quick healthy snack options that are not only delicious but also full of the necessary nutrients you need on a daily basis. <\/span><span style=\"font-weight: 400;\"><br \/>\n<\/span><span style=\"font-weight: 400;\">These healthy snacks are perfect for helping you keep your energy high no matter how tiring your day gets. If you want to have a healthy and balanced diet, Healthy Snacks are an important element!\u00a0<\/span><\/p>\n<p><span style=\"font-weight: 400;\">Instead, with their help, your sweet tooth will be satisfied without worrying about the nutritional content.<\/span><\/p>\n<p><span style=\"font-weight: 400;\">Ingredients:<\/span><\/p>\n<ol>\n<li style=\"font-weight: 400;\" aria-level=\"1\"><span style=\"font-weight: 400;\">Raw Chocolate<\/span>\n<ul>\n<li style=\"font-weight: 400;\" aria-level=\"2\"><span style=\"font-weight: 400;\">Coconut flakes<\/span><\/li>\n<li style=\"font-weight: 400;\" aria-level=\"2\"><span style=\"font-weight: 400;\">Cocoa powder<\/span><\/li>\n<li style=\"font-weight: 400;\" aria-level=\"2\"><span style=\"font-weight: 400;\">dates<\/span><\/li>\n<li style=\"font-weight: 400;\" aria-level=\"2\"><span style=\"font-weight: 400;\">Mixture of walnuts and hazelnuts<\/span><\/li>\n<li style=\"font-weight: 400;\" aria-level=\"2\"><span style=\"font-weight: 400;\">Chia<\/span><\/li>\n<li style=\"font-weight: 400;\" aria-level=\"2\"><span style=\"font-weight: 400;\">Agave syrup<\/span><\/li>\n<\/ul>\n<\/li>\n<li style=\"font-weight: 400;\" aria-level=\"1\"><span style=\"font-weight: 400;\">Power Nuts<\/span>\n<ul>\n<li style=\"font-weight: 400;\" aria-level=\"2\"><span style=\"font-weight: 400;\">Oatmeal<\/span><\/li>\n<li style=\"font-weight: 400;\" aria-level=\"2\"><span style=\"font-weight: 400;\">Coconut flakes<\/span><\/li>\n<li style=\"font-weight: 400;\" aria-level=\"2\"><span style=\"font-weight: 400;\">Macadamia nuts<\/span><\/li>\n<li style=\"font-weight: 400;\" aria-level=\"2\"><span style=\"font-weight: 400;\">dates<\/span><\/li>\n<li style=\"font-weight: 400;\" aria-level=\"2\"><span style=\"font-weight: 400;\">Chia<\/span><\/li>\n<li style=\"font-weight: 400;\" aria-level=\"2\"><span style=\"font-weight: 400;\">Himalayan salt<\/span><\/li>\n<li style=\"font-weight: 400;\" aria-level=\"2\"><span style=\"font-weight: 400;\">Peanut butter<\/span><\/li>\n<li style=\"font-weight: 400;\" aria-level=\"2\"><span style=\"font-weight: 400;\">Maple syrup<\/span><\/li>\n<\/ul>\n<\/li>\n<li style=\"font-weight: 400;\" aria-level=\"1\"><span style=\"font-weight: 400;\">Matcha Bombs<\/span>\n<ul>\n<li style=\"font-weight: 400;\" aria-level=\"2\"><span style=\"font-weight: 400;\">Oatmeal<\/span><\/li>\n<li style=\"font-weight: 400;\" aria-level=\"2\"><span style=\"font-weight: 400;\">Coconut flakes<\/span><\/li>\n<li style=\"font-weight: 400;\" aria-level=\"2\"><span style=\"font-weight: 400;\">Pea protein<\/span><\/li>\n<li style=\"font-weight: 400;\" aria-level=\"2\"><span style=\"font-weight: 400;\">Matcha powder<\/span><\/li>\n<li style=\"font-weight: 400;\" aria-level=\"2\"><span style=\"font-weight: 400;\">Hemp seeds<\/span><\/li>\n<li style=\"font-weight: 400;\" aria-level=\"2\"><span style=\"font-weight: 400;\">Agave syrup<\/span><\/li>\n<li style=\"font-weight: 400;\" aria-level=\"2\"><span style=\"font-weight: 400;\">Coconut oil<\/span><\/li>\n<li style=\"font-weight: 400;\" aria-level=\"2\"><span style=\"font-weight: 400;\">Alkaline water<\/span><\/li>\n<li style=\"font-weight: 400;\" aria-level=\"2\"><span style=\"font-weight: 400;\">Dehydrated raspberry<\/span><\/li>\n<\/ul>\n<\/li>\n<\/ol>","protected":false},"excerpt":{"rendered":"<p>Good snacks don&#039;t have to be unhealthy. Healthy Snacks are some of the quick healthy snack options that are not only delicious but also full of the necessary nutrients you need on a daily basis. These healthy snacks are perfect for helping you keep your energy high no matter how\u2026<\/p>","protected":false},"featured_media":3149,"comment_status":"open","ping_status":"closed","template":"","meta":{"_acf_changed":false},"product_brand":[],"product_cat":[38],"product_tag":[],"class_list":{"0":"post-3030","1":"product","2":"type-product","3":"status-publish","4":"has-post-thumbnail","6":"product_cat-atasagon-home","8":"first","9":"instock","10":"shipping-taxable","11":"purchasable","12":"product-type-simple"},"acf":[],"yoast_head":"<!-- This site is optimized with the Yoast SEO plugin v27.2 - https:\/\/yoast.com\/product\/yoast-seo-wordpress\/ -->\n<title>Healthy Snacks - Energy balls - Atasagon<\/title>\n<meta name=\"robots\" content=\"index, follow, max-snippet:-1, max-image-preview:large, max-video-preview:-1\" \/>\n<link rel=\"canonical\" href=\"https:\/\/atasagon.com\/en\/product\/healthy-snacks-2\/\" \/>\n<meta property=\"og:locale\" content=\"en_US\" \/>\n<meta property=\"og:type\" content=\"article\" \/>\n<meta property=\"og:title\" content=\"Healthy Snacks - Energy balls - Atasagon\" \/>\n<meta property=\"og:description\" content=\"Snack-urile bune nu trebuie s\u0103 fie nes\u0103n\u0103toase. Healthy Snacks sunt c\u00e2teva dintre op\u021biunile rapide de gust\u0103ri s\u0103n\u0103toase, care nu sunt doar delicioase, dar sunt \u0219i pline de nutrien\u021bii necesari de care ai nevoie zilnic. Aceste gust\u0103ri s\u0103n\u0103toase sunt perfecte pentru a te ajuta s\u0103 \u00ee\u021bi men\u021bii energia la un nivel \u00eenalt indiferent de c\u00e2t de&hellip;\" \/>\n<meta property=\"og:url\" content=\"https:\/\/atasagon.com\/en\/product\/healthy-snacks-2\/\" \/>\n<meta property=\"og:site_name\" content=\"Atasagon\" \/>\n<meta property=\"article:publisher\" content=\"https:\/\/www.facebook.com\/atasagon\/\" \/>\n<meta property=\"article:modified_time\" content=\"2023-03-15T11:35:40+00:00\" \/>\n<meta property=\"og:image\" content=\"https:\/\/atasagon.com\/wp-content\/uploads\/2023\/01\/WhatsApp-Image-2021-10-08-at-4.47.45-PM-scaled-e1637828708492.jpeg\" \/>\n\t<meta property=\"og:image:width\" content=\"1034\" \/>\n\t<meta property=\"og:image:height\" content=\"837\" \/>\n\t<meta property=\"og:image:type\" content=\"image\/jpeg\" \/>\n<meta name=\"twitter:card\" content=\"summary_large_image\" \/>\n<meta name=\"twitter:label1\" content=\"Est. reading time\" \/>\n\t<meta name=\"twitter:data1\" content=\"1 minute\" \/>\n<script type=\"application\/ld+json\" class=\"yoast-schema-graph\">{\"@context\":\"https:\/\/schema.org\",\"@graph\":[{\"@type\":\"WebPage\",\"@id\":\"https:\/\/atasagon.com\/en\/product\/healthy-snacks-2\/\",\"url\":\"https:\/\/atasagon.com\/en\/product\/healthy-snacks-2\/\",\"name\":\"Healthy Snacks - Energy balls - Atasagon\",\"isPartOf\":{\"@id\":\"https:\/\/atasagon.com\/#website\"},\"primaryImageOfPage\":{\"@id\":\"https:\/\/atasagon.com\/en\/product\/healthy-snacks-2\/#primaryimage\"},\"image\":{\"@id\":\"https:\/\/atasagon.com\/en\/product\/healthy-snacks-2\/#primaryimage\"},\"thumbnailUrl\":\"https:\/\/atasagon.com\/wp-content\/uploads\/2023\/01\/WhatsApp-Image-2021-10-08-at-4.47.45-PM-scaled-e1637828708492.jpeg\",\"datePublished\":\"2023-01-19T15:19:41+00:00\",\"dateModified\":\"2023-03-15T11:35:40+00:00\",\"breadcrumb\":{\"@id\":\"https:\/\/atasagon.com\/en\/product\/healthy-snacks-2\/#breadcrumb\"},\"inLanguage\":\"en-US\",\"potentialAction\":[{\"@type\":\"ReadAction\",\"target\":[\"https:\/\/atasagon.com\/en\/product\/healthy-snacks-2\/\"]}]},{\"@type\":\"ImageObject\",\"inLanguage\":\"en-US\",\"@id\":\"https:\/\/atasagon.com\/en\/product\/healthy-snacks-2\/#primaryimage\",\"url\":\"https:\/\/atasagon.com\/wp-content\/uploads\/2023\/01\/WhatsApp-Image-2021-10-08-at-4.47.45-PM-scaled-e1637828708492.jpeg\",\"contentUrl\":\"https:\/\/atasagon.com\/wp-content\/uploads\/2023\/01\/WhatsApp-Image-2021-10-08-at-4.47.45-PM-scaled-e1637828708492.jpeg\",\"width\":1034,\"height\":837},{\"@type\":\"BreadcrumbList\",\"@id\":\"https:\/\/atasagon.com\/en\/product\/healthy-snacks-2\/#breadcrumb\",\"itemListElement\":[{\"@type\":\"ListItem\",\"position\":1,\"name\":\"Home\",\"item\":\"https:\/\/atasagon.com\/\"},{\"@type\":\"ListItem\",\"position\":2,\"name\":\"Products\",\"item\":\"https:\/\/atasagon.com\/en\/shop\/\"},{\"@type\":\"ListItem\",\"position\":3,\"name\":\"Healthy Snacks &#8211; Energy balls\"}]},{\"@type\":\"WebSite\",\"@id\":\"https:\/\/atasagon.com\/#website\",\"url\":\"https:\/\/atasagon.com\/\",\"name\":\"Atasagon\",\"description\":\"Primul centru de nutri\u021bie \u0219i detoxifiere din Rom\u00e2nia\",\"publisher\":{\"@id\":\"https:\/\/atasagon.com\/#organization\"},\"potentialAction\":[{\"@type\":\"SearchAction\",\"target\":{\"@type\":\"EntryPoint\",\"urlTemplate\":\"https:\/\/atasagon.com\/?s={search_term_string}\"},\"query-input\":{\"@type\":\"PropertyValueSpecification\",\"valueRequired\":true,\"valueName\":\"search_term_string\"}}],\"inLanguage\":\"en-US\"},{\"@type\":\"Organization\",\"@id\":\"https:\/\/atasagon.com\/#organization\",\"name\":\"Atasagon\",\"url\":\"https:\/\/atasagon.com\/\",\"logo\":{\"@type\":\"ImageObject\",\"inLanguage\":\"en-US\",\"@id\":\"https:\/\/atasagon.com\/#\/schema\/logo\/image\/\",\"url\":\"https:\/\/atasagon.com\/wp-content\/uploads\/2023\/01\/cropped-atasagon-logo-2-175x58-1.png\",\"contentUrl\":\"https:\/\/atasagon.com\/wp-content\/uploads\/2023\/01\/cropped-atasagon-logo-2-175x58-1.png\",\"width\":175,\"height\":58,\"caption\":\"Atasagon\"},\"image\":{\"@id\":\"https:\/\/atasagon.com\/#\/schema\/logo\/image\/\"},\"sameAs\":[\"https:\/\/www.facebook.com\/atasagon\/\",\"https:\/\/instagram.com\/atasagon\"]}]}<\/script>\n<!-- \/ Yoast SEO plugin. -->","yoast_head_json":{"title":"Healthy Snacks - Energy balls - Atasagon","robots":{"index":"index","follow":"follow","max-snippet":"max-snippet:-1","max-image-preview":"max-image-preview:large","max-video-preview":"max-video-preview:-1"},"canonical":"https:\/\/atasagon.com\/en\/product\/healthy-snacks-2\/","og_locale":"en_US","og_type":"article","og_title":"Healthy Snacks - Energy balls - Atasagon","og_description":"Snack-urile bune nu trebuie s\u0103 fie nes\u0103n\u0103toase. Healthy Snacks sunt c\u00e2teva dintre op\u021biunile rapide de gust\u0103ri s\u0103n\u0103toase, care nu sunt doar delicioase, dar sunt \u0219i pline de nutrien\u021bii necesari de care ai nevoie zilnic. Aceste gust\u0103ri s\u0103n\u0103toase sunt perfecte pentru a te ajuta s\u0103 \u00ee\u021bi men\u021bii energia la un nivel \u00eenalt indiferent de c\u00e2t de&hellip;","og_url":"https:\/\/atasagon.com\/en\/product\/healthy-snacks-2\/","og_site_name":"Atasagon","article_publisher":"https:\/\/www.facebook.com\/atasagon\/","article_modified_time":"2023-03-15T11:35:40+00:00","og_image":[{"width":1034,"height":837,"url":"https:\/\/atasagon.com\/wp-content\/uploads\/2023\/01\/WhatsApp-Image-2021-10-08-at-4.47.45-PM-scaled-e1637828708492.jpeg","type":"image\/jpeg"}],"twitter_card":"summary_large_image","twitter_misc":{"Est. reading time":"1 minute"},"schema":{"@context":"https:\/\/schema.org","@graph":[{"@type":"WebPage","@id":"https:\/\/atasagon.com\/en\/product\/healthy-snacks-2\/","url":"https:\/\/atasagon.com\/en\/product\/healthy-snacks-2\/","name":"Healthy Snacks - Energy balls - Atasagon","isPartOf":{"@id":"https:\/\/atasagon.com\/#website"},"primaryImageOfPage":{"@id":"https:\/\/atasagon.com\/en\/product\/healthy-snacks-2\/#primaryimage"},"image":{"@id":"https:\/\/atasagon.com\/en\/product\/healthy-snacks-2\/#primaryimage"},"thumbnailUrl":"https:\/\/atasagon.com\/wp-content\/uploads\/2023\/01\/WhatsApp-Image-2021-10-08-at-4.47.45-PM-scaled-e1637828708492.jpeg","datePublished":"2023-01-19T15:19:41+00:00","dateModified":"2023-03-15T11:35:40+00:00","breadcrumb":{"@id":"https:\/\/atasagon.com\/en\/product\/healthy-snacks-2\/#breadcrumb"},"inLanguage":"en-US","potentialAction":[{"@type":"ReadAction","target":["https:\/\/atasagon.com\/en\/product\/healthy-snacks-2\/"]}]},{"@type":"ImageObject","inLanguage":"en-US","@id":"https:\/\/atasagon.com\/en\/product\/healthy-snacks-2\/#primaryimage","url":"https:\/\/atasagon.com\/wp-content\/uploads\/2023\/01\/WhatsApp-Image-2021-10-08-at-4.47.45-PM-scaled-e1637828708492.jpeg","contentUrl":"https:\/\/atasagon.com\/wp-content\/uploads\/2023\/01\/WhatsApp-Image-2021-10-08-at-4.47.45-PM-scaled-e1637828708492.jpeg","width":1034,"height":837},{"@type":"BreadcrumbList","@id":"https:\/\/atasagon.com\/en\/product\/healthy-snacks-2\/#breadcrumb","itemListElement":[{"@type":"ListItem","position":1,"name":"Home","item":"https:\/\/atasagon.com\/"},{"@type":"ListItem","position":2,"name":"Products","item":"https:\/\/atasagon.com\/en\/shop\/"},{"@type":"ListItem","position":3,"name":"Healthy Snacks &#8211; Energy balls"}]},{"@type":"WebSite","@id":"https:\/\/atasagon.com\/#website","url":"https:\/\/atasagon.com\/","name":"Atasagon","description":"The first nutrition and detoxification center in Romania","publisher":{"@id":"https:\/\/atasagon.com\/#organization"},"potentialAction":[{"@type":"SearchAction","target":{"@type":"EntryPoint","urlTemplate":"https:\/\/atasagon.com\/?s={search_term_string}"},"query-input":{"@type":"PropertyValueSpecification","valueRequired":true,"valueName":"search_term_string"}}],"inLanguage":"en-US"},{"@type":"Organization","@id":"https:\/\/atasagon.com\/#organization","name":"Atasagon","url":"https:\/\/atasagon.com\/","logo":{"@type":"ImageObject","inLanguage":"en-US","@id":"https:\/\/atasagon.com\/#\/schema\/logo\/image\/","url":"https:\/\/atasagon.com\/wp-content\/uploads\/2023\/01\/cropped-atasagon-logo-2-175x58-1.png","contentUrl":"https:\/\/atasagon.com\/wp-content\/uploads\/2023\/01\/cropped-atasagon-logo-2-175x58-1.png","width":175,"height":58,"caption":"Atasagon"},"image":{"@id":"https:\/\/atasagon.com\/#\/schema\/logo\/image\/"},"sameAs":["https:\/\/www.facebook.com\/atasagon\/","https:\/\/instagram.com\/atasagon"]}]}},"_links":{"self":[{"href":"https:\/\/atasagon.com\/en\/wp-json\/wp\/v2\/product\/3030","targetHints":{"allow":["GET"]}}],"collection":[{"href":"https:\/\/atasagon.com\/en\/wp-json\/wp\/v2\/product"}],"about":[{"href":"https:\/\/atasagon.com\/en\/wp-json\/wp\/v2\/types\/product"}],"replies":[{"embeddable":true,"href":"https:\/\/atasagon.com\/en\/wp-json\/wp\/v2\/comments?post=3030"}],"wp:featuredmedia":[{"embeddable":true,"href":"https:\/\/atasagon.com\/en\/wp-json\/wp\/v2\/media\/3149"}],"wp:attachment":[{"href":"https:\/\/atasagon.com\/en\/wp-json\/wp\/v2\/media?parent=3030"}],"wp:term":[{"taxonomy":"product_brand","embeddable":true,"href":"https:\/\/atasagon.com\/en\/wp-json\/wp\/v2\/product_brand?post=3030"},{"taxonomy":"product_cat","embeddable":true,"href":"https:\/\/atasagon.com\/en\/wp-json\/wp\/v2\/product_cat?post=3030"},{"taxonomy":"product_tag","embeddable":true,"href":"https:\/\/atasagon.com\/en\/wp-json\/wp\/v2\/product_tag?post=3030"}],"curies":[{"name":"wp","href":"https:\/\/api.w.org\/{rel}","templated":true}]}}