{"id":3025,"date":"2023-01-19T15:17:37","date_gmt":"2023-01-19T15:17:37","guid":{"rendered":"https:\/\/dev.mabit.ro\/?post_type=product&#038;p=3025"},"modified":"2026-02-11T13:51:46","modified_gmt":"2026-02-11T10:51:46","slug":"terapie-cu-presso-symphony","status":"publish","type":"product","link":"https:\/\/atasagon.com\/en\/product\/terapie-cu-presso-symphony\/","title":{"rendered":"Therapy with Presso Symphony \u2013 4 Sessions"},"content":{"rendered":"<p>4x 40 min \/ 500 ron<\/p>\n<p>Life is about embracing your imperfections and feeling confident in the skin you&#039;re in. Presso Symphony therapy helps you fight all the insecurities related to your body so that you can radiate in all your beauty. The pressure drainage device is a special suit that, by alternating pressures and stages, helps to pressurize the ganglion chain, performing lymphatic drainage in a comfortable and extremely pleasant manner. Are you ready to shine from head to toe?<\/p>\n<p>For optimal effects, we recommend 20 minutes of infrared sauna plus an anti-cellulite massage before the procedure, as well as light clothing such as leggings.<\/p>\n<p>Contraindications: pregnancy and breastfeeding, chronic diseases, varicose veins, skin infections<\/p>","protected":false},"excerpt":{"rendered":"<p>4x 40 min \/ 500 ron Via\u021ba este despre a-\u021bi \u00eembr\u0103\u021bi\u0219a imperfec\u021biunile \u0219i a te sim\u021bi \u00eencrez\u0103tor \u00een pielea \u00een care te afli. Terapia cu Presso Symphony te ajut\u0103 s\u0103 comba\u021bi toate nesiguran\u021bele legate de corpul t\u0103u pentru a putea s\u0103 radiezi \u00een toat\u0103 frumuse\u021bea ta. Aparatul de presodrenaj este un costum special care, prin&hellip;<\/p>","protected":false},"featured_media":3177,"comment_status":"open","ping_status":"closed","template":"","meta":{"_acf_changed":false},"product_brand":[],"product_cat":[37],"product_tag":[],"class_list":{"0":"post-3025","1":"product","2":"type-product","3":"status-publish","4":"has-post-thumbnail","6":"product_cat-esteticabeauty","8":"first","9":"instock","10":"virtual","11":"purchasable","12":"product-type-simple"},"acf":[],"yoast_head":"<!-- This site is optimized with the Yoast SEO plugin v27.2 - https:\/\/yoast.com\/product\/yoast-seo-wordpress\/ -->\n<title>Terapie cu Presso Symphony - 4 \u0218edin\u021be - Atasagon<\/title>\n<meta name=\"robots\" content=\"index, follow, max-snippet:-1, max-image-preview:large, max-video-preview:-1\" \/>\n<link rel=\"canonical\" href=\"https:\/\/atasagon.com\/en\/product\/terapie-cu-presso-symphony\/\" \/>\n<meta property=\"og:locale\" content=\"en_US\" \/>\n<meta property=\"og:type\" content=\"article\" \/>\n<meta property=\"og:title\" content=\"Terapie cu Presso Symphony - 4 \u0218edin\u021be - Atasagon\" \/>\n<meta property=\"og:description\" content=\"4x 40 min \/ 500 ron Via\u021ba este despre a-\u021bi \u00eembr\u0103\u021bi\u0219a imperfec\u021biunile \u0219i a te sim\u021bi \u00eencrez\u0103tor \u00een pielea \u00een care te afli. Terapia cu Presso Symphony te ajut\u0103 s\u0103 comba\u021bi toate nesiguran\u021bele legate de corpul t\u0103u pentru a putea s\u0103 radiezi \u00een toat\u0103 frumuse\u021bea ta. Aparatul de presodrenaj este un costum special care, prin&hellip;\" \/>\n<meta property=\"og:url\" content=\"https:\/\/atasagon.com\/en\/product\/terapie-cu-presso-symphony\/\" \/>\n<meta property=\"og:site_name\" content=\"Atasagon\" \/>\n<meta property=\"article:publisher\" content=\"https:\/\/www.facebook.com\/atasagon\/\" \/>\n<meta property=\"article:modified_time\" content=\"2026-02-11T10:51:46+00:00\" \/>\n<meta property=\"og:image\" content=\"https:\/\/atasagon.com\/wp-content\/uploads\/2023\/01\/Atasagon_140-scaled.jpg\" \/>\n\t<meta property=\"og:image:width\" content=\"2560\" \/>\n\t<meta property=\"og:image:height\" content=\"1706\" \/>\n\t<meta property=\"og:image:type\" content=\"image\/jpeg\" \/>\n<meta name=\"twitter:card\" content=\"summary_large_image\" \/>\n<meta name=\"twitter:label1\" content=\"Est. reading time\" \/>\n\t<meta name=\"twitter:data1\" content=\"1 minute\" \/>\n<script type=\"application\/ld+json\" class=\"yoast-schema-graph\">{\"@context\":\"https:\/\/schema.org\",\"@graph\":[{\"@type\":\"WebPage\",\"@id\":\"https:\/\/atasagon.com\/produs\/terapie-cu-presso-symphony\/\",\"url\":\"https:\/\/atasagon.com\/produs\/terapie-cu-presso-symphony\/\",\"name\":\"Terapie cu Presso Symphony - 4 \u0218edin\u021be - Atasagon\",\"isPartOf\":{\"@id\":\"https:\/\/atasagon.com\/#website\"},\"primaryImageOfPage\":{\"@id\":\"https:\/\/atasagon.com\/produs\/terapie-cu-presso-symphony\/#primaryimage\"},\"image\":{\"@id\":\"https:\/\/atasagon.com\/produs\/terapie-cu-presso-symphony\/#primaryimage\"},\"thumbnailUrl\":\"https:\/\/atasagon.com\/wp-content\/uploads\/2023\/01\/Atasagon_140-scaled.jpg\",\"datePublished\":\"2023-01-19T15:17:37+00:00\",\"dateModified\":\"2026-02-11T10:51:46+00:00\",\"breadcrumb\":{\"@id\":\"https:\/\/atasagon.com\/produs\/terapie-cu-presso-symphony\/#breadcrumb\"},\"inLanguage\":\"en-US\",\"potentialAction\":[{\"@type\":\"ReadAction\",\"target\":[\"https:\/\/atasagon.com\/produs\/terapie-cu-presso-symphony\/\"]}]},{\"@type\":\"ImageObject\",\"inLanguage\":\"en-US\",\"@id\":\"https:\/\/atasagon.com\/produs\/terapie-cu-presso-symphony\/#primaryimage\",\"url\":\"https:\/\/atasagon.com\/wp-content\/uploads\/2023\/01\/Atasagon_140-scaled.jpg\",\"contentUrl\":\"https:\/\/atasagon.com\/wp-content\/uploads\/2023\/01\/Atasagon_140-scaled.jpg\",\"width\":2560,\"height\":1706},{\"@type\":\"BreadcrumbList\",\"@id\":\"https:\/\/atasagon.com\/produs\/terapie-cu-presso-symphony\/#breadcrumb\",\"itemListElement\":[{\"@type\":\"ListItem\",\"position\":1,\"name\":\"Home\",\"item\":\"https:\/\/atasagon.com\/\"},{\"@type\":\"ListItem\",\"position\":2,\"name\":\"Products\",\"item\":\"https:\/\/atasagon.com\/en\/shop\/\"},{\"@type\":\"ListItem\",\"position\":3,\"name\":\"Terapie cu Presso Symphony &#8211; 4 \u0218edin\u021be\"}]},{\"@type\":\"WebSite\",\"@id\":\"https:\/\/atasagon.com\/#website\",\"url\":\"https:\/\/atasagon.com\/\",\"name\":\"Atasagon\",\"description\":\"Primul centru de nutri\u021bie \u0219i detoxifiere din Rom\u00e2nia\",\"publisher\":{\"@id\":\"https:\/\/atasagon.com\/#organization\"},\"potentialAction\":[{\"@type\":\"SearchAction\",\"target\":{\"@type\":\"EntryPoint\",\"urlTemplate\":\"https:\/\/atasagon.com\/?s={search_term_string}\"},\"query-input\":{\"@type\":\"PropertyValueSpecification\",\"valueRequired\":true,\"valueName\":\"search_term_string\"}}],\"inLanguage\":\"en-US\"},{\"@type\":\"Organization\",\"@id\":\"https:\/\/atasagon.com\/#organization\",\"name\":\"Atasagon\",\"url\":\"https:\/\/atasagon.com\/\",\"logo\":{\"@type\":\"ImageObject\",\"inLanguage\":\"en-US\",\"@id\":\"https:\/\/atasagon.com\/#\/schema\/logo\/image\/\",\"url\":\"https:\/\/atasagon.com\/wp-content\/uploads\/2023\/01\/cropped-atasagon-logo-2-175x58-1.png\",\"contentUrl\":\"https:\/\/atasagon.com\/wp-content\/uploads\/2023\/01\/cropped-atasagon-logo-2-175x58-1.png\",\"width\":175,\"height\":58,\"caption\":\"Atasagon\"},\"image\":{\"@id\":\"https:\/\/atasagon.com\/#\/schema\/logo\/image\/\"},\"sameAs\":[\"https:\/\/www.facebook.com\/atasagon\/\",\"https:\/\/instagram.com\/atasagon\"]}]}<\/script>\n<!-- \/ Yoast SEO plugin. -->","yoast_head_json":{"title":"Terapie cu Presso Symphony - 4 \u0218edin\u021be - Atasagon","robots":{"index":"index","follow":"follow","max-snippet":"max-snippet:-1","max-image-preview":"max-image-preview:large","max-video-preview":"max-video-preview:-1"},"canonical":"https:\/\/atasagon.com\/en\/product\/terapie-cu-presso-symphony\/","og_locale":"en_US","og_type":"article","og_title":"Terapie cu Presso Symphony - 4 \u0218edin\u021be - Atasagon","og_description":"4x 40 min \/ 500 ron Via\u021ba este despre a-\u021bi \u00eembr\u0103\u021bi\u0219a imperfec\u021biunile \u0219i a te sim\u021bi \u00eencrez\u0103tor \u00een pielea \u00een care te afli. Terapia cu Presso Symphony te ajut\u0103 s\u0103 comba\u021bi toate nesiguran\u021bele legate de corpul t\u0103u pentru a putea s\u0103 radiezi \u00een toat\u0103 frumuse\u021bea ta. Aparatul de presodrenaj este un costum special care, prin&hellip;","og_url":"https:\/\/atasagon.com\/en\/product\/terapie-cu-presso-symphony\/","og_site_name":"Atasagon","article_publisher":"https:\/\/www.facebook.com\/atasagon\/","article_modified_time":"2026-02-11T10:51:46+00:00","og_image":[{"width":2560,"height":1706,"url":"https:\/\/atasagon.com\/wp-content\/uploads\/2023\/01\/Atasagon_140-scaled.jpg","type":"image\/jpeg"}],"twitter_card":"summary_large_image","twitter_misc":{"Est. reading time":"1 minute"},"schema":{"@context":"https:\/\/schema.org","@graph":[{"@type":"WebPage","@id":"https:\/\/atasagon.com\/produs\/terapie-cu-presso-symphony\/","url":"https:\/\/atasagon.com\/produs\/terapie-cu-presso-symphony\/","name":"Terapie cu Presso Symphony - 4 \u0218edin\u021be - Atasagon","isPartOf":{"@id":"https:\/\/atasagon.com\/#website"},"primaryImageOfPage":{"@id":"https:\/\/atasagon.com\/produs\/terapie-cu-presso-symphony\/#primaryimage"},"image":{"@id":"https:\/\/atasagon.com\/produs\/terapie-cu-presso-symphony\/#primaryimage"},"thumbnailUrl":"https:\/\/atasagon.com\/wp-content\/uploads\/2023\/01\/Atasagon_140-scaled.jpg","datePublished":"2023-01-19T15:17:37+00:00","dateModified":"2026-02-11T10:51:46+00:00","breadcrumb":{"@id":"https:\/\/atasagon.com\/produs\/terapie-cu-presso-symphony\/#breadcrumb"},"inLanguage":"en-US","potentialAction":[{"@type":"ReadAction","target":["https:\/\/atasagon.com\/produs\/terapie-cu-presso-symphony\/"]}]},{"@type":"ImageObject","inLanguage":"en-US","@id":"https:\/\/atasagon.com\/produs\/terapie-cu-presso-symphony\/#primaryimage","url":"https:\/\/atasagon.com\/wp-content\/uploads\/2023\/01\/Atasagon_140-scaled.jpg","contentUrl":"https:\/\/atasagon.com\/wp-content\/uploads\/2023\/01\/Atasagon_140-scaled.jpg","width":2560,"height":1706},{"@type":"BreadcrumbList","@id":"https:\/\/atasagon.com\/produs\/terapie-cu-presso-symphony\/#breadcrumb","itemListElement":[{"@type":"ListItem","position":1,"name":"Home","item":"https:\/\/atasagon.com\/"},{"@type":"ListItem","position":2,"name":"Products","item":"https:\/\/atasagon.com\/en\/shop\/"},{"@type":"ListItem","position":3,"name":"Terapie cu Presso Symphony &#8211; 4 \u0218edin\u021be"}]},{"@type":"WebSite","@id":"https:\/\/atasagon.com\/#website","url":"https:\/\/atasagon.com\/","name":"Atasagon","description":"The first nutrition and detoxification center in Romania","publisher":{"@id":"https:\/\/atasagon.com\/#organization"},"potentialAction":[{"@type":"SearchAction","target":{"@type":"EntryPoint","urlTemplate":"https:\/\/atasagon.com\/?s={search_term_string}"},"query-input":{"@type":"PropertyValueSpecification","valueRequired":true,"valueName":"search_term_string"}}],"inLanguage":"en-US"},{"@type":"Organization","@id":"https:\/\/atasagon.com\/#organization","name":"Atasagon","url":"https:\/\/atasagon.com\/","logo":{"@type":"ImageObject","inLanguage":"en-US","@id":"https:\/\/atasagon.com\/#\/schema\/logo\/image\/","url":"https:\/\/atasagon.com\/wp-content\/uploads\/2023\/01\/cropped-atasagon-logo-2-175x58-1.png","contentUrl":"https:\/\/atasagon.com\/wp-content\/uploads\/2023\/01\/cropped-atasagon-logo-2-175x58-1.png","width":175,"height":58,"caption":"Atasagon"},"image":{"@id":"https:\/\/atasagon.com\/#\/schema\/logo\/image\/"},"sameAs":["https:\/\/www.facebook.com\/atasagon\/","https:\/\/instagram.com\/atasagon"]}]}},"_links":{"self":[{"href":"https:\/\/atasagon.com\/en\/wp-json\/wp\/v2\/product\/3025","targetHints":{"allow":["GET"]}}],"collection":[{"href":"https:\/\/atasagon.com\/en\/wp-json\/wp\/v2\/product"}],"about":[{"href":"https:\/\/atasagon.com\/en\/wp-json\/wp\/v2\/types\/product"}],"replies":[{"embeddable":true,"href":"https:\/\/atasagon.com\/en\/wp-json\/wp\/v2\/comments?post=3025"}],"wp:featuredmedia":[{"embeddable":true,"href":"https:\/\/atasagon.com\/en\/wp-json\/wp\/v2\/media\/3177"}],"wp:attachment":[{"href":"https:\/\/atasagon.com\/en\/wp-json\/wp\/v2\/media?parent=3025"}],"wp:term":[{"taxonomy":"product_brand","embeddable":true,"href":"https:\/\/atasagon.com\/en\/wp-json\/wp\/v2\/product_brand?post=3025"},{"taxonomy":"product_cat","embeddable":true,"href":"https:\/\/atasagon.com\/en\/wp-json\/wp\/v2\/product_cat?post=3025"},{"taxonomy":"product_tag","embeddable":true,"href":"https:\/\/atasagon.com\/en\/wp-json\/wp\/v2\/product_tag?post=3025"}],"curies":[{"name":"wp","href":"https:\/\/api.w.org\/{rel}","templated":true}]}}