{"id":3023,"date":"2023-01-19T15:16:49","date_gmt":"2023-01-19T15:16:49","guid":{"rendered":"https:\/\/dev.mabit.ro\/?post_type=product&#038;p=3023"},"modified":"2023-10-03T11:14:39","modified_gmt":"2023-10-03T08:14:39","slug":"cavitatie-pentru-remodelare-corporala","status":"publish","type":"product","link":"https:\/\/atasagon.com\/en\/product\/cavitatie-pentru-remodelare-corporala\/","title":{"rendered":"Cavitation for body remodeling \u2013 6 Sessions"},"content":{"rendered":"<p>6x 70 min \/ 1134 ron<\/p>\n<p>Self-confidence is something we all struggle with, regardless of our age, and insecurity can have a negative impact on how we perceive our bodies. Whether it&#039;s excess weight that you just can&#039;t seem to get rid of, cellulite that makes you hide your legs in the summer, or skin that has started to sag easily, body contouring cavitation can help! Dubbed virtual liposuction, this therapy has an immediate effect on the cm: it breaks up fat cells and sends them into circulation. Don&#039;t wait, try it on your skin.<\/p>\n<p>For optimal effects, we recommend 20 minutes of infrared sauna plus an anti-cellulite massage before the procedure, as well as light clothing such as leggings.<\/p>\n<p>Contraindications: pregnancy and breastfeeding, periods of menstruation, liver or kidney problems, varicose veins, metal implant, cancer, epilepsy, diabetes, sterile.<\/p>","protected":false},"excerpt":{"rendered":"<p>6x 70 min \/1134 ron Self-confidence is something we all struggle with, regardless of our age, and insecurity can have a negative impact on the way we perceive our body. Whether it&#039;s the extra weight you just can&#039;t seem to get rid of, the cellulite that makes you\u2026<\/p>","protected":false},"featured_media":4575,"comment_status":"open","ping_status":"closed","template":"","meta":{"_acf_changed":false},"product_brand":[],"product_cat":[37],"product_tag":[],"class_list":{"0":"post-3023","1":"product","2":"type-product","3":"status-publish","4":"has-post-thumbnail","6":"product_cat-esteticabeauty","8":"first","9":"instock","10":"virtual","11":"purchasable","12":"product-type-simple"},"acf":[],"yoast_head":"<!-- This site is optimized with the Yoast SEO plugin v27.2 - https:\/\/yoast.com\/product\/yoast-seo-wordpress\/ -->\n<title>Cavita\u021bie pentru remodelare corporal\u0103 - 6 \u0218edin\u021be - Atasagon<\/title>\n<meta name=\"robots\" content=\"index, follow, max-snippet:-1, max-image-preview:large, max-video-preview:-1\" \/>\n<link rel=\"canonical\" href=\"https:\/\/atasagon.com\/en\/product\/cavitatie-pentru-remodelare-corporala\/\" \/>\n<meta property=\"og:locale\" content=\"en_US\" \/>\n<meta property=\"og:type\" content=\"article\" \/>\n<meta property=\"og:title\" content=\"Cavita\u021bie pentru remodelare corporal\u0103 - 6 \u0218edin\u021be - Atasagon\" \/>\n<meta property=\"og:description\" content=\"6x 70 min \/1134 ron \u00cencrederea \u00een sine este ceva cu care ne lupt\u0103m cu to\u021bii, indiferent de v\u00e2rsta noastr\u0103, iar nesiguran\u021ba poate avea un impact negativ asupra modului \u00een care ne percepem corpul. Indiferent dac\u0103 este vorba de excesul de greutate de care pur \u0219i simplu nu po\u021bi sc\u0103pa, celulita care te face s\u0103-\u021bi&hellip;\" \/>\n<meta property=\"og:url\" content=\"https:\/\/atasagon.com\/en\/product\/cavitatie-pentru-remodelare-corporala\/\" \/>\n<meta property=\"og:site_name\" content=\"Atasagon\" \/>\n<meta property=\"article:publisher\" content=\"https:\/\/www.facebook.com\/atasagon\/\" \/>\n<meta property=\"article:modified_time\" content=\"2023-10-03T08:14:39+00:00\" \/>\n<meta property=\"og:image\" content=\"https:\/\/atasagon.com\/wp-content\/uploads\/2023\/01\/Cavitatie-scaled.jpg\" \/>\n\t<meta property=\"og:image:width\" content=\"2560\" \/>\n\t<meta property=\"og:image:height\" content=\"1706\" \/>\n\t<meta property=\"og:image:type\" content=\"image\/jpeg\" \/>\n<meta name=\"twitter:card\" content=\"summary_large_image\" \/>\n<meta name=\"twitter:label1\" content=\"Est. reading time\" \/>\n\t<meta name=\"twitter:data1\" content=\"1 minute\" \/>\n<script type=\"application\/ld+json\" class=\"yoast-schema-graph\">{\"@context\":\"https:\/\/schema.org\",\"@graph\":[{\"@type\":\"WebPage\",\"@id\":\"https:\/\/atasagon.com\/produs\/cavitatie-pentru-remodelare-corporala\/\",\"url\":\"https:\/\/atasagon.com\/produs\/cavitatie-pentru-remodelare-corporala\/\",\"name\":\"Cavita\u021bie pentru remodelare corporal\u0103 - 6 \u0218edin\u021be - Atasagon\",\"isPartOf\":{\"@id\":\"https:\/\/atasagon.com\/#website\"},\"primaryImageOfPage\":{\"@id\":\"https:\/\/atasagon.com\/produs\/cavitatie-pentru-remodelare-corporala\/#primaryimage\"},\"image\":{\"@id\":\"https:\/\/atasagon.com\/produs\/cavitatie-pentru-remodelare-corporala\/#primaryimage\"},\"thumbnailUrl\":\"https:\/\/atasagon.com\/wp-content\/uploads\/2023\/01\/Cavitatie-scaled.jpg\",\"datePublished\":\"2023-01-19T15:16:49+00:00\",\"dateModified\":\"2023-10-03T08:14:39+00:00\",\"breadcrumb\":{\"@id\":\"https:\/\/atasagon.com\/produs\/cavitatie-pentru-remodelare-corporala\/#breadcrumb\"},\"inLanguage\":\"en-US\",\"potentialAction\":[{\"@type\":\"ReadAction\",\"target\":[\"https:\/\/atasagon.com\/produs\/cavitatie-pentru-remodelare-corporala\/\"]}]},{\"@type\":\"ImageObject\",\"inLanguage\":\"en-US\",\"@id\":\"https:\/\/atasagon.com\/produs\/cavitatie-pentru-remodelare-corporala\/#primaryimage\",\"url\":\"https:\/\/atasagon.com\/wp-content\/uploads\/2023\/01\/Cavitatie-scaled.jpg\",\"contentUrl\":\"https:\/\/atasagon.com\/wp-content\/uploads\/2023\/01\/Cavitatie-scaled.jpg\",\"width\":2560,\"height\":1706},{\"@type\":\"BreadcrumbList\",\"@id\":\"https:\/\/atasagon.com\/produs\/cavitatie-pentru-remodelare-corporala\/#breadcrumb\",\"itemListElement\":[{\"@type\":\"ListItem\",\"position\":1,\"name\":\"Home\",\"item\":\"https:\/\/atasagon.com\/\"},{\"@type\":\"ListItem\",\"position\":2,\"name\":\"Products\",\"item\":\"https:\/\/atasagon.com\/en\/shop\/\"},{\"@type\":\"ListItem\",\"position\":3,\"name\":\"Cavita\u021bie pentru remodelare corporal\u0103 &#8211; 6 \u0218edin\u021be\"}]},{\"@type\":\"WebSite\",\"@id\":\"https:\/\/atasagon.com\/#website\",\"url\":\"https:\/\/atasagon.com\/\",\"name\":\"Atasagon\",\"description\":\"Primul centru de nutri\u021bie \u0219i detoxifiere din Rom\u00e2nia\",\"publisher\":{\"@id\":\"https:\/\/atasagon.com\/#organization\"},\"potentialAction\":[{\"@type\":\"SearchAction\",\"target\":{\"@type\":\"EntryPoint\",\"urlTemplate\":\"https:\/\/atasagon.com\/?s={search_term_string}\"},\"query-input\":{\"@type\":\"PropertyValueSpecification\",\"valueRequired\":true,\"valueName\":\"search_term_string\"}}],\"inLanguage\":\"en-US\"},{\"@type\":\"Organization\",\"@id\":\"https:\/\/atasagon.com\/#organization\",\"name\":\"Atasagon\",\"url\":\"https:\/\/atasagon.com\/\",\"logo\":{\"@type\":\"ImageObject\",\"inLanguage\":\"en-US\",\"@id\":\"https:\/\/atasagon.com\/#\/schema\/logo\/image\/\",\"url\":\"https:\/\/atasagon.com\/wp-content\/uploads\/2023\/01\/cropped-atasagon-logo-2-175x58-1.png\",\"contentUrl\":\"https:\/\/atasagon.com\/wp-content\/uploads\/2023\/01\/cropped-atasagon-logo-2-175x58-1.png\",\"width\":175,\"height\":58,\"caption\":\"Atasagon\"},\"image\":{\"@id\":\"https:\/\/atasagon.com\/#\/schema\/logo\/image\/\"},\"sameAs\":[\"https:\/\/www.facebook.com\/atasagon\/\",\"https:\/\/instagram.com\/atasagon\"]}]}<\/script>\n<!-- \/ Yoast SEO plugin. -->","yoast_head_json":{"title":"Cavita\u021bie pentru remodelare corporal\u0103 - 6 \u0218edin\u021be - Atasagon","robots":{"index":"index","follow":"follow","max-snippet":"max-snippet:-1","max-image-preview":"max-image-preview:large","max-video-preview":"max-video-preview:-1"},"canonical":"https:\/\/atasagon.com\/en\/product\/cavitatie-pentru-remodelare-corporala\/","og_locale":"en_US","og_type":"article","og_title":"Cavita\u021bie pentru remodelare corporal\u0103 - 6 \u0218edin\u021be - Atasagon","og_description":"6x 70 min \/1134 ron \u00cencrederea \u00een sine este ceva cu care ne lupt\u0103m cu to\u021bii, indiferent de v\u00e2rsta noastr\u0103, iar nesiguran\u021ba poate avea un impact negativ asupra modului \u00een care ne percepem corpul. Indiferent dac\u0103 este vorba de excesul de greutate de care pur \u0219i simplu nu po\u021bi sc\u0103pa, celulita care te face s\u0103-\u021bi&hellip;","og_url":"https:\/\/atasagon.com\/en\/product\/cavitatie-pentru-remodelare-corporala\/","og_site_name":"Atasagon","article_publisher":"https:\/\/www.facebook.com\/atasagon\/","article_modified_time":"2023-10-03T08:14:39+00:00","og_image":[{"width":2560,"height":1706,"url":"https:\/\/atasagon.com\/wp-content\/uploads\/2023\/01\/Cavitatie-scaled.jpg","type":"image\/jpeg"}],"twitter_card":"summary_large_image","twitter_misc":{"Est. reading time":"1 minute"},"schema":{"@context":"https:\/\/schema.org","@graph":[{"@type":"WebPage","@id":"https:\/\/atasagon.com\/produs\/cavitatie-pentru-remodelare-corporala\/","url":"https:\/\/atasagon.com\/produs\/cavitatie-pentru-remodelare-corporala\/","name":"Cavita\u021bie pentru remodelare corporal\u0103 - 6 \u0218edin\u021be - Atasagon","isPartOf":{"@id":"https:\/\/atasagon.com\/#website"},"primaryImageOfPage":{"@id":"https:\/\/atasagon.com\/produs\/cavitatie-pentru-remodelare-corporala\/#primaryimage"},"image":{"@id":"https:\/\/atasagon.com\/produs\/cavitatie-pentru-remodelare-corporala\/#primaryimage"},"thumbnailUrl":"https:\/\/atasagon.com\/wp-content\/uploads\/2023\/01\/Cavitatie-scaled.jpg","datePublished":"2023-01-19T15:16:49+00:00","dateModified":"2023-10-03T08:14:39+00:00","breadcrumb":{"@id":"https:\/\/atasagon.com\/produs\/cavitatie-pentru-remodelare-corporala\/#breadcrumb"},"inLanguage":"en-US","potentialAction":[{"@type":"ReadAction","target":["https:\/\/atasagon.com\/produs\/cavitatie-pentru-remodelare-corporala\/"]}]},{"@type":"ImageObject","inLanguage":"en-US","@id":"https:\/\/atasagon.com\/produs\/cavitatie-pentru-remodelare-corporala\/#primaryimage","url":"https:\/\/atasagon.com\/wp-content\/uploads\/2023\/01\/Cavitatie-scaled.jpg","contentUrl":"https:\/\/atasagon.com\/wp-content\/uploads\/2023\/01\/Cavitatie-scaled.jpg","width":2560,"height":1706},{"@type":"BreadcrumbList","@id":"https:\/\/atasagon.com\/produs\/cavitatie-pentru-remodelare-corporala\/#breadcrumb","itemListElement":[{"@type":"ListItem","position":1,"name":"Home","item":"https:\/\/atasagon.com\/"},{"@type":"ListItem","position":2,"name":"Products","item":"https:\/\/atasagon.com\/en\/shop\/"},{"@type":"ListItem","position":3,"name":"Cavita\u021bie pentru remodelare corporal\u0103 &#8211; 6 \u0218edin\u021be"}]},{"@type":"WebSite","@id":"https:\/\/atasagon.com\/#website","url":"https:\/\/atasagon.com\/","name":"Atasagon","description":"The first nutrition and detoxification center in Romania","publisher":{"@id":"https:\/\/atasagon.com\/#organization"},"potentialAction":[{"@type":"SearchAction","target":{"@type":"EntryPoint","urlTemplate":"https:\/\/atasagon.com\/?s={search_term_string}"},"query-input":{"@type":"PropertyValueSpecification","valueRequired":true,"valueName":"search_term_string"}}],"inLanguage":"en-US"},{"@type":"Organization","@id":"https:\/\/atasagon.com\/#organization","name":"Atasagon","url":"https:\/\/atasagon.com\/","logo":{"@type":"ImageObject","inLanguage":"en-US","@id":"https:\/\/atasagon.com\/#\/schema\/logo\/image\/","url":"https:\/\/atasagon.com\/wp-content\/uploads\/2023\/01\/cropped-atasagon-logo-2-175x58-1.png","contentUrl":"https:\/\/atasagon.com\/wp-content\/uploads\/2023\/01\/cropped-atasagon-logo-2-175x58-1.png","width":175,"height":58,"caption":"Atasagon"},"image":{"@id":"https:\/\/atasagon.com\/#\/schema\/logo\/image\/"},"sameAs":["https:\/\/www.facebook.com\/atasagon\/","https:\/\/instagram.com\/atasagon"]}]}},"_links":{"self":[{"href":"https:\/\/atasagon.com\/en\/wp-json\/wp\/v2\/product\/3023","targetHints":{"allow":["GET"]}}],"collection":[{"href":"https:\/\/atasagon.com\/en\/wp-json\/wp\/v2\/product"}],"about":[{"href":"https:\/\/atasagon.com\/en\/wp-json\/wp\/v2\/types\/product"}],"replies":[{"embeddable":true,"href":"https:\/\/atasagon.com\/en\/wp-json\/wp\/v2\/comments?post=3023"}],"wp:featuredmedia":[{"embeddable":true,"href":"https:\/\/atasagon.com\/en\/wp-json\/wp\/v2\/media\/4575"}],"wp:attachment":[{"href":"https:\/\/atasagon.com\/en\/wp-json\/wp\/v2\/media?parent=3023"}],"wp:term":[{"taxonomy":"product_brand","embeddable":true,"href":"https:\/\/atasagon.com\/en\/wp-json\/wp\/v2\/product_brand?post=3023"},{"taxonomy":"product_cat","embeddable":true,"href":"https:\/\/atasagon.com\/en\/wp-json\/wp\/v2\/product_cat?post=3023"},{"taxonomy":"product_tag","embeddable":true,"href":"https:\/\/atasagon.com\/en\/wp-json\/wp\/v2\/product_tag?post=3023"}],"curies":[{"name":"wp","href":"https:\/\/api.w.org\/{rel}","templated":true}]}}