{"id":3021,"date":"2023-01-19T15:15:51","date_gmt":"2023-01-19T15:15:51","guid":{"rendered":"https:\/\/dev.mabit.ro\/?post_type=product&#038;p=3021"},"modified":"2023-10-03T11:17:49","modified_gmt":"2023-10-03T08:17:49","slug":"terapie-cu-radiovrecventa-60-minute","status":"publish","type":"product","link":"https:\/\/atasagon.com\/en\/product\/terapie-cu-radiovrecventa-60-minute\/","title":{"rendered":"Radiofrequency therapy \u2013 60 minutes"},"content":{"rendered":"<p>60 min \/ 270 ron<\/p>\n<p>Beauty begins the moment you feel good in your own skin, and for you that moment is now! As we age, skin begins to lose elasticity and firmness, and sagging skin, fine lines and even deep wrinkles become more visible. Thanks to radiofrequency therapy, rejuvenation of the skin&#039;s appearance is possible. Our estheticians use a state-of-the-art radiofrequency device to activate new collagen fibers in the skin, reduce cellulite, contour and redefine the figure, leaving your skin smooth and revitalized. This therapy is also recommended for people with stretch marks.<\/p>\n<p>For optimal effects, we recommend 20 minutes of infrared sauna plus an anti-cellulite massage before the procedure and wearing a bathing suit.<\/p>\n<p>Contraindications: severe heart conditions, epilepsy, cancer, renal deficiencies, metal prostheses, pregnancy and breastfeeding.<\/p>","protected":false},"excerpt":{"rendered":"<p>60 min \/ 270 ron Beauty begins when you feel good in your own skin, and for you that moment is now! As we age, the skin begins to lose its elasticity and firmness, and sagging skin, fine lines and even deep wrinkles start to appear\u2026<\/p>","protected":false},"featured_media":4602,"comment_status":"open","ping_status":"closed","template":"","meta":{"_acf_changed":false},"product_brand":[],"product_cat":[37],"product_tag":[],"class_list":{"0":"post-3021","1":"product","2":"type-product","3":"status-publish","4":"has-post-thumbnail","6":"product_cat-esteticabeauty","8":"first","9":"instock","10":"virtual","11":"purchasable","12":"product-type-simple"},"acf":[],"yoast_head":"<!-- This site is optimized with the Yoast SEO plugin v27.2 - https:\/\/yoast.com\/product\/yoast-seo-wordpress\/ -->\n<title>Terapie cu radiovrecven\u021b\u0103 - 60 minute - Atasagon<\/title>\n<meta name=\"robots\" content=\"index, follow, max-snippet:-1, max-image-preview:large, max-video-preview:-1\" \/>\n<link rel=\"canonical\" href=\"https:\/\/atasagon.com\/en\/product\/terapie-cu-radiovrecventa-60-minute\/\" \/>\n<meta property=\"og:locale\" content=\"en_US\" \/>\n<meta property=\"og:type\" content=\"article\" \/>\n<meta property=\"og:title\" content=\"Terapie cu radiovrecven\u021b\u0103 - 60 minute - Atasagon\" \/>\n<meta property=\"og:description\" content=\"60 min \/ 270 ron Frumuse\u021bea \u00eencepe \u00een momentul \u00een care te sim\u021bi bine \u00een pielea ta, iar pentru tine acel moment este acum! Pe m\u0103sur\u0103 ce \u00eenaint\u0103m \u00een via\u021b\u0103, pielea \u00eencepe s\u0103 \u00ee\u0219i piard\u0103 din elasticitate \u0219i fermitate, iar pielea l\u0103sat\u0103, liniile fine \u0219i chiar ridurile ad\u00e2nci \u00ee\u0219i fac apari\u021bia din ce \u00een ce&hellip;\" \/>\n<meta property=\"og:url\" content=\"https:\/\/atasagon.com\/en\/product\/terapie-cu-radiovrecventa-60-minute\/\" \/>\n<meta property=\"og:site_name\" content=\"Atasagon\" \/>\n<meta property=\"article:publisher\" content=\"https:\/\/www.facebook.com\/atasagon\/\" \/>\n<meta property=\"article:modified_time\" content=\"2023-10-03T08:17:49+00:00\" \/>\n<meta property=\"og:image\" content=\"https:\/\/atasagon.com\/wp-content\/uploads\/2023\/01\/Terapie-cu-radiofrecventa-scaled.jpg\" \/>\n\t<meta property=\"og:image:width\" content=\"2560\" \/>\n\t<meta property=\"og:image:height\" content=\"1706\" \/>\n\t<meta property=\"og:image:type\" content=\"image\/jpeg\" \/>\n<meta name=\"twitter:card\" content=\"summary_large_image\" \/>\n<meta name=\"twitter:label1\" content=\"Est. reading time\" \/>\n\t<meta name=\"twitter:data1\" content=\"1 minute\" \/>\n<script type=\"application\/ld+json\" class=\"yoast-schema-graph\">{\"@context\":\"https:\/\/schema.org\",\"@graph\":[{\"@type\":\"WebPage\",\"@id\":\"https:\/\/atasagon.com\/produs\/terapie-cu-radiovrecventa-60-minute\/\",\"url\":\"https:\/\/atasagon.com\/produs\/terapie-cu-radiovrecventa-60-minute\/\",\"name\":\"Terapie cu radiovrecven\u021b\u0103 - 60 minute - Atasagon\",\"isPartOf\":{\"@id\":\"https:\/\/atasagon.com\/#website\"},\"primaryImageOfPage\":{\"@id\":\"https:\/\/atasagon.com\/produs\/terapie-cu-radiovrecventa-60-minute\/#primaryimage\"},\"image\":{\"@id\":\"https:\/\/atasagon.com\/produs\/terapie-cu-radiovrecventa-60-minute\/#primaryimage\"},\"thumbnailUrl\":\"https:\/\/atasagon.com\/wp-content\/uploads\/2023\/01\/Terapie-cu-radiofrecventa-scaled.jpg\",\"datePublished\":\"2023-01-19T15:15:51+00:00\",\"dateModified\":\"2023-10-03T08:17:49+00:00\",\"breadcrumb\":{\"@id\":\"https:\/\/atasagon.com\/produs\/terapie-cu-radiovrecventa-60-minute\/#breadcrumb\"},\"inLanguage\":\"en-US\",\"potentialAction\":[{\"@type\":\"ReadAction\",\"target\":[\"https:\/\/atasagon.com\/produs\/terapie-cu-radiovrecventa-60-minute\/\"]}]},{\"@type\":\"ImageObject\",\"inLanguage\":\"en-US\",\"@id\":\"https:\/\/atasagon.com\/produs\/terapie-cu-radiovrecventa-60-minute\/#primaryimage\",\"url\":\"https:\/\/atasagon.com\/wp-content\/uploads\/2023\/01\/Terapie-cu-radiofrecventa-scaled.jpg\",\"contentUrl\":\"https:\/\/atasagon.com\/wp-content\/uploads\/2023\/01\/Terapie-cu-radiofrecventa-scaled.jpg\",\"width\":2560,\"height\":1706},{\"@type\":\"BreadcrumbList\",\"@id\":\"https:\/\/atasagon.com\/produs\/terapie-cu-radiovrecventa-60-minute\/#breadcrumb\",\"itemListElement\":[{\"@type\":\"ListItem\",\"position\":1,\"name\":\"Home\",\"item\":\"https:\/\/atasagon.com\/\"},{\"@type\":\"ListItem\",\"position\":2,\"name\":\"Products\",\"item\":\"https:\/\/atasagon.com\/en\/shop\/\"},{\"@type\":\"ListItem\",\"position\":3,\"name\":\"Terapie cu radiovrecven\u021b\u0103 &#8211; 60 minute\"}]},{\"@type\":\"WebSite\",\"@id\":\"https:\/\/atasagon.com\/#website\",\"url\":\"https:\/\/atasagon.com\/\",\"name\":\"Atasagon\",\"description\":\"Primul centru de nutri\u021bie \u0219i detoxifiere din Rom\u00e2nia\",\"publisher\":{\"@id\":\"https:\/\/atasagon.com\/#organization\"},\"potentialAction\":[{\"@type\":\"SearchAction\",\"target\":{\"@type\":\"EntryPoint\",\"urlTemplate\":\"https:\/\/atasagon.com\/?s={search_term_string}\"},\"query-input\":{\"@type\":\"PropertyValueSpecification\",\"valueRequired\":true,\"valueName\":\"search_term_string\"}}],\"inLanguage\":\"en-US\"},{\"@type\":\"Organization\",\"@id\":\"https:\/\/atasagon.com\/#organization\",\"name\":\"Atasagon\",\"url\":\"https:\/\/atasagon.com\/\",\"logo\":{\"@type\":\"ImageObject\",\"inLanguage\":\"en-US\",\"@id\":\"https:\/\/atasagon.com\/#\/schema\/logo\/image\/\",\"url\":\"https:\/\/atasagon.com\/wp-content\/uploads\/2023\/01\/cropped-atasagon-logo-2-175x58-1.png\",\"contentUrl\":\"https:\/\/atasagon.com\/wp-content\/uploads\/2023\/01\/cropped-atasagon-logo-2-175x58-1.png\",\"width\":175,\"height\":58,\"caption\":\"Atasagon\"},\"image\":{\"@id\":\"https:\/\/atasagon.com\/#\/schema\/logo\/image\/\"},\"sameAs\":[\"https:\/\/www.facebook.com\/atasagon\/\",\"https:\/\/instagram.com\/atasagon\"]}]}<\/script>\n<!-- \/ Yoast SEO plugin. -->","yoast_head_json":{"title":"Terapie cu radiovrecven\u021b\u0103 - 60 minute - Atasagon","robots":{"index":"index","follow":"follow","max-snippet":"max-snippet:-1","max-image-preview":"max-image-preview:large","max-video-preview":"max-video-preview:-1"},"canonical":"https:\/\/atasagon.com\/en\/product\/terapie-cu-radiovrecventa-60-minute\/","og_locale":"en_US","og_type":"article","og_title":"Terapie cu radiovrecven\u021b\u0103 - 60 minute - Atasagon","og_description":"60 min \/ 270 ron Frumuse\u021bea \u00eencepe \u00een momentul \u00een care te sim\u021bi bine \u00een pielea ta, iar pentru tine acel moment este acum! Pe m\u0103sur\u0103 ce \u00eenaint\u0103m \u00een via\u021b\u0103, pielea \u00eencepe s\u0103 \u00ee\u0219i piard\u0103 din elasticitate \u0219i fermitate, iar pielea l\u0103sat\u0103, liniile fine \u0219i chiar ridurile ad\u00e2nci \u00ee\u0219i fac apari\u021bia din ce \u00een ce&hellip;","og_url":"https:\/\/atasagon.com\/en\/product\/terapie-cu-radiovrecventa-60-minute\/","og_site_name":"Atasagon","article_publisher":"https:\/\/www.facebook.com\/atasagon\/","article_modified_time":"2023-10-03T08:17:49+00:00","og_image":[{"width":2560,"height":1706,"url":"https:\/\/atasagon.com\/wp-content\/uploads\/2023\/01\/Terapie-cu-radiofrecventa-scaled.jpg","type":"image\/jpeg"}],"twitter_card":"summary_large_image","twitter_misc":{"Est. reading time":"1 minute"},"schema":{"@context":"https:\/\/schema.org","@graph":[{"@type":"WebPage","@id":"https:\/\/atasagon.com\/produs\/terapie-cu-radiovrecventa-60-minute\/","url":"https:\/\/atasagon.com\/produs\/terapie-cu-radiovrecventa-60-minute\/","name":"Terapie cu radiovrecven\u021b\u0103 - 60 minute - Atasagon","isPartOf":{"@id":"https:\/\/atasagon.com\/#website"},"primaryImageOfPage":{"@id":"https:\/\/atasagon.com\/produs\/terapie-cu-radiovrecventa-60-minute\/#primaryimage"},"image":{"@id":"https:\/\/atasagon.com\/produs\/terapie-cu-radiovrecventa-60-minute\/#primaryimage"},"thumbnailUrl":"https:\/\/atasagon.com\/wp-content\/uploads\/2023\/01\/Terapie-cu-radiofrecventa-scaled.jpg","datePublished":"2023-01-19T15:15:51+00:00","dateModified":"2023-10-03T08:17:49+00:00","breadcrumb":{"@id":"https:\/\/atasagon.com\/produs\/terapie-cu-radiovrecventa-60-minute\/#breadcrumb"},"inLanguage":"en-US","potentialAction":[{"@type":"ReadAction","target":["https:\/\/atasagon.com\/produs\/terapie-cu-radiovrecventa-60-minute\/"]}]},{"@type":"ImageObject","inLanguage":"en-US","@id":"https:\/\/atasagon.com\/produs\/terapie-cu-radiovrecventa-60-minute\/#primaryimage","url":"https:\/\/atasagon.com\/wp-content\/uploads\/2023\/01\/Terapie-cu-radiofrecventa-scaled.jpg","contentUrl":"https:\/\/atasagon.com\/wp-content\/uploads\/2023\/01\/Terapie-cu-radiofrecventa-scaled.jpg","width":2560,"height":1706},{"@type":"BreadcrumbList","@id":"https:\/\/atasagon.com\/produs\/terapie-cu-radiovrecventa-60-minute\/#breadcrumb","itemListElement":[{"@type":"ListItem","position":1,"name":"Home","item":"https:\/\/atasagon.com\/"},{"@type":"ListItem","position":2,"name":"Products","item":"https:\/\/atasagon.com\/en\/shop\/"},{"@type":"ListItem","position":3,"name":"Terapie cu radiovrecven\u021b\u0103 &#8211; 60 minute"}]},{"@type":"WebSite","@id":"https:\/\/atasagon.com\/#website","url":"https:\/\/atasagon.com\/","name":"Atasagon","description":"The first nutrition and detoxification center in Romania","publisher":{"@id":"https:\/\/atasagon.com\/#organization"},"potentialAction":[{"@type":"SearchAction","target":{"@type":"EntryPoint","urlTemplate":"https:\/\/atasagon.com\/?s={search_term_string}"},"query-input":{"@type":"PropertyValueSpecification","valueRequired":true,"valueName":"search_term_string"}}],"inLanguage":"en-US"},{"@type":"Organization","@id":"https:\/\/atasagon.com\/#organization","name":"Atasagon","url":"https:\/\/atasagon.com\/","logo":{"@type":"ImageObject","inLanguage":"en-US","@id":"https:\/\/atasagon.com\/#\/schema\/logo\/image\/","url":"https:\/\/atasagon.com\/wp-content\/uploads\/2023\/01\/cropped-atasagon-logo-2-175x58-1.png","contentUrl":"https:\/\/atasagon.com\/wp-content\/uploads\/2023\/01\/cropped-atasagon-logo-2-175x58-1.png","width":175,"height":58,"caption":"Atasagon"},"image":{"@id":"https:\/\/atasagon.com\/#\/schema\/logo\/image\/"},"sameAs":["https:\/\/www.facebook.com\/atasagon\/","https:\/\/instagram.com\/atasagon"]}]}},"_links":{"self":[{"href":"https:\/\/atasagon.com\/en\/wp-json\/wp\/v2\/product\/3021","targetHints":{"allow":["GET"]}}],"collection":[{"href":"https:\/\/atasagon.com\/en\/wp-json\/wp\/v2\/product"}],"about":[{"href":"https:\/\/atasagon.com\/en\/wp-json\/wp\/v2\/types\/product"}],"replies":[{"embeddable":true,"href":"https:\/\/atasagon.com\/en\/wp-json\/wp\/v2\/comments?post=3021"}],"wp:featuredmedia":[{"embeddable":true,"href":"https:\/\/atasagon.com\/en\/wp-json\/wp\/v2\/media\/4602"}],"wp:attachment":[{"href":"https:\/\/atasagon.com\/en\/wp-json\/wp\/v2\/media?parent=3021"}],"wp:term":[{"taxonomy":"product_brand","embeddable":true,"href":"https:\/\/atasagon.com\/en\/wp-json\/wp\/v2\/product_brand?post=3021"},{"taxonomy":"product_cat","embeddable":true,"href":"https:\/\/atasagon.com\/en\/wp-json\/wp\/v2\/product_cat?post=3021"},{"taxonomy":"product_tag","embeddable":true,"href":"https:\/\/atasagon.com\/en\/wp-json\/wp\/v2\/product_tag?post=3021"}],"curies":[{"name":"wp","href":"https:\/\/api.w.org\/{rel}","templated":true}]}}