{"id":3017,"date":"2023-01-19T15:13:39","date_gmt":"2023-01-19T15:13:39","guid":{"rendered":"https:\/\/dev.mabit.ro\/?post_type=product&#038;p=3017"},"modified":"2026-02-11T13:52:56","modified_gmt":"2026-02-11T10:52:56","slug":"meso-skin-therapy","status":"publish","type":"product","link":"https:\/\/atasagon.com\/en\/product\/meso-skin-therapy\/","title":{"rendered":"Meso Skin Therapy"},"content":{"rendered":"<p>Treatments for the natural synthesis of collagen and elastin are becoming more and more recognized as &quot;fountains of youth&quot;. Do you like how it sounds? Meso Skin Therapy features the most advanced automatic micro-needling system for skin rejuvenation, stretch mark and scar reduction, and scalp therapies.<\/p>\n<p>In the Meso Skin therapy, micro-channels are created with the help of sterile and disposable needles. These micro-perforations immediately activate skin cell divisions for self-healing and self-regeneration on the treated area.<\/p>\n<p>The increase in the number of skin cells leads to the acceleration of collagen production. New collagen begins to migrate to the surface of the treated skin.<\/p>\n<p>Meso Skin Therapy represents the ideal solution for skin rejuvenation, for reducing scars and stretch marks, thus becoming an alternative to laser therapies.<\/p>\n<p>Regain your skin&#039;s youth!<\/p>","protected":false},"excerpt":{"rendered":"<p>Treatments for the natural synthesis of collagen and elastin are becoming more and more recognized as &quot;fountains of youth&quot;. Do you like how it sounds? Meso Skin Therapy features the most advanced automatic micro-needling system for skin rejuvenation, stretch mark and scar reduction, and scalp therapies. As part of the Meso therapy...<\/p>","protected":false},"featured_media":4674,"comment_status":"open","ping_status":"closed","template":"","meta":{"_acf_changed":false},"product_brand":[],"product_cat":[37],"product_tag":[],"class_list":{"0":"post-3017","1":"product","2":"type-product","3":"status-publish","4":"has-post-thumbnail","6":"product_cat-esteticabeauty","8":"first","9":"instock","10":"shipping-taxable","11":"purchasable","12":"product-type-variable"},"acf":[],"yoast_head":"<!-- This site is optimized with the Yoast SEO plugin v27.2 - https:\/\/yoast.com\/product\/yoast-seo-wordpress\/ -->\n<title>Meso Skin Therapy - Atasagon<\/title>\n<meta name=\"robots\" content=\"index, follow, max-snippet:-1, max-image-preview:large, max-video-preview:-1\" \/>\n<link rel=\"canonical\" href=\"https:\/\/atasagon.com\/en\/product\/meso-skin-therapy\/\" \/>\n<meta property=\"og:locale\" content=\"en_US\" \/>\n<meta property=\"og:type\" content=\"article\" \/>\n<meta property=\"og:title\" content=\"Meso Skin Therapy - Atasagon\" \/>\n<meta property=\"og:description\" content=\"Tratamentele pentru sintetizarea natural\u0103 de colagen \u0219i elastin\u0103 \u00eencep s\u0103 fie din ce \u00een ce mai recunoscute ca si \u201d f\u00e2nt\u00e2nile tineretii\u201d. \u00ce\u021bi place cum sun\u0103? Meso Skin Therapy prezint\u0103 cel mai avansat sistem automatic de micro-ace pentru rejuvenarea pielii, reducerea vergeturilor \u0219i a cicatricilor, precum \u0219i pentru terapii ale scalpului. In cadrul terapiei Meso&hellip;\" \/>\n<meta property=\"og:url\" content=\"https:\/\/atasagon.com\/en\/product\/meso-skin-therapy\/\" \/>\n<meta property=\"og:site_name\" content=\"Atasagon\" \/>\n<meta property=\"article:publisher\" content=\"https:\/\/www.facebook.com\/atasagon\/\" \/>\n<meta property=\"article:modified_time\" content=\"2026-02-11T10:52:56+00:00\" \/>\n<meta property=\"og:image\" content=\"https:\/\/atasagon.com\/wp-content\/uploads\/2023\/02\/Mezo-Skin-1-scaled.jpg\" \/>\n\t<meta property=\"og:image:width\" content=\"2560\" \/>\n\t<meta property=\"og:image:height\" content=\"1706\" \/>\n\t<meta property=\"og:image:type\" content=\"image\/jpeg\" \/>\n<meta name=\"twitter:card\" content=\"summary_large_image\" \/>\n<meta name=\"twitter:label1\" content=\"Est. reading time\" \/>\n\t<meta name=\"twitter:data1\" content=\"1 minute\" \/>\n<script type=\"application\/ld+json\" class=\"yoast-schema-graph\">{\"@context\":\"https:\/\/schema.org\",\"@graph\":[{\"@type\":\"WebPage\",\"@id\":\"https:\/\/atasagon.com\/produs\/meso-skin-therapy\/\",\"url\":\"https:\/\/atasagon.com\/produs\/meso-skin-therapy\/\",\"name\":\"Meso Skin Therapy - Atasagon\",\"isPartOf\":{\"@id\":\"https:\/\/atasagon.com\/#website\"},\"primaryImageOfPage\":{\"@id\":\"https:\/\/atasagon.com\/produs\/meso-skin-therapy\/#primaryimage\"},\"image\":{\"@id\":\"https:\/\/atasagon.com\/produs\/meso-skin-therapy\/#primaryimage\"},\"thumbnailUrl\":\"https:\/\/atasagon.com\/wp-content\/uploads\/2023\/02\/Mezo-Skin-1-scaled.jpg\",\"datePublished\":\"2023-01-19T15:13:39+00:00\",\"dateModified\":\"2026-02-11T10:52:56+00:00\",\"breadcrumb\":{\"@id\":\"https:\/\/atasagon.com\/produs\/meso-skin-therapy\/#breadcrumb\"},\"inLanguage\":\"en-US\",\"potentialAction\":[{\"@type\":\"ReadAction\",\"target\":[\"https:\/\/atasagon.com\/produs\/meso-skin-therapy\/\"]}]},{\"@type\":\"ImageObject\",\"inLanguage\":\"en-US\",\"@id\":\"https:\/\/atasagon.com\/produs\/meso-skin-therapy\/#primaryimage\",\"url\":\"https:\/\/atasagon.com\/wp-content\/uploads\/2023\/02\/Mezo-Skin-1-scaled.jpg\",\"contentUrl\":\"https:\/\/atasagon.com\/wp-content\/uploads\/2023\/02\/Mezo-Skin-1-scaled.jpg\",\"width\":2560,\"height\":1706},{\"@type\":\"BreadcrumbList\",\"@id\":\"https:\/\/atasagon.com\/produs\/meso-skin-therapy\/#breadcrumb\",\"itemListElement\":[{\"@type\":\"ListItem\",\"position\":1,\"name\":\"Home\",\"item\":\"https:\/\/atasagon.com\/\"},{\"@type\":\"ListItem\",\"position\":2,\"name\":\"Products\",\"item\":\"https:\/\/atasagon.com\/en\/shop\/\"},{\"@type\":\"ListItem\",\"position\":3,\"name\":\"Meso Skin Therapy\"}]},{\"@type\":\"WebSite\",\"@id\":\"https:\/\/atasagon.com\/#website\",\"url\":\"https:\/\/atasagon.com\/\",\"name\":\"Atasagon\",\"description\":\"Primul centru de nutri\u021bie \u0219i detoxifiere din Rom\u00e2nia\",\"publisher\":{\"@id\":\"https:\/\/atasagon.com\/#organization\"},\"potentialAction\":[{\"@type\":\"SearchAction\",\"target\":{\"@type\":\"EntryPoint\",\"urlTemplate\":\"https:\/\/atasagon.com\/?s={search_term_string}\"},\"query-input\":{\"@type\":\"PropertyValueSpecification\",\"valueRequired\":true,\"valueName\":\"search_term_string\"}}],\"inLanguage\":\"en-US\"},{\"@type\":\"Organization\",\"@id\":\"https:\/\/atasagon.com\/#organization\",\"name\":\"Atasagon\",\"url\":\"https:\/\/atasagon.com\/\",\"logo\":{\"@type\":\"ImageObject\",\"inLanguage\":\"en-US\",\"@id\":\"https:\/\/atasagon.com\/#\/schema\/logo\/image\/\",\"url\":\"https:\/\/atasagon.com\/wp-content\/uploads\/2023\/01\/cropped-atasagon-logo-2-175x58-1.png\",\"contentUrl\":\"https:\/\/atasagon.com\/wp-content\/uploads\/2023\/01\/cropped-atasagon-logo-2-175x58-1.png\",\"width\":175,\"height\":58,\"caption\":\"Atasagon\"},\"image\":{\"@id\":\"https:\/\/atasagon.com\/#\/schema\/logo\/image\/\"},\"sameAs\":[\"https:\/\/www.facebook.com\/atasagon\/\",\"https:\/\/instagram.com\/atasagon\"]}]}<\/script>\n<!-- \/ Yoast SEO plugin. -->","yoast_head_json":{"title":"Meso Skin Therapy - Atasagon","robots":{"index":"index","follow":"follow","max-snippet":"max-snippet:-1","max-image-preview":"max-image-preview:large","max-video-preview":"max-video-preview:-1"},"canonical":"https:\/\/atasagon.com\/en\/product\/meso-skin-therapy\/","og_locale":"en_US","og_type":"article","og_title":"Meso Skin Therapy - Atasagon","og_description":"Tratamentele pentru sintetizarea natural\u0103 de colagen \u0219i elastin\u0103 \u00eencep s\u0103 fie din ce \u00een ce mai recunoscute ca si \u201d f\u00e2nt\u00e2nile tineretii\u201d. \u00ce\u021bi place cum sun\u0103? Meso Skin Therapy prezint\u0103 cel mai avansat sistem automatic de micro-ace pentru rejuvenarea pielii, reducerea vergeturilor \u0219i a cicatricilor, precum \u0219i pentru terapii ale scalpului. In cadrul terapiei Meso&hellip;","og_url":"https:\/\/atasagon.com\/en\/product\/meso-skin-therapy\/","og_site_name":"Atasagon","article_publisher":"https:\/\/www.facebook.com\/atasagon\/","article_modified_time":"2026-02-11T10:52:56+00:00","og_image":[{"width":2560,"height":1706,"url":"https:\/\/atasagon.com\/wp-content\/uploads\/2023\/02\/Mezo-Skin-1-scaled.jpg","type":"image\/jpeg"}],"twitter_card":"summary_large_image","twitter_misc":{"Est. reading time":"1 minute"},"schema":{"@context":"https:\/\/schema.org","@graph":[{"@type":"WebPage","@id":"https:\/\/atasagon.com\/produs\/meso-skin-therapy\/","url":"https:\/\/atasagon.com\/produs\/meso-skin-therapy\/","name":"Meso Skin Therapy - Atasagon","isPartOf":{"@id":"https:\/\/atasagon.com\/#website"},"primaryImageOfPage":{"@id":"https:\/\/atasagon.com\/produs\/meso-skin-therapy\/#primaryimage"},"image":{"@id":"https:\/\/atasagon.com\/produs\/meso-skin-therapy\/#primaryimage"},"thumbnailUrl":"https:\/\/atasagon.com\/wp-content\/uploads\/2023\/02\/Mezo-Skin-1-scaled.jpg","datePublished":"2023-01-19T15:13:39+00:00","dateModified":"2026-02-11T10:52:56+00:00","breadcrumb":{"@id":"https:\/\/atasagon.com\/produs\/meso-skin-therapy\/#breadcrumb"},"inLanguage":"en-US","potentialAction":[{"@type":"ReadAction","target":["https:\/\/atasagon.com\/produs\/meso-skin-therapy\/"]}]},{"@type":"ImageObject","inLanguage":"en-US","@id":"https:\/\/atasagon.com\/produs\/meso-skin-therapy\/#primaryimage","url":"https:\/\/atasagon.com\/wp-content\/uploads\/2023\/02\/Mezo-Skin-1-scaled.jpg","contentUrl":"https:\/\/atasagon.com\/wp-content\/uploads\/2023\/02\/Mezo-Skin-1-scaled.jpg","width":2560,"height":1706},{"@type":"BreadcrumbList","@id":"https:\/\/atasagon.com\/produs\/meso-skin-therapy\/#breadcrumb","itemListElement":[{"@type":"ListItem","position":1,"name":"Home","item":"https:\/\/atasagon.com\/"},{"@type":"ListItem","position":2,"name":"Products","item":"https:\/\/atasagon.com\/en\/shop\/"},{"@type":"ListItem","position":3,"name":"Meso Skin Therapy"}]},{"@type":"WebSite","@id":"https:\/\/atasagon.com\/#website","url":"https:\/\/atasagon.com\/","name":"Atasagon","description":"The first nutrition and detoxification center in Romania","publisher":{"@id":"https:\/\/atasagon.com\/#organization"},"potentialAction":[{"@type":"SearchAction","target":{"@type":"EntryPoint","urlTemplate":"https:\/\/atasagon.com\/?s={search_term_string}"},"query-input":{"@type":"PropertyValueSpecification","valueRequired":true,"valueName":"search_term_string"}}],"inLanguage":"en-US"},{"@type":"Organization","@id":"https:\/\/atasagon.com\/#organization","name":"Atasagon","url":"https:\/\/atasagon.com\/","logo":{"@type":"ImageObject","inLanguage":"en-US","@id":"https:\/\/atasagon.com\/#\/schema\/logo\/image\/","url":"https:\/\/atasagon.com\/wp-content\/uploads\/2023\/01\/cropped-atasagon-logo-2-175x58-1.png","contentUrl":"https:\/\/atasagon.com\/wp-content\/uploads\/2023\/01\/cropped-atasagon-logo-2-175x58-1.png","width":175,"height":58,"caption":"Atasagon"},"image":{"@id":"https:\/\/atasagon.com\/#\/schema\/logo\/image\/"},"sameAs":["https:\/\/www.facebook.com\/atasagon\/","https:\/\/instagram.com\/atasagon"]}]}},"_links":{"self":[{"href":"https:\/\/atasagon.com\/en\/wp-json\/wp\/v2\/product\/3017","targetHints":{"allow":["GET"]}}],"collection":[{"href":"https:\/\/atasagon.com\/en\/wp-json\/wp\/v2\/product"}],"about":[{"href":"https:\/\/atasagon.com\/en\/wp-json\/wp\/v2\/types\/product"}],"replies":[{"embeddable":true,"href":"https:\/\/atasagon.com\/en\/wp-json\/wp\/v2\/comments?post=3017"}],"wp:featuredmedia":[{"embeddable":true,"href":"https:\/\/atasagon.com\/en\/wp-json\/wp\/v2\/media\/4674"}],"wp:attachment":[{"href":"https:\/\/atasagon.com\/en\/wp-json\/wp\/v2\/media?parent=3017"}],"wp:term":[{"taxonomy":"product_brand","embeddable":true,"href":"https:\/\/atasagon.com\/en\/wp-json\/wp\/v2\/product_brand?post=3017"},{"taxonomy":"product_cat","embeddable":true,"href":"https:\/\/atasagon.com\/en\/wp-json\/wp\/v2\/product_cat?post=3017"},{"taxonomy":"product_tag","embeddable":true,"href":"https:\/\/atasagon.com\/en\/wp-json\/wp\/v2\/product_tag?post=3017"}],"curies":[{"name":"wp","href":"https:\/\/api.w.org\/{rel}","templated":true}]}}