{"id":3012,"date":"2023-01-19T15:11:02","date_gmt":"2023-01-19T15:11:02","guid":{"rendered":"https:\/\/dev.mabit.ro\/?post_type=product&#038;p=3012"},"modified":"2026-02-11T13:19:39","modified_gmt":"2026-02-11T10:19:39","slug":"tratament-de-curatare-exfoliere","status":"publish","type":"product","link":"https:\/\/atasagon.com\/en\/product\/tratament-de-curatare-exfoliere\/","title":{"rendered":"Exfoliation treatment"},"content":{"rendered":"<p>30-45 min \/ 200 ron<\/p>\n<p>Although you are often tempted to try regenerating treatments from the comfort of your home, it is best to leave it to the professionals. At Atasagon, we use the synergy of advanced technology and the expertise of SOTHYS estheticians to ensure a safe and effective experience. Following this treatment, your cells are renewed by removing dead cells with the help of exfoliating acids (glycolic acid and salicylic acid). Leave yourself in our hands and enjoy guaranteed results!<\/p>\n<p>Exposure to the sun after this treatment is not recommended.<\/p>\n<p>Contraindications: severe acne, severe infections<\/p>","protected":false},"excerpt":{"rendered":"<p>30-45 min \/ 200 ron De\u0219i de multe ori e\u0219ti tentat s\u0103 \u00eencerci tratamente regeneratoare din confortul casei, cel mai bine este s\u0103 te la\u0219i pe m\u00e2na profesioni\u0219tilor. La Atasagon, folosim sinergia tehnologiei avansate \u0219i expertiza esteticienilor SOTHYS pentru a-\u021bi asigura o experien\u021b\u0103 sigur\u0103 \u0219i eficient\u0103. \u00cen urma acestui tratament, celulele tale sunt re\u00eennoite prin&hellip;<\/p>","protected":false},"featured_media":4604,"comment_status":"open","ping_status":"closed","template":"","meta":{"_acf_changed":false},"product_brand":[],"product_cat":[37],"product_tag":[],"class_list":{"0":"post-3012","1":"product","2":"type-product","3":"status-publish","4":"has-post-thumbnail","6":"product_cat-esteticabeauty","8":"first","9":"instock","10":"virtual","11":"purchasable","12":"product-type-simple"},"acf":[],"yoast_head":"<!-- This site is optimized with the Yoast SEO plugin v27.2 - https:\/\/yoast.com\/product\/yoast-seo-wordpress\/ -->\n<title>Tratament de exfoliere - Atasagon<\/title>\n<meta name=\"robots\" content=\"index, follow, max-snippet:-1, max-image-preview:large, max-video-preview:-1\" \/>\n<link rel=\"canonical\" href=\"https:\/\/atasagon.com\/en\/product\/tratament-de-curatare-exfoliere\/\" \/>\n<meta property=\"og:locale\" content=\"en_US\" \/>\n<meta property=\"og:type\" content=\"article\" \/>\n<meta property=\"og:title\" content=\"Tratament de exfoliere - Atasagon\" \/>\n<meta property=\"og:description\" content=\"30-45 min \/ 200 ron De\u0219i de multe ori e\u0219ti tentat s\u0103 \u00eencerci tratamente regeneratoare din confortul casei, cel mai bine este s\u0103 te la\u0219i pe m\u00e2na profesioni\u0219tilor. La Atasagon, folosim sinergia tehnologiei avansate \u0219i expertiza esteticienilor SOTHYS pentru a-\u021bi asigura o experien\u021b\u0103 sigur\u0103 \u0219i eficient\u0103. \u00cen urma acestui tratament, celulele tale sunt re\u00eennoite prin&hellip;\" \/>\n<meta property=\"og:url\" content=\"https:\/\/atasagon.com\/en\/product\/tratament-de-curatare-exfoliere\/\" \/>\n<meta property=\"og:site_name\" content=\"Atasagon\" \/>\n<meta property=\"article:publisher\" content=\"https:\/\/www.facebook.com\/atasagon\/\" \/>\n<meta property=\"article:modified_time\" content=\"2026-02-11T10:19:39+00:00\" \/>\n<meta property=\"og:image\" content=\"https:\/\/atasagon.com\/wp-content\/uploads\/2023\/01\/Tratament-de-curatare-si-exfoliere-scaled.jpg\" \/>\n\t<meta property=\"og:image:width\" content=\"2560\" \/>\n\t<meta property=\"og:image:height\" content=\"1706\" \/>\n\t<meta property=\"og:image:type\" content=\"image\/jpeg\" \/>\n<meta name=\"twitter:card\" content=\"summary_large_image\" \/>\n<meta name=\"twitter:label1\" content=\"Est. reading time\" \/>\n\t<meta name=\"twitter:data1\" content=\"1 minute\" \/>\n<script type=\"application\/ld+json\" class=\"yoast-schema-graph\">{\"@context\":\"https:\/\/schema.org\",\"@graph\":[{\"@type\":\"WebPage\",\"@id\":\"https:\/\/atasagon.com\/produs\/tratament-de-curatare-exfoliere\/\",\"url\":\"https:\/\/atasagon.com\/produs\/tratament-de-curatare-exfoliere\/\",\"name\":\"Tratament de exfoliere - Atasagon\",\"isPartOf\":{\"@id\":\"https:\/\/atasagon.com\/#website\"},\"primaryImageOfPage\":{\"@id\":\"https:\/\/atasagon.com\/produs\/tratament-de-curatare-exfoliere\/#primaryimage\"},\"image\":{\"@id\":\"https:\/\/atasagon.com\/produs\/tratament-de-curatare-exfoliere\/#primaryimage\"},\"thumbnailUrl\":\"https:\/\/atasagon.com\/wp-content\/uploads\/2023\/01\/Tratament-de-curatare-si-exfoliere-scaled.jpg\",\"datePublished\":\"2023-01-19T15:11:02+00:00\",\"dateModified\":\"2026-02-11T10:19:39+00:00\",\"breadcrumb\":{\"@id\":\"https:\/\/atasagon.com\/produs\/tratament-de-curatare-exfoliere\/#breadcrumb\"},\"inLanguage\":\"en-US\",\"potentialAction\":[{\"@type\":\"ReadAction\",\"target\":[\"https:\/\/atasagon.com\/produs\/tratament-de-curatare-exfoliere\/\"]}]},{\"@type\":\"ImageObject\",\"inLanguage\":\"en-US\",\"@id\":\"https:\/\/atasagon.com\/produs\/tratament-de-curatare-exfoliere\/#primaryimage\",\"url\":\"https:\/\/atasagon.com\/wp-content\/uploads\/2023\/01\/Tratament-de-curatare-si-exfoliere-scaled.jpg\",\"contentUrl\":\"https:\/\/atasagon.com\/wp-content\/uploads\/2023\/01\/Tratament-de-curatare-si-exfoliere-scaled.jpg\",\"width\":2560,\"height\":1706},{\"@type\":\"BreadcrumbList\",\"@id\":\"https:\/\/atasagon.com\/produs\/tratament-de-curatare-exfoliere\/#breadcrumb\",\"itemListElement\":[{\"@type\":\"ListItem\",\"position\":1,\"name\":\"Home\",\"item\":\"https:\/\/atasagon.com\/\"},{\"@type\":\"ListItem\",\"position\":2,\"name\":\"Products\",\"item\":\"https:\/\/atasagon.com\/en\/shop\/\"},{\"@type\":\"ListItem\",\"position\":3,\"name\":\"Tratament de exfoliere\"}]},{\"@type\":\"WebSite\",\"@id\":\"https:\/\/atasagon.com\/#website\",\"url\":\"https:\/\/atasagon.com\/\",\"name\":\"Atasagon\",\"description\":\"Primul centru de nutri\u021bie \u0219i detoxifiere din Rom\u00e2nia\",\"publisher\":{\"@id\":\"https:\/\/atasagon.com\/#organization\"},\"potentialAction\":[{\"@type\":\"SearchAction\",\"target\":{\"@type\":\"EntryPoint\",\"urlTemplate\":\"https:\/\/atasagon.com\/?s={search_term_string}\"},\"query-input\":{\"@type\":\"PropertyValueSpecification\",\"valueRequired\":true,\"valueName\":\"search_term_string\"}}],\"inLanguage\":\"en-US\"},{\"@type\":\"Organization\",\"@id\":\"https:\/\/atasagon.com\/#organization\",\"name\":\"Atasagon\",\"url\":\"https:\/\/atasagon.com\/\",\"logo\":{\"@type\":\"ImageObject\",\"inLanguage\":\"en-US\",\"@id\":\"https:\/\/atasagon.com\/#\/schema\/logo\/image\/\",\"url\":\"https:\/\/atasagon.com\/wp-content\/uploads\/2023\/01\/cropped-atasagon-logo-2-175x58-1.png\",\"contentUrl\":\"https:\/\/atasagon.com\/wp-content\/uploads\/2023\/01\/cropped-atasagon-logo-2-175x58-1.png\",\"width\":175,\"height\":58,\"caption\":\"Atasagon\"},\"image\":{\"@id\":\"https:\/\/atasagon.com\/#\/schema\/logo\/image\/\"},\"sameAs\":[\"https:\/\/www.facebook.com\/atasagon\/\",\"https:\/\/instagram.com\/atasagon\"]}]}<\/script>\n<!-- \/ Yoast SEO plugin. -->","yoast_head_json":{"title":"Tratament de exfoliere - Atasagon","robots":{"index":"index","follow":"follow","max-snippet":"max-snippet:-1","max-image-preview":"max-image-preview:large","max-video-preview":"max-video-preview:-1"},"canonical":"https:\/\/atasagon.com\/en\/product\/tratament-de-curatare-exfoliere\/","og_locale":"en_US","og_type":"article","og_title":"Tratament de exfoliere - Atasagon","og_description":"30-45 min \/ 200 ron De\u0219i de multe ori e\u0219ti tentat s\u0103 \u00eencerci tratamente regeneratoare din confortul casei, cel mai bine este s\u0103 te la\u0219i pe m\u00e2na profesioni\u0219tilor. La Atasagon, folosim sinergia tehnologiei avansate \u0219i expertiza esteticienilor SOTHYS pentru a-\u021bi asigura o experien\u021b\u0103 sigur\u0103 \u0219i eficient\u0103. \u00cen urma acestui tratament, celulele tale sunt re\u00eennoite prin&hellip;","og_url":"https:\/\/atasagon.com\/en\/product\/tratament-de-curatare-exfoliere\/","og_site_name":"Atasagon","article_publisher":"https:\/\/www.facebook.com\/atasagon\/","article_modified_time":"2026-02-11T10:19:39+00:00","og_image":[{"width":2560,"height":1706,"url":"https:\/\/atasagon.com\/wp-content\/uploads\/2023\/01\/Tratament-de-curatare-si-exfoliere-scaled.jpg","type":"image\/jpeg"}],"twitter_card":"summary_large_image","twitter_misc":{"Est. reading time":"1 minute"},"schema":{"@context":"https:\/\/schema.org","@graph":[{"@type":"WebPage","@id":"https:\/\/atasagon.com\/produs\/tratament-de-curatare-exfoliere\/","url":"https:\/\/atasagon.com\/produs\/tratament-de-curatare-exfoliere\/","name":"Tratament de exfoliere - Atasagon","isPartOf":{"@id":"https:\/\/atasagon.com\/#website"},"primaryImageOfPage":{"@id":"https:\/\/atasagon.com\/produs\/tratament-de-curatare-exfoliere\/#primaryimage"},"image":{"@id":"https:\/\/atasagon.com\/produs\/tratament-de-curatare-exfoliere\/#primaryimage"},"thumbnailUrl":"https:\/\/atasagon.com\/wp-content\/uploads\/2023\/01\/Tratament-de-curatare-si-exfoliere-scaled.jpg","datePublished":"2023-01-19T15:11:02+00:00","dateModified":"2026-02-11T10:19:39+00:00","breadcrumb":{"@id":"https:\/\/atasagon.com\/produs\/tratament-de-curatare-exfoliere\/#breadcrumb"},"inLanguage":"en-US","potentialAction":[{"@type":"ReadAction","target":["https:\/\/atasagon.com\/produs\/tratament-de-curatare-exfoliere\/"]}]},{"@type":"ImageObject","inLanguage":"en-US","@id":"https:\/\/atasagon.com\/produs\/tratament-de-curatare-exfoliere\/#primaryimage","url":"https:\/\/atasagon.com\/wp-content\/uploads\/2023\/01\/Tratament-de-curatare-si-exfoliere-scaled.jpg","contentUrl":"https:\/\/atasagon.com\/wp-content\/uploads\/2023\/01\/Tratament-de-curatare-si-exfoliere-scaled.jpg","width":2560,"height":1706},{"@type":"BreadcrumbList","@id":"https:\/\/atasagon.com\/produs\/tratament-de-curatare-exfoliere\/#breadcrumb","itemListElement":[{"@type":"ListItem","position":1,"name":"Home","item":"https:\/\/atasagon.com\/"},{"@type":"ListItem","position":2,"name":"Products","item":"https:\/\/atasagon.com\/en\/shop\/"},{"@type":"ListItem","position":3,"name":"Tratament de exfoliere"}]},{"@type":"WebSite","@id":"https:\/\/atasagon.com\/#website","url":"https:\/\/atasagon.com\/","name":"Atasagon","description":"The first nutrition and detoxification center in Romania","publisher":{"@id":"https:\/\/atasagon.com\/#organization"},"potentialAction":[{"@type":"SearchAction","target":{"@type":"EntryPoint","urlTemplate":"https:\/\/atasagon.com\/?s={search_term_string}"},"query-input":{"@type":"PropertyValueSpecification","valueRequired":true,"valueName":"search_term_string"}}],"inLanguage":"en-US"},{"@type":"Organization","@id":"https:\/\/atasagon.com\/#organization","name":"Atasagon","url":"https:\/\/atasagon.com\/","logo":{"@type":"ImageObject","inLanguage":"en-US","@id":"https:\/\/atasagon.com\/#\/schema\/logo\/image\/","url":"https:\/\/atasagon.com\/wp-content\/uploads\/2023\/01\/cropped-atasagon-logo-2-175x58-1.png","contentUrl":"https:\/\/atasagon.com\/wp-content\/uploads\/2023\/01\/cropped-atasagon-logo-2-175x58-1.png","width":175,"height":58,"caption":"Atasagon"},"image":{"@id":"https:\/\/atasagon.com\/#\/schema\/logo\/image\/"},"sameAs":["https:\/\/www.facebook.com\/atasagon\/","https:\/\/instagram.com\/atasagon"]}]}},"_links":{"self":[{"href":"https:\/\/atasagon.com\/en\/wp-json\/wp\/v2\/product\/3012","targetHints":{"allow":["GET"]}}],"collection":[{"href":"https:\/\/atasagon.com\/en\/wp-json\/wp\/v2\/product"}],"about":[{"href":"https:\/\/atasagon.com\/en\/wp-json\/wp\/v2\/types\/product"}],"replies":[{"embeddable":true,"href":"https:\/\/atasagon.com\/en\/wp-json\/wp\/v2\/comments?post=3012"}],"wp:featuredmedia":[{"embeddable":true,"href":"https:\/\/atasagon.com\/en\/wp-json\/wp\/v2\/media\/4604"}],"wp:attachment":[{"href":"https:\/\/atasagon.com\/en\/wp-json\/wp\/v2\/media?parent=3012"}],"wp:term":[{"taxonomy":"product_brand","embeddable":true,"href":"https:\/\/atasagon.com\/en\/wp-json\/wp\/v2\/product_brand?post=3012"},{"taxonomy":"product_cat","embeddable":true,"href":"https:\/\/atasagon.com\/en\/wp-json\/wp\/v2\/product_cat?post=3012"},{"taxonomy":"product_tag","embeddable":true,"href":"https:\/\/atasagon.com\/en\/wp-json\/wp\/v2\/product_tag?post=3012"}],"curies":[{"name":"wp","href":"https:\/\/api.w.org\/{rel}","templated":true}]}}