{"id":3008,"date":"2023-01-19T15:09:12","date_gmt":"2023-01-19T15:09:12","guid":{"rendered":"https:\/\/dev.mabit.ro\/?post_type=product&#038;p=3008"},"modified":"2026-02-11T12:42:48","modified_gmt":"2026-02-11T09:42:48","slug":"tratament-hialuronic","status":"publish","type":"product","link":"https:\/\/atasagon.com\/en\/product\/tratament-hialuronic\/","title":{"rendered":"Hyaluronic treatment"},"content":{"rendered":"<p>75 min\/ 420 ron<br \/>\n<span style=\"font-weight: 400\">Your skin is challenged every day. And to ensure that it is perfectly healthy and bright, choose the hyaluronic treatment at Atasagon.<\/span><\/p>\n<p><span style=\"font-weight: 400\">The high-quality active ingredients help to fill the gaps in the skin layer so that you can quickly get rid of wrinkles and imperfections, right from the first session. After a treatment, your skin is 71% more hydrated.<\/span><\/p>\n<p><span style=\"font-weight: 400\">For 100% results, 3 hyaluronic treatment sessions are recommended.<\/span><\/p>","protected":false},"excerpt":{"rendered":"<p>75 min\/ 420 ron Your skin is subjected to challenges every day. And to ensure that it is perfectly healthy and bright, choose the hyaluronic treatment at Atasagon. The high-quality active ingredients help to fill the gaps in the skin layer so that you can quickly get rid of wrinkles and imperfections, from the first\u2026<\/p>","protected":false},"featured_media":3201,"comment_status":"open","ping_status":"closed","template":"","meta":{"_acf_changed":false},"product_brand":[],"product_cat":[37],"product_tag":[],"class_list":{"0":"post-3008","1":"product","2":"type-product","3":"status-publish","4":"has-post-thumbnail","6":"product_cat-esteticabeauty","8":"first","9":"instock","10":"virtual","11":"purchasable","12":"product-type-simple"},"acf":[],"yoast_head":"<!-- This site is optimized with the Yoast SEO plugin v27.2 - https:\/\/yoast.com\/product\/yoast-seo-wordpress\/ -->\n<title>Tratament hialuronic - Atasagon<\/title>\n<meta name=\"robots\" content=\"index, follow, max-snippet:-1, max-image-preview:large, max-video-preview:-1\" \/>\n<link rel=\"canonical\" href=\"https:\/\/atasagon.com\/en\/product\/tratament-hialuronic\/\" \/>\n<meta property=\"og:locale\" content=\"en_US\" \/>\n<meta property=\"og:type\" content=\"article\" \/>\n<meta property=\"og:title\" content=\"Tratament hialuronic - Atasagon\" \/>\n<meta property=\"og:description\" content=\"75 min\/ 420 ron Tenul t\u0103u este supus \u00een fiecare zi la provoc\u0103ri. Iar ca s\u0103 te asiguri c\u0103 este perfect s\u0103n\u0103tos \u0219i luminos, alege tratamentul hialuronic la Atasagon. Ingredientele active de \u00eenalt\u0103 calitate ajut\u0103 la umplerea golurilor din stratul pielii pentru ca tu s\u0103 scapi rapid de riduri \u0219i imperfec\u021biuni, \u00eenc\u0103 de la prima&hellip;\" \/>\n<meta property=\"og:url\" content=\"https:\/\/atasagon.com\/en\/product\/tratament-hialuronic\/\" \/>\n<meta property=\"og:site_name\" content=\"Atasagon\" \/>\n<meta property=\"article:publisher\" content=\"https:\/\/www.facebook.com\/atasagon\/\" \/>\n<meta property=\"article:modified_time\" content=\"2026-02-11T09:42:48+00:00\" \/>\n<meta property=\"og:image\" content=\"https:\/\/atasagon.com\/wp-content\/uploads\/2023\/01\/tratamenthialuronic.png\" \/>\n\t<meta property=\"og:image:width\" content=\"427\" \/>\n\t<meta property=\"og:image:height\" content=\"522\" \/>\n\t<meta property=\"og:image:type\" content=\"image\/png\" \/>\n<meta name=\"twitter:card\" content=\"summary_large_image\" \/>\n<meta name=\"twitter:label1\" content=\"Est. reading time\" \/>\n\t<meta name=\"twitter:data1\" content=\"1 minute\" \/>\n<script type=\"application\/ld+json\" class=\"yoast-schema-graph\">{\"@context\":\"https:\/\/schema.org\",\"@graph\":[{\"@type\":\"WebPage\",\"@id\":\"https:\/\/atasagon.com\/produs\/tratament-hialuronic\/\",\"url\":\"https:\/\/atasagon.com\/produs\/tratament-hialuronic\/\",\"name\":\"Tratament hialuronic - Atasagon\",\"isPartOf\":{\"@id\":\"https:\/\/atasagon.com\/#website\"},\"primaryImageOfPage\":{\"@id\":\"https:\/\/atasagon.com\/produs\/tratament-hialuronic\/#primaryimage\"},\"image\":{\"@id\":\"https:\/\/atasagon.com\/produs\/tratament-hialuronic\/#primaryimage\"},\"thumbnailUrl\":\"https:\/\/atasagon.com\/wp-content\/uploads\/2023\/01\/tratamenthialuronic.png\",\"datePublished\":\"2023-01-19T15:09:12+00:00\",\"dateModified\":\"2026-02-11T09:42:48+00:00\",\"breadcrumb\":{\"@id\":\"https:\/\/atasagon.com\/produs\/tratament-hialuronic\/#breadcrumb\"},\"inLanguage\":\"en-US\",\"potentialAction\":[{\"@type\":\"ReadAction\",\"target\":[\"https:\/\/atasagon.com\/produs\/tratament-hialuronic\/\"]}]},{\"@type\":\"ImageObject\",\"inLanguage\":\"en-US\",\"@id\":\"https:\/\/atasagon.com\/produs\/tratament-hialuronic\/#primaryimage\",\"url\":\"https:\/\/atasagon.com\/wp-content\/uploads\/2023\/01\/tratamenthialuronic.png\",\"contentUrl\":\"https:\/\/atasagon.com\/wp-content\/uploads\/2023\/01\/tratamenthialuronic.png\",\"width\":427,\"height\":522},{\"@type\":\"BreadcrumbList\",\"@id\":\"https:\/\/atasagon.com\/produs\/tratament-hialuronic\/#breadcrumb\",\"itemListElement\":[{\"@type\":\"ListItem\",\"position\":1,\"name\":\"Home\",\"item\":\"https:\/\/atasagon.com\/\"},{\"@type\":\"ListItem\",\"position\":2,\"name\":\"Products\",\"item\":\"https:\/\/atasagon.com\/en\/shop\/\"},{\"@type\":\"ListItem\",\"position\":3,\"name\":\"Tratament hialuronic\"}]},{\"@type\":\"WebSite\",\"@id\":\"https:\/\/atasagon.com\/#website\",\"url\":\"https:\/\/atasagon.com\/\",\"name\":\"Atasagon\",\"description\":\"Primul centru de nutri\u021bie \u0219i detoxifiere din Rom\u00e2nia\",\"publisher\":{\"@id\":\"https:\/\/atasagon.com\/#organization\"},\"potentialAction\":[{\"@type\":\"SearchAction\",\"target\":{\"@type\":\"EntryPoint\",\"urlTemplate\":\"https:\/\/atasagon.com\/?s={search_term_string}\"},\"query-input\":{\"@type\":\"PropertyValueSpecification\",\"valueRequired\":true,\"valueName\":\"search_term_string\"}}],\"inLanguage\":\"en-US\"},{\"@type\":\"Organization\",\"@id\":\"https:\/\/atasagon.com\/#organization\",\"name\":\"Atasagon\",\"url\":\"https:\/\/atasagon.com\/\",\"logo\":{\"@type\":\"ImageObject\",\"inLanguage\":\"en-US\",\"@id\":\"https:\/\/atasagon.com\/#\/schema\/logo\/image\/\",\"url\":\"https:\/\/atasagon.com\/wp-content\/uploads\/2023\/01\/cropped-atasagon-logo-2-175x58-1.png\",\"contentUrl\":\"https:\/\/atasagon.com\/wp-content\/uploads\/2023\/01\/cropped-atasagon-logo-2-175x58-1.png\",\"width\":175,\"height\":58,\"caption\":\"Atasagon\"},\"image\":{\"@id\":\"https:\/\/atasagon.com\/#\/schema\/logo\/image\/\"},\"sameAs\":[\"https:\/\/www.facebook.com\/atasagon\/\",\"https:\/\/instagram.com\/atasagon\"]}]}<\/script>\n<!-- \/ Yoast SEO plugin. -->","yoast_head_json":{"title":"Tratament hialuronic - Atasagon","robots":{"index":"index","follow":"follow","max-snippet":"max-snippet:-1","max-image-preview":"max-image-preview:large","max-video-preview":"max-video-preview:-1"},"canonical":"https:\/\/atasagon.com\/en\/product\/tratament-hialuronic\/","og_locale":"en_US","og_type":"article","og_title":"Tratament hialuronic - Atasagon","og_description":"75 min\/ 420 ron Tenul t\u0103u este supus \u00een fiecare zi la provoc\u0103ri. Iar ca s\u0103 te asiguri c\u0103 este perfect s\u0103n\u0103tos \u0219i luminos, alege tratamentul hialuronic la Atasagon. Ingredientele active de \u00eenalt\u0103 calitate ajut\u0103 la umplerea golurilor din stratul pielii pentru ca tu s\u0103 scapi rapid de riduri \u0219i imperfec\u021biuni, \u00eenc\u0103 de la prima&hellip;","og_url":"https:\/\/atasagon.com\/en\/product\/tratament-hialuronic\/","og_site_name":"Atasagon","article_publisher":"https:\/\/www.facebook.com\/atasagon\/","article_modified_time":"2026-02-11T09:42:48+00:00","og_image":[{"width":427,"height":522,"url":"https:\/\/atasagon.com\/wp-content\/uploads\/2023\/01\/tratamenthialuronic.png","type":"image\/png"}],"twitter_card":"summary_large_image","twitter_misc":{"Est. reading time":"1 minute"},"schema":{"@context":"https:\/\/schema.org","@graph":[{"@type":"WebPage","@id":"https:\/\/atasagon.com\/produs\/tratament-hialuronic\/","url":"https:\/\/atasagon.com\/produs\/tratament-hialuronic\/","name":"Tratament hialuronic - Atasagon","isPartOf":{"@id":"https:\/\/atasagon.com\/#website"},"primaryImageOfPage":{"@id":"https:\/\/atasagon.com\/produs\/tratament-hialuronic\/#primaryimage"},"image":{"@id":"https:\/\/atasagon.com\/produs\/tratament-hialuronic\/#primaryimage"},"thumbnailUrl":"https:\/\/atasagon.com\/wp-content\/uploads\/2023\/01\/tratamenthialuronic.png","datePublished":"2023-01-19T15:09:12+00:00","dateModified":"2026-02-11T09:42:48+00:00","breadcrumb":{"@id":"https:\/\/atasagon.com\/produs\/tratament-hialuronic\/#breadcrumb"},"inLanguage":"en-US","potentialAction":[{"@type":"ReadAction","target":["https:\/\/atasagon.com\/produs\/tratament-hialuronic\/"]}]},{"@type":"ImageObject","inLanguage":"en-US","@id":"https:\/\/atasagon.com\/produs\/tratament-hialuronic\/#primaryimage","url":"https:\/\/atasagon.com\/wp-content\/uploads\/2023\/01\/tratamenthialuronic.png","contentUrl":"https:\/\/atasagon.com\/wp-content\/uploads\/2023\/01\/tratamenthialuronic.png","width":427,"height":522},{"@type":"BreadcrumbList","@id":"https:\/\/atasagon.com\/produs\/tratament-hialuronic\/#breadcrumb","itemListElement":[{"@type":"ListItem","position":1,"name":"Home","item":"https:\/\/atasagon.com\/"},{"@type":"ListItem","position":2,"name":"Products","item":"https:\/\/atasagon.com\/en\/shop\/"},{"@type":"ListItem","position":3,"name":"Tratament hialuronic"}]},{"@type":"WebSite","@id":"https:\/\/atasagon.com\/#website","url":"https:\/\/atasagon.com\/","name":"Atasagon","description":"The first nutrition and detoxification center in Romania","publisher":{"@id":"https:\/\/atasagon.com\/#organization"},"potentialAction":[{"@type":"SearchAction","target":{"@type":"EntryPoint","urlTemplate":"https:\/\/atasagon.com\/?s={search_term_string}"},"query-input":{"@type":"PropertyValueSpecification","valueRequired":true,"valueName":"search_term_string"}}],"inLanguage":"en-US"},{"@type":"Organization","@id":"https:\/\/atasagon.com\/#organization","name":"Atasagon","url":"https:\/\/atasagon.com\/","logo":{"@type":"ImageObject","inLanguage":"en-US","@id":"https:\/\/atasagon.com\/#\/schema\/logo\/image\/","url":"https:\/\/atasagon.com\/wp-content\/uploads\/2023\/01\/cropped-atasagon-logo-2-175x58-1.png","contentUrl":"https:\/\/atasagon.com\/wp-content\/uploads\/2023\/01\/cropped-atasagon-logo-2-175x58-1.png","width":175,"height":58,"caption":"Atasagon"},"image":{"@id":"https:\/\/atasagon.com\/#\/schema\/logo\/image\/"},"sameAs":["https:\/\/www.facebook.com\/atasagon\/","https:\/\/instagram.com\/atasagon"]}]}},"_links":{"self":[{"href":"https:\/\/atasagon.com\/en\/wp-json\/wp\/v2\/product\/3008","targetHints":{"allow":["GET"]}}],"collection":[{"href":"https:\/\/atasagon.com\/en\/wp-json\/wp\/v2\/product"}],"about":[{"href":"https:\/\/atasagon.com\/en\/wp-json\/wp\/v2\/types\/product"}],"replies":[{"embeddable":true,"href":"https:\/\/atasagon.com\/en\/wp-json\/wp\/v2\/comments?post=3008"}],"wp:featuredmedia":[{"embeddable":true,"href":"https:\/\/atasagon.com\/en\/wp-json\/wp\/v2\/media\/3201"}],"wp:attachment":[{"href":"https:\/\/atasagon.com\/en\/wp-json\/wp\/v2\/media?parent=3008"}],"wp:term":[{"taxonomy":"product_brand","embeddable":true,"href":"https:\/\/atasagon.com\/en\/wp-json\/wp\/v2\/product_brand?post=3008"},{"taxonomy":"product_cat","embeddable":true,"href":"https:\/\/atasagon.com\/en\/wp-json\/wp\/v2\/product_cat?post=3008"},{"taxonomy":"product_tag","embeddable":true,"href":"https:\/\/atasagon.com\/en\/wp-json\/wp\/v2\/product_tag?post=3008"}],"curies":[{"name":"wp","href":"https:\/\/api.w.org\/{rel}","templated":true}]}}