{"id":2999,"date":"2023-01-19T15:01:52","date_gmt":"2023-01-19T15:01:52","guid":{"rendered":"https:\/\/dev.mabit.ro\/?post_type=product&#038;p=2999"},"modified":"2023-10-03T11:27:51","modified_gmt":"2023-10-03T08:27:51","slug":"clasa-de-yoga-meditatie-2-persoane","status":"publish","type":"product","link":"https:\/\/atasagon.com\/en\/product\/clasa-de-yoga-meditatie-2-persoane\/","title":{"rendered":"Yoga \/ meditation class \u2013 2 people"},"content":{"rendered":"<p>How much control do you feel you have over your thoughts and emotions? When you live life from heart space, everything flows naturally, aligns with your highest purpose, and new opportunities begin to emerge. Yoga brings together the state of mind with the physical state through a balanced combination of strength movements, stretching movements and breathing and has the gift of connecting with your soul, healing and showing you that all you need to being happy already exists within you. Channeling emotions in a supportive, controlled environment and under the guidance of an instructor is the best way to get rid of them without harming yourself or those around you. Thus, yoga classes and meditation classes become the perfect setting to help you balance yourself. Breathe deeply!<\/p>","protected":false},"excerpt":{"rendered":"<p>How much control do you feel you have over your thoughts and emotions? When you live life from heart space, everything flows naturally, aligns with your highest purpose, and new opportunities begin to emerge. Yoga brings together the state of mind with the physical state through a balanced combination of strength movements, stretching movements and breathing and has\u2026<\/p>","protected":false},"featured_media":3195,"comment_status":"open","ping_status":"closed","template":"","meta":{"_acf_changed":false},"product_brand":[],"product_cat":[36],"product_tag":[],"class_list":{"0":"post-2999","1":"product","2":"type-product","3":"status-publish","4":"has-post-thumbnail","6":"product_cat-minte-suflet","8":"first","9":"instock","10":"virtual","11":"purchasable","12":"product-type-simple"},"acf":[],"yoast_head":"<!-- This site is optimized with the Yoast SEO plugin v27.2 - https:\/\/yoast.com\/product\/yoast-seo-wordpress\/ -->\n<title>Clas\u0103 de yoga \/ medita\u021bie - 2 persoane - Atasagon<\/title>\n<meta name=\"robots\" content=\"index, follow, max-snippet:-1, max-image-preview:large, max-video-preview:-1\" \/>\n<link rel=\"canonical\" href=\"https:\/\/atasagon.com\/en\/product\/clasa-de-yoga-meditatie-2-persoane\/\" \/>\n<meta property=\"og:locale\" content=\"en_US\" \/>\n<meta property=\"og:type\" content=\"article\" \/>\n<meta property=\"og:title\" content=\"Clas\u0103 de yoga \/ medita\u021bie - 2 persoane - Atasagon\" \/>\n<meta property=\"og:description\" content=\"C\u00e2t control sim\u021bi c\u0103 ai asupra g\u00e2ndurilor \u0219i emo\u021biilor tale? Atunci c\u00e2nd tr\u0103ie\u0219ti via\u021ba din spa\u021biul inimii, totul curge firesc, se aliniaz\u0103 scopului t\u0103u cel mai \u00eenalt \u0219i noi oportunit\u0103\u021bi \u00eencep s\u0103 apar\u0103. Yoga reune\u0219te starea de spirit cu starea fizic\u0103 printr-o \u00eembinare echilibrat\u0103 \u00eentre mi\u0219c\u0103ri de for\u021b\u0103, mi\u0219c\u0103ri de \u00eentindere \u0219i respira\u021bie \u0219i are&hellip;\" \/>\n<meta property=\"og:url\" content=\"https:\/\/atasagon.com\/en\/product\/clasa-de-yoga-meditatie-2-persoane\/\" \/>\n<meta property=\"og:site_name\" content=\"Atasagon\" \/>\n<meta property=\"article:publisher\" content=\"https:\/\/www.facebook.com\/atasagon\/\" \/>\n<meta property=\"article:modified_time\" content=\"2023-10-03T08:27:51+00:00\" \/>\n<meta property=\"og:image\" content=\"https:\/\/atasagon.com\/wp-content\/uploads\/2023\/01\/Atasagon-1481-scaled.jpg\" \/>\n\t<meta property=\"og:image:width\" content=\"2560\" \/>\n\t<meta property=\"og:image:height\" content=\"1707\" \/>\n\t<meta property=\"og:image:type\" content=\"image\/jpeg\" \/>\n<meta name=\"twitter:card\" content=\"summary_large_image\" \/>\n<meta name=\"twitter:label1\" content=\"Est. reading time\" \/>\n\t<meta name=\"twitter:data1\" content=\"1 minute\" \/>\n<script type=\"application\/ld+json\" class=\"yoast-schema-graph\">{\"@context\":\"https:\/\/schema.org\",\"@graph\":[{\"@type\":\"WebPage\",\"@id\":\"https:\/\/atasagon.com\/produs\/clasa-de-yoga-meditatie-2-persoane\/\",\"url\":\"https:\/\/atasagon.com\/produs\/clasa-de-yoga-meditatie-2-persoane\/\",\"name\":\"Clas\u0103 de yoga \/ medita\u021bie - 2 persoane - Atasagon\",\"isPartOf\":{\"@id\":\"https:\/\/atasagon.com\/#website\"},\"primaryImageOfPage\":{\"@id\":\"https:\/\/atasagon.com\/produs\/clasa-de-yoga-meditatie-2-persoane\/#primaryimage\"},\"image\":{\"@id\":\"https:\/\/atasagon.com\/produs\/clasa-de-yoga-meditatie-2-persoane\/#primaryimage\"},\"thumbnailUrl\":\"https:\/\/atasagon.com\/wp-content\/uploads\/2023\/01\/Atasagon-1481-scaled.jpg\",\"datePublished\":\"2023-01-19T15:01:52+00:00\",\"dateModified\":\"2023-10-03T08:27:51+00:00\",\"breadcrumb\":{\"@id\":\"https:\/\/atasagon.com\/produs\/clasa-de-yoga-meditatie-2-persoane\/#breadcrumb\"},\"inLanguage\":\"en-US\",\"potentialAction\":[{\"@type\":\"ReadAction\",\"target\":[\"https:\/\/atasagon.com\/produs\/clasa-de-yoga-meditatie-2-persoane\/\"]}]},{\"@type\":\"ImageObject\",\"inLanguage\":\"en-US\",\"@id\":\"https:\/\/atasagon.com\/produs\/clasa-de-yoga-meditatie-2-persoane\/#primaryimage\",\"url\":\"https:\/\/atasagon.com\/wp-content\/uploads\/2023\/01\/Atasagon-1481-scaled.jpg\",\"contentUrl\":\"https:\/\/atasagon.com\/wp-content\/uploads\/2023\/01\/Atasagon-1481-scaled.jpg\",\"width\":2560,\"height\":1707},{\"@type\":\"BreadcrumbList\",\"@id\":\"https:\/\/atasagon.com\/produs\/clasa-de-yoga-meditatie-2-persoane\/#breadcrumb\",\"itemListElement\":[{\"@type\":\"ListItem\",\"position\":1,\"name\":\"Home\",\"item\":\"https:\/\/atasagon.com\/\"},{\"@type\":\"ListItem\",\"position\":2,\"name\":\"Products\",\"item\":\"https:\/\/atasagon.com\/en\/shop\/\"},{\"@type\":\"ListItem\",\"position\":3,\"name\":\"Clas\u0103 de yoga \/ medita\u021bie &#8211; 2 persoane\"}]},{\"@type\":\"WebSite\",\"@id\":\"https:\/\/atasagon.com\/#website\",\"url\":\"https:\/\/atasagon.com\/\",\"name\":\"Atasagon\",\"description\":\"Primul centru de nutri\u021bie \u0219i detoxifiere din Rom\u00e2nia\",\"publisher\":{\"@id\":\"https:\/\/atasagon.com\/#organization\"},\"potentialAction\":[{\"@type\":\"SearchAction\",\"target\":{\"@type\":\"EntryPoint\",\"urlTemplate\":\"https:\/\/atasagon.com\/?s={search_term_string}\"},\"query-input\":{\"@type\":\"PropertyValueSpecification\",\"valueRequired\":true,\"valueName\":\"search_term_string\"}}],\"inLanguage\":\"en-US\"},{\"@type\":\"Organization\",\"@id\":\"https:\/\/atasagon.com\/#organization\",\"name\":\"Atasagon\",\"url\":\"https:\/\/atasagon.com\/\",\"logo\":{\"@type\":\"ImageObject\",\"inLanguage\":\"en-US\",\"@id\":\"https:\/\/atasagon.com\/#\/schema\/logo\/image\/\",\"url\":\"https:\/\/atasagon.com\/wp-content\/uploads\/2023\/01\/cropped-atasagon-logo-2-175x58-1.png\",\"contentUrl\":\"https:\/\/atasagon.com\/wp-content\/uploads\/2023\/01\/cropped-atasagon-logo-2-175x58-1.png\",\"width\":175,\"height\":58,\"caption\":\"Atasagon\"},\"image\":{\"@id\":\"https:\/\/atasagon.com\/#\/schema\/logo\/image\/\"},\"sameAs\":[\"https:\/\/www.facebook.com\/atasagon\/\",\"https:\/\/instagram.com\/atasagon\"]}]}<\/script>\n<!-- \/ Yoast SEO plugin. -->","yoast_head_json":{"title":"Clas\u0103 de yoga \/ medita\u021bie - 2 persoane - Atasagon","robots":{"index":"index","follow":"follow","max-snippet":"max-snippet:-1","max-image-preview":"max-image-preview:large","max-video-preview":"max-video-preview:-1"},"canonical":"https:\/\/atasagon.com\/en\/product\/clasa-de-yoga-meditatie-2-persoane\/","og_locale":"en_US","og_type":"article","og_title":"Clas\u0103 de yoga \/ medita\u021bie - 2 persoane - Atasagon","og_description":"C\u00e2t control sim\u021bi c\u0103 ai asupra g\u00e2ndurilor \u0219i emo\u021biilor tale? Atunci c\u00e2nd tr\u0103ie\u0219ti via\u021ba din spa\u021biul inimii, totul curge firesc, se aliniaz\u0103 scopului t\u0103u cel mai \u00eenalt \u0219i noi oportunit\u0103\u021bi \u00eencep s\u0103 apar\u0103. Yoga reune\u0219te starea de spirit cu starea fizic\u0103 printr-o \u00eembinare echilibrat\u0103 \u00eentre mi\u0219c\u0103ri de for\u021b\u0103, mi\u0219c\u0103ri de \u00eentindere \u0219i respira\u021bie \u0219i are&hellip;","og_url":"https:\/\/atasagon.com\/en\/product\/clasa-de-yoga-meditatie-2-persoane\/","og_site_name":"Atasagon","article_publisher":"https:\/\/www.facebook.com\/atasagon\/","article_modified_time":"2023-10-03T08:27:51+00:00","og_image":[{"width":2560,"height":1707,"url":"https:\/\/atasagon.com\/wp-content\/uploads\/2023\/01\/Atasagon-1481-scaled.jpg","type":"image\/jpeg"}],"twitter_card":"summary_large_image","twitter_misc":{"Est. reading time":"1 minute"},"schema":{"@context":"https:\/\/schema.org","@graph":[{"@type":"WebPage","@id":"https:\/\/atasagon.com\/produs\/clasa-de-yoga-meditatie-2-persoane\/","url":"https:\/\/atasagon.com\/produs\/clasa-de-yoga-meditatie-2-persoane\/","name":"Clas\u0103 de yoga \/ medita\u021bie - 2 persoane - Atasagon","isPartOf":{"@id":"https:\/\/atasagon.com\/#website"},"primaryImageOfPage":{"@id":"https:\/\/atasagon.com\/produs\/clasa-de-yoga-meditatie-2-persoane\/#primaryimage"},"image":{"@id":"https:\/\/atasagon.com\/produs\/clasa-de-yoga-meditatie-2-persoane\/#primaryimage"},"thumbnailUrl":"https:\/\/atasagon.com\/wp-content\/uploads\/2023\/01\/Atasagon-1481-scaled.jpg","datePublished":"2023-01-19T15:01:52+00:00","dateModified":"2023-10-03T08:27:51+00:00","breadcrumb":{"@id":"https:\/\/atasagon.com\/produs\/clasa-de-yoga-meditatie-2-persoane\/#breadcrumb"},"inLanguage":"en-US","potentialAction":[{"@type":"ReadAction","target":["https:\/\/atasagon.com\/produs\/clasa-de-yoga-meditatie-2-persoane\/"]}]},{"@type":"ImageObject","inLanguage":"en-US","@id":"https:\/\/atasagon.com\/produs\/clasa-de-yoga-meditatie-2-persoane\/#primaryimage","url":"https:\/\/atasagon.com\/wp-content\/uploads\/2023\/01\/Atasagon-1481-scaled.jpg","contentUrl":"https:\/\/atasagon.com\/wp-content\/uploads\/2023\/01\/Atasagon-1481-scaled.jpg","width":2560,"height":1707},{"@type":"BreadcrumbList","@id":"https:\/\/atasagon.com\/produs\/clasa-de-yoga-meditatie-2-persoane\/#breadcrumb","itemListElement":[{"@type":"ListItem","position":1,"name":"Home","item":"https:\/\/atasagon.com\/"},{"@type":"ListItem","position":2,"name":"Products","item":"https:\/\/atasagon.com\/en\/shop\/"},{"@type":"ListItem","position":3,"name":"Clas\u0103 de yoga \/ medita\u021bie &#8211; 2 persoane"}]},{"@type":"WebSite","@id":"https:\/\/atasagon.com\/#website","url":"https:\/\/atasagon.com\/","name":"Atasagon","description":"The first nutrition and detoxification center in Romania","publisher":{"@id":"https:\/\/atasagon.com\/#organization"},"potentialAction":[{"@type":"SearchAction","target":{"@type":"EntryPoint","urlTemplate":"https:\/\/atasagon.com\/?s={search_term_string}"},"query-input":{"@type":"PropertyValueSpecification","valueRequired":true,"valueName":"search_term_string"}}],"inLanguage":"en-US"},{"@type":"Organization","@id":"https:\/\/atasagon.com\/#organization","name":"Atasagon","url":"https:\/\/atasagon.com\/","logo":{"@type":"ImageObject","inLanguage":"en-US","@id":"https:\/\/atasagon.com\/#\/schema\/logo\/image\/","url":"https:\/\/atasagon.com\/wp-content\/uploads\/2023\/01\/cropped-atasagon-logo-2-175x58-1.png","contentUrl":"https:\/\/atasagon.com\/wp-content\/uploads\/2023\/01\/cropped-atasagon-logo-2-175x58-1.png","width":175,"height":58,"caption":"Atasagon"},"image":{"@id":"https:\/\/atasagon.com\/#\/schema\/logo\/image\/"},"sameAs":["https:\/\/www.facebook.com\/atasagon\/","https:\/\/instagram.com\/atasagon"]}]}},"_links":{"self":[{"href":"https:\/\/atasagon.com\/en\/wp-json\/wp\/v2\/product\/2999","targetHints":{"allow":["GET"]}}],"collection":[{"href":"https:\/\/atasagon.com\/en\/wp-json\/wp\/v2\/product"}],"about":[{"href":"https:\/\/atasagon.com\/en\/wp-json\/wp\/v2\/types\/product"}],"replies":[{"embeddable":true,"href":"https:\/\/atasagon.com\/en\/wp-json\/wp\/v2\/comments?post=2999"}],"wp:featuredmedia":[{"embeddable":true,"href":"https:\/\/atasagon.com\/en\/wp-json\/wp\/v2\/media\/3195"}],"wp:attachment":[{"href":"https:\/\/atasagon.com\/en\/wp-json\/wp\/v2\/media?parent=2999"}],"wp:term":[{"taxonomy":"product_brand","embeddable":true,"href":"https:\/\/atasagon.com\/en\/wp-json\/wp\/v2\/product_brand?post=2999"},{"taxonomy":"product_cat","embeddable":true,"href":"https:\/\/atasagon.com\/en\/wp-json\/wp\/v2\/product_cat?post=2999"},{"taxonomy":"product_tag","embeddable":true,"href":"https:\/\/atasagon.com\/en\/wp-json\/wp\/v2\/product_tag?post=2999"}],"curies":[{"name":"wp","href":"https:\/\/api.w.org\/{rel}","templated":true}]}}