{"id":2994,"date":"2023-01-19T14:45:53","date_gmt":"2023-01-19T14:45:53","guid":{"rendered":"https:\/\/dev.mabit.ro\/?post_type=product&#038;p=2994"},"modified":"2025-11-13T14:28:49","modified_gmt":"2025-11-13T11:28:49","slug":"atelier-colour-therapy","status":"publish","type":"product","link":"https:\/\/atasagon.com\/en\/product\/atelier-colour-therapy\/","title":{"rendered":"Color therapy workshop"},"content":{"rendered":"<p>120 minutes\/ 120 ron<\/p>\n<p>Are you ready to step out of adult responsibility and reconnect with your inner child, the small and curious &quot;you&quot;? All you have to do is allow yourself to feel so that through your emotions you let your creativity guide the brush on the page. Color therapy, the non-invasive and holistic method of balancing the mind and body, invites you to a space of creativity, expressiveness and emotional recovery. At the heart of the therapy is the idea that colors create an electrical impulse in the brain that stimulates hormonal and biochemical processes in the body with results ranging from energizing to calming. Dare and discover the therapeutic effect that colors can have on you!<\/p>\n<p>The workshop is carried out for a minimum of 4 people.<\/p>","protected":false},"excerpt":{"rendered":"<p>120 minutes\/ 120 ron Are you ready to get out of adult responsibility and reconnect with your inner child, the small and curious &quot;you&quot;? All you have to do is allow yourself to feel so that through your emotions you let your creativity guide the brush on the page. Color therapy, method...<\/p>","protected":false},"featured_media":3190,"comment_status":"open","ping_status":"closed","template":"","meta":{"_acf_changed":false},"product_brand":[],"product_cat":[36],"product_tag":[],"class_list":{"0":"post-2994","1":"product","2":"type-product","3":"status-publish","4":"has-post-thumbnail","6":"product_cat-minte-suflet","8":"first","9":"instock","10":"virtual","11":"purchasable","12":"product-type-simple"},"acf":[],"yoast_head":"<!-- This site is optimized with the Yoast SEO plugin v27.2 - https:\/\/yoast.com\/product\/yoast-seo-wordpress\/ -->\n<title>Atelier colour therapy - Atasagon<\/title>\n<meta name=\"robots\" content=\"index, follow, max-snippet:-1, max-image-preview:large, max-video-preview:-1\" \/>\n<link rel=\"canonical\" href=\"https:\/\/atasagon.com\/en\/product\/atelier-colour-therapy\/\" \/>\n<meta property=\"og:locale\" content=\"en_US\" \/>\n<meta property=\"og:type\" content=\"article\" \/>\n<meta property=\"og:title\" content=\"Atelier colour therapy - Atasagon\" \/>\n<meta property=\"og:description\" content=\"120 minute\/ 120 ron E\u0219ti gata s\u0103 ie\u0219i din responsabilitatea de adult \u0219i s\u0103 te reconectezi la copilul t\u0103u interior, la \u201etu\u201d cel mic si curios? Tot ce trebuie s\u0103 faci este s\u0103 \u00eeti dai voie s\u0103 sim\u021bi pentru ca prin emo\u021biile tale s\u0103-\u021bi la\u0219i creativitatea s\u0103 ghideze pensula pe foaie. Terapia prin culoare, metoda&hellip;\" \/>\n<meta property=\"og:url\" content=\"https:\/\/atasagon.com\/en\/product\/atelier-colour-therapy\/\" \/>\n<meta property=\"og:site_name\" content=\"Atasagon\" \/>\n<meta property=\"article:publisher\" content=\"https:\/\/www.facebook.com\/atasagon\/\" \/>\n<meta property=\"article:modified_time\" content=\"2025-11-13T11:28:49+00:00\" \/>\n<meta property=\"og:image\" content=\"https:\/\/atasagon.com\/wp-content\/uploads\/2023\/01\/Atasagon-1714-scaled.jpg\" \/>\n\t<meta property=\"og:image:width\" content=\"2560\" \/>\n\t<meta property=\"og:image:height\" content=\"1707\" \/>\n\t<meta property=\"og:image:type\" content=\"image\/jpeg\" \/>\n<meta name=\"twitter:card\" content=\"summary_large_image\" \/>\n<meta name=\"twitter:label1\" content=\"Est. reading time\" \/>\n\t<meta name=\"twitter:data1\" content=\"1 minute\" \/>\n<script type=\"application\/ld+json\" class=\"yoast-schema-graph\">{\"@context\":\"https:\/\/schema.org\",\"@graph\":[{\"@type\":\"WebPage\",\"@id\":\"https:\/\/atasagon.com\/produs\/atelier-colour-therapy\/\",\"url\":\"https:\/\/atasagon.com\/produs\/atelier-colour-therapy\/\",\"name\":\"Atelier colour therapy - Atasagon\",\"isPartOf\":{\"@id\":\"https:\/\/atasagon.com\/#website\"},\"primaryImageOfPage\":{\"@id\":\"https:\/\/atasagon.com\/produs\/atelier-colour-therapy\/#primaryimage\"},\"image\":{\"@id\":\"https:\/\/atasagon.com\/produs\/atelier-colour-therapy\/#primaryimage\"},\"thumbnailUrl\":\"https:\/\/atasagon.com\/wp-content\/uploads\/2023\/01\/Atasagon-1714-scaled.jpg\",\"datePublished\":\"2023-01-19T14:45:53+00:00\",\"dateModified\":\"2025-11-13T11:28:49+00:00\",\"breadcrumb\":{\"@id\":\"https:\/\/atasagon.com\/produs\/atelier-colour-therapy\/#breadcrumb\"},\"inLanguage\":\"en-US\",\"potentialAction\":[{\"@type\":\"ReadAction\",\"target\":[\"https:\/\/atasagon.com\/produs\/atelier-colour-therapy\/\"]}]},{\"@type\":\"ImageObject\",\"inLanguage\":\"en-US\",\"@id\":\"https:\/\/atasagon.com\/produs\/atelier-colour-therapy\/#primaryimage\",\"url\":\"https:\/\/atasagon.com\/wp-content\/uploads\/2023\/01\/Atasagon-1714-scaled.jpg\",\"contentUrl\":\"https:\/\/atasagon.com\/wp-content\/uploads\/2023\/01\/Atasagon-1714-scaled.jpg\",\"width\":2560,\"height\":1707},{\"@type\":\"BreadcrumbList\",\"@id\":\"https:\/\/atasagon.com\/produs\/atelier-colour-therapy\/#breadcrumb\",\"itemListElement\":[{\"@type\":\"ListItem\",\"position\":1,\"name\":\"Home\",\"item\":\"https:\/\/atasagon.com\/\"},{\"@type\":\"ListItem\",\"position\":2,\"name\":\"Products\",\"item\":\"https:\/\/atasagon.com\/en\/shop\/\"},{\"@type\":\"ListItem\",\"position\":3,\"name\":\"Atelier colour therapy\"}]},{\"@type\":\"WebSite\",\"@id\":\"https:\/\/atasagon.com\/#website\",\"url\":\"https:\/\/atasagon.com\/\",\"name\":\"Atasagon\",\"description\":\"Primul centru de nutri\u021bie \u0219i detoxifiere din Rom\u00e2nia\",\"publisher\":{\"@id\":\"https:\/\/atasagon.com\/#organization\"},\"potentialAction\":[{\"@type\":\"SearchAction\",\"target\":{\"@type\":\"EntryPoint\",\"urlTemplate\":\"https:\/\/atasagon.com\/?s={search_term_string}\"},\"query-input\":{\"@type\":\"PropertyValueSpecification\",\"valueRequired\":true,\"valueName\":\"search_term_string\"}}],\"inLanguage\":\"en-US\"},{\"@type\":\"Organization\",\"@id\":\"https:\/\/atasagon.com\/#organization\",\"name\":\"Atasagon\",\"url\":\"https:\/\/atasagon.com\/\",\"logo\":{\"@type\":\"ImageObject\",\"inLanguage\":\"en-US\",\"@id\":\"https:\/\/atasagon.com\/#\/schema\/logo\/image\/\",\"url\":\"https:\/\/atasagon.com\/wp-content\/uploads\/2023\/01\/cropped-atasagon-logo-2-175x58-1.png\",\"contentUrl\":\"https:\/\/atasagon.com\/wp-content\/uploads\/2023\/01\/cropped-atasagon-logo-2-175x58-1.png\",\"width\":175,\"height\":58,\"caption\":\"Atasagon\"},\"image\":{\"@id\":\"https:\/\/atasagon.com\/#\/schema\/logo\/image\/\"},\"sameAs\":[\"https:\/\/www.facebook.com\/atasagon\/\",\"https:\/\/instagram.com\/atasagon\"]}]}<\/script>\n<!-- \/ Yoast SEO plugin. -->","yoast_head_json":{"title":"Atelier colour therapy - Atasagon","robots":{"index":"index","follow":"follow","max-snippet":"max-snippet:-1","max-image-preview":"max-image-preview:large","max-video-preview":"max-video-preview:-1"},"canonical":"https:\/\/atasagon.com\/en\/product\/atelier-colour-therapy\/","og_locale":"en_US","og_type":"article","og_title":"Atelier colour therapy - Atasagon","og_description":"120 minute\/ 120 ron E\u0219ti gata s\u0103 ie\u0219i din responsabilitatea de adult \u0219i s\u0103 te reconectezi la copilul t\u0103u interior, la \u201etu\u201d cel mic si curios? Tot ce trebuie s\u0103 faci este s\u0103 \u00eeti dai voie s\u0103 sim\u021bi pentru ca prin emo\u021biile tale s\u0103-\u021bi la\u0219i creativitatea s\u0103 ghideze pensula pe foaie. Terapia prin culoare, metoda&hellip;","og_url":"https:\/\/atasagon.com\/en\/product\/atelier-colour-therapy\/","og_site_name":"Atasagon","article_publisher":"https:\/\/www.facebook.com\/atasagon\/","article_modified_time":"2025-11-13T11:28:49+00:00","og_image":[{"width":2560,"height":1707,"url":"https:\/\/atasagon.com\/wp-content\/uploads\/2023\/01\/Atasagon-1714-scaled.jpg","type":"image\/jpeg"}],"twitter_card":"summary_large_image","twitter_misc":{"Est. reading time":"1 minute"},"schema":{"@context":"https:\/\/schema.org","@graph":[{"@type":"WebPage","@id":"https:\/\/atasagon.com\/produs\/atelier-colour-therapy\/","url":"https:\/\/atasagon.com\/produs\/atelier-colour-therapy\/","name":"Atelier colour therapy - Atasagon","isPartOf":{"@id":"https:\/\/atasagon.com\/#website"},"primaryImageOfPage":{"@id":"https:\/\/atasagon.com\/produs\/atelier-colour-therapy\/#primaryimage"},"image":{"@id":"https:\/\/atasagon.com\/produs\/atelier-colour-therapy\/#primaryimage"},"thumbnailUrl":"https:\/\/atasagon.com\/wp-content\/uploads\/2023\/01\/Atasagon-1714-scaled.jpg","datePublished":"2023-01-19T14:45:53+00:00","dateModified":"2025-11-13T11:28:49+00:00","breadcrumb":{"@id":"https:\/\/atasagon.com\/produs\/atelier-colour-therapy\/#breadcrumb"},"inLanguage":"en-US","potentialAction":[{"@type":"ReadAction","target":["https:\/\/atasagon.com\/produs\/atelier-colour-therapy\/"]}]},{"@type":"ImageObject","inLanguage":"en-US","@id":"https:\/\/atasagon.com\/produs\/atelier-colour-therapy\/#primaryimage","url":"https:\/\/atasagon.com\/wp-content\/uploads\/2023\/01\/Atasagon-1714-scaled.jpg","contentUrl":"https:\/\/atasagon.com\/wp-content\/uploads\/2023\/01\/Atasagon-1714-scaled.jpg","width":2560,"height":1707},{"@type":"BreadcrumbList","@id":"https:\/\/atasagon.com\/produs\/atelier-colour-therapy\/#breadcrumb","itemListElement":[{"@type":"ListItem","position":1,"name":"Home","item":"https:\/\/atasagon.com\/"},{"@type":"ListItem","position":2,"name":"Products","item":"https:\/\/atasagon.com\/en\/shop\/"},{"@type":"ListItem","position":3,"name":"Atelier colour therapy"}]},{"@type":"WebSite","@id":"https:\/\/atasagon.com\/#website","url":"https:\/\/atasagon.com\/","name":"Atasagon","description":"The first nutrition and detoxification center in Romania","publisher":{"@id":"https:\/\/atasagon.com\/#organization"},"potentialAction":[{"@type":"SearchAction","target":{"@type":"EntryPoint","urlTemplate":"https:\/\/atasagon.com\/?s={search_term_string}"},"query-input":{"@type":"PropertyValueSpecification","valueRequired":true,"valueName":"search_term_string"}}],"inLanguage":"en-US"},{"@type":"Organization","@id":"https:\/\/atasagon.com\/#organization","name":"Atasagon","url":"https:\/\/atasagon.com\/","logo":{"@type":"ImageObject","inLanguage":"en-US","@id":"https:\/\/atasagon.com\/#\/schema\/logo\/image\/","url":"https:\/\/atasagon.com\/wp-content\/uploads\/2023\/01\/cropped-atasagon-logo-2-175x58-1.png","contentUrl":"https:\/\/atasagon.com\/wp-content\/uploads\/2023\/01\/cropped-atasagon-logo-2-175x58-1.png","width":175,"height":58,"caption":"Atasagon"},"image":{"@id":"https:\/\/atasagon.com\/#\/schema\/logo\/image\/"},"sameAs":["https:\/\/www.facebook.com\/atasagon\/","https:\/\/instagram.com\/atasagon"]}]}},"_links":{"self":[{"href":"https:\/\/atasagon.com\/en\/wp-json\/wp\/v2\/product\/2994","targetHints":{"allow":["GET"]}}],"collection":[{"href":"https:\/\/atasagon.com\/en\/wp-json\/wp\/v2\/product"}],"about":[{"href":"https:\/\/atasagon.com\/en\/wp-json\/wp\/v2\/types\/product"}],"replies":[{"embeddable":true,"href":"https:\/\/atasagon.com\/en\/wp-json\/wp\/v2\/comments?post=2994"}],"wp:featuredmedia":[{"embeddable":true,"href":"https:\/\/atasagon.com\/en\/wp-json\/wp\/v2\/media\/3190"}],"wp:attachment":[{"href":"https:\/\/atasagon.com\/en\/wp-json\/wp\/v2\/media?parent=2994"}],"wp:term":[{"taxonomy":"product_brand","embeddable":true,"href":"https:\/\/atasagon.com\/en\/wp-json\/wp\/v2\/product_brand?post=2994"},{"taxonomy":"product_cat","embeddable":true,"href":"https:\/\/atasagon.com\/en\/wp-json\/wp\/v2\/product_cat?post=2994"},{"taxonomy":"product_tag","embeddable":true,"href":"https:\/\/atasagon.com\/en\/wp-json\/wp\/v2\/product_tag?post=2994"}],"curies":[{"name":"wp","href":"https:\/\/api.w.org\/{rel}","templated":true}]}}