{"id":2993,"date":"2023-01-19T14:44:52","date_gmt":"2023-01-19T14:44:52","guid":{"rendered":"https:\/\/dev.mabit.ro\/?post_type=product&#038;p=2993"},"modified":"2025-02-28T14:21:20","modified_gmt":"2025-02-28T11:21:20","slug":"vocea-interioara","status":"publish","type":"product","link":"https:\/\/atasagon.com\/en\/product\/vocea-interioara\/","title":{"rendered":"The inner voice"},"content":{"rendered":"<p>90 min \/ 450 ron<\/p>\n<p>&#8222;\u00ce\u021bi ofer o terapie n\u0103scut\u0103 din fuziunea informa\u021biilor dob\u00e2ndite personal din domenii at\u00e2t de complementare, precum &#8222;Programarea Neuro-Lingvistica&#8221;, &#8222;Consiliere Dezvoltare Personal\u0103&#8221;, &#8222;Mindfulness&#8221;, &#8222;Reiki&#8221;, &#8222;Bars&#8221;, &#8222;Yoga&#8221;, &#8222;Pilates&#8221;, tehnici \u0219i ideolog\u00edi ancestrale de &#8222;Echilibrare \u0219i cur\u0103\u021bare a C\u00e2mpului Energetic de Lumin\u0103&#8221;, pentru a-\u021bi aduce feed-back ul at\u00e2t de dorit \u00een toat\u0103 expresia fiin\u021bei tale; \u00een g\u00e2ndire, sim\u021bire, ac\u021biune \u0219i &#8222;oglindire&#8221; fizic\u0103. C\u0103ci p\u00e2n\u0103 la urm\u0103, am credin\u021ba, c\u0103 to\u021bi vom ajunge la acea &#8222;Voce Interioar\u0103&#8221;, ce dincolo de orice &#8222;etichet\u0103&#8221; pe care o purt\u0103m, de copil, p\u0103rinte, prieten, so\u021b, so\u021bie, profesor, elev, du\u0219man, etc&#8230; acea \u201cVoce\u201d ce ne va vorbi \u0219i ne va \u00eenv\u0103\u021ba cum s\u0103 avem pur \u0219i simplu o rela\u021bie s\u0103n\u0103toas\u0103 \u0219i autentic\u0103 cu noi \u00een\u0219ine, astfel inc\u00e2t s\u0103 ne sim\u021bim &#8222;Acas\u0103&#8221; \u00een propria &#8222;piele&#8221;, \u00een propria experien\u021b\u0103 de via\u021b\u0103. \u0218i la r\u00e2ndul nostru s\u0103 \u00eencepem s\u0103 muncim, dar altfel, mai asuma\u021bi \u0219i mai centra\u021bi, mai echilibra\u021bi si z\u00e2mbind mai mult c\u0103tre acea &#8222;Lume&#8221; ce o vis\u0103m pentru noi \u0219i cei cu care dorim s\u0103 ne putem bucura de Ea.&#8221; &#8211; Irina, consiler Atasagon.<\/p>","protected":false},"excerpt":{"rendered":"<p>90 min \/ 450 ron &#8222;\u00ce\u021bi ofer o terapie n\u0103scut\u0103 din fuziunea informa\u021biilor dob\u00e2ndite personal din domenii at\u00e2t de complementare, precum &#8222;Programarea Neuro-Lingvistica&#8221;, &#8222;Consiliere Dezvoltare Personal\u0103&#8221;, &#8222;Mindfulness&#8221;, &#8222;Reiki&#8221;, &#8222;Bars&#8221;, &#8222;Yoga&#8221;, &#8222;Pilates&#8221;, tehnici \u0219i ideolog\u00edi ancestrale de &#8222;Echilibrare \u0219i cur\u0103\u021bare a C\u00e2mpului Energetic de Lumin\u0103&#8221;, pentru a-\u021bi aduce feed-back ul at\u00e2t de dorit \u00een toat\u0103 expresia&hellip;<\/p>","protected":false},"featured_media":3189,"comment_status":"open","ping_status":"closed","template":"","meta":{"_acf_changed":false},"product_brand":[],"product_cat":[36],"product_tag":[],"class_list":{"0":"post-2993","1":"product","2":"type-product","3":"status-publish","4":"has-post-thumbnail","6":"product_cat-minte-suflet","8":"first","9":"instock","10":"sale","11":"virtual","12":"purchasable","13":"product-type-simple"},"acf":[],"yoast_head":"<!-- This site is optimized with the Yoast SEO plugin v27.2 - https:\/\/yoast.com\/product\/yoast-seo-wordpress\/ -->\n<title>Vocea interioar\u0103 - Atasagon<\/title>\n<meta name=\"robots\" content=\"index, follow, max-snippet:-1, max-image-preview:large, max-video-preview:-1\" \/>\n<link rel=\"canonical\" href=\"https:\/\/atasagon.com\/en\/product\/vocea-interioara\/\" \/>\n<meta property=\"og:locale\" content=\"en_US\" \/>\n<meta property=\"og:type\" content=\"article\" \/>\n<meta property=\"og:title\" content=\"Vocea interioar\u0103 - Atasagon\" \/>\n<meta property=\"og:description\" content=\"90 min \/ 450 ron &#8222;\u00ce\u021bi ofer o terapie n\u0103scut\u0103 din fuziunea informa\u021biilor dob\u00e2ndite personal din domenii at\u00e2t de complementare, precum &#8222;Programarea Neuro-Lingvistica&#8221;, &#8222;Consiliere Dezvoltare Personal\u0103&#8221;, &#8222;Mindfulness&#8221;, &#8222;Reiki&#8221;, &#8222;Bars&#8221;, &#8222;Yoga&#8221;, &#8222;Pilates&#8221;, tehnici \u0219i ideolog\u00edi ancestrale de &#8222;Echilibrare \u0219i cur\u0103\u021bare a C\u00e2mpului Energetic de Lumin\u0103&#8221;, pentru a-\u021bi aduce feed-back ul at\u00e2t de dorit \u00een toat\u0103 expresia&hellip;\" \/>\n<meta property=\"og:url\" content=\"https:\/\/atasagon.com\/en\/product\/vocea-interioara\/\" \/>\n<meta property=\"og:site_name\" content=\"Atasagon\" \/>\n<meta property=\"article:publisher\" content=\"https:\/\/www.facebook.com\/atasagon\/\" \/>\n<meta property=\"article:modified_time\" content=\"2025-02-28T11:21:20+00:00\" \/>\n<meta property=\"og:image\" content=\"https:\/\/atasagon.com\/wp-content\/uploads\/2023\/01\/Atasagon-1378-scaled.jpg\" \/>\n\t<meta property=\"og:image:width\" content=\"2560\" \/>\n\t<meta property=\"og:image:height\" content=\"1707\" \/>\n\t<meta property=\"og:image:type\" content=\"image\/jpeg\" \/>\n<meta name=\"twitter:card\" content=\"summary_large_image\" \/>\n<meta name=\"twitter:label1\" content=\"Est. reading time\" \/>\n\t<meta name=\"twitter:data1\" content=\"2 minutes\" \/>\n<script type=\"application\/ld+json\" class=\"yoast-schema-graph\">{\"@context\":\"https:\/\/schema.org\",\"@graph\":[{\"@type\":\"WebPage\",\"@id\":\"https:\/\/atasagon.com\/produs\/vocea-interioara\/\",\"url\":\"https:\/\/atasagon.com\/produs\/vocea-interioara\/\",\"name\":\"Vocea interioar\u0103 - Atasagon\",\"isPartOf\":{\"@id\":\"https:\/\/atasagon.com\/#website\"},\"primaryImageOfPage\":{\"@id\":\"https:\/\/atasagon.com\/produs\/vocea-interioara\/#primaryimage\"},\"image\":{\"@id\":\"https:\/\/atasagon.com\/produs\/vocea-interioara\/#primaryimage\"},\"thumbnailUrl\":\"https:\/\/atasagon.com\/wp-content\/uploads\/2023\/01\/Atasagon-1378-scaled.jpg\",\"datePublished\":\"2023-01-19T14:44:52+00:00\",\"dateModified\":\"2025-02-28T11:21:20+00:00\",\"breadcrumb\":{\"@id\":\"https:\/\/atasagon.com\/produs\/vocea-interioara\/#breadcrumb\"},\"inLanguage\":\"en-US\",\"potentialAction\":[{\"@type\":\"ReadAction\",\"target\":[\"https:\/\/atasagon.com\/produs\/vocea-interioara\/\"]}]},{\"@type\":\"ImageObject\",\"inLanguage\":\"en-US\",\"@id\":\"https:\/\/atasagon.com\/produs\/vocea-interioara\/#primaryimage\",\"url\":\"https:\/\/atasagon.com\/wp-content\/uploads\/2023\/01\/Atasagon-1378-scaled.jpg\",\"contentUrl\":\"https:\/\/atasagon.com\/wp-content\/uploads\/2023\/01\/Atasagon-1378-scaled.jpg\",\"width\":2560,\"height\":1707},{\"@type\":\"BreadcrumbList\",\"@id\":\"https:\/\/atasagon.com\/produs\/vocea-interioara\/#breadcrumb\",\"itemListElement\":[{\"@type\":\"ListItem\",\"position\":1,\"name\":\"Home\",\"item\":\"https:\/\/atasagon.com\/\"},{\"@type\":\"ListItem\",\"position\":2,\"name\":\"Products\",\"item\":\"https:\/\/atasagon.com\/en\/shop\/\"},{\"@type\":\"ListItem\",\"position\":3,\"name\":\"Vocea interioar\u0103\"}]},{\"@type\":\"WebSite\",\"@id\":\"https:\/\/atasagon.com\/#website\",\"url\":\"https:\/\/atasagon.com\/\",\"name\":\"Atasagon\",\"description\":\"Primul centru de nutri\u021bie \u0219i detoxifiere din Rom\u00e2nia\",\"publisher\":{\"@id\":\"https:\/\/atasagon.com\/#organization\"},\"potentialAction\":[{\"@type\":\"SearchAction\",\"target\":{\"@type\":\"EntryPoint\",\"urlTemplate\":\"https:\/\/atasagon.com\/?s={search_term_string}\"},\"query-input\":{\"@type\":\"PropertyValueSpecification\",\"valueRequired\":true,\"valueName\":\"search_term_string\"}}],\"inLanguage\":\"en-US\"},{\"@type\":\"Organization\",\"@id\":\"https:\/\/atasagon.com\/#organization\",\"name\":\"Atasagon\",\"url\":\"https:\/\/atasagon.com\/\",\"logo\":{\"@type\":\"ImageObject\",\"inLanguage\":\"en-US\",\"@id\":\"https:\/\/atasagon.com\/#\/schema\/logo\/image\/\",\"url\":\"https:\/\/atasagon.com\/wp-content\/uploads\/2023\/01\/cropped-atasagon-logo-2-175x58-1.png\",\"contentUrl\":\"https:\/\/atasagon.com\/wp-content\/uploads\/2023\/01\/cropped-atasagon-logo-2-175x58-1.png\",\"width\":175,\"height\":58,\"caption\":\"Atasagon\"},\"image\":{\"@id\":\"https:\/\/atasagon.com\/#\/schema\/logo\/image\/\"},\"sameAs\":[\"https:\/\/www.facebook.com\/atasagon\/\",\"https:\/\/instagram.com\/atasagon\"]}]}<\/script>\n<!-- \/ Yoast SEO plugin. -->","yoast_head_json":{"title":"Vocea interioar\u0103 - Atasagon","robots":{"index":"index","follow":"follow","max-snippet":"max-snippet:-1","max-image-preview":"max-image-preview:large","max-video-preview":"max-video-preview:-1"},"canonical":"https:\/\/atasagon.com\/en\/product\/vocea-interioara\/","og_locale":"en_US","og_type":"article","og_title":"Vocea interioar\u0103 - Atasagon","og_description":"90 min \/ 450 ron &#8222;\u00ce\u021bi ofer o terapie n\u0103scut\u0103 din fuziunea informa\u021biilor dob\u00e2ndite personal din domenii at\u00e2t de complementare, precum &#8222;Programarea Neuro-Lingvistica&#8221;, &#8222;Consiliere Dezvoltare Personal\u0103&#8221;, &#8222;Mindfulness&#8221;, &#8222;Reiki&#8221;, &#8222;Bars&#8221;, &#8222;Yoga&#8221;, &#8222;Pilates&#8221;, tehnici \u0219i ideolog\u00edi ancestrale de &#8222;Echilibrare \u0219i cur\u0103\u021bare a C\u00e2mpului Energetic de Lumin\u0103&#8221;, pentru a-\u021bi aduce feed-back ul at\u00e2t de dorit \u00een toat\u0103 expresia&hellip;","og_url":"https:\/\/atasagon.com\/en\/product\/vocea-interioara\/","og_site_name":"Atasagon","article_publisher":"https:\/\/www.facebook.com\/atasagon\/","article_modified_time":"2025-02-28T11:21:20+00:00","og_image":[{"width":2560,"height":1707,"url":"https:\/\/atasagon.com\/wp-content\/uploads\/2023\/01\/Atasagon-1378-scaled.jpg","type":"image\/jpeg"}],"twitter_card":"summary_large_image","twitter_misc":{"Est. reading time":"2 minutes"},"schema":{"@context":"https:\/\/schema.org","@graph":[{"@type":"WebPage","@id":"https:\/\/atasagon.com\/produs\/vocea-interioara\/","url":"https:\/\/atasagon.com\/produs\/vocea-interioara\/","name":"Vocea interioar\u0103 - Atasagon","isPartOf":{"@id":"https:\/\/atasagon.com\/#website"},"primaryImageOfPage":{"@id":"https:\/\/atasagon.com\/produs\/vocea-interioara\/#primaryimage"},"image":{"@id":"https:\/\/atasagon.com\/produs\/vocea-interioara\/#primaryimage"},"thumbnailUrl":"https:\/\/atasagon.com\/wp-content\/uploads\/2023\/01\/Atasagon-1378-scaled.jpg","datePublished":"2023-01-19T14:44:52+00:00","dateModified":"2025-02-28T11:21:20+00:00","breadcrumb":{"@id":"https:\/\/atasagon.com\/produs\/vocea-interioara\/#breadcrumb"},"inLanguage":"en-US","potentialAction":[{"@type":"ReadAction","target":["https:\/\/atasagon.com\/produs\/vocea-interioara\/"]}]},{"@type":"ImageObject","inLanguage":"en-US","@id":"https:\/\/atasagon.com\/produs\/vocea-interioara\/#primaryimage","url":"https:\/\/atasagon.com\/wp-content\/uploads\/2023\/01\/Atasagon-1378-scaled.jpg","contentUrl":"https:\/\/atasagon.com\/wp-content\/uploads\/2023\/01\/Atasagon-1378-scaled.jpg","width":2560,"height":1707},{"@type":"BreadcrumbList","@id":"https:\/\/atasagon.com\/produs\/vocea-interioara\/#breadcrumb","itemListElement":[{"@type":"ListItem","position":1,"name":"Home","item":"https:\/\/atasagon.com\/"},{"@type":"ListItem","position":2,"name":"Products","item":"https:\/\/atasagon.com\/en\/shop\/"},{"@type":"ListItem","position":3,"name":"Vocea interioar\u0103"}]},{"@type":"WebSite","@id":"https:\/\/atasagon.com\/#website","url":"https:\/\/atasagon.com\/","name":"Atasagon","description":"The first nutrition and detoxification center in Romania","publisher":{"@id":"https:\/\/atasagon.com\/#organization"},"potentialAction":[{"@type":"SearchAction","target":{"@type":"EntryPoint","urlTemplate":"https:\/\/atasagon.com\/?s={search_term_string}"},"query-input":{"@type":"PropertyValueSpecification","valueRequired":true,"valueName":"search_term_string"}}],"inLanguage":"en-US"},{"@type":"Organization","@id":"https:\/\/atasagon.com\/#organization","name":"Atasagon","url":"https:\/\/atasagon.com\/","logo":{"@type":"ImageObject","inLanguage":"en-US","@id":"https:\/\/atasagon.com\/#\/schema\/logo\/image\/","url":"https:\/\/atasagon.com\/wp-content\/uploads\/2023\/01\/cropped-atasagon-logo-2-175x58-1.png","contentUrl":"https:\/\/atasagon.com\/wp-content\/uploads\/2023\/01\/cropped-atasagon-logo-2-175x58-1.png","width":175,"height":58,"caption":"Atasagon"},"image":{"@id":"https:\/\/atasagon.com\/#\/schema\/logo\/image\/"},"sameAs":["https:\/\/www.facebook.com\/atasagon\/","https:\/\/instagram.com\/atasagon"]}]}},"_links":{"self":[{"href":"https:\/\/atasagon.com\/en\/wp-json\/wp\/v2\/product\/2993","targetHints":{"allow":["GET"]}}],"collection":[{"href":"https:\/\/atasagon.com\/en\/wp-json\/wp\/v2\/product"}],"about":[{"href":"https:\/\/atasagon.com\/en\/wp-json\/wp\/v2\/types\/product"}],"replies":[{"embeddable":true,"href":"https:\/\/atasagon.com\/en\/wp-json\/wp\/v2\/comments?post=2993"}],"wp:featuredmedia":[{"embeddable":true,"href":"https:\/\/atasagon.com\/en\/wp-json\/wp\/v2\/media\/3189"}],"wp:attachment":[{"href":"https:\/\/atasagon.com\/en\/wp-json\/wp\/v2\/media?parent=2993"}],"wp:term":[{"taxonomy":"product_brand","embeddable":true,"href":"https:\/\/atasagon.com\/en\/wp-json\/wp\/v2\/product_brand?post=2993"},{"taxonomy":"product_cat","embeddable":true,"href":"https:\/\/atasagon.com\/en\/wp-json\/wp\/v2\/product_cat?post=2993"},{"taxonomy":"product_tag","embeddable":true,"href":"https:\/\/atasagon.com\/en\/wp-json\/wp\/v2\/product_tag?post=2993"}],"curies":[{"name":"wp","href":"https:\/\/api.w.org\/{rel}","templated":true}]}}