{"id":2992,"date":"2023-01-19T14:44:35","date_gmt":"2023-01-19T14:44:35","guid":{"rendered":"https:\/\/dev.mabit.ro\/?post_type=product&#038;p=2992"},"modified":"2023-10-03T11:28:24","modified_gmt":"2023-10-03T08:28:24","slug":"consiliere-psihologica-90-minute","status":"publish","type":"product","link":"https:\/\/atasagon.com\/en\/product\/consiliere-psihologica-90-minute\/","title":{"rendered":"Psychological counseling \u2013 90 minutes"},"content":{"rendered":"<p>90 min \/ 250 ron<\/p>\n<p>When it comes to your physical health, you wouldn&#039;t think twice about seeing a doctor. But what about your mental health and emotional well-being? Looking for guidance on a difficult situation you are facing? We are with you! Psychological counseling is a form of intervention addressed to you if you are at an impasse in life, being one of the most useful tools for solving stressful problems in your life. You don&#039;t always have to show that you are strong, let us help you! The goals of psychological counseling are self-knowledge and discovery of one&#039;s own potential, personal development, self-acceptance and those around, and harmonizing relationships with others. Choose to capitalize on your inner resources in order to reconnect with the true and authentic &quot;you&quot;.<\/p>","protected":false},"excerpt":{"rendered":"<p>90 min \/ 250 ron When it comes to your physical health, you wouldn&#039;t think twice about seeing a doctor. But what about your mental health and emotional well-being? Looking for guidance on a difficult situation you are facing? We are with you! Psychological counseling is a form of intervention\u2026<\/p>","protected":false},"featured_media":3168,"comment_status":"open","ping_status":"closed","template":"","meta":{"_acf_changed":false},"product_brand":[],"product_cat":[36],"product_tag":[],"class_list":{"0":"post-2992","1":"product","2":"type-product","3":"status-publish","4":"has-post-thumbnail","6":"product_cat-minte-suflet","8":"first","9":"instock","10":"virtual","11":"purchasable","12":"product-type-simple"},"acf":[],"yoast_head":"<!-- This site is optimized with the Yoast SEO plugin v27.2 - https:\/\/yoast.com\/product\/yoast-seo-wordpress\/ -->\n<title>Consiliere psihologic\u0103 - 90 minute - Atasagon<\/title>\n<meta name=\"robots\" content=\"index, follow, max-snippet:-1, max-image-preview:large, max-video-preview:-1\" \/>\n<link rel=\"canonical\" href=\"https:\/\/atasagon.com\/en\/product\/consiliere-psihologica-90-minute\/\" \/>\n<meta property=\"og:locale\" content=\"en_US\" \/>\n<meta property=\"og:type\" content=\"article\" \/>\n<meta property=\"og:title\" content=\"Consiliere psihologic\u0103 - 90 minute - Atasagon\" \/>\n<meta property=\"og:description\" content=\"90 min \/ 250 ron C\u00e2nd vine vorba de s\u0103n\u0103tatea ta fizic\u0103, nu te-ai g\u00e2ndi de dou\u0103 ori s\u0103 vezi un medic. Dar ce zici de s\u0103n\u0103tatea ta mental\u0103 si de bun\u0103starea emotional\u0103? Cau\u021bi \u00eendrumare pentru o situa\u021bie dificil\u0103 cu care te confrun\u021bi? Noi suntem al\u0103turi de tine! Consilierea psihologic\u0103 este o form\u0103 de interven\u021bie&hellip;\" \/>\n<meta property=\"og:url\" content=\"https:\/\/atasagon.com\/en\/product\/consiliere-psihologica-90-minute\/\" \/>\n<meta property=\"og:site_name\" content=\"Atasagon\" \/>\n<meta property=\"article:publisher\" content=\"https:\/\/www.facebook.com\/atasagon\/\" \/>\n<meta property=\"article:modified_time\" content=\"2023-10-03T08:28:24+00:00\" \/>\n<meta property=\"og:image\" content=\"https:\/\/atasagon.com\/wp-content\/uploads\/2023\/01\/Atasagon-1762-scaled.jpg\" \/>\n\t<meta property=\"og:image:width\" content=\"2560\" \/>\n\t<meta property=\"og:image:height\" content=\"1707\" \/>\n\t<meta property=\"og:image:type\" content=\"image\/jpeg\" \/>\n<meta name=\"twitter:card\" content=\"summary_large_image\" \/>\n<meta name=\"twitter:label1\" content=\"Est. reading time\" \/>\n\t<meta name=\"twitter:data1\" content=\"1 minute\" \/>\n<script type=\"application\/ld+json\" class=\"yoast-schema-graph\">{\"@context\":\"https:\/\/schema.org\",\"@graph\":[{\"@type\":\"WebPage\",\"@id\":\"https:\/\/atasagon.com\/produs\/consiliere-psihologica-90-minute\/\",\"url\":\"https:\/\/atasagon.com\/produs\/consiliere-psihologica-90-minute\/\",\"name\":\"Consiliere psihologic\u0103 - 90 minute - Atasagon\",\"isPartOf\":{\"@id\":\"https:\/\/atasagon.com\/#website\"},\"primaryImageOfPage\":{\"@id\":\"https:\/\/atasagon.com\/produs\/consiliere-psihologica-90-minute\/#primaryimage\"},\"image\":{\"@id\":\"https:\/\/atasagon.com\/produs\/consiliere-psihologica-90-minute\/#primaryimage\"},\"thumbnailUrl\":\"https:\/\/atasagon.com\/wp-content\/uploads\/2023\/01\/Atasagon-1762-scaled.jpg\",\"datePublished\":\"2023-01-19T14:44:35+00:00\",\"dateModified\":\"2023-10-03T08:28:24+00:00\",\"breadcrumb\":{\"@id\":\"https:\/\/atasagon.com\/produs\/consiliere-psihologica-90-minute\/#breadcrumb\"},\"inLanguage\":\"en-US\",\"potentialAction\":[{\"@type\":\"ReadAction\",\"target\":[\"https:\/\/atasagon.com\/produs\/consiliere-psihologica-90-minute\/\"]}]},{\"@type\":\"ImageObject\",\"inLanguage\":\"en-US\",\"@id\":\"https:\/\/atasagon.com\/produs\/consiliere-psihologica-90-minute\/#primaryimage\",\"url\":\"https:\/\/atasagon.com\/wp-content\/uploads\/2023\/01\/Atasagon-1762-scaled.jpg\",\"contentUrl\":\"https:\/\/atasagon.com\/wp-content\/uploads\/2023\/01\/Atasagon-1762-scaled.jpg\",\"width\":2560,\"height\":1707},{\"@type\":\"BreadcrumbList\",\"@id\":\"https:\/\/atasagon.com\/produs\/consiliere-psihologica-90-minute\/#breadcrumb\",\"itemListElement\":[{\"@type\":\"ListItem\",\"position\":1,\"name\":\"Home\",\"item\":\"https:\/\/atasagon.com\/\"},{\"@type\":\"ListItem\",\"position\":2,\"name\":\"Products\",\"item\":\"https:\/\/atasagon.com\/en\/shop\/\"},{\"@type\":\"ListItem\",\"position\":3,\"name\":\"Consiliere psihologic\u0103 &#8211; 90 minute\"}]},{\"@type\":\"WebSite\",\"@id\":\"https:\/\/atasagon.com\/#website\",\"url\":\"https:\/\/atasagon.com\/\",\"name\":\"Atasagon\",\"description\":\"Primul centru de nutri\u021bie \u0219i detoxifiere din Rom\u00e2nia\",\"publisher\":{\"@id\":\"https:\/\/atasagon.com\/#organization\"},\"potentialAction\":[{\"@type\":\"SearchAction\",\"target\":{\"@type\":\"EntryPoint\",\"urlTemplate\":\"https:\/\/atasagon.com\/?s={search_term_string}\"},\"query-input\":{\"@type\":\"PropertyValueSpecification\",\"valueRequired\":true,\"valueName\":\"search_term_string\"}}],\"inLanguage\":\"en-US\"},{\"@type\":\"Organization\",\"@id\":\"https:\/\/atasagon.com\/#organization\",\"name\":\"Atasagon\",\"url\":\"https:\/\/atasagon.com\/\",\"logo\":{\"@type\":\"ImageObject\",\"inLanguage\":\"en-US\",\"@id\":\"https:\/\/atasagon.com\/#\/schema\/logo\/image\/\",\"url\":\"https:\/\/atasagon.com\/wp-content\/uploads\/2023\/01\/cropped-atasagon-logo-2-175x58-1.png\",\"contentUrl\":\"https:\/\/atasagon.com\/wp-content\/uploads\/2023\/01\/cropped-atasagon-logo-2-175x58-1.png\",\"width\":175,\"height\":58,\"caption\":\"Atasagon\"},\"image\":{\"@id\":\"https:\/\/atasagon.com\/#\/schema\/logo\/image\/\"},\"sameAs\":[\"https:\/\/www.facebook.com\/atasagon\/\",\"https:\/\/instagram.com\/atasagon\"]}]}<\/script>\n<!-- \/ Yoast SEO plugin. -->","yoast_head_json":{"title":"Consiliere psihologic\u0103 - 90 minute - Atasagon","robots":{"index":"index","follow":"follow","max-snippet":"max-snippet:-1","max-image-preview":"max-image-preview:large","max-video-preview":"max-video-preview:-1"},"canonical":"https:\/\/atasagon.com\/en\/product\/consiliere-psihologica-90-minute\/","og_locale":"en_US","og_type":"article","og_title":"Consiliere psihologic\u0103 - 90 minute - Atasagon","og_description":"90 min \/ 250 ron C\u00e2nd vine vorba de s\u0103n\u0103tatea ta fizic\u0103, nu te-ai g\u00e2ndi de dou\u0103 ori s\u0103 vezi un medic. Dar ce zici de s\u0103n\u0103tatea ta mental\u0103 si de bun\u0103starea emotional\u0103? Cau\u021bi \u00eendrumare pentru o situa\u021bie dificil\u0103 cu care te confrun\u021bi? Noi suntem al\u0103turi de tine! Consilierea psihologic\u0103 este o form\u0103 de interven\u021bie&hellip;","og_url":"https:\/\/atasagon.com\/en\/product\/consiliere-psihologica-90-minute\/","og_site_name":"Atasagon","article_publisher":"https:\/\/www.facebook.com\/atasagon\/","article_modified_time":"2023-10-03T08:28:24+00:00","og_image":[{"width":2560,"height":1707,"url":"https:\/\/atasagon.com\/wp-content\/uploads\/2023\/01\/Atasagon-1762-scaled.jpg","type":"image\/jpeg"}],"twitter_card":"summary_large_image","twitter_misc":{"Est. reading time":"1 minute"},"schema":{"@context":"https:\/\/schema.org","@graph":[{"@type":"WebPage","@id":"https:\/\/atasagon.com\/produs\/consiliere-psihologica-90-minute\/","url":"https:\/\/atasagon.com\/produs\/consiliere-psihologica-90-minute\/","name":"Consiliere psihologic\u0103 - 90 minute - Atasagon","isPartOf":{"@id":"https:\/\/atasagon.com\/#website"},"primaryImageOfPage":{"@id":"https:\/\/atasagon.com\/produs\/consiliere-psihologica-90-minute\/#primaryimage"},"image":{"@id":"https:\/\/atasagon.com\/produs\/consiliere-psihologica-90-minute\/#primaryimage"},"thumbnailUrl":"https:\/\/atasagon.com\/wp-content\/uploads\/2023\/01\/Atasagon-1762-scaled.jpg","datePublished":"2023-01-19T14:44:35+00:00","dateModified":"2023-10-03T08:28:24+00:00","breadcrumb":{"@id":"https:\/\/atasagon.com\/produs\/consiliere-psihologica-90-minute\/#breadcrumb"},"inLanguage":"en-US","potentialAction":[{"@type":"ReadAction","target":["https:\/\/atasagon.com\/produs\/consiliere-psihologica-90-minute\/"]}]},{"@type":"ImageObject","inLanguage":"en-US","@id":"https:\/\/atasagon.com\/produs\/consiliere-psihologica-90-minute\/#primaryimage","url":"https:\/\/atasagon.com\/wp-content\/uploads\/2023\/01\/Atasagon-1762-scaled.jpg","contentUrl":"https:\/\/atasagon.com\/wp-content\/uploads\/2023\/01\/Atasagon-1762-scaled.jpg","width":2560,"height":1707},{"@type":"BreadcrumbList","@id":"https:\/\/atasagon.com\/produs\/consiliere-psihologica-90-minute\/#breadcrumb","itemListElement":[{"@type":"ListItem","position":1,"name":"Home","item":"https:\/\/atasagon.com\/"},{"@type":"ListItem","position":2,"name":"Products","item":"https:\/\/atasagon.com\/en\/shop\/"},{"@type":"ListItem","position":3,"name":"Consiliere psihologic\u0103 &#8211; 90 minute"}]},{"@type":"WebSite","@id":"https:\/\/atasagon.com\/#website","url":"https:\/\/atasagon.com\/","name":"Atasagon","description":"The first nutrition and detoxification center in Romania","publisher":{"@id":"https:\/\/atasagon.com\/#organization"},"potentialAction":[{"@type":"SearchAction","target":{"@type":"EntryPoint","urlTemplate":"https:\/\/atasagon.com\/?s={search_term_string}"},"query-input":{"@type":"PropertyValueSpecification","valueRequired":true,"valueName":"search_term_string"}}],"inLanguage":"en-US"},{"@type":"Organization","@id":"https:\/\/atasagon.com\/#organization","name":"Atasagon","url":"https:\/\/atasagon.com\/","logo":{"@type":"ImageObject","inLanguage":"en-US","@id":"https:\/\/atasagon.com\/#\/schema\/logo\/image\/","url":"https:\/\/atasagon.com\/wp-content\/uploads\/2023\/01\/cropped-atasagon-logo-2-175x58-1.png","contentUrl":"https:\/\/atasagon.com\/wp-content\/uploads\/2023\/01\/cropped-atasagon-logo-2-175x58-1.png","width":175,"height":58,"caption":"Atasagon"},"image":{"@id":"https:\/\/atasagon.com\/#\/schema\/logo\/image\/"},"sameAs":["https:\/\/www.facebook.com\/atasagon\/","https:\/\/instagram.com\/atasagon"]}]}},"_links":{"self":[{"href":"https:\/\/atasagon.com\/en\/wp-json\/wp\/v2\/product\/2992","targetHints":{"allow":["GET"]}}],"collection":[{"href":"https:\/\/atasagon.com\/en\/wp-json\/wp\/v2\/product"}],"about":[{"href":"https:\/\/atasagon.com\/en\/wp-json\/wp\/v2\/types\/product"}],"replies":[{"embeddable":true,"href":"https:\/\/atasagon.com\/en\/wp-json\/wp\/v2\/comments?post=2992"}],"wp:featuredmedia":[{"embeddable":true,"href":"https:\/\/atasagon.com\/en\/wp-json\/wp\/v2\/media\/3168"}],"wp:attachment":[{"href":"https:\/\/atasagon.com\/en\/wp-json\/wp\/v2\/media?parent=2992"}],"wp:term":[{"taxonomy":"product_brand","embeddable":true,"href":"https:\/\/atasagon.com\/en\/wp-json\/wp\/v2\/product_brand?post=2992"},{"taxonomy":"product_cat","embeddable":true,"href":"https:\/\/atasagon.com\/en\/wp-json\/wp\/v2\/product_cat?post=2992"},{"taxonomy":"product_tag","embeddable":true,"href":"https:\/\/atasagon.com\/en\/wp-json\/wp\/v2\/product_tag?post=2992"}],"curies":[{"name":"wp","href":"https:\/\/api.w.org\/{rel}","templated":true}]}}