{"id":2991,"date":"2023-01-19T14:44:08","date_gmt":"2023-01-19T14:44:08","guid":{"rendered":"https:\/\/dev.mabit.ro\/?post_type=product&#038;p=2991"},"modified":"2024-11-05T17:52:54","modified_gmt":"2024-11-05T14:52:54","slug":"consiliere-psihologica-60-minute","status":"publish","type":"product","link":"https:\/\/atasagon.com\/en\/product\/consiliere-psihologica-60-minute\/","title":{"rendered":"CONSULTAN\u021a\u0102 HUMAN DESIGN &#8211; 60 minute"},"content":{"rendered":"<p>Descoper\u0103 puterea unic\u0103t\u0103\u021bii tale \u0219i valorific\u0103-\u021bi poten\u021bialul maxim prin sesiunea de Consultan\u021b\u0103 Human Design la Atasagon. Aceast\u0103 sesiune de 60 de minute \u00ee\u021bi ofer\u0103 o analiz\u0103 detaliat\u0103 a propriului t\u0103u design, bazat\u0103 pe o combina\u021bie unic\u0103 \u00eentre astrologie, I Ching, Kabbala \u0219i sistemul chakrelor. Al\u0103turi de un expert specializat, vei \u00een\u021belege tipul t\u0103u energetic, modalitatea de a lua decizii corecte \u0219i strategiile potrivite pentru a-\u021bi tr\u0103i via\u021ba \u00een armonie cu tine \u00eensu\u021bi \u0219i cu cei din jur.<\/p>\n<p><strong>Ce vei ob\u021bine:<\/strong><\/p>\n<ul>\n<li>O hart\u0103 personalizat\u0103 a designului t\u0103u uman<\/li>\n<li>\u00cendrumare pentru a recunoa\u0219te tiparele tale naturale de comportament \u0219i poten\u021bialele blocaje<\/li>\n<li>Sfaturi practice pentru a-\u021bi optimiza alegerile \u0219i rela\u021biile interpersonale<\/li>\n<li>Un plan de ac\u021biune pentru a-\u021bi alinia stilul de via\u021b\u0103 cu adev\u0103rata ta esen\u021b\u0103<\/li>\n<\/ul>\n<p>Aceast\u0103 consultan\u021b\u0103 este ideal\u0103 pentru oricine dore\u0219te s\u0103 se cunoasc\u0103 mai bine, s\u0103 \u00ee\u0219i \u00een\u021beleag\u0103 for\u021bele interioare \u0219i s\u0103 \u00ee\u0219i creeze un parcurs autentic spre succes \u0219i echilibru.<\/p>\n<p><strong>Durat\u0103:<\/strong> 60 minute<\/p>","protected":false},"excerpt":{"rendered":"<p>Descoper\u0103 puterea unic\u0103t\u0103\u021bii tale \u0219i valorific\u0103-\u021bi poten\u021bialul maxim prin sesiunea de Consultan\u021b\u0103 Human Design la Atasagon. Aceast\u0103 sesiune de 60 de minute \u00ee\u021bi ofer\u0103 o analiz\u0103 detaliat\u0103 a propriului t\u0103u design, bazat\u0103 pe o combina\u021bie unic\u0103 \u00eentre astrologie, I Ching, Kabbala \u0219i sistemul chakrelor. Al\u0103turi de un expert specializat, vei \u00een\u021belege tipul t\u0103u energetic, modalitatea&hellip;<\/p>","protected":false},"featured_media":8738,"comment_status":"open","ping_status":"closed","template":"","meta":{"_acf_changed":false},"product_brand":[],"product_cat":[36],"product_tag":[],"class_list":{"0":"post-2991","1":"product","2":"type-product","3":"status-publish","4":"has-post-thumbnail","6":"product_cat-minte-suflet","8":"first","9":"instock","10":"virtual","11":"purchasable","12":"product-type-simple"},"acf":[],"yoast_head":"<!-- This site is optimized with the Yoast SEO plugin v27.2 - https:\/\/yoast.com\/product\/yoast-seo-wordpress\/ -->\n<title>CONSULTAN\u021a\u0102 HUMAN DESIGN - 60 minute - Atasagon<\/title>\n<meta name=\"robots\" content=\"index, follow, max-snippet:-1, max-image-preview:large, max-video-preview:-1\" \/>\n<link rel=\"canonical\" href=\"https:\/\/atasagon.com\/en\/product\/consiliere-psihologica-60-minute\/\" \/>\n<meta property=\"og:locale\" content=\"en_US\" \/>\n<meta property=\"og:type\" content=\"article\" \/>\n<meta property=\"og:title\" content=\"CONSULTAN\u021a\u0102 HUMAN DESIGN - 60 minute - Atasagon\" \/>\n<meta property=\"og:description\" content=\"Descoper\u0103 puterea unic\u0103t\u0103\u021bii tale \u0219i valorific\u0103-\u021bi poten\u021bialul maxim prin sesiunea de Consultan\u021b\u0103 Human Design la Atasagon. Aceast\u0103 sesiune de 60 de minute \u00ee\u021bi ofer\u0103 o analiz\u0103 detaliat\u0103 a propriului t\u0103u design, bazat\u0103 pe o combina\u021bie unic\u0103 \u00eentre astrologie, I Ching, Kabbala \u0219i sistemul chakrelor. Al\u0103turi de un expert specializat, vei \u00een\u021belege tipul t\u0103u energetic, modalitatea&hellip;\" \/>\n<meta property=\"og:url\" content=\"https:\/\/atasagon.com\/en\/product\/consiliere-psihologica-60-minute\/\" \/>\n<meta property=\"og:site_name\" content=\"Atasagon\" \/>\n<meta property=\"article:publisher\" content=\"https:\/\/www.facebook.com\/atasagon\/\" \/>\n<meta property=\"article:modified_time\" content=\"2024-11-05T14:52:54+00:00\" \/>\n<meta property=\"og:image\" content=\"https:\/\/atasagon.com\/wp-content\/uploads\/2023\/01\/Postarea-1-2-1024x1024.png\" \/>\n\t<meta property=\"og:image:width\" content=\"1024\" \/>\n\t<meta property=\"og:image:height\" content=\"1024\" \/>\n\t<meta property=\"og:image:type\" content=\"image\/png\" \/>\n<meta name=\"twitter:card\" content=\"summary_large_image\" \/>\n<meta name=\"twitter:label1\" content=\"Est. reading time\" \/>\n\t<meta name=\"twitter:data1\" content=\"2 minutes\" \/>\n<script type=\"application\/ld+json\" class=\"yoast-schema-graph\">{\"@context\":\"https:\/\/schema.org\",\"@graph\":[{\"@type\":\"WebPage\",\"@id\":\"https:\/\/atasagon.com\/produs\/consiliere-psihologica-60-minute\/\",\"url\":\"https:\/\/atasagon.com\/produs\/consiliere-psihologica-60-minute\/\",\"name\":\"CONSULTAN\u021a\u0102 HUMAN DESIGN - 60 minute - Atasagon\",\"isPartOf\":{\"@id\":\"https:\/\/atasagon.com\/#website\"},\"primaryImageOfPage\":{\"@id\":\"https:\/\/atasagon.com\/produs\/consiliere-psihologica-60-minute\/#primaryimage\"},\"image\":{\"@id\":\"https:\/\/atasagon.com\/produs\/consiliere-psihologica-60-minute\/#primaryimage\"},\"thumbnailUrl\":\"https:\/\/atasagon.com\/wp-content\/uploads\/2023\/01\/Postarea-1-2.png\",\"datePublished\":\"2023-01-19T14:44:08+00:00\",\"dateModified\":\"2024-11-05T14:52:54+00:00\",\"breadcrumb\":{\"@id\":\"https:\/\/atasagon.com\/produs\/consiliere-psihologica-60-minute\/#breadcrumb\"},\"inLanguage\":\"en-US\",\"potentialAction\":[{\"@type\":\"ReadAction\",\"target\":[\"https:\/\/atasagon.com\/produs\/consiliere-psihologica-60-minute\/\"]}]},{\"@type\":\"ImageObject\",\"inLanguage\":\"en-US\",\"@id\":\"https:\/\/atasagon.com\/produs\/consiliere-psihologica-60-minute\/#primaryimage\",\"url\":\"https:\/\/atasagon.com\/wp-content\/uploads\/2023\/01\/Postarea-1-2.png\",\"contentUrl\":\"https:\/\/atasagon.com\/wp-content\/uploads\/2023\/01\/Postarea-1-2.png\",\"width\":1080,\"height\":1080},{\"@type\":\"BreadcrumbList\",\"@id\":\"https:\/\/atasagon.com\/produs\/consiliere-psihologica-60-minute\/#breadcrumb\",\"itemListElement\":[{\"@type\":\"ListItem\",\"position\":1,\"name\":\"Home\",\"item\":\"https:\/\/atasagon.com\/\"},{\"@type\":\"ListItem\",\"position\":2,\"name\":\"Products\",\"item\":\"https:\/\/atasagon.com\/en\/shop\/\"},{\"@type\":\"ListItem\",\"position\":3,\"name\":\"CONSULTAN\u021a\u0102 HUMAN DESIGN &#8211; 60 minute\"}]},{\"@type\":\"WebSite\",\"@id\":\"https:\/\/atasagon.com\/#website\",\"url\":\"https:\/\/atasagon.com\/\",\"name\":\"Atasagon\",\"description\":\"Primul centru de nutri\u021bie \u0219i detoxifiere din Rom\u00e2nia\",\"publisher\":{\"@id\":\"https:\/\/atasagon.com\/#organization\"},\"potentialAction\":[{\"@type\":\"SearchAction\",\"target\":{\"@type\":\"EntryPoint\",\"urlTemplate\":\"https:\/\/atasagon.com\/?s={search_term_string}\"},\"query-input\":{\"@type\":\"PropertyValueSpecification\",\"valueRequired\":true,\"valueName\":\"search_term_string\"}}],\"inLanguage\":\"en-US\"},{\"@type\":\"Organization\",\"@id\":\"https:\/\/atasagon.com\/#organization\",\"name\":\"Atasagon\",\"url\":\"https:\/\/atasagon.com\/\",\"logo\":{\"@type\":\"ImageObject\",\"inLanguage\":\"en-US\",\"@id\":\"https:\/\/atasagon.com\/#\/schema\/logo\/image\/\",\"url\":\"https:\/\/atasagon.com\/wp-content\/uploads\/2023\/01\/cropped-atasagon-logo-2-175x58-1.png\",\"contentUrl\":\"https:\/\/atasagon.com\/wp-content\/uploads\/2023\/01\/cropped-atasagon-logo-2-175x58-1.png\",\"width\":175,\"height\":58,\"caption\":\"Atasagon\"},\"image\":{\"@id\":\"https:\/\/atasagon.com\/#\/schema\/logo\/image\/\"},\"sameAs\":[\"https:\/\/www.facebook.com\/atasagon\/\",\"https:\/\/instagram.com\/atasagon\"]}]}<\/script>\n<!-- \/ Yoast SEO plugin. -->","yoast_head_json":{"title":"CONSULTAN\u021a\u0102 HUMAN DESIGN - 60 minute - Atasagon","robots":{"index":"index","follow":"follow","max-snippet":"max-snippet:-1","max-image-preview":"max-image-preview:large","max-video-preview":"max-video-preview:-1"},"canonical":"https:\/\/atasagon.com\/en\/product\/consiliere-psihologica-60-minute\/","og_locale":"en_US","og_type":"article","og_title":"CONSULTAN\u021a\u0102 HUMAN DESIGN - 60 minute - Atasagon","og_description":"Descoper\u0103 puterea unic\u0103t\u0103\u021bii tale \u0219i valorific\u0103-\u021bi poten\u021bialul maxim prin sesiunea de Consultan\u021b\u0103 Human Design la Atasagon. Aceast\u0103 sesiune de 60 de minute \u00ee\u021bi ofer\u0103 o analiz\u0103 detaliat\u0103 a propriului t\u0103u design, bazat\u0103 pe o combina\u021bie unic\u0103 \u00eentre astrologie, I Ching, Kabbala \u0219i sistemul chakrelor. Al\u0103turi de un expert specializat, vei \u00een\u021belege tipul t\u0103u energetic, modalitatea&hellip;","og_url":"https:\/\/atasagon.com\/en\/product\/consiliere-psihologica-60-minute\/","og_site_name":"Atasagon","article_publisher":"https:\/\/www.facebook.com\/atasagon\/","article_modified_time":"2024-11-05T14:52:54+00:00","og_image":[{"width":1024,"height":1024,"url":"https:\/\/atasagon.com\/wp-content\/uploads\/2023\/01\/Postarea-1-2-1024x1024.png","type":"image\/png"}],"twitter_card":"summary_large_image","twitter_misc":{"Est. reading time":"2 minutes"},"schema":{"@context":"https:\/\/schema.org","@graph":[{"@type":"WebPage","@id":"https:\/\/atasagon.com\/produs\/consiliere-psihologica-60-minute\/","url":"https:\/\/atasagon.com\/produs\/consiliere-psihologica-60-minute\/","name":"CONSULTAN\u021a\u0102 HUMAN DESIGN - 60 minute - Atasagon","isPartOf":{"@id":"https:\/\/atasagon.com\/#website"},"primaryImageOfPage":{"@id":"https:\/\/atasagon.com\/produs\/consiliere-psihologica-60-minute\/#primaryimage"},"image":{"@id":"https:\/\/atasagon.com\/produs\/consiliere-psihologica-60-minute\/#primaryimage"},"thumbnailUrl":"https:\/\/atasagon.com\/wp-content\/uploads\/2023\/01\/Postarea-1-2.png","datePublished":"2023-01-19T14:44:08+00:00","dateModified":"2024-11-05T14:52:54+00:00","breadcrumb":{"@id":"https:\/\/atasagon.com\/produs\/consiliere-psihologica-60-minute\/#breadcrumb"},"inLanguage":"en-US","potentialAction":[{"@type":"ReadAction","target":["https:\/\/atasagon.com\/produs\/consiliere-psihologica-60-minute\/"]}]},{"@type":"ImageObject","inLanguage":"en-US","@id":"https:\/\/atasagon.com\/produs\/consiliere-psihologica-60-minute\/#primaryimage","url":"https:\/\/atasagon.com\/wp-content\/uploads\/2023\/01\/Postarea-1-2.png","contentUrl":"https:\/\/atasagon.com\/wp-content\/uploads\/2023\/01\/Postarea-1-2.png","width":1080,"height":1080},{"@type":"BreadcrumbList","@id":"https:\/\/atasagon.com\/produs\/consiliere-psihologica-60-minute\/#breadcrumb","itemListElement":[{"@type":"ListItem","position":1,"name":"Home","item":"https:\/\/atasagon.com\/"},{"@type":"ListItem","position":2,"name":"Products","item":"https:\/\/atasagon.com\/en\/shop\/"},{"@type":"ListItem","position":3,"name":"CONSULTAN\u021a\u0102 HUMAN DESIGN &#8211; 60 minute"}]},{"@type":"WebSite","@id":"https:\/\/atasagon.com\/#website","url":"https:\/\/atasagon.com\/","name":"Atasagon","description":"The first nutrition and detoxification center in Romania","publisher":{"@id":"https:\/\/atasagon.com\/#organization"},"potentialAction":[{"@type":"SearchAction","target":{"@type":"EntryPoint","urlTemplate":"https:\/\/atasagon.com\/?s={search_term_string}"},"query-input":{"@type":"PropertyValueSpecification","valueRequired":true,"valueName":"search_term_string"}}],"inLanguage":"en-US"},{"@type":"Organization","@id":"https:\/\/atasagon.com\/#organization","name":"Atasagon","url":"https:\/\/atasagon.com\/","logo":{"@type":"ImageObject","inLanguage":"en-US","@id":"https:\/\/atasagon.com\/#\/schema\/logo\/image\/","url":"https:\/\/atasagon.com\/wp-content\/uploads\/2023\/01\/cropped-atasagon-logo-2-175x58-1.png","contentUrl":"https:\/\/atasagon.com\/wp-content\/uploads\/2023\/01\/cropped-atasagon-logo-2-175x58-1.png","width":175,"height":58,"caption":"Atasagon"},"image":{"@id":"https:\/\/atasagon.com\/#\/schema\/logo\/image\/"},"sameAs":["https:\/\/www.facebook.com\/atasagon\/","https:\/\/instagram.com\/atasagon"]}]}},"_links":{"self":[{"href":"https:\/\/atasagon.com\/en\/wp-json\/wp\/v2\/product\/2991","targetHints":{"allow":["GET"]}}],"collection":[{"href":"https:\/\/atasagon.com\/en\/wp-json\/wp\/v2\/product"}],"about":[{"href":"https:\/\/atasagon.com\/en\/wp-json\/wp\/v2\/types\/product"}],"replies":[{"embeddable":true,"href":"https:\/\/atasagon.com\/en\/wp-json\/wp\/v2\/comments?post=2991"}],"wp:featuredmedia":[{"embeddable":true,"href":"https:\/\/atasagon.com\/en\/wp-json\/wp\/v2\/media\/8738"}],"wp:attachment":[{"href":"https:\/\/atasagon.com\/en\/wp-json\/wp\/v2\/media?parent=2991"}],"wp:term":[{"taxonomy":"product_brand","embeddable":true,"href":"https:\/\/atasagon.com\/en\/wp-json\/wp\/v2\/product_brand?post=2991"},{"taxonomy":"product_cat","embeddable":true,"href":"https:\/\/atasagon.com\/en\/wp-json\/wp\/v2\/product_cat?post=2991"},{"taxonomy":"product_tag","embeddable":true,"href":"https:\/\/atasagon.com\/en\/wp-json\/wp\/v2\/product_tag?post=2991"}],"curies":[{"name":"wp","href":"https:\/\/api.w.org\/{rel}","templated":true}]}}