{"id":2985,"date":"2023-01-19T14:39:34","date_gmt":"2023-01-19T14:39:34","guid":{"rendered":"https:\/\/dev.mabit.ro\/?post_type=product&#038;p=2985"},"modified":"2026-02-11T12:35:12","modified_gmt":"2026-02-11T09:35:12","slug":"masaj-hawaiian-lomi-lomi-75-minute","status":"publish","type":"product","link":"https:\/\/atasagon.com\/en\/product\/masaj-hawaiian-lomi-lomi-75-minute\/","title":{"rendered":"Hawaiian Lomi Lomi massage \u2013 75 minutes"},"content":{"rendered":"<p>75 min \/ 270 ron<\/p>\n<p>Looking to experience healing in an authentic way on the massage table? Hawaiian Lomi Lomi massage is known as &quot;loving hands&quot; massage and is recognized in the modern world as a holistic therapy. This type of massage is more than a physical massage; is a healing experience that harmonizes body, mind and spirit, having a positive effect on all body systems. The massage works lightly but deep into the muscles, is done with slow extended movements of the forearms, and is known for its beneficial effects in improving flexibility, reducing stress, balancing the body and mind. All that remains to be done is to let yourself be carried away by the nurturing touch of the therapist to reach clarity and relaxation.<\/p>","protected":false},"excerpt":{"rendered":"<p>75 min \/ 270 ron Looking to experience healing in an authentic way on the massage table? Hawaiian Lomi Lomi massage is known as &quot;loving hands&quot; massage and is recognized in the modern world as a holistic therapy. This type of massage is more than a physical massage; it is a healing experience that\u2026<\/p>","protected":false},"featured_media":4585,"comment_status":"open","ping_status":"closed","template":"","meta":{"_acf_changed":false},"product_brand":[],"product_cat":[34],"product_tag":[],"class_list":{"0":"post-2985","1":"product","2":"type-product","3":"status-publish","4":"has-post-thumbnail","6":"product_cat-spa","8":"first","9":"instock","10":"virtual","11":"purchasable","12":"product-type-simple"},"acf":[],"yoast_head":"<!-- This site is optimized with the Yoast SEO plugin v27.2 - https:\/\/yoast.com\/product\/yoast-seo-wordpress\/ -->\n<title>Masaj Hawaiian Lomi Lomi - 75 minute - Atasagon<\/title>\n<meta name=\"robots\" content=\"index, follow, max-snippet:-1, max-image-preview:large, max-video-preview:-1\" \/>\n<link rel=\"canonical\" href=\"https:\/\/atasagon.com\/en\/product\/masaj-hawaiian-lomi-lomi-75-minute\/\" \/>\n<meta property=\"og:locale\" content=\"en_US\" \/>\n<meta property=\"og:type\" content=\"article\" \/>\n<meta property=\"og:title\" content=\"Masaj Hawaiian Lomi Lomi - 75 minute - Atasagon\" \/>\n<meta property=\"og:description\" content=\"75 min \/ 270 ron Cau\u021bi s\u0103 experimentezi vindecarea \u00eentr-un mod autentic pe masa de masaj? Masajul Hawaiian Lomi Lomi este cunoscut sub numele de masajul \u201em\u00e2inilor iubitoare\u201d \u0219i este recunoscut \u00een lumea modern\u0103 ca o terapie holistic\u0103. Acest tip de masaj este mai mult dec\u00e2t un masaj fizic; este o experien\u021b\u0103 de vindecare care&hellip;\" \/>\n<meta property=\"og:url\" content=\"https:\/\/atasagon.com\/en\/product\/masaj-hawaiian-lomi-lomi-75-minute\/\" \/>\n<meta property=\"og:site_name\" content=\"Atasagon\" \/>\n<meta property=\"article:publisher\" content=\"https:\/\/www.facebook.com\/atasagon\/\" \/>\n<meta property=\"article:modified_time\" content=\"2026-02-11T09:35:12+00:00\" \/>\n<meta property=\"og:image\" content=\"https:\/\/atasagon.com\/wp-content\/uploads\/2023\/01\/Masaj-Hawaiian-scaled.jpg\" \/>\n\t<meta property=\"og:image:width\" content=\"2560\" \/>\n\t<meta property=\"og:image:height\" content=\"1706\" \/>\n\t<meta property=\"og:image:type\" content=\"image\/jpeg\" \/>\n<meta name=\"twitter:card\" content=\"summary_large_image\" \/>\n<meta name=\"twitter:label1\" content=\"Est. reading time\" \/>\n\t<meta name=\"twitter:data1\" content=\"1 minute\" \/>\n<script type=\"application\/ld+json\" class=\"yoast-schema-graph\">{\"@context\":\"https:\/\/schema.org\",\"@graph\":[{\"@type\":\"WebPage\",\"@id\":\"https:\/\/atasagon.com\/produs\/masaj-hawaiian-lomi-lomi-75-minute\/\",\"url\":\"https:\/\/atasagon.com\/produs\/masaj-hawaiian-lomi-lomi-75-minute\/\",\"name\":\"Masaj Hawaiian Lomi Lomi - 75 minute - Atasagon\",\"isPartOf\":{\"@id\":\"https:\/\/atasagon.com\/#website\"},\"primaryImageOfPage\":{\"@id\":\"https:\/\/atasagon.com\/produs\/masaj-hawaiian-lomi-lomi-75-minute\/#primaryimage\"},\"image\":{\"@id\":\"https:\/\/atasagon.com\/produs\/masaj-hawaiian-lomi-lomi-75-minute\/#primaryimage\"},\"thumbnailUrl\":\"https:\/\/atasagon.com\/wp-content\/uploads\/2023\/01\/Masaj-Hawaiian-scaled.jpg\",\"datePublished\":\"2023-01-19T14:39:34+00:00\",\"dateModified\":\"2026-02-11T09:35:12+00:00\",\"breadcrumb\":{\"@id\":\"https:\/\/atasagon.com\/produs\/masaj-hawaiian-lomi-lomi-75-minute\/#breadcrumb\"},\"inLanguage\":\"en-US\",\"potentialAction\":[{\"@type\":\"ReadAction\",\"target\":[\"https:\/\/atasagon.com\/produs\/masaj-hawaiian-lomi-lomi-75-minute\/\"]}]},{\"@type\":\"ImageObject\",\"inLanguage\":\"en-US\",\"@id\":\"https:\/\/atasagon.com\/produs\/masaj-hawaiian-lomi-lomi-75-minute\/#primaryimage\",\"url\":\"https:\/\/atasagon.com\/wp-content\/uploads\/2023\/01\/Masaj-Hawaiian-scaled.jpg\",\"contentUrl\":\"https:\/\/atasagon.com\/wp-content\/uploads\/2023\/01\/Masaj-Hawaiian-scaled.jpg\",\"width\":2560,\"height\":1706},{\"@type\":\"BreadcrumbList\",\"@id\":\"https:\/\/atasagon.com\/produs\/masaj-hawaiian-lomi-lomi-75-minute\/#breadcrumb\",\"itemListElement\":[{\"@type\":\"ListItem\",\"position\":1,\"name\":\"Home\",\"item\":\"https:\/\/atasagon.com\/\"},{\"@type\":\"ListItem\",\"position\":2,\"name\":\"Products\",\"item\":\"https:\/\/atasagon.com\/en\/shop\/\"},{\"@type\":\"ListItem\",\"position\":3,\"name\":\"Masaj Hawaiian Lomi Lomi &#8211; 75 minute\"}]},{\"@type\":\"WebSite\",\"@id\":\"https:\/\/atasagon.com\/#website\",\"url\":\"https:\/\/atasagon.com\/\",\"name\":\"Atasagon\",\"description\":\"Primul centru de nutri\u021bie \u0219i detoxifiere din Rom\u00e2nia\",\"publisher\":{\"@id\":\"https:\/\/atasagon.com\/#organization\"},\"potentialAction\":[{\"@type\":\"SearchAction\",\"target\":{\"@type\":\"EntryPoint\",\"urlTemplate\":\"https:\/\/atasagon.com\/?s={search_term_string}\"},\"query-input\":{\"@type\":\"PropertyValueSpecification\",\"valueRequired\":true,\"valueName\":\"search_term_string\"}}],\"inLanguage\":\"en-US\"},{\"@type\":\"Organization\",\"@id\":\"https:\/\/atasagon.com\/#organization\",\"name\":\"Atasagon\",\"url\":\"https:\/\/atasagon.com\/\",\"logo\":{\"@type\":\"ImageObject\",\"inLanguage\":\"en-US\",\"@id\":\"https:\/\/atasagon.com\/#\/schema\/logo\/image\/\",\"url\":\"https:\/\/atasagon.com\/wp-content\/uploads\/2023\/01\/cropped-atasagon-logo-2-175x58-1.png\",\"contentUrl\":\"https:\/\/atasagon.com\/wp-content\/uploads\/2023\/01\/cropped-atasagon-logo-2-175x58-1.png\",\"width\":175,\"height\":58,\"caption\":\"Atasagon\"},\"image\":{\"@id\":\"https:\/\/atasagon.com\/#\/schema\/logo\/image\/\"},\"sameAs\":[\"https:\/\/www.facebook.com\/atasagon\/\",\"https:\/\/instagram.com\/atasagon\"]}]}<\/script>\n<!-- \/ Yoast SEO plugin. -->","yoast_head_json":{"title":"Masaj Hawaiian Lomi Lomi - 75 minute - Atasagon","robots":{"index":"index","follow":"follow","max-snippet":"max-snippet:-1","max-image-preview":"max-image-preview:large","max-video-preview":"max-video-preview:-1"},"canonical":"https:\/\/atasagon.com\/en\/product\/masaj-hawaiian-lomi-lomi-75-minute\/","og_locale":"en_US","og_type":"article","og_title":"Masaj Hawaiian Lomi Lomi - 75 minute - Atasagon","og_description":"75 min \/ 270 ron Cau\u021bi s\u0103 experimentezi vindecarea \u00eentr-un mod autentic pe masa de masaj? Masajul Hawaiian Lomi Lomi este cunoscut sub numele de masajul \u201em\u00e2inilor iubitoare\u201d \u0219i este recunoscut \u00een lumea modern\u0103 ca o terapie holistic\u0103. Acest tip de masaj este mai mult dec\u00e2t un masaj fizic; este o experien\u021b\u0103 de vindecare care&hellip;","og_url":"https:\/\/atasagon.com\/en\/product\/masaj-hawaiian-lomi-lomi-75-minute\/","og_site_name":"Atasagon","article_publisher":"https:\/\/www.facebook.com\/atasagon\/","article_modified_time":"2026-02-11T09:35:12+00:00","og_image":[{"width":2560,"height":1706,"url":"https:\/\/atasagon.com\/wp-content\/uploads\/2023\/01\/Masaj-Hawaiian-scaled.jpg","type":"image\/jpeg"}],"twitter_card":"summary_large_image","twitter_misc":{"Est. reading time":"1 minute"},"schema":{"@context":"https:\/\/schema.org","@graph":[{"@type":"WebPage","@id":"https:\/\/atasagon.com\/produs\/masaj-hawaiian-lomi-lomi-75-minute\/","url":"https:\/\/atasagon.com\/produs\/masaj-hawaiian-lomi-lomi-75-minute\/","name":"Masaj Hawaiian Lomi Lomi - 75 minute - Atasagon","isPartOf":{"@id":"https:\/\/atasagon.com\/#website"},"primaryImageOfPage":{"@id":"https:\/\/atasagon.com\/produs\/masaj-hawaiian-lomi-lomi-75-minute\/#primaryimage"},"image":{"@id":"https:\/\/atasagon.com\/produs\/masaj-hawaiian-lomi-lomi-75-minute\/#primaryimage"},"thumbnailUrl":"https:\/\/atasagon.com\/wp-content\/uploads\/2023\/01\/Masaj-Hawaiian-scaled.jpg","datePublished":"2023-01-19T14:39:34+00:00","dateModified":"2026-02-11T09:35:12+00:00","breadcrumb":{"@id":"https:\/\/atasagon.com\/produs\/masaj-hawaiian-lomi-lomi-75-minute\/#breadcrumb"},"inLanguage":"en-US","potentialAction":[{"@type":"ReadAction","target":["https:\/\/atasagon.com\/produs\/masaj-hawaiian-lomi-lomi-75-minute\/"]}]},{"@type":"ImageObject","inLanguage":"en-US","@id":"https:\/\/atasagon.com\/produs\/masaj-hawaiian-lomi-lomi-75-minute\/#primaryimage","url":"https:\/\/atasagon.com\/wp-content\/uploads\/2023\/01\/Masaj-Hawaiian-scaled.jpg","contentUrl":"https:\/\/atasagon.com\/wp-content\/uploads\/2023\/01\/Masaj-Hawaiian-scaled.jpg","width":2560,"height":1706},{"@type":"BreadcrumbList","@id":"https:\/\/atasagon.com\/produs\/masaj-hawaiian-lomi-lomi-75-minute\/#breadcrumb","itemListElement":[{"@type":"ListItem","position":1,"name":"Home","item":"https:\/\/atasagon.com\/"},{"@type":"ListItem","position":2,"name":"Products","item":"https:\/\/atasagon.com\/en\/shop\/"},{"@type":"ListItem","position":3,"name":"Masaj Hawaiian Lomi Lomi &#8211; 75 minute"}]},{"@type":"WebSite","@id":"https:\/\/atasagon.com\/#website","url":"https:\/\/atasagon.com\/","name":"Atasagon","description":"The first nutrition and detoxification center in Romania","publisher":{"@id":"https:\/\/atasagon.com\/#organization"},"potentialAction":[{"@type":"SearchAction","target":{"@type":"EntryPoint","urlTemplate":"https:\/\/atasagon.com\/?s={search_term_string}"},"query-input":{"@type":"PropertyValueSpecification","valueRequired":true,"valueName":"search_term_string"}}],"inLanguage":"en-US"},{"@type":"Organization","@id":"https:\/\/atasagon.com\/#organization","name":"Atasagon","url":"https:\/\/atasagon.com\/","logo":{"@type":"ImageObject","inLanguage":"en-US","@id":"https:\/\/atasagon.com\/#\/schema\/logo\/image\/","url":"https:\/\/atasagon.com\/wp-content\/uploads\/2023\/01\/cropped-atasagon-logo-2-175x58-1.png","contentUrl":"https:\/\/atasagon.com\/wp-content\/uploads\/2023\/01\/cropped-atasagon-logo-2-175x58-1.png","width":175,"height":58,"caption":"Atasagon"},"image":{"@id":"https:\/\/atasagon.com\/#\/schema\/logo\/image\/"},"sameAs":["https:\/\/www.facebook.com\/atasagon\/","https:\/\/instagram.com\/atasagon"]}]}},"_links":{"self":[{"href":"https:\/\/atasagon.com\/en\/wp-json\/wp\/v2\/product\/2985","targetHints":{"allow":["GET"]}}],"collection":[{"href":"https:\/\/atasagon.com\/en\/wp-json\/wp\/v2\/product"}],"about":[{"href":"https:\/\/atasagon.com\/en\/wp-json\/wp\/v2\/types\/product"}],"replies":[{"embeddable":true,"href":"https:\/\/atasagon.com\/en\/wp-json\/wp\/v2\/comments?post=2985"}],"wp:featuredmedia":[{"embeddable":true,"href":"https:\/\/atasagon.com\/en\/wp-json\/wp\/v2\/media\/4585"}],"wp:attachment":[{"href":"https:\/\/atasagon.com\/en\/wp-json\/wp\/v2\/media?parent=2985"}],"wp:term":[{"taxonomy":"product_brand","embeddable":true,"href":"https:\/\/atasagon.com\/en\/wp-json\/wp\/v2\/product_brand?post=2985"},{"taxonomy":"product_cat","embeddable":true,"href":"https:\/\/atasagon.com\/en\/wp-json\/wp\/v2\/product_cat?post=2985"},{"taxonomy":"product_tag","embeddable":true,"href":"https:\/\/atasagon.com\/en\/wp-json\/wp\/v2\/product_tag?post=2985"}],"curies":[{"name":"wp","href":"https:\/\/api.w.org\/{rel}","templated":true}]}}