{"id":2983,"date":"2023-01-19T14:38:40","date_gmt":"2023-01-19T14:38:40","guid":{"rendered":"https:\/\/dev.mabit.ro\/?post_type=product&#038;p=2983"},"modified":"2024-08-01T08:49:50","modified_gmt":"2024-08-01T05:49:50","slug":"masaj-cu-pietre-vulcanice","status":"publish","type":"product","link":"https:\/\/atasagon.com\/en\/product\/masaj-cu-pietre-vulcanice\/","title":{"rendered":"Massage with volcanic stones"},"content":{"rendered":"<p>75 min \/ 330 ron<\/p>\n<p>You are one massage away from a great condition! Our proposal? To choose boldly. Massage with volcanic stones of Indian origin is a relaxing treatment, much sought after, due to the profound effect it induces. Warm basalt stones have a high level of iron and magnesium, fluidize blood circulation and cellular metabolism, help detoxify the body and create an almost perfect hormonal balance. This type of massage is based on the existence of energy channels called meridians and energy centers called chakras on the human body, its beneficial effects being attributed to the balancing of vital energy. How about you dare?<\/p>\n<p>Contraindications: arthritis, tendonitis, diabetes, anemia<\/p>","protected":false},"excerpt":{"rendered":"<p>75 min \/ 330 ron You are one massage away from an excellent condition! Our proposal? To choose boldly. Massage with volcanic stones of Indian origin is a relaxing treatment, much sought after, due to the profound effect it induces. Warm basaltic stones have a high level of iron and magnesium, fluidize blood circulation and\u2026<\/p>","protected":false},"featured_media":3165,"comment_status":"open","ping_status":"closed","template":"","meta":{"_acf_changed":false},"product_brand":[],"product_cat":[34],"product_tag":[],"class_list":{"0":"post-2983","1":"product","2":"type-product","3":"status-publish","4":"has-post-thumbnail","6":"product_cat-spa","8":"first","9":"instock","10":"shipping-taxable","11":"purchasable","12":"product-type-simple"},"acf":[],"yoast_head":"<!-- This site is optimized with the Yoast SEO plugin v27.2 - https:\/\/yoast.com\/product\/yoast-seo-wordpress\/ -->\n<title>Masaj cu pietre vulcanice - Atasagon<\/title>\n<meta name=\"robots\" content=\"index, follow, max-snippet:-1, max-image-preview:large, max-video-preview:-1\" \/>\n<link rel=\"canonical\" href=\"https:\/\/atasagon.com\/en\/product\/masaj-cu-pietre-vulcanice\/\" \/>\n<meta property=\"og:locale\" content=\"en_US\" \/>\n<meta property=\"og:type\" content=\"article\" \/>\n<meta property=\"og:title\" content=\"Masaj cu pietre vulcanice - Atasagon\" \/>\n<meta property=\"og:description\" content=\"75 min \/ 330 ron E\u0219ti la un singur masaj distan\u021b\u0103 de o stare excelent\u0103! Propunerea noastr\u0103? S\u0103 alegi \u00eendr\u0103zne\u021b. Masajul cu pietre vulcanice de origine indian\u0103 este un tratament relaxant, foarte r\u00e2vnit, datorit\u0103 efectului profund pe care \u00eel induce. Pietrele bazaltice calde au un nivel ridicat de fier \u0219i magneziu, fluidizeaz\u0103 circula\u021bia s\u00e2ngelui \u0219i&hellip;\" \/>\n<meta property=\"og:url\" content=\"https:\/\/atasagon.com\/en\/product\/masaj-cu-pietre-vulcanice\/\" \/>\n<meta property=\"og:site_name\" content=\"Atasagon\" \/>\n<meta property=\"article:publisher\" content=\"https:\/\/www.facebook.com\/atasagon\/\" \/>\n<meta property=\"article:modified_time\" content=\"2024-08-01T05:49:50+00:00\" \/>\n<meta property=\"og:image\" content=\"https:\/\/atasagon.com\/wp-content\/uploads\/2023\/01\/Atasagon-1200-scaled.jpg\" \/>\n\t<meta property=\"og:image:width\" content=\"2560\" \/>\n\t<meta property=\"og:image:height\" content=\"1707\" \/>\n\t<meta property=\"og:image:type\" content=\"image\/jpeg\" \/>\n<meta name=\"twitter:card\" content=\"summary_large_image\" \/>\n<meta name=\"twitter:label1\" content=\"Est. reading time\" \/>\n\t<meta name=\"twitter:data1\" content=\"1 minute\" \/>\n<script type=\"application\/ld+json\" class=\"yoast-schema-graph\">{\"@context\":\"https:\/\/schema.org\",\"@graph\":[{\"@type\":\"WebPage\",\"@id\":\"https:\/\/atasagon.com\/produs\/masaj-cu-pietre-vulcanice\/\",\"url\":\"https:\/\/atasagon.com\/produs\/masaj-cu-pietre-vulcanice\/\",\"name\":\"Masaj cu pietre vulcanice - Atasagon\",\"isPartOf\":{\"@id\":\"https:\/\/atasagon.com\/#website\"},\"primaryImageOfPage\":{\"@id\":\"https:\/\/atasagon.com\/produs\/masaj-cu-pietre-vulcanice\/#primaryimage\"},\"image\":{\"@id\":\"https:\/\/atasagon.com\/produs\/masaj-cu-pietre-vulcanice\/#primaryimage\"},\"thumbnailUrl\":\"https:\/\/atasagon.com\/wp-content\/uploads\/2023\/01\/Atasagon-1200-scaled.jpg\",\"datePublished\":\"2023-01-19T14:38:40+00:00\",\"dateModified\":\"2024-08-01T05:49:50+00:00\",\"breadcrumb\":{\"@id\":\"https:\/\/atasagon.com\/produs\/masaj-cu-pietre-vulcanice\/#breadcrumb\"},\"inLanguage\":\"en-US\",\"potentialAction\":[{\"@type\":\"ReadAction\",\"target\":[\"https:\/\/atasagon.com\/produs\/masaj-cu-pietre-vulcanice\/\"]}]},{\"@type\":\"ImageObject\",\"inLanguage\":\"en-US\",\"@id\":\"https:\/\/atasagon.com\/produs\/masaj-cu-pietre-vulcanice\/#primaryimage\",\"url\":\"https:\/\/atasagon.com\/wp-content\/uploads\/2023\/01\/Atasagon-1200-scaled.jpg\",\"contentUrl\":\"https:\/\/atasagon.com\/wp-content\/uploads\/2023\/01\/Atasagon-1200-scaled.jpg\",\"width\":2560,\"height\":1707},{\"@type\":\"BreadcrumbList\",\"@id\":\"https:\/\/atasagon.com\/produs\/masaj-cu-pietre-vulcanice\/#breadcrumb\",\"itemListElement\":[{\"@type\":\"ListItem\",\"position\":1,\"name\":\"Home\",\"item\":\"https:\/\/atasagon.com\/\"},{\"@type\":\"ListItem\",\"position\":2,\"name\":\"Products\",\"item\":\"https:\/\/atasagon.com\/en\/shop\/\"},{\"@type\":\"ListItem\",\"position\":3,\"name\":\"Masaj cu pietre vulcanice\"}]},{\"@type\":\"WebSite\",\"@id\":\"https:\/\/atasagon.com\/#website\",\"url\":\"https:\/\/atasagon.com\/\",\"name\":\"Atasagon\",\"description\":\"Primul centru de nutri\u021bie \u0219i detoxifiere din Rom\u00e2nia\",\"publisher\":{\"@id\":\"https:\/\/atasagon.com\/#organization\"},\"potentialAction\":[{\"@type\":\"SearchAction\",\"target\":{\"@type\":\"EntryPoint\",\"urlTemplate\":\"https:\/\/atasagon.com\/?s={search_term_string}\"},\"query-input\":{\"@type\":\"PropertyValueSpecification\",\"valueRequired\":true,\"valueName\":\"search_term_string\"}}],\"inLanguage\":\"en-US\"},{\"@type\":\"Organization\",\"@id\":\"https:\/\/atasagon.com\/#organization\",\"name\":\"Atasagon\",\"url\":\"https:\/\/atasagon.com\/\",\"logo\":{\"@type\":\"ImageObject\",\"inLanguage\":\"en-US\",\"@id\":\"https:\/\/atasagon.com\/#\/schema\/logo\/image\/\",\"url\":\"https:\/\/atasagon.com\/wp-content\/uploads\/2023\/01\/cropped-atasagon-logo-2-175x58-1.png\",\"contentUrl\":\"https:\/\/atasagon.com\/wp-content\/uploads\/2023\/01\/cropped-atasagon-logo-2-175x58-1.png\",\"width\":175,\"height\":58,\"caption\":\"Atasagon\"},\"image\":{\"@id\":\"https:\/\/atasagon.com\/#\/schema\/logo\/image\/\"},\"sameAs\":[\"https:\/\/www.facebook.com\/atasagon\/\",\"https:\/\/instagram.com\/atasagon\"]}]}<\/script>\n<!-- \/ Yoast SEO plugin. -->","yoast_head_json":{"title":"Masaj cu pietre vulcanice - Atasagon","robots":{"index":"index","follow":"follow","max-snippet":"max-snippet:-1","max-image-preview":"max-image-preview:large","max-video-preview":"max-video-preview:-1"},"canonical":"https:\/\/atasagon.com\/en\/product\/masaj-cu-pietre-vulcanice\/","og_locale":"en_US","og_type":"article","og_title":"Masaj cu pietre vulcanice - Atasagon","og_description":"75 min \/ 330 ron E\u0219ti la un singur masaj distan\u021b\u0103 de o stare excelent\u0103! Propunerea noastr\u0103? S\u0103 alegi \u00eendr\u0103zne\u021b. Masajul cu pietre vulcanice de origine indian\u0103 este un tratament relaxant, foarte r\u00e2vnit, datorit\u0103 efectului profund pe care \u00eel induce. Pietrele bazaltice calde au un nivel ridicat de fier \u0219i magneziu, fluidizeaz\u0103 circula\u021bia s\u00e2ngelui \u0219i&hellip;","og_url":"https:\/\/atasagon.com\/en\/product\/masaj-cu-pietre-vulcanice\/","og_site_name":"Atasagon","article_publisher":"https:\/\/www.facebook.com\/atasagon\/","article_modified_time":"2024-08-01T05:49:50+00:00","og_image":[{"width":2560,"height":1707,"url":"https:\/\/atasagon.com\/wp-content\/uploads\/2023\/01\/Atasagon-1200-scaled.jpg","type":"image\/jpeg"}],"twitter_card":"summary_large_image","twitter_misc":{"Est. reading time":"1 minute"},"schema":{"@context":"https:\/\/schema.org","@graph":[{"@type":"WebPage","@id":"https:\/\/atasagon.com\/produs\/masaj-cu-pietre-vulcanice\/","url":"https:\/\/atasagon.com\/produs\/masaj-cu-pietre-vulcanice\/","name":"Masaj cu pietre vulcanice - Atasagon","isPartOf":{"@id":"https:\/\/atasagon.com\/#website"},"primaryImageOfPage":{"@id":"https:\/\/atasagon.com\/produs\/masaj-cu-pietre-vulcanice\/#primaryimage"},"image":{"@id":"https:\/\/atasagon.com\/produs\/masaj-cu-pietre-vulcanice\/#primaryimage"},"thumbnailUrl":"https:\/\/atasagon.com\/wp-content\/uploads\/2023\/01\/Atasagon-1200-scaled.jpg","datePublished":"2023-01-19T14:38:40+00:00","dateModified":"2024-08-01T05:49:50+00:00","breadcrumb":{"@id":"https:\/\/atasagon.com\/produs\/masaj-cu-pietre-vulcanice\/#breadcrumb"},"inLanguage":"en-US","potentialAction":[{"@type":"ReadAction","target":["https:\/\/atasagon.com\/produs\/masaj-cu-pietre-vulcanice\/"]}]},{"@type":"ImageObject","inLanguage":"en-US","@id":"https:\/\/atasagon.com\/produs\/masaj-cu-pietre-vulcanice\/#primaryimage","url":"https:\/\/atasagon.com\/wp-content\/uploads\/2023\/01\/Atasagon-1200-scaled.jpg","contentUrl":"https:\/\/atasagon.com\/wp-content\/uploads\/2023\/01\/Atasagon-1200-scaled.jpg","width":2560,"height":1707},{"@type":"BreadcrumbList","@id":"https:\/\/atasagon.com\/produs\/masaj-cu-pietre-vulcanice\/#breadcrumb","itemListElement":[{"@type":"ListItem","position":1,"name":"Home","item":"https:\/\/atasagon.com\/"},{"@type":"ListItem","position":2,"name":"Products","item":"https:\/\/atasagon.com\/en\/shop\/"},{"@type":"ListItem","position":3,"name":"Masaj cu pietre vulcanice"}]},{"@type":"WebSite","@id":"https:\/\/atasagon.com\/#website","url":"https:\/\/atasagon.com\/","name":"Atasagon","description":"The first nutrition and detoxification center in Romania","publisher":{"@id":"https:\/\/atasagon.com\/#organization"},"potentialAction":[{"@type":"SearchAction","target":{"@type":"EntryPoint","urlTemplate":"https:\/\/atasagon.com\/?s={search_term_string}"},"query-input":{"@type":"PropertyValueSpecification","valueRequired":true,"valueName":"search_term_string"}}],"inLanguage":"en-US"},{"@type":"Organization","@id":"https:\/\/atasagon.com\/#organization","name":"Atasagon","url":"https:\/\/atasagon.com\/","logo":{"@type":"ImageObject","inLanguage":"en-US","@id":"https:\/\/atasagon.com\/#\/schema\/logo\/image\/","url":"https:\/\/atasagon.com\/wp-content\/uploads\/2023\/01\/cropped-atasagon-logo-2-175x58-1.png","contentUrl":"https:\/\/atasagon.com\/wp-content\/uploads\/2023\/01\/cropped-atasagon-logo-2-175x58-1.png","width":175,"height":58,"caption":"Atasagon"},"image":{"@id":"https:\/\/atasagon.com\/#\/schema\/logo\/image\/"},"sameAs":["https:\/\/www.facebook.com\/atasagon\/","https:\/\/instagram.com\/atasagon"]}]}},"_links":{"self":[{"href":"https:\/\/atasagon.com\/en\/wp-json\/wp\/v2\/product\/2983","targetHints":{"allow":["GET"]}}],"collection":[{"href":"https:\/\/atasagon.com\/en\/wp-json\/wp\/v2\/product"}],"about":[{"href":"https:\/\/atasagon.com\/en\/wp-json\/wp\/v2\/types\/product"}],"replies":[{"embeddable":true,"href":"https:\/\/atasagon.com\/en\/wp-json\/wp\/v2\/comments?post=2983"}],"wp:featuredmedia":[{"embeddable":true,"href":"https:\/\/atasagon.com\/en\/wp-json\/wp\/v2\/media\/3165"}],"wp:attachment":[{"href":"https:\/\/atasagon.com\/en\/wp-json\/wp\/v2\/media?parent=2983"}],"wp:term":[{"taxonomy":"product_brand","embeddable":true,"href":"https:\/\/atasagon.com\/en\/wp-json\/wp\/v2\/product_brand?post=2983"},{"taxonomy":"product_cat","embeddable":true,"href":"https:\/\/atasagon.com\/en\/wp-json\/wp\/v2\/product_cat?post=2983"},{"taxonomy":"product_tag","embeddable":true,"href":"https:\/\/atasagon.com\/en\/wp-json\/wp\/v2\/product_tag?post=2983"}],"curies":[{"name":"wp","href":"https:\/\/api.w.org\/{rel}","templated":true}]}}