{"id":2979,"date":"2023-01-19T14:34:35","date_gmt":"2023-01-19T14:34:35","guid":{"rendered":"https:\/\/dev.mabit.ro\/?post_type=product&#038;p=2979"},"modified":"2026-02-11T12:31:11","modified_gmt":"2026-02-11T09:31:11","slug":"masaj-chi-nei-tsang-abdominal","status":"publish","type":"product","link":"https:\/\/atasagon.com\/en\/product\/masaj-chi-nei-tsang-abdominal\/","title":{"rendered":"Chi nei tsang \/ abdominal massage"},"content":{"rendered":"<p>30 min \/ 150 ron<\/p>\n<p>Have you ever considered that emotional blockages are physically housed in your body, starting right with your digestive system? It is not for nothing that they say that we have to &quot;digest&quot; our emotions. According to Far Eastern philosophy, all tensions and negative feelings accumulate in the abdominal region, and a blockage in this region stops all energy, reducing a person&#039;s strength and vitality by weakening his internal organs. Although this type of massage is recommended against digestive problems such as constipation, bloating and gas, its benefits are not limited to the physical body, but extend to healing emotional imbalance, regulating the energy of the organs and improving your overall well-being. Your healing starts with this massage, try it!<\/p>\n<p>Contraindications: to people who have had recent surgical interventions in the abdominal area<\/p>","protected":false},"excerpt":{"rendered":"<p>30 min \/ 150 ron Have you ever thought that emotional blockages are physically housed in your body, starting with the digestive system? It is not for nothing that they say that we have to &quot;digest&quot; our emotions. According to Far Eastern philosophy, all tension and negative feelings accumulate in the abdominal region, and a blockage in this region stops the entire\u2026<\/p>","protected":false},"featured_media":3179,"comment_status":"open","ping_status":"closed","template":"","meta":{"_acf_changed":false},"product_brand":[],"product_cat":[34],"product_tag":[],"class_list":{"0":"post-2979","1":"product","2":"type-product","3":"status-publish","4":"has-post-thumbnail","6":"product_cat-spa","8":"first","9":"instock","10":"virtual","11":"purchasable","12":"product-type-simple"},"acf":[],"yoast_head":"<!-- This site is optimized with the Yoast SEO plugin v27.2 - https:\/\/yoast.com\/product\/yoast-seo-wordpress\/ -->\n<title>Masaj chi nei tsang \/ abdominal - Atasagon<\/title>\n<meta name=\"robots\" content=\"index, follow, max-snippet:-1, max-image-preview:large, max-video-preview:-1\" \/>\n<link rel=\"canonical\" href=\"https:\/\/atasagon.com\/en\/product\/masaj-chi-nei-tsang-abdominal\/\" \/>\n<meta property=\"og:locale\" content=\"en_US\" \/>\n<meta property=\"og:type\" content=\"article\" \/>\n<meta property=\"og:title\" content=\"Masaj chi nei tsang \/ abdominal - Atasagon\" \/>\n<meta property=\"og:description\" content=\"30 min \/ 150 ron Te-ai g\u00e2ndit vreodat\u0103 c\u0103 blocajele emo\u021bionale sunt g\u0103zduite fizic \u00een corpul t\u0103u, \u00eencep\u00e2nd chiar cu sistemul digestiv? Nu degeaba se spune c\u0103 trebuie s\u0103 ne \u201ediger\u0103m\u201d emo\u021biile. Conform filozofiei din Orientul \u00cendep\u0103rtat, toate tensiunile \u0219i sentimentele negative se acumuleaz\u0103 \u00een regiunea abdominal\u0103, iar un blocaj \u00een aceast\u0103 regiune stopeaz\u0103 \u00eentreaga&hellip;\" \/>\n<meta property=\"og:url\" content=\"https:\/\/atasagon.com\/en\/product\/masaj-chi-nei-tsang-abdominal\/\" \/>\n<meta property=\"og:site_name\" content=\"Atasagon\" \/>\n<meta property=\"article:publisher\" content=\"https:\/\/www.facebook.com\/atasagon\/\" \/>\n<meta property=\"article:modified_time\" content=\"2026-02-11T09:31:11+00:00\" \/>\n<meta property=\"og:image\" content=\"https:\/\/atasagon.com\/wp-content\/uploads\/2023\/01\/Atasagon-1205-scaled.jpg\" \/>\n\t<meta property=\"og:image:width\" content=\"2560\" \/>\n\t<meta property=\"og:image:height\" content=\"1707\" \/>\n\t<meta property=\"og:image:type\" content=\"image\/jpeg\" \/>\n<meta name=\"twitter:card\" content=\"summary_large_image\" \/>\n<meta name=\"twitter:label1\" content=\"Est. reading time\" \/>\n\t<meta name=\"twitter:data1\" content=\"1 minute\" \/>\n<script type=\"application\/ld+json\" class=\"yoast-schema-graph\">{\"@context\":\"https:\/\/schema.org\",\"@graph\":[{\"@type\":\"WebPage\",\"@id\":\"https:\/\/atasagon.com\/produs\/masaj-chi-nei-tsang-abdominal\/\",\"url\":\"https:\/\/atasagon.com\/produs\/masaj-chi-nei-tsang-abdominal\/\",\"name\":\"Masaj chi nei tsang \/ abdominal - Atasagon\",\"isPartOf\":{\"@id\":\"https:\/\/atasagon.com\/#website\"},\"primaryImageOfPage\":{\"@id\":\"https:\/\/atasagon.com\/produs\/masaj-chi-nei-tsang-abdominal\/#primaryimage\"},\"image\":{\"@id\":\"https:\/\/atasagon.com\/produs\/masaj-chi-nei-tsang-abdominal\/#primaryimage\"},\"thumbnailUrl\":\"https:\/\/atasagon.com\/wp-content\/uploads\/2023\/01\/Atasagon-1205-scaled.jpg\",\"datePublished\":\"2023-01-19T14:34:35+00:00\",\"dateModified\":\"2026-02-11T09:31:11+00:00\",\"breadcrumb\":{\"@id\":\"https:\/\/atasagon.com\/produs\/masaj-chi-nei-tsang-abdominal\/#breadcrumb\"},\"inLanguage\":\"en-US\",\"potentialAction\":[{\"@type\":\"ReadAction\",\"target\":[\"https:\/\/atasagon.com\/produs\/masaj-chi-nei-tsang-abdominal\/\"]}]},{\"@type\":\"ImageObject\",\"inLanguage\":\"en-US\",\"@id\":\"https:\/\/atasagon.com\/produs\/masaj-chi-nei-tsang-abdominal\/#primaryimage\",\"url\":\"https:\/\/atasagon.com\/wp-content\/uploads\/2023\/01\/Atasagon-1205-scaled.jpg\",\"contentUrl\":\"https:\/\/atasagon.com\/wp-content\/uploads\/2023\/01\/Atasagon-1205-scaled.jpg\",\"width\":2560,\"height\":1707},{\"@type\":\"BreadcrumbList\",\"@id\":\"https:\/\/atasagon.com\/produs\/masaj-chi-nei-tsang-abdominal\/#breadcrumb\",\"itemListElement\":[{\"@type\":\"ListItem\",\"position\":1,\"name\":\"Home\",\"item\":\"https:\/\/atasagon.com\/\"},{\"@type\":\"ListItem\",\"position\":2,\"name\":\"Products\",\"item\":\"https:\/\/atasagon.com\/en\/shop\/\"},{\"@type\":\"ListItem\",\"position\":3,\"name\":\"Masaj chi nei tsang \/ abdominal\"}]},{\"@type\":\"WebSite\",\"@id\":\"https:\/\/atasagon.com\/#website\",\"url\":\"https:\/\/atasagon.com\/\",\"name\":\"Atasagon\",\"description\":\"Primul centru de nutri\u021bie \u0219i detoxifiere din Rom\u00e2nia\",\"publisher\":{\"@id\":\"https:\/\/atasagon.com\/#organization\"},\"potentialAction\":[{\"@type\":\"SearchAction\",\"target\":{\"@type\":\"EntryPoint\",\"urlTemplate\":\"https:\/\/atasagon.com\/?s={search_term_string}\"},\"query-input\":{\"@type\":\"PropertyValueSpecification\",\"valueRequired\":true,\"valueName\":\"search_term_string\"}}],\"inLanguage\":\"en-US\"},{\"@type\":\"Organization\",\"@id\":\"https:\/\/atasagon.com\/#organization\",\"name\":\"Atasagon\",\"url\":\"https:\/\/atasagon.com\/\",\"logo\":{\"@type\":\"ImageObject\",\"inLanguage\":\"en-US\",\"@id\":\"https:\/\/atasagon.com\/#\/schema\/logo\/image\/\",\"url\":\"https:\/\/atasagon.com\/wp-content\/uploads\/2023\/01\/cropped-atasagon-logo-2-175x58-1.png\",\"contentUrl\":\"https:\/\/atasagon.com\/wp-content\/uploads\/2023\/01\/cropped-atasagon-logo-2-175x58-1.png\",\"width\":175,\"height\":58,\"caption\":\"Atasagon\"},\"image\":{\"@id\":\"https:\/\/atasagon.com\/#\/schema\/logo\/image\/\"},\"sameAs\":[\"https:\/\/www.facebook.com\/atasagon\/\",\"https:\/\/instagram.com\/atasagon\"]}]}<\/script>\n<!-- \/ Yoast SEO plugin. -->","yoast_head_json":{"title":"Masaj chi nei tsang \/ abdominal - Atasagon","robots":{"index":"index","follow":"follow","max-snippet":"max-snippet:-1","max-image-preview":"max-image-preview:large","max-video-preview":"max-video-preview:-1"},"canonical":"https:\/\/atasagon.com\/en\/product\/masaj-chi-nei-tsang-abdominal\/","og_locale":"en_US","og_type":"article","og_title":"Masaj chi nei tsang \/ abdominal - Atasagon","og_description":"30 min \/ 150 ron Te-ai g\u00e2ndit vreodat\u0103 c\u0103 blocajele emo\u021bionale sunt g\u0103zduite fizic \u00een corpul t\u0103u, \u00eencep\u00e2nd chiar cu sistemul digestiv? Nu degeaba se spune c\u0103 trebuie s\u0103 ne \u201ediger\u0103m\u201d emo\u021biile. Conform filozofiei din Orientul \u00cendep\u0103rtat, toate tensiunile \u0219i sentimentele negative se acumuleaz\u0103 \u00een regiunea abdominal\u0103, iar un blocaj \u00een aceast\u0103 regiune stopeaz\u0103 \u00eentreaga&hellip;","og_url":"https:\/\/atasagon.com\/en\/product\/masaj-chi-nei-tsang-abdominal\/","og_site_name":"Atasagon","article_publisher":"https:\/\/www.facebook.com\/atasagon\/","article_modified_time":"2026-02-11T09:31:11+00:00","og_image":[{"width":2560,"height":1707,"url":"https:\/\/atasagon.com\/wp-content\/uploads\/2023\/01\/Atasagon-1205-scaled.jpg","type":"image\/jpeg"}],"twitter_card":"summary_large_image","twitter_misc":{"Est. reading time":"1 minute"},"schema":{"@context":"https:\/\/schema.org","@graph":[{"@type":"WebPage","@id":"https:\/\/atasagon.com\/produs\/masaj-chi-nei-tsang-abdominal\/","url":"https:\/\/atasagon.com\/produs\/masaj-chi-nei-tsang-abdominal\/","name":"Masaj chi nei tsang \/ abdominal - Atasagon","isPartOf":{"@id":"https:\/\/atasagon.com\/#website"},"primaryImageOfPage":{"@id":"https:\/\/atasagon.com\/produs\/masaj-chi-nei-tsang-abdominal\/#primaryimage"},"image":{"@id":"https:\/\/atasagon.com\/produs\/masaj-chi-nei-tsang-abdominal\/#primaryimage"},"thumbnailUrl":"https:\/\/atasagon.com\/wp-content\/uploads\/2023\/01\/Atasagon-1205-scaled.jpg","datePublished":"2023-01-19T14:34:35+00:00","dateModified":"2026-02-11T09:31:11+00:00","breadcrumb":{"@id":"https:\/\/atasagon.com\/produs\/masaj-chi-nei-tsang-abdominal\/#breadcrumb"},"inLanguage":"en-US","potentialAction":[{"@type":"ReadAction","target":["https:\/\/atasagon.com\/produs\/masaj-chi-nei-tsang-abdominal\/"]}]},{"@type":"ImageObject","inLanguage":"en-US","@id":"https:\/\/atasagon.com\/produs\/masaj-chi-nei-tsang-abdominal\/#primaryimage","url":"https:\/\/atasagon.com\/wp-content\/uploads\/2023\/01\/Atasagon-1205-scaled.jpg","contentUrl":"https:\/\/atasagon.com\/wp-content\/uploads\/2023\/01\/Atasagon-1205-scaled.jpg","width":2560,"height":1707},{"@type":"BreadcrumbList","@id":"https:\/\/atasagon.com\/produs\/masaj-chi-nei-tsang-abdominal\/#breadcrumb","itemListElement":[{"@type":"ListItem","position":1,"name":"Home","item":"https:\/\/atasagon.com\/"},{"@type":"ListItem","position":2,"name":"Products","item":"https:\/\/atasagon.com\/en\/shop\/"},{"@type":"ListItem","position":3,"name":"Masaj chi nei tsang \/ abdominal"}]},{"@type":"WebSite","@id":"https:\/\/atasagon.com\/#website","url":"https:\/\/atasagon.com\/","name":"Atasagon","description":"The first nutrition and detoxification center in Romania","publisher":{"@id":"https:\/\/atasagon.com\/#organization"},"potentialAction":[{"@type":"SearchAction","target":{"@type":"EntryPoint","urlTemplate":"https:\/\/atasagon.com\/?s={search_term_string}"},"query-input":{"@type":"PropertyValueSpecification","valueRequired":true,"valueName":"search_term_string"}}],"inLanguage":"en-US"},{"@type":"Organization","@id":"https:\/\/atasagon.com\/#organization","name":"Atasagon","url":"https:\/\/atasagon.com\/","logo":{"@type":"ImageObject","inLanguage":"en-US","@id":"https:\/\/atasagon.com\/#\/schema\/logo\/image\/","url":"https:\/\/atasagon.com\/wp-content\/uploads\/2023\/01\/cropped-atasagon-logo-2-175x58-1.png","contentUrl":"https:\/\/atasagon.com\/wp-content\/uploads\/2023\/01\/cropped-atasagon-logo-2-175x58-1.png","width":175,"height":58,"caption":"Atasagon"},"image":{"@id":"https:\/\/atasagon.com\/#\/schema\/logo\/image\/"},"sameAs":["https:\/\/www.facebook.com\/atasagon\/","https:\/\/instagram.com\/atasagon"]}]}},"_links":{"self":[{"href":"https:\/\/atasagon.com\/en\/wp-json\/wp\/v2\/product\/2979","targetHints":{"allow":["GET"]}}],"collection":[{"href":"https:\/\/atasagon.com\/en\/wp-json\/wp\/v2\/product"}],"about":[{"href":"https:\/\/atasagon.com\/en\/wp-json\/wp\/v2\/types\/product"}],"replies":[{"embeddable":true,"href":"https:\/\/atasagon.com\/en\/wp-json\/wp\/v2\/comments?post=2979"}],"wp:featuredmedia":[{"embeddable":true,"href":"https:\/\/atasagon.com\/en\/wp-json\/wp\/v2\/media\/3179"}],"wp:attachment":[{"href":"https:\/\/atasagon.com\/en\/wp-json\/wp\/v2\/media?parent=2979"}],"wp:term":[{"taxonomy":"product_brand","embeddable":true,"href":"https:\/\/atasagon.com\/en\/wp-json\/wp\/v2\/product_brand?post=2979"},{"taxonomy":"product_cat","embeddable":true,"href":"https:\/\/atasagon.com\/en\/wp-json\/wp\/v2\/product_cat?post=2979"},{"taxonomy":"product_tag","embeddable":true,"href":"https:\/\/atasagon.com\/en\/wp-json\/wp\/v2\/product_tag?post=2979"}],"curies":[{"name":"wp","href":"https:\/\/api.w.org\/{rel}","templated":true}]}}