{"id":2976,"date":"2023-01-19T14:32:59","date_gmt":"2023-01-19T14:32:59","guid":{"rendered":"https:\/\/dev.mabit.ro\/?post_type=product&#038;p=2976"},"modified":"2026-02-11T12:30:13","modified_gmt":"2026-02-11T09:30:13","slug":"masaj-anticelulitic","status":"publish","type":"product","link":"https:\/\/atasagon.com\/en\/product\/masaj-anticelulitic\/","title":{"rendered":"Anti-cellulite massage"},"content":{"rendered":"<p>50 min \/ 235 ron<\/p>\n<p>Do you feel that the appearance of cellulite has a negative effect on your self-confidence and your body, and you do everything you can to hide it? This is no longer the case with this anti-cellulite massage. In addition to the fact that you will achieve smoother skin and a more beautiful appearance of the skin due to the elimination of fluids associated with the formation of cellulite, you will also be able to enjoy other benefits such as: improves regional blood circulation, stimulation of the lymphatic system, improvement of skin elasticity and tone and of the health of the subcutaneous tissues. It&#039;s time to feel comfortable in your own skin!<\/p>\n<p>Contraindications: varicose veins, metastatic recurrences, capillary fragility<\/p>","protected":false},"excerpt":{"rendered":"<p>50 min \/ 235 ron Do you feel that the appearance of cellulite has negative effects on your confidence in yourself and your body, and you do your best to hide it? This is no longer the case with this anti-cellulite massage. In addition to the fact that you will get smoother skin and a more beautiful appearance of the skin due to the elimination of fluids\u2026<\/p>","protected":false},"featured_media":3181,"comment_status":"open","ping_status":"closed","template":"","meta":{"_acf_changed":false},"product_brand":[],"product_cat":[34],"product_tag":[],"class_list":{"0":"post-2976","1":"product","2":"type-product","3":"status-publish","4":"has-post-thumbnail","6":"product_cat-spa","8":"first","9":"instock","10":"virtual","11":"purchasable","12":"product-type-simple"},"acf":[],"yoast_head":"<!-- This site is optimized with the Yoast SEO plugin v27.2 - https:\/\/yoast.com\/product\/yoast-seo-wordpress\/ -->\n<title>Masaj anticelulitic - Atasagon<\/title>\n<meta name=\"robots\" content=\"index, follow, max-snippet:-1, max-image-preview:large, max-video-preview:-1\" \/>\n<link rel=\"canonical\" href=\"https:\/\/atasagon.com\/en\/product\/masaj-anticelulitic\/\" \/>\n<meta property=\"og:locale\" content=\"en_US\" \/>\n<meta property=\"og:type\" content=\"article\" \/>\n<meta property=\"og:title\" content=\"Masaj anticelulitic - Atasagon\" \/>\n<meta property=\"og:description\" content=\"50 min \/ 235 ron Sim\u021bi c\u0103 apari\u021bia celulitei are efecte negative asupra \u00eencrederii \u00een tine \u0219i \u00een corpul t\u0103u \u0219i faci tot posibilul s\u0103 o ascunzi? Cu acest masaj anticelulitic nu mai este cazul. Pe l\u00e2ng\u0103 faptul c\u0103 vei ob\u021biune o piele mai neted\u0103 \u0219i un aspect mai frumos al pielii datorit\u0103 elimin\u0103rii fluidelor&hellip;\" \/>\n<meta property=\"og:url\" content=\"https:\/\/atasagon.com\/en\/product\/masaj-anticelulitic\/\" \/>\n<meta property=\"og:site_name\" content=\"Atasagon\" \/>\n<meta property=\"article:publisher\" content=\"https:\/\/www.facebook.com\/atasagon\/\" \/>\n<meta property=\"article:modified_time\" content=\"2026-02-11T09:30:13+00:00\" \/>\n<meta property=\"og:image\" content=\"https:\/\/atasagon.com\/wp-content\/uploads\/2023\/01\/Atasagon-1275-scaled.jpg\" \/>\n\t<meta property=\"og:image:width\" content=\"2560\" \/>\n\t<meta property=\"og:image:height\" content=\"1707\" \/>\n\t<meta property=\"og:image:type\" content=\"image\/jpeg\" \/>\n<meta name=\"twitter:card\" content=\"summary_large_image\" \/>\n<meta name=\"twitter:label1\" content=\"Est. reading time\" \/>\n\t<meta name=\"twitter:data1\" content=\"1 minute\" \/>\n<script type=\"application\/ld+json\" class=\"yoast-schema-graph\">{\"@context\":\"https:\/\/schema.org\",\"@graph\":[{\"@type\":\"WebPage\",\"@id\":\"https:\/\/atasagon.com\/produs\/masaj-anticelulitic\/\",\"url\":\"https:\/\/atasagon.com\/produs\/masaj-anticelulitic\/\",\"name\":\"Masaj anticelulitic - Atasagon\",\"isPartOf\":{\"@id\":\"https:\/\/atasagon.com\/#website\"},\"primaryImageOfPage\":{\"@id\":\"https:\/\/atasagon.com\/produs\/masaj-anticelulitic\/#primaryimage\"},\"image\":{\"@id\":\"https:\/\/atasagon.com\/produs\/masaj-anticelulitic\/#primaryimage\"},\"thumbnailUrl\":\"https:\/\/atasagon.com\/wp-content\/uploads\/2023\/01\/Atasagon-1275-scaled.jpg\",\"datePublished\":\"2023-01-19T14:32:59+00:00\",\"dateModified\":\"2026-02-11T09:30:13+00:00\",\"breadcrumb\":{\"@id\":\"https:\/\/atasagon.com\/produs\/masaj-anticelulitic\/#breadcrumb\"},\"inLanguage\":\"en-US\",\"potentialAction\":[{\"@type\":\"ReadAction\",\"target\":[\"https:\/\/atasagon.com\/produs\/masaj-anticelulitic\/\"]}]},{\"@type\":\"ImageObject\",\"inLanguage\":\"en-US\",\"@id\":\"https:\/\/atasagon.com\/produs\/masaj-anticelulitic\/#primaryimage\",\"url\":\"https:\/\/atasagon.com\/wp-content\/uploads\/2023\/01\/Atasagon-1275-scaled.jpg\",\"contentUrl\":\"https:\/\/atasagon.com\/wp-content\/uploads\/2023\/01\/Atasagon-1275-scaled.jpg\",\"width\":2560,\"height\":1707},{\"@type\":\"BreadcrumbList\",\"@id\":\"https:\/\/atasagon.com\/produs\/masaj-anticelulitic\/#breadcrumb\",\"itemListElement\":[{\"@type\":\"ListItem\",\"position\":1,\"name\":\"Home\",\"item\":\"https:\/\/atasagon.com\/\"},{\"@type\":\"ListItem\",\"position\":2,\"name\":\"Products\",\"item\":\"https:\/\/atasagon.com\/en\/shop\/\"},{\"@type\":\"ListItem\",\"position\":3,\"name\":\"Masaj anticelulitic\"}]},{\"@type\":\"WebSite\",\"@id\":\"https:\/\/atasagon.com\/#website\",\"url\":\"https:\/\/atasagon.com\/\",\"name\":\"Atasagon\",\"description\":\"Primul centru de nutri\u021bie \u0219i detoxifiere din Rom\u00e2nia\",\"publisher\":{\"@id\":\"https:\/\/atasagon.com\/#organization\"},\"potentialAction\":[{\"@type\":\"SearchAction\",\"target\":{\"@type\":\"EntryPoint\",\"urlTemplate\":\"https:\/\/atasagon.com\/?s={search_term_string}\"},\"query-input\":{\"@type\":\"PropertyValueSpecification\",\"valueRequired\":true,\"valueName\":\"search_term_string\"}}],\"inLanguage\":\"en-US\"},{\"@type\":\"Organization\",\"@id\":\"https:\/\/atasagon.com\/#organization\",\"name\":\"Atasagon\",\"url\":\"https:\/\/atasagon.com\/\",\"logo\":{\"@type\":\"ImageObject\",\"inLanguage\":\"en-US\",\"@id\":\"https:\/\/atasagon.com\/#\/schema\/logo\/image\/\",\"url\":\"https:\/\/atasagon.com\/wp-content\/uploads\/2023\/01\/cropped-atasagon-logo-2-175x58-1.png\",\"contentUrl\":\"https:\/\/atasagon.com\/wp-content\/uploads\/2023\/01\/cropped-atasagon-logo-2-175x58-1.png\",\"width\":175,\"height\":58,\"caption\":\"Atasagon\"},\"image\":{\"@id\":\"https:\/\/atasagon.com\/#\/schema\/logo\/image\/\"},\"sameAs\":[\"https:\/\/www.facebook.com\/atasagon\/\",\"https:\/\/instagram.com\/atasagon\"]}]}<\/script>\n<!-- \/ Yoast SEO plugin. -->","yoast_head_json":{"title":"Masaj anticelulitic - Atasagon","robots":{"index":"index","follow":"follow","max-snippet":"max-snippet:-1","max-image-preview":"max-image-preview:large","max-video-preview":"max-video-preview:-1"},"canonical":"https:\/\/atasagon.com\/en\/product\/masaj-anticelulitic\/","og_locale":"en_US","og_type":"article","og_title":"Masaj anticelulitic - Atasagon","og_description":"50 min \/ 235 ron Sim\u021bi c\u0103 apari\u021bia celulitei are efecte negative asupra \u00eencrederii \u00een tine \u0219i \u00een corpul t\u0103u \u0219i faci tot posibilul s\u0103 o ascunzi? Cu acest masaj anticelulitic nu mai este cazul. Pe l\u00e2ng\u0103 faptul c\u0103 vei ob\u021biune o piele mai neted\u0103 \u0219i un aspect mai frumos al pielii datorit\u0103 elimin\u0103rii fluidelor&hellip;","og_url":"https:\/\/atasagon.com\/en\/product\/masaj-anticelulitic\/","og_site_name":"Atasagon","article_publisher":"https:\/\/www.facebook.com\/atasagon\/","article_modified_time":"2026-02-11T09:30:13+00:00","og_image":[{"width":2560,"height":1707,"url":"https:\/\/atasagon.com\/wp-content\/uploads\/2023\/01\/Atasagon-1275-scaled.jpg","type":"image\/jpeg"}],"twitter_card":"summary_large_image","twitter_misc":{"Est. reading time":"1 minute"},"schema":{"@context":"https:\/\/schema.org","@graph":[{"@type":"WebPage","@id":"https:\/\/atasagon.com\/produs\/masaj-anticelulitic\/","url":"https:\/\/atasagon.com\/produs\/masaj-anticelulitic\/","name":"Masaj anticelulitic - Atasagon","isPartOf":{"@id":"https:\/\/atasagon.com\/#website"},"primaryImageOfPage":{"@id":"https:\/\/atasagon.com\/produs\/masaj-anticelulitic\/#primaryimage"},"image":{"@id":"https:\/\/atasagon.com\/produs\/masaj-anticelulitic\/#primaryimage"},"thumbnailUrl":"https:\/\/atasagon.com\/wp-content\/uploads\/2023\/01\/Atasagon-1275-scaled.jpg","datePublished":"2023-01-19T14:32:59+00:00","dateModified":"2026-02-11T09:30:13+00:00","breadcrumb":{"@id":"https:\/\/atasagon.com\/produs\/masaj-anticelulitic\/#breadcrumb"},"inLanguage":"en-US","potentialAction":[{"@type":"ReadAction","target":["https:\/\/atasagon.com\/produs\/masaj-anticelulitic\/"]}]},{"@type":"ImageObject","inLanguage":"en-US","@id":"https:\/\/atasagon.com\/produs\/masaj-anticelulitic\/#primaryimage","url":"https:\/\/atasagon.com\/wp-content\/uploads\/2023\/01\/Atasagon-1275-scaled.jpg","contentUrl":"https:\/\/atasagon.com\/wp-content\/uploads\/2023\/01\/Atasagon-1275-scaled.jpg","width":2560,"height":1707},{"@type":"BreadcrumbList","@id":"https:\/\/atasagon.com\/produs\/masaj-anticelulitic\/#breadcrumb","itemListElement":[{"@type":"ListItem","position":1,"name":"Home","item":"https:\/\/atasagon.com\/"},{"@type":"ListItem","position":2,"name":"Products","item":"https:\/\/atasagon.com\/en\/shop\/"},{"@type":"ListItem","position":3,"name":"Masaj anticelulitic"}]},{"@type":"WebSite","@id":"https:\/\/atasagon.com\/#website","url":"https:\/\/atasagon.com\/","name":"Atasagon","description":"The first nutrition and detoxification center in Romania","publisher":{"@id":"https:\/\/atasagon.com\/#organization"},"potentialAction":[{"@type":"SearchAction","target":{"@type":"EntryPoint","urlTemplate":"https:\/\/atasagon.com\/?s={search_term_string}"},"query-input":{"@type":"PropertyValueSpecification","valueRequired":true,"valueName":"search_term_string"}}],"inLanguage":"en-US"},{"@type":"Organization","@id":"https:\/\/atasagon.com\/#organization","name":"Atasagon","url":"https:\/\/atasagon.com\/","logo":{"@type":"ImageObject","inLanguage":"en-US","@id":"https:\/\/atasagon.com\/#\/schema\/logo\/image\/","url":"https:\/\/atasagon.com\/wp-content\/uploads\/2023\/01\/cropped-atasagon-logo-2-175x58-1.png","contentUrl":"https:\/\/atasagon.com\/wp-content\/uploads\/2023\/01\/cropped-atasagon-logo-2-175x58-1.png","width":175,"height":58,"caption":"Atasagon"},"image":{"@id":"https:\/\/atasagon.com\/#\/schema\/logo\/image\/"},"sameAs":["https:\/\/www.facebook.com\/atasagon\/","https:\/\/instagram.com\/atasagon"]}]}},"_links":{"self":[{"href":"https:\/\/atasagon.com\/en\/wp-json\/wp\/v2\/product\/2976","targetHints":{"allow":["GET"]}}],"collection":[{"href":"https:\/\/atasagon.com\/en\/wp-json\/wp\/v2\/product"}],"about":[{"href":"https:\/\/atasagon.com\/en\/wp-json\/wp\/v2\/types\/product"}],"replies":[{"embeddable":true,"href":"https:\/\/atasagon.com\/en\/wp-json\/wp\/v2\/comments?post=2976"}],"wp:featuredmedia":[{"embeddable":true,"href":"https:\/\/atasagon.com\/en\/wp-json\/wp\/v2\/media\/3181"}],"wp:attachment":[{"href":"https:\/\/atasagon.com\/en\/wp-json\/wp\/v2\/media?parent=2976"}],"wp:term":[{"taxonomy":"product_brand","embeddable":true,"href":"https:\/\/atasagon.com\/en\/wp-json\/wp\/v2\/product_brand?post=2976"},{"taxonomy":"product_cat","embeddable":true,"href":"https:\/\/atasagon.com\/en\/wp-json\/wp\/v2\/product_cat?post=2976"},{"taxonomy":"product_tag","embeddable":true,"href":"https:\/\/atasagon.com\/en\/wp-json\/wp\/v2\/product_tag?post=2976"}],"curies":[{"name":"wp","href":"https:\/\/api.w.org\/{rel}","templated":true}]}}