{"id":2975,"date":"2023-01-19T14:32:09","date_gmt":"2023-01-19T14:32:09","guid":{"rendered":"https:\/\/dev.mabit.ro\/?post_type=product&#038;p=2975"},"modified":"2026-02-11T12:29:37","modified_gmt":"2026-02-11T09:29:37","slug":"masaj-aromatouch","status":"publish","type":"product","link":"https:\/\/atasagon.com\/en\/product\/masaj-aromatouch\/","title":{"rendered":"Aromatouch massage"},"content":{"rendered":"<p>75 min \/ 290 ron<\/p>\n<p>Looking to regain mental and emotional clarity? Aromatherapy massage may be just what you need. DoTerra&#039;s aromatherapy technique is a clinical approach to applying essential oils along energy meridians and visceral touch points on the back, hands and soles of the feet. The herbs in the essential oils used in this technique are specially chosen to induce the body and mind into a state of deep relaxation and to reactivate the body&#039;s self-healing function. This massage combines the benefits of massage therapy with those of essential oils, reflexology and aromatherapy in a unique way, able to completely balance your nervous system and emotional state. But you know the best part? The effects of the invigorating, energy and good mood massage can be felt for 3 days. Try it now and say goodbye to daily stress!<\/p>\n<p>Contraindications: skin diseases, allergies<\/p>","protected":false},"excerpt":{"rendered":"<p>75 min \/ 290 ron Are you looking to regain your mental and emotional clarity? Aromatherapy massage may be just what you need. DoTerra&#039;s aromatherapy technique is a clinical approach to applying essential oils along energy meridians and visceral touch points on the back, hands and soles of the feet. Medicinal plants\u2026<\/p>","protected":false},"featured_media":4584,"comment_status":"open","ping_status":"closed","template":"","meta":{"_acf_changed":false},"product_brand":[],"product_cat":[34],"product_tag":[],"class_list":{"0":"post-2975","1":"product","2":"type-product","3":"status-publish","4":"has-post-thumbnail","6":"product_cat-spa","8":"first","9":"instock","10":"virtual","11":"purchasable","12":"product-type-simple"},"acf":[],"yoast_head":"<!-- This site is optimized with the Yoast SEO plugin v27.2 - https:\/\/yoast.com\/product\/yoast-seo-wordpress\/ -->\n<title>Masaj aromatouch - Atasagon<\/title>\n<meta name=\"robots\" content=\"index, follow, max-snippet:-1, max-image-preview:large, max-video-preview:-1\" \/>\n<link rel=\"canonical\" href=\"https:\/\/atasagon.com\/en\/product\/masaj-aromatouch\/\" \/>\n<meta property=\"og:locale\" content=\"en_US\" \/>\n<meta property=\"og:type\" content=\"article\" \/>\n<meta property=\"og:title\" content=\"Masaj aromatouch - Atasagon\" \/>\n<meta property=\"og:description\" content=\"75 min \/ 290 ron Cau\u021bi s\u0103 \u00ee\u021bi rec\u00e2\u0219tigi claritatea mental\u0103 \u0219i emo\u021bional\u0103? Masajul aromaterapiei s-ar putea s\u0103 fie exact ceea ce ai nevoie. Tehnica aromaterapiei conceput\u0103 de DoTerra este o abordare clinic\u0103 a aplic\u0103rii uleiurilor esen\u021biale de-a lungul meridianelor energetice \u0219i a punctelor de contact visceral pe spate, m\u00e2ini \u0219i talpa piciorului. Plantele medicinale&hellip;\" \/>\n<meta property=\"og:url\" content=\"https:\/\/atasagon.com\/en\/product\/masaj-aromatouch\/\" \/>\n<meta property=\"og:site_name\" content=\"Atasagon\" \/>\n<meta property=\"article:publisher\" content=\"https:\/\/www.facebook.com\/atasagon\/\" \/>\n<meta property=\"article:modified_time\" content=\"2026-02-11T09:29:37+00:00\" \/>\n<meta property=\"og:image\" content=\"https:\/\/atasagon.com\/wp-content\/uploads\/2023\/01\/Masaj-Aromatouch-scaled.jpg\" \/>\n\t<meta property=\"og:image:width\" content=\"2560\" \/>\n\t<meta property=\"og:image:height\" content=\"1706\" \/>\n\t<meta property=\"og:image:type\" content=\"image\/jpeg\" \/>\n<meta name=\"twitter:card\" content=\"summary_large_image\" \/>\n<meta name=\"twitter:label1\" content=\"Est. reading time\" \/>\n\t<meta name=\"twitter:data1\" content=\"2 minutes\" \/>\n<script type=\"application\/ld+json\" class=\"yoast-schema-graph\">{\"@context\":\"https:\/\/schema.org\",\"@graph\":[{\"@type\":\"WebPage\",\"@id\":\"https:\/\/atasagon.com\/produs\/masaj-aromatouch\/\",\"url\":\"https:\/\/atasagon.com\/produs\/masaj-aromatouch\/\",\"name\":\"Masaj aromatouch - Atasagon\",\"isPartOf\":{\"@id\":\"https:\/\/atasagon.com\/#website\"},\"primaryImageOfPage\":{\"@id\":\"https:\/\/atasagon.com\/produs\/masaj-aromatouch\/#primaryimage\"},\"image\":{\"@id\":\"https:\/\/atasagon.com\/produs\/masaj-aromatouch\/#primaryimage\"},\"thumbnailUrl\":\"https:\/\/atasagon.com\/wp-content\/uploads\/2023\/01\/Masaj-Aromatouch-scaled.jpg\",\"datePublished\":\"2023-01-19T14:32:09+00:00\",\"dateModified\":\"2026-02-11T09:29:37+00:00\",\"breadcrumb\":{\"@id\":\"https:\/\/atasagon.com\/produs\/masaj-aromatouch\/#breadcrumb\"},\"inLanguage\":\"en-US\",\"potentialAction\":[{\"@type\":\"ReadAction\",\"target\":[\"https:\/\/atasagon.com\/produs\/masaj-aromatouch\/\"]}]},{\"@type\":\"ImageObject\",\"inLanguage\":\"en-US\",\"@id\":\"https:\/\/atasagon.com\/produs\/masaj-aromatouch\/#primaryimage\",\"url\":\"https:\/\/atasagon.com\/wp-content\/uploads\/2023\/01\/Masaj-Aromatouch-scaled.jpg\",\"contentUrl\":\"https:\/\/atasagon.com\/wp-content\/uploads\/2023\/01\/Masaj-Aromatouch-scaled.jpg\",\"width\":2560,\"height\":1706},{\"@type\":\"BreadcrumbList\",\"@id\":\"https:\/\/atasagon.com\/produs\/masaj-aromatouch\/#breadcrumb\",\"itemListElement\":[{\"@type\":\"ListItem\",\"position\":1,\"name\":\"Home\",\"item\":\"https:\/\/atasagon.com\/\"},{\"@type\":\"ListItem\",\"position\":2,\"name\":\"Products\",\"item\":\"https:\/\/atasagon.com\/en\/shop\/\"},{\"@type\":\"ListItem\",\"position\":3,\"name\":\"Masaj aromatouch\"}]},{\"@type\":\"WebSite\",\"@id\":\"https:\/\/atasagon.com\/#website\",\"url\":\"https:\/\/atasagon.com\/\",\"name\":\"Atasagon\",\"description\":\"Primul centru de nutri\u021bie \u0219i detoxifiere din Rom\u00e2nia\",\"publisher\":{\"@id\":\"https:\/\/atasagon.com\/#organization\"},\"potentialAction\":[{\"@type\":\"SearchAction\",\"target\":{\"@type\":\"EntryPoint\",\"urlTemplate\":\"https:\/\/atasagon.com\/?s={search_term_string}\"},\"query-input\":{\"@type\":\"PropertyValueSpecification\",\"valueRequired\":true,\"valueName\":\"search_term_string\"}}],\"inLanguage\":\"en-US\"},{\"@type\":\"Organization\",\"@id\":\"https:\/\/atasagon.com\/#organization\",\"name\":\"Atasagon\",\"url\":\"https:\/\/atasagon.com\/\",\"logo\":{\"@type\":\"ImageObject\",\"inLanguage\":\"en-US\",\"@id\":\"https:\/\/atasagon.com\/#\/schema\/logo\/image\/\",\"url\":\"https:\/\/atasagon.com\/wp-content\/uploads\/2023\/01\/cropped-atasagon-logo-2-175x58-1.png\",\"contentUrl\":\"https:\/\/atasagon.com\/wp-content\/uploads\/2023\/01\/cropped-atasagon-logo-2-175x58-1.png\",\"width\":175,\"height\":58,\"caption\":\"Atasagon\"},\"image\":{\"@id\":\"https:\/\/atasagon.com\/#\/schema\/logo\/image\/\"},\"sameAs\":[\"https:\/\/www.facebook.com\/atasagon\/\",\"https:\/\/instagram.com\/atasagon\"]}]}<\/script>\n<!-- \/ Yoast SEO plugin. -->","yoast_head_json":{"title":"Masaj aromatouch - Atasagon","robots":{"index":"index","follow":"follow","max-snippet":"max-snippet:-1","max-image-preview":"max-image-preview:large","max-video-preview":"max-video-preview:-1"},"canonical":"https:\/\/atasagon.com\/en\/product\/masaj-aromatouch\/","og_locale":"en_US","og_type":"article","og_title":"Masaj aromatouch - Atasagon","og_description":"75 min \/ 290 ron Cau\u021bi s\u0103 \u00ee\u021bi rec\u00e2\u0219tigi claritatea mental\u0103 \u0219i emo\u021bional\u0103? Masajul aromaterapiei s-ar putea s\u0103 fie exact ceea ce ai nevoie. Tehnica aromaterapiei conceput\u0103 de DoTerra este o abordare clinic\u0103 a aplic\u0103rii uleiurilor esen\u021biale de-a lungul meridianelor energetice \u0219i a punctelor de contact visceral pe spate, m\u00e2ini \u0219i talpa piciorului. Plantele medicinale&hellip;","og_url":"https:\/\/atasagon.com\/en\/product\/masaj-aromatouch\/","og_site_name":"Atasagon","article_publisher":"https:\/\/www.facebook.com\/atasagon\/","article_modified_time":"2026-02-11T09:29:37+00:00","og_image":[{"width":2560,"height":1706,"url":"https:\/\/atasagon.com\/wp-content\/uploads\/2023\/01\/Masaj-Aromatouch-scaled.jpg","type":"image\/jpeg"}],"twitter_card":"summary_large_image","twitter_misc":{"Est. reading time":"2 minutes"},"schema":{"@context":"https:\/\/schema.org","@graph":[{"@type":"WebPage","@id":"https:\/\/atasagon.com\/produs\/masaj-aromatouch\/","url":"https:\/\/atasagon.com\/produs\/masaj-aromatouch\/","name":"Masaj aromatouch - Atasagon","isPartOf":{"@id":"https:\/\/atasagon.com\/#website"},"primaryImageOfPage":{"@id":"https:\/\/atasagon.com\/produs\/masaj-aromatouch\/#primaryimage"},"image":{"@id":"https:\/\/atasagon.com\/produs\/masaj-aromatouch\/#primaryimage"},"thumbnailUrl":"https:\/\/atasagon.com\/wp-content\/uploads\/2023\/01\/Masaj-Aromatouch-scaled.jpg","datePublished":"2023-01-19T14:32:09+00:00","dateModified":"2026-02-11T09:29:37+00:00","breadcrumb":{"@id":"https:\/\/atasagon.com\/produs\/masaj-aromatouch\/#breadcrumb"},"inLanguage":"en-US","potentialAction":[{"@type":"ReadAction","target":["https:\/\/atasagon.com\/produs\/masaj-aromatouch\/"]}]},{"@type":"ImageObject","inLanguage":"en-US","@id":"https:\/\/atasagon.com\/produs\/masaj-aromatouch\/#primaryimage","url":"https:\/\/atasagon.com\/wp-content\/uploads\/2023\/01\/Masaj-Aromatouch-scaled.jpg","contentUrl":"https:\/\/atasagon.com\/wp-content\/uploads\/2023\/01\/Masaj-Aromatouch-scaled.jpg","width":2560,"height":1706},{"@type":"BreadcrumbList","@id":"https:\/\/atasagon.com\/produs\/masaj-aromatouch\/#breadcrumb","itemListElement":[{"@type":"ListItem","position":1,"name":"Home","item":"https:\/\/atasagon.com\/"},{"@type":"ListItem","position":2,"name":"Products","item":"https:\/\/atasagon.com\/en\/shop\/"},{"@type":"ListItem","position":3,"name":"Masaj aromatouch"}]},{"@type":"WebSite","@id":"https:\/\/atasagon.com\/#website","url":"https:\/\/atasagon.com\/","name":"Atasagon","description":"The first nutrition and detoxification center in Romania","publisher":{"@id":"https:\/\/atasagon.com\/#organization"},"potentialAction":[{"@type":"SearchAction","target":{"@type":"EntryPoint","urlTemplate":"https:\/\/atasagon.com\/?s={search_term_string}"},"query-input":{"@type":"PropertyValueSpecification","valueRequired":true,"valueName":"search_term_string"}}],"inLanguage":"en-US"},{"@type":"Organization","@id":"https:\/\/atasagon.com\/#organization","name":"Atasagon","url":"https:\/\/atasagon.com\/","logo":{"@type":"ImageObject","inLanguage":"en-US","@id":"https:\/\/atasagon.com\/#\/schema\/logo\/image\/","url":"https:\/\/atasagon.com\/wp-content\/uploads\/2023\/01\/cropped-atasagon-logo-2-175x58-1.png","contentUrl":"https:\/\/atasagon.com\/wp-content\/uploads\/2023\/01\/cropped-atasagon-logo-2-175x58-1.png","width":175,"height":58,"caption":"Atasagon"},"image":{"@id":"https:\/\/atasagon.com\/#\/schema\/logo\/image\/"},"sameAs":["https:\/\/www.facebook.com\/atasagon\/","https:\/\/instagram.com\/atasagon"]}]}},"_links":{"self":[{"href":"https:\/\/atasagon.com\/en\/wp-json\/wp\/v2\/product\/2975","targetHints":{"allow":["GET"]}}],"collection":[{"href":"https:\/\/atasagon.com\/en\/wp-json\/wp\/v2\/product"}],"about":[{"href":"https:\/\/atasagon.com\/en\/wp-json\/wp\/v2\/types\/product"}],"replies":[{"embeddable":true,"href":"https:\/\/atasagon.com\/en\/wp-json\/wp\/v2\/comments?post=2975"}],"wp:featuredmedia":[{"embeddable":true,"href":"https:\/\/atasagon.com\/en\/wp-json\/wp\/v2\/media\/4584"}],"wp:attachment":[{"href":"https:\/\/atasagon.com\/en\/wp-json\/wp\/v2\/media?parent=2975"}],"wp:term":[{"taxonomy":"product_brand","embeddable":true,"href":"https:\/\/atasagon.com\/en\/wp-json\/wp\/v2\/product_brand?post=2975"},{"taxonomy":"product_cat","embeddable":true,"href":"https:\/\/atasagon.com\/en\/wp-json\/wp\/v2\/product_cat?post=2975"},{"taxonomy":"product_tag","embeddable":true,"href":"https:\/\/atasagon.com\/en\/wp-json\/wp\/v2\/product_tag?post=2975"}],"curies":[{"name":"wp","href":"https:\/\/api.w.org\/{rel}","templated":true}]}}