{"id":2973,"date":"2023-01-19T14:31:25","date_gmt":"2023-01-19T14:31:25","guid":{"rendered":"https:\/\/dev.mabit.ro\/?post_type=product&#038;p=2973"},"modified":"2024-11-30T12:51:09","modified_gmt":"2024-11-30T09:51:09","slug":"masaj-de-relaxare","status":"publish","type":"product","link":"https:\/\/atasagon.com\/en\/product\/masaj-de-relaxare\/","title":{"rendered":"Relaxation massage \u2013 50 minutes"},"content":{"rendered":"<p>50 min \/ 195 ron<\/p>\n<p>Did you know that the healing power is right inside you? Relaxation massage is more than a massage, it&#039;s therapy that, done right, can have healing effects on your body and mind. The pleasant atmosphere, the relaxing music and the warm and calm approach of the therapists are the main elements that will give you deep peace and a state of safety and comfort from the moment you step into the room. The movements used in this type of massage have a calming effect on the nervous system, reducing stress and tension and will create the perfect environment for you to allow yourself to detach from all the emotions and thoughts that no longer serve you to stay anchored in the experience of the moment present. Sounds amazing, doesn&#039;t it? Try it!<\/p>\n<p>Contraindications: skin diseases, open wounds, spine operations performed 3-6 months ago.<\/p>\n<p>&nbsp;<\/p>","protected":false},"excerpt":{"rendered":"<p>50 min \/ 195 ron Did you know that the healing power is right inside you? Relaxation massage is more than a massage, it&#039;s therapy that, done right, can have healing effects on your body and mind. The pleasant environment, the relaxing music and the warm and calm approach of the therapists are the main elements that make you\u2026<\/p>","protected":false},"featured_media":4587,"comment_status":"open","ping_status":"closed","template":"","meta":{"_acf_changed":false},"product_brand":[],"product_cat":[34],"product_tag":[],"class_list":{"0":"post-2973","1":"product","2":"type-product","3":"status-publish","4":"has-post-thumbnail","6":"product_cat-spa","8":"first","9":"instock","10":"shipping-taxable","11":"purchasable","12":"product-type-simple"},"acf":[],"yoast_head":"<!-- This site is optimized with the Yoast SEO plugin v27.2 - https:\/\/yoast.com\/product\/yoast-seo-wordpress\/ -->\n<title>Masaj de relaxare - 50 minute - Atasagon<\/title>\n<meta name=\"description\" content=\"Masajul de relaxare este o terapie care poate avea efecte vindec\u0103toare at\u00e2t asupra corpului, c\u00e2t \u0219i asupra min\u021bii, prin reducerea stresului, a tensiunii \u0219i crearea unui ambient relaxant. Mi\u0219c\u0103rile folosite \u00een acest tip de masaj au efect calmant asupra sistemului nervos, reduc\u00e2nd stresul \u0219i tensiunea.\" \/>\n<meta name=\"robots\" content=\"index, follow, max-snippet:-1, max-image-preview:large, max-video-preview:-1\" \/>\n<link rel=\"canonical\" href=\"https:\/\/atasagon.com\/en\/product\/masaj-de-relaxare\/\" \/>\n<meta property=\"og:locale\" content=\"en_US\" \/>\n<meta property=\"og:type\" content=\"article\" \/>\n<meta property=\"og:title\" content=\"Masaj de relaxare - 50 minute - Atasagon\" \/>\n<meta property=\"og:description\" content=\"Masajul de relaxare este o terapie care poate avea efecte vindec\u0103toare at\u00e2t asupra corpului, c\u00e2t \u0219i asupra min\u021bii, prin reducerea stresului, a tensiunii \u0219i crearea unui ambient relaxant. Mi\u0219c\u0103rile folosite \u00een acest tip de masaj au efect calmant asupra sistemului nervos, reduc\u00e2nd stresul \u0219i tensiunea.\" \/>\n<meta property=\"og:url\" content=\"https:\/\/atasagon.com\/en\/product\/masaj-de-relaxare\/\" \/>\n<meta property=\"og:site_name\" content=\"Atasagon\" \/>\n<meta property=\"article:publisher\" content=\"https:\/\/www.facebook.com\/atasagon\/\" \/>\n<meta property=\"article:modified_time\" content=\"2024-11-30T09:51:09+00:00\" \/>\n<meta property=\"og:image\" content=\"https:\/\/atasagon.com\/wp-content\/uploads\/2023\/01\/Masaj-relaxare-scaled.jpg\" \/>\n\t<meta property=\"og:image:width\" content=\"2560\" \/>\n\t<meta property=\"og:image:height\" content=\"1707\" \/>\n\t<meta property=\"og:image:type\" content=\"image\/jpeg\" \/>\n<meta name=\"twitter:card\" content=\"summary_large_image\" \/>\n<meta name=\"twitter:label1\" content=\"Est. reading time\" \/>\n\t<meta name=\"twitter:data1\" content=\"1 minute\" \/>\n<script type=\"application\/ld+json\" class=\"yoast-schema-graph\">{\"@context\":\"https:\/\/schema.org\",\"@graph\":[{\"@type\":\"WebPage\",\"@id\":\"https:\/\/atasagon.com\/produs\/masaj-de-relaxare\/\",\"url\":\"https:\/\/atasagon.com\/produs\/masaj-de-relaxare\/\",\"name\":\"Masaj de relaxare - 50 minute - Atasagon\",\"isPartOf\":{\"@id\":\"https:\/\/atasagon.com\/#website\"},\"primaryImageOfPage\":{\"@id\":\"https:\/\/atasagon.com\/produs\/masaj-de-relaxare\/#primaryimage\"},\"image\":{\"@id\":\"https:\/\/atasagon.com\/produs\/masaj-de-relaxare\/#primaryimage\"},\"thumbnailUrl\":\"https:\/\/atasagon.com\/wp-content\/uploads\/2023\/01\/Masaj-relaxare-scaled.jpg\",\"datePublished\":\"2023-01-19T14:31:25+00:00\",\"dateModified\":\"2024-11-30T09:51:09+00:00\",\"description\":\"Masajul de relaxare este o terapie care poate avea efecte vindec\u0103toare at\u00e2t asupra corpului, c\u00e2t \u0219i asupra min\u021bii, prin reducerea stresului, a tensiunii \u0219i crearea unui ambient relaxant. Mi\u0219c\u0103rile folosite \u00een acest tip de masaj au efect calmant asupra sistemului nervos, reduc\u00e2nd stresul \u0219i tensiunea.\",\"breadcrumb\":{\"@id\":\"https:\/\/atasagon.com\/produs\/masaj-de-relaxare\/#breadcrumb\"},\"inLanguage\":\"en-US\",\"potentialAction\":[{\"@type\":\"ReadAction\",\"target\":[\"https:\/\/atasagon.com\/produs\/masaj-de-relaxare\/\"]}]},{\"@type\":\"ImageObject\",\"inLanguage\":\"en-US\",\"@id\":\"https:\/\/atasagon.com\/produs\/masaj-de-relaxare\/#primaryimage\",\"url\":\"https:\/\/atasagon.com\/wp-content\/uploads\/2023\/01\/Masaj-relaxare-scaled.jpg\",\"contentUrl\":\"https:\/\/atasagon.com\/wp-content\/uploads\/2023\/01\/Masaj-relaxare-scaled.jpg\",\"width\":2560,\"height\":1707},{\"@type\":\"BreadcrumbList\",\"@id\":\"https:\/\/atasagon.com\/produs\/masaj-de-relaxare\/#breadcrumb\",\"itemListElement\":[{\"@type\":\"ListItem\",\"position\":1,\"name\":\"Home\",\"item\":\"https:\/\/atasagon.com\/\"},{\"@type\":\"ListItem\",\"position\":2,\"name\":\"Products\",\"item\":\"https:\/\/atasagon.com\/en\/shop\/\"},{\"@type\":\"ListItem\",\"position\":3,\"name\":\"Masaj de relaxare &#8211; 50 minute\"}]},{\"@type\":\"WebSite\",\"@id\":\"https:\/\/atasagon.com\/#website\",\"url\":\"https:\/\/atasagon.com\/\",\"name\":\"Atasagon\",\"description\":\"Primul centru de nutri\u021bie \u0219i detoxifiere din Rom\u00e2nia\",\"publisher\":{\"@id\":\"https:\/\/atasagon.com\/#organization\"},\"potentialAction\":[{\"@type\":\"SearchAction\",\"target\":{\"@type\":\"EntryPoint\",\"urlTemplate\":\"https:\/\/atasagon.com\/?s={search_term_string}\"},\"query-input\":{\"@type\":\"PropertyValueSpecification\",\"valueRequired\":true,\"valueName\":\"search_term_string\"}}],\"inLanguage\":\"en-US\"},{\"@type\":\"Organization\",\"@id\":\"https:\/\/atasagon.com\/#organization\",\"name\":\"Atasagon\",\"url\":\"https:\/\/atasagon.com\/\",\"logo\":{\"@type\":\"ImageObject\",\"inLanguage\":\"en-US\",\"@id\":\"https:\/\/atasagon.com\/#\/schema\/logo\/image\/\",\"url\":\"https:\/\/atasagon.com\/wp-content\/uploads\/2023\/01\/cropped-atasagon-logo-2-175x58-1.png\",\"contentUrl\":\"https:\/\/atasagon.com\/wp-content\/uploads\/2023\/01\/cropped-atasagon-logo-2-175x58-1.png\",\"width\":175,\"height\":58,\"caption\":\"Atasagon\"},\"image\":{\"@id\":\"https:\/\/atasagon.com\/#\/schema\/logo\/image\/\"},\"sameAs\":[\"https:\/\/www.facebook.com\/atasagon\/\",\"https:\/\/instagram.com\/atasagon\"]}]}<\/script>\n<!-- \/ Yoast SEO plugin. -->","yoast_head_json":{"title":"Masaj de relaxare - 50 minute - Atasagon","description":"Relaxation massage is a therapy that can have healing effects on both the body and the mind, by reducing stress, tension and creating a relaxing environment. The movements used in this type of massage have a calming effect on the nervous system, reducing stress and tension.","robots":{"index":"index","follow":"follow","max-snippet":"max-snippet:-1","max-image-preview":"max-image-preview:large","max-video-preview":"max-video-preview:-1"},"canonical":"https:\/\/atasagon.com\/en\/product\/masaj-de-relaxare\/","og_locale":"en_US","og_type":"article","og_title":"Masaj de relaxare - 50 minute - Atasagon","og_description":"Masajul de relaxare este o terapie care poate avea efecte vindec\u0103toare at\u00e2t asupra corpului, c\u00e2t \u0219i asupra min\u021bii, prin reducerea stresului, a tensiunii \u0219i crearea unui ambient relaxant. Mi\u0219c\u0103rile folosite \u00een acest tip de masaj au efect calmant asupra sistemului nervos, reduc\u00e2nd stresul \u0219i tensiunea.","og_url":"https:\/\/atasagon.com\/en\/product\/masaj-de-relaxare\/","og_site_name":"Atasagon","article_publisher":"https:\/\/www.facebook.com\/atasagon\/","article_modified_time":"2024-11-30T09:51:09+00:00","og_image":[{"width":2560,"height":1707,"url":"https:\/\/atasagon.com\/wp-content\/uploads\/2023\/01\/Masaj-relaxare-scaled.jpg","type":"image\/jpeg"}],"twitter_card":"summary_large_image","twitter_misc":{"Est. reading time":"1 minute"},"schema":{"@context":"https:\/\/schema.org","@graph":[{"@type":"WebPage","@id":"https:\/\/atasagon.com\/produs\/masaj-de-relaxare\/","url":"https:\/\/atasagon.com\/produs\/masaj-de-relaxare\/","name":"Masaj de relaxare - 50 minute - Atasagon","isPartOf":{"@id":"https:\/\/atasagon.com\/#website"},"primaryImageOfPage":{"@id":"https:\/\/atasagon.com\/produs\/masaj-de-relaxare\/#primaryimage"},"image":{"@id":"https:\/\/atasagon.com\/produs\/masaj-de-relaxare\/#primaryimage"},"thumbnailUrl":"https:\/\/atasagon.com\/wp-content\/uploads\/2023\/01\/Masaj-relaxare-scaled.jpg","datePublished":"2023-01-19T14:31:25+00:00","dateModified":"2024-11-30T09:51:09+00:00","description":"Relaxation massage is a therapy that can have healing effects on both the body and the mind, by reducing stress, tension and creating a relaxing environment. The movements used in this type of massage have a calming effect on the nervous system, reducing stress and tension.","breadcrumb":{"@id":"https:\/\/atasagon.com\/produs\/masaj-de-relaxare\/#breadcrumb"},"inLanguage":"en-US","potentialAction":[{"@type":"ReadAction","target":["https:\/\/atasagon.com\/produs\/masaj-de-relaxare\/"]}]},{"@type":"ImageObject","inLanguage":"en-US","@id":"https:\/\/atasagon.com\/produs\/masaj-de-relaxare\/#primaryimage","url":"https:\/\/atasagon.com\/wp-content\/uploads\/2023\/01\/Masaj-relaxare-scaled.jpg","contentUrl":"https:\/\/atasagon.com\/wp-content\/uploads\/2023\/01\/Masaj-relaxare-scaled.jpg","width":2560,"height":1707},{"@type":"BreadcrumbList","@id":"https:\/\/atasagon.com\/produs\/masaj-de-relaxare\/#breadcrumb","itemListElement":[{"@type":"ListItem","position":1,"name":"Home","item":"https:\/\/atasagon.com\/"},{"@type":"ListItem","position":2,"name":"Products","item":"https:\/\/atasagon.com\/en\/shop\/"},{"@type":"ListItem","position":3,"name":"Masaj de relaxare &#8211; 50 minute"}]},{"@type":"WebSite","@id":"https:\/\/atasagon.com\/#website","url":"https:\/\/atasagon.com\/","name":"Atasagon","description":"The first nutrition and detoxification center in Romania","publisher":{"@id":"https:\/\/atasagon.com\/#organization"},"potentialAction":[{"@type":"SearchAction","target":{"@type":"EntryPoint","urlTemplate":"https:\/\/atasagon.com\/?s={search_term_string}"},"query-input":{"@type":"PropertyValueSpecification","valueRequired":true,"valueName":"search_term_string"}}],"inLanguage":"en-US"},{"@type":"Organization","@id":"https:\/\/atasagon.com\/#organization","name":"Atasagon","url":"https:\/\/atasagon.com\/","logo":{"@type":"ImageObject","inLanguage":"en-US","@id":"https:\/\/atasagon.com\/#\/schema\/logo\/image\/","url":"https:\/\/atasagon.com\/wp-content\/uploads\/2023\/01\/cropped-atasagon-logo-2-175x58-1.png","contentUrl":"https:\/\/atasagon.com\/wp-content\/uploads\/2023\/01\/cropped-atasagon-logo-2-175x58-1.png","width":175,"height":58,"caption":"Atasagon"},"image":{"@id":"https:\/\/atasagon.com\/#\/schema\/logo\/image\/"},"sameAs":["https:\/\/www.facebook.com\/atasagon\/","https:\/\/instagram.com\/atasagon"]}]}},"_links":{"self":[{"href":"https:\/\/atasagon.com\/en\/wp-json\/wp\/v2\/product\/2973","targetHints":{"allow":["GET"]}}],"collection":[{"href":"https:\/\/atasagon.com\/en\/wp-json\/wp\/v2\/product"}],"about":[{"href":"https:\/\/atasagon.com\/en\/wp-json\/wp\/v2\/types\/product"}],"replies":[{"embeddable":true,"href":"https:\/\/atasagon.com\/en\/wp-json\/wp\/v2\/comments?post=2973"}],"wp:featuredmedia":[{"embeddable":true,"href":"https:\/\/atasagon.com\/en\/wp-json\/wp\/v2\/media\/4587"}],"wp:attachment":[{"href":"https:\/\/atasagon.com\/en\/wp-json\/wp\/v2\/media?parent=2973"}],"wp:term":[{"taxonomy":"product_brand","embeddable":true,"href":"https:\/\/atasagon.com\/en\/wp-json\/wp\/v2\/product_brand?post=2973"},{"taxonomy":"product_cat","embeddable":true,"href":"https:\/\/atasagon.com\/en\/wp-json\/wp\/v2\/product_cat?post=2973"},{"taxonomy":"product_tag","embeddable":true,"href":"https:\/\/atasagon.com\/en\/wp-json\/wp\/v2\/product_tag?post=2973"}],"curies":[{"name":"wp","href":"https:\/\/api.w.org\/{rel}","templated":true}]}}