{"id":2969,"date":"2023-01-19T14:28:59","date_gmt":"2023-01-19T14:28:59","guid":{"rendered":"https:\/\/dev.mabit.ro\/?post_type=product&#038;p=2969"},"modified":"2024-04-18T10:43:07","modified_gmt":"2024-04-18T07:43:07","slug":"consultatie-nutritie-initiala","status":"publish","type":"product","link":"https:\/\/atasagon.com\/en\/product\/consultatie-nutritie-initiala\/","title":{"rendered":"Initial nutrition consultation"},"content":{"rendered":"<p>60 min \/ 330 ron<\/p>\n<p>Nutrition counseling brings new insight into what foods work best for your body and can end the confusion of the many diets on the market. You are given a new chance to feel fit, energetic and confident in your body. Why not take advantage of it? Our professional nutrition and dietetic services include: assessment of health and nutritional status, dietary survey, interpretation of biochemical data, assessment of anthropometric indices, personalized diet, diet therapy, program development and nutritional counseling and long-term monitoring. Let us help you!<\/p>","protected":false},"excerpt":{"rendered":"<p>60 min \/ 330 ron Consilierea nutri\u021bional\u0103 aduce o perspectiv\u0103 nou\u0103 asupra alimentelor care func\u021bioneaz\u0103 cel mai bine pentru corpul t\u0103u \u0219i poate pune cap\u0103t confuziei asupra multiplelor diete de pe pia\u021b\u0103. \u021ai se ofer\u0103 o nou\u0103 \u0219ans\u0103 de a te sim\u021bi \u00een form\u0103, energic \u0219i \u00eencrez\u0103tor \u00een corpul t\u0103u. De ce nu ai profita&hellip;<\/p>","protected":false},"featured_media":4578,"comment_status":"open","ping_status":"closed","template":"","meta":{"_acf_changed":false},"product_brand":[],"product_cat":[33],"product_tag":[],"class_list":{"0":"post-2969","1":"product","2":"type-product","3":"status-publish","4":"has-post-thumbnail","6":"product_cat-medical","8":"first","9":"instock","10":"shipping-taxable","11":"purchasable","12":"product-type-simple"},"acf":[],"yoast_head":"<!-- This site is optimized with the Yoast SEO plugin v27.2 - https:\/\/yoast.com\/product\/yoast-seo-wordpress\/ -->\n<title>Consulta\u021bie nutri\u021bie ini\u021bial\u0103 - Atasagon<\/title>\n<meta name=\"robots\" content=\"index, follow, max-snippet:-1, max-image-preview:large, max-video-preview:-1\" \/>\n<link rel=\"canonical\" href=\"https:\/\/atasagon.com\/en\/product\/consultatie-nutritie-initiala\/\" \/>\n<meta property=\"og:locale\" content=\"en_US\" \/>\n<meta property=\"og:type\" content=\"article\" \/>\n<meta property=\"og:title\" content=\"Consulta\u021bie nutri\u021bie ini\u021bial\u0103 - Atasagon\" \/>\n<meta property=\"og:description\" content=\"60 min \/ 330 ron Consilierea nutri\u021bional\u0103 aduce o perspectiv\u0103 nou\u0103 asupra alimentelor care func\u021bioneaz\u0103 cel mai bine pentru corpul t\u0103u \u0219i poate pune cap\u0103t confuziei asupra multiplelor diete de pe pia\u021b\u0103. \u021ai se ofer\u0103 o nou\u0103 \u0219ans\u0103 de a te sim\u021bi \u00een form\u0103, energic \u0219i \u00eencrez\u0103tor \u00een corpul t\u0103u. De ce nu ai profita&hellip;\" \/>\n<meta property=\"og:url\" content=\"https:\/\/atasagon.com\/en\/product\/consultatie-nutritie-initiala\/\" \/>\n<meta property=\"og:site_name\" content=\"Atasagon\" \/>\n<meta property=\"article:publisher\" content=\"https:\/\/www.facebook.com\/atasagon\/\" \/>\n<meta property=\"article:modified_time\" content=\"2024-04-18T07:43:07+00:00\" \/>\n<meta property=\"og:image\" content=\"https:\/\/atasagon.com\/wp-content\/uploads\/2023\/01\/Consultatie-nutritie-initiala-scaled.jpg\" \/>\n\t<meta property=\"og:image:width\" content=\"2560\" \/>\n\t<meta property=\"og:image:height\" content=\"1706\" \/>\n\t<meta property=\"og:image:type\" content=\"image\/jpeg\" \/>\n<meta name=\"twitter:card\" content=\"summary_large_image\" \/>\n<meta name=\"twitter:label1\" content=\"Est. reading time\" \/>\n\t<meta name=\"twitter:data1\" content=\"1 minute\" \/>\n<script type=\"application\/ld+json\" class=\"yoast-schema-graph\">{\"@context\":\"https:\/\/schema.org\",\"@graph\":[{\"@type\":\"WebPage\",\"@id\":\"https:\/\/atasagon.com\/produs\/consultatie-nutritie-initiala\/\",\"url\":\"https:\/\/atasagon.com\/produs\/consultatie-nutritie-initiala\/\",\"name\":\"Consulta\u021bie nutri\u021bie ini\u021bial\u0103 - Atasagon\",\"isPartOf\":{\"@id\":\"https:\/\/atasagon.com\/#website\"},\"primaryImageOfPage\":{\"@id\":\"https:\/\/atasagon.com\/produs\/consultatie-nutritie-initiala\/#primaryimage\"},\"image\":{\"@id\":\"https:\/\/atasagon.com\/produs\/consultatie-nutritie-initiala\/#primaryimage\"},\"thumbnailUrl\":\"https:\/\/atasagon.com\/wp-content\/uploads\/2023\/01\/Consultatie-nutritie-initiala-scaled.jpg\",\"datePublished\":\"2023-01-19T14:28:59+00:00\",\"dateModified\":\"2024-04-18T07:43:07+00:00\",\"breadcrumb\":{\"@id\":\"https:\/\/atasagon.com\/produs\/consultatie-nutritie-initiala\/#breadcrumb\"},\"inLanguage\":\"en-US\",\"potentialAction\":[{\"@type\":\"ReadAction\",\"target\":[\"https:\/\/atasagon.com\/produs\/consultatie-nutritie-initiala\/\"]}]},{\"@type\":\"ImageObject\",\"inLanguage\":\"en-US\",\"@id\":\"https:\/\/atasagon.com\/produs\/consultatie-nutritie-initiala\/#primaryimage\",\"url\":\"https:\/\/atasagon.com\/wp-content\/uploads\/2023\/01\/Consultatie-nutritie-initiala-scaled.jpg\",\"contentUrl\":\"https:\/\/atasagon.com\/wp-content\/uploads\/2023\/01\/Consultatie-nutritie-initiala-scaled.jpg\",\"width\":2560,\"height\":1706},{\"@type\":\"BreadcrumbList\",\"@id\":\"https:\/\/atasagon.com\/produs\/consultatie-nutritie-initiala\/#breadcrumb\",\"itemListElement\":[{\"@type\":\"ListItem\",\"position\":1,\"name\":\"Home\",\"item\":\"https:\/\/atasagon.com\/\"},{\"@type\":\"ListItem\",\"position\":2,\"name\":\"Products\",\"item\":\"https:\/\/atasagon.com\/en\/shop\/\"},{\"@type\":\"ListItem\",\"position\":3,\"name\":\"Consulta\u021bie nutri\u021bie ini\u021bial\u0103\"}]},{\"@type\":\"WebSite\",\"@id\":\"https:\/\/atasagon.com\/#website\",\"url\":\"https:\/\/atasagon.com\/\",\"name\":\"Atasagon\",\"description\":\"Primul centru de nutri\u021bie \u0219i detoxifiere din Rom\u00e2nia\",\"publisher\":{\"@id\":\"https:\/\/atasagon.com\/#organization\"},\"potentialAction\":[{\"@type\":\"SearchAction\",\"target\":{\"@type\":\"EntryPoint\",\"urlTemplate\":\"https:\/\/atasagon.com\/?s={search_term_string}\"},\"query-input\":{\"@type\":\"PropertyValueSpecification\",\"valueRequired\":true,\"valueName\":\"search_term_string\"}}],\"inLanguage\":\"en-US\"},{\"@type\":\"Organization\",\"@id\":\"https:\/\/atasagon.com\/#organization\",\"name\":\"Atasagon\",\"url\":\"https:\/\/atasagon.com\/\",\"logo\":{\"@type\":\"ImageObject\",\"inLanguage\":\"en-US\",\"@id\":\"https:\/\/atasagon.com\/#\/schema\/logo\/image\/\",\"url\":\"https:\/\/atasagon.com\/wp-content\/uploads\/2023\/01\/cropped-atasagon-logo-2-175x58-1.png\",\"contentUrl\":\"https:\/\/atasagon.com\/wp-content\/uploads\/2023\/01\/cropped-atasagon-logo-2-175x58-1.png\",\"width\":175,\"height\":58,\"caption\":\"Atasagon\"},\"image\":{\"@id\":\"https:\/\/atasagon.com\/#\/schema\/logo\/image\/\"},\"sameAs\":[\"https:\/\/www.facebook.com\/atasagon\/\",\"https:\/\/instagram.com\/atasagon\"]}]}<\/script>\n<!-- \/ Yoast SEO plugin. -->","yoast_head_json":{"title":"Consulta\u021bie nutri\u021bie ini\u021bial\u0103 - Atasagon","robots":{"index":"index","follow":"follow","max-snippet":"max-snippet:-1","max-image-preview":"max-image-preview:large","max-video-preview":"max-video-preview:-1"},"canonical":"https:\/\/atasagon.com\/en\/product\/consultatie-nutritie-initiala\/","og_locale":"en_US","og_type":"article","og_title":"Consulta\u021bie nutri\u021bie ini\u021bial\u0103 - Atasagon","og_description":"60 min \/ 330 ron Consilierea nutri\u021bional\u0103 aduce o perspectiv\u0103 nou\u0103 asupra alimentelor care func\u021bioneaz\u0103 cel mai bine pentru corpul t\u0103u \u0219i poate pune cap\u0103t confuziei asupra multiplelor diete de pe pia\u021b\u0103. \u021ai se ofer\u0103 o nou\u0103 \u0219ans\u0103 de a te sim\u021bi \u00een form\u0103, energic \u0219i \u00eencrez\u0103tor \u00een corpul t\u0103u. De ce nu ai profita&hellip;","og_url":"https:\/\/atasagon.com\/en\/product\/consultatie-nutritie-initiala\/","og_site_name":"Atasagon","article_publisher":"https:\/\/www.facebook.com\/atasagon\/","article_modified_time":"2024-04-18T07:43:07+00:00","og_image":[{"width":2560,"height":1706,"url":"https:\/\/atasagon.com\/wp-content\/uploads\/2023\/01\/Consultatie-nutritie-initiala-scaled.jpg","type":"image\/jpeg"}],"twitter_card":"summary_large_image","twitter_misc":{"Est. reading time":"1 minute"},"schema":{"@context":"https:\/\/schema.org","@graph":[{"@type":"WebPage","@id":"https:\/\/atasagon.com\/produs\/consultatie-nutritie-initiala\/","url":"https:\/\/atasagon.com\/produs\/consultatie-nutritie-initiala\/","name":"Consulta\u021bie nutri\u021bie ini\u021bial\u0103 - Atasagon","isPartOf":{"@id":"https:\/\/atasagon.com\/#website"},"primaryImageOfPage":{"@id":"https:\/\/atasagon.com\/produs\/consultatie-nutritie-initiala\/#primaryimage"},"image":{"@id":"https:\/\/atasagon.com\/produs\/consultatie-nutritie-initiala\/#primaryimage"},"thumbnailUrl":"https:\/\/atasagon.com\/wp-content\/uploads\/2023\/01\/Consultatie-nutritie-initiala-scaled.jpg","datePublished":"2023-01-19T14:28:59+00:00","dateModified":"2024-04-18T07:43:07+00:00","breadcrumb":{"@id":"https:\/\/atasagon.com\/produs\/consultatie-nutritie-initiala\/#breadcrumb"},"inLanguage":"en-US","potentialAction":[{"@type":"ReadAction","target":["https:\/\/atasagon.com\/produs\/consultatie-nutritie-initiala\/"]}]},{"@type":"ImageObject","inLanguage":"en-US","@id":"https:\/\/atasagon.com\/produs\/consultatie-nutritie-initiala\/#primaryimage","url":"https:\/\/atasagon.com\/wp-content\/uploads\/2023\/01\/Consultatie-nutritie-initiala-scaled.jpg","contentUrl":"https:\/\/atasagon.com\/wp-content\/uploads\/2023\/01\/Consultatie-nutritie-initiala-scaled.jpg","width":2560,"height":1706},{"@type":"BreadcrumbList","@id":"https:\/\/atasagon.com\/produs\/consultatie-nutritie-initiala\/#breadcrumb","itemListElement":[{"@type":"ListItem","position":1,"name":"Home","item":"https:\/\/atasagon.com\/"},{"@type":"ListItem","position":2,"name":"Products","item":"https:\/\/atasagon.com\/en\/shop\/"},{"@type":"ListItem","position":3,"name":"Consulta\u021bie nutri\u021bie ini\u021bial\u0103"}]},{"@type":"WebSite","@id":"https:\/\/atasagon.com\/#website","url":"https:\/\/atasagon.com\/","name":"Atasagon","description":"The first nutrition and detoxification center in Romania","publisher":{"@id":"https:\/\/atasagon.com\/#organization"},"potentialAction":[{"@type":"SearchAction","target":{"@type":"EntryPoint","urlTemplate":"https:\/\/atasagon.com\/?s={search_term_string}"},"query-input":{"@type":"PropertyValueSpecification","valueRequired":true,"valueName":"search_term_string"}}],"inLanguage":"en-US"},{"@type":"Organization","@id":"https:\/\/atasagon.com\/#organization","name":"Atasagon","url":"https:\/\/atasagon.com\/","logo":{"@type":"ImageObject","inLanguage":"en-US","@id":"https:\/\/atasagon.com\/#\/schema\/logo\/image\/","url":"https:\/\/atasagon.com\/wp-content\/uploads\/2023\/01\/cropped-atasagon-logo-2-175x58-1.png","contentUrl":"https:\/\/atasagon.com\/wp-content\/uploads\/2023\/01\/cropped-atasagon-logo-2-175x58-1.png","width":175,"height":58,"caption":"Atasagon"},"image":{"@id":"https:\/\/atasagon.com\/#\/schema\/logo\/image\/"},"sameAs":["https:\/\/www.facebook.com\/atasagon\/","https:\/\/instagram.com\/atasagon"]}]}},"_links":{"self":[{"href":"https:\/\/atasagon.com\/en\/wp-json\/wp\/v2\/product\/2969","targetHints":{"allow":["GET"]}}],"collection":[{"href":"https:\/\/atasagon.com\/en\/wp-json\/wp\/v2\/product"}],"about":[{"href":"https:\/\/atasagon.com\/en\/wp-json\/wp\/v2\/types\/product"}],"replies":[{"embeddable":true,"href":"https:\/\/atasagon.com\/en\/wp-json\/wp\/v2\/comments?post=2969"}],"wp:featuredmedia":[{"embeddable":true,"href":"https:\/\/atasagon.com\/en\/wp-json\/wp\/v2\/media\/4578"}],"wp:attachment":[{"href":"https:\/\/atasagon.com\/en\/wp-json\/wp\/v2\/media?parent=2969"}],"wp:term":[{"taxonomy":"product_brand","embeddable":true,"href":"https:\/\/atasagon.com\/en\/wp-json\/wp\/v2\/product_brand?post=2969"},{"taxonomy":"product_cat","embeddable":true,"href":"https:\/\/atasagon.com\/en\/wp-json\/wp\/v2\/product_cat?post=2969"},{"taxonomy":"product_tag","embeddable":true,"href":"https:\/\/atasagon.com\/en\/wp-json\/wp\/v2\/product_tag?post=2969"}],"curies":[{"name":"wp","href":"https:\/\/api.w.org\/{rel}","templated":true}]}}