{"id":2966,"date":"2023-01-19T14:27:29","date_gmt":"2023-01-19T14:27:29","guid":{"rendered":"https:\/\/dev.mabit.ro\/?post_type=product&#038;p=2966"},"modified":"2026-02-11T11:58:47","modified_gmt":"2026-02-11T08:58:47","slug":"sauna-cu-ozon","status":"publish","type":"product","link":"https:\/\/atasagon.com\/en\/product\/sauna-cu-ozon\/","title":{"rendered":"Ozone sauna"},"content":{"rendered":"<p>30 min \/ 190 ron<\/p>\n<p>Want to supplement your detox program? Then the use of the ozone sauna should not be missing from your program. The sauna increases the ability to eliminate toxins and cleanse the skin by stimulating sweat glands and also promotes healthy skin tone and texture due to increased blood circulation. Within 30 minutes, your lymphatic tissue is cleansed of toxins and bacteria and viral infections of all types are eliminated. What remains to be done? To enjoy your day in a healthy body. Give your body the best!<\/p>\n<p>Contraindications: thyroid problems (hyperthyroidism) \/ post-hemorrhagic state \/ vascular accidents; hypertension \/ anemia \/ pregnant women \/ G6-PDH deficiency.<\/p>","protected":false},"excerpt":{"rendered":"<p>30 min \/ 190 ron Vrei s\u0103-\u021bi suplimentezi programul de detoxifiere? Atunci, utilizarea saunei cu ozon nu trebuie s\u0103 lipseasc\u0103 din programul t\u0103u. Sauna cre\u0219te capacitatea de eliminare a toxinelor \u0219i cur\u0103\u021bare a pielii prin stimularea glandelor sudoripare \u0219i de asemenea, promoveaz\u0103 tonusul \u0219i textura s\u0103n\u0103toase a pielii datorit\u0103 circula\u021biei sanguine crescute. \u00cen 30 de&hellip;<\/p>","protected":false},"featured_media":3155,"comment_status":"open","ping_status":"closed","template":"","meta":{"_acf_changed":false},"product_brand":[],"product_cat":[37,33],"product_tag":[],"class_list":{"0":"post-2966","1":"product","2":"type-product","3":"status-publish","4":"has-post-thumbnail","6":"product_cat-esteticabeauty","7":"product_cat-medical","9":"first","10":"instock","11":"shipping-taxable","12":"purchasable","13":"product-type-simple"},"acf":[],"yoast_head":"<!-- This site is optimized with the Yoast SEO plugin v27.2 - https:\/\/yoast.com\/product\/yoast-seo-wordpress\/ -->\n<title>Saun\u0103 cu ozon - Atasagon<\/title>\n<meta name=\"robots\" content=\"index, follow, max-snippet:-1, max-image-preview:large, max-video-preview:-1\" \/>\n<link rel=\"canonical\" href=\"https:\/\/atasagon.com\/en\/product\/sauna-cu-ozon\/\" \/>\n<meta property=\"og:locale\" content=\"en_US\" \/>\n<meta property=\"og:type\" content=\"article\" \/>\n<meta property=\"og:title\" content=\"Saun\u0103 cu ozon - Atasagon\" \/>\n<meta property=\"og:description\" content=\"30 min \/ 190 ron Vrei s\u0103-\u021bi suplimentezi programul de detoxifiere? Atunci, utilizarea saunei cu ozon nu trebuie s\u0103 lipseasc\u0103 din programul t\u0103u. Sauna cre\u0219te capacitatea de eliminare a toxinelor \u0219i cur\u0103\u021bare a pielii prin stimularea glandelor sudoripare \u0219i de asemenea, promoveaz\u0103 tonusul \u0219i textura s\u0103n\u0103toase a pielii datorit\u0103 circula\u021biei sanguine crescute. \u00cen 30 de&hellip;\" \/>\n<meta property=\"og:url\" content=\"https:\/\/atasagon.com\/en\/product\/sauna-cu-ozon\/\" \/>\n<meta property=\"og:site_name\" content=\"Atasagon\" \/>\n<meta property=\"article:publisher\" content=\"https:\/\/www.facebook.com\/atasagon\/\" \/>\n<meta property=\"article:modified_time\" content=\"2026-02-11T08:58:47+00:00\" \/>\n<meta property=\"og:image\" content=\"https:\/\/atasagon.com\/wp-content\/uploads\/2023\/01\/saunacuozon.png\" \/>\n\t<meta property=\"og:image:width\" content=\"416\" \/>\n\t<meta property=\"og:image:height\" content=\"543\" \/>\n\t<meta property=\"og:image:type\" content=\"image\/png\" \/>\n<meta name=\"twitter:card\" content=\"summary_large_image\" \/>\n<meta name=\"twitter:label1\" content=\"Est. reading time\" \/>\n\t<meta name=\"twitter:data1\" content=\"1 minute\" \/>\n<script type=\"application\/ld+json\" class=\"yoast-schema-graph\">{\"@context\":\"https:\/\/schema.org\",\"@graph\":[{\"@type\":\"WebPage\",\"@id\":\"https:\/\/atasagon.com\/produs\/sauna-cu-ozon\/\",\"url\":\"https:\/\/atasagon.com\/produs\/sauna-cu-ozon\/\",\"name\":\"Saun\u0103 cu ozon - Atasagon\",\"isPartOf\":{\"@id\":\"https:\/\/atasagon.com\/#website\"},\"primaryImageOfPage\":{\"@id\":\"https:\/\/atasagon.com\/produs\/sauna-cu-ozon\/#primaryimage\"},\"image\":{\"@id\":\"https:\/\/atasagon.com\/produs\/sauna-cu-ozon\/#primaryimage\"},\"thumbnailUrl\":\"https:\/\/atasagon.com\/wp-content\/uploads\/2023\/01\/saunacuozon.png\",\"datePublished\":\"2023-01-19T14:27:29+00:00\",\"dateModified\":\"2026-02-11T08:58:47+00:00\",\"breadcrumb\":{\"@id\":\"https:\/\/atasagon.com\/produs\/sauna-cu-ozon\/#breadcrumb\"},\"inLanguage\":\"en-US\",\"potentialAction\":[{\"@type\":\"ReadAction\",\"target\":[\"https:\/\/atasagon.com\/produs\/sauna-cu-ozon\/\"]}]},{\"@type\":\"ImageObject\",\"inLanguage\":\"en-US\",\"@id\":\"https:\/\/atasagon.com\/produs\/sauna-cu-ozon\/#primaryimage\",\"url\":\"https:\/\/atasagon.com\/wp-content\/uploads\/2023\/01\/saunacuozon.png\",\"contentUrl\":\"https:\/\/atasagon.com\/wp-content\/uploads\/2023\/01\/saunacuozon.png\",\"width\":416,\"height\":543},{\"@type\":\"BreadcrumbList\",\"@id\":\"https:\/\/atasagon.com\/produs\/sauna-cu-ozon\/#breadcrumb\",\"itemListElement\":[{\"@type\":\"ListItem\",\"position\":1,\"name\":\"Home\",\"item\":\"https:\/\/atasagon.com\/\"},{\"@type\":\"ListItem\",\"position\":2,\"name\":\"Products\",\"item\":\"https:\/\/atasagon.com\/en\/shop\/\"},{\"@type\":\"ListItem\",\"position\":3,\"name\":\"Saun\u0103 cu ozon\"}]},{\"@type\":\"WebSite\",\"@id\":\"https:\/\/atasagon.com\/#website\",\"url\":\"https:\/\/atasagon.com\/\",\"name\":\"Atasagon\",\"description\":\"Primul centru de nutri\u021bie \u0219i detoxifiere din Rom\u00e2nia\",\"publisher\":{\"@id\":\"https:\/\/atasagon.com\/#organization\"},\"potentialAction\":[{\"@type\":\"SearchAction\",\"target\":{\"@type\":\"EntryPoint\",\"urlTemplate\":\"https:\/\/atasagon.com\/?s={search_term_string}\"},\"query-input\":{\"@type\":\"PropertyValueSpecification\",\"valueRequired\":true,\"valueName\":\"search_term_string\"}}],\"inLanguage\":\"en-US\"},{\"@type\":\"Organization\",\"@id\":\"https:\/\/atasagon.com\/#organization\",\"name\":\"Atasagon\",\"url\":\"https:\/\/atasagon.com\/\",\"logo\":{\"@type\":\"ImageObject\",\"inLanguage\":\"en-US\",\"@id\":\"https:\/\/atasagon.com\/#\/schema\/logo\/image\/\",\"url\":\"https:\/\/atasagon.com\/wp-content\/uploads\/2023\/01\/cropped-atasagon-logo-2-175x58-1.png\",\"contentUrl\":\"https:\/\/atasagon.com\/wp-content\/uploads\/2023\/01\/cropped-atasagon-logo-2-175x58-1.png\",\"width\":175,\"height\":58,\"caption\":\"Atasagon\"},\"image\":{\"@id\":\"https:\/\/atasagon.com\/#\/schema\/logo\/image\/\"},\"sameAs\":[\"https:\/\/www.facebook.com\/atasagon\/\",\"https:\/\/instagram.com\/atasagon\"]}]}<\/script>\n<!-- \/ Yoast SEO plugin. -->","yoast_head_json":{"title":"Saun\u0103 cu ozon - Atasagon","robots":{"index":"index","follow":"follow","max-snippet":"max-snippet:-1","max-image-preview":"max-image-preview:large","max-video-preview":"max-video-preview:-1"},"canonical":"https:\/\/atasagon.com\/en\/product\/sauna-cu-ozon\/","og_locale":"en_US","og_type":"article","og_title":"Saun\u0103 cu ozon - Atasagon","og_description":"30 min \/ 190 ron Vrei s\u0103-\u021bi suplimentezi programul de detoxifiere? Atunci, utilizarea saunei cu ozon nu trebuie s\u0103 lipseasc\u0103 din programul t\u0103u. Sauna cre\u0219te capacitatea de eliminare a toxinelor \u0219i cur\u0103\u021bare a pielii prin stimularea glandelor sudoripare \u0219i de asemenea, promoveaz\u0103 tonusul \u0219i textura s\u0103n\u0103toase a pielii datorit\u0103 circula\u021biei sanguine crescute. \u00cen 30 de&hellip;","og_url":"https:\/\/atasagon.com\/en\/product\/sauna-cu-ozon\/","og_site_name":"Atasagon","article_publisher":"https:\/\/www.facebook.com\/atasagon\/","article_modified_time":"2026-02-11T08:58:47+00:00","og_image":[{"width":416,"height":543,"url":"https:\/\/atasagon.com\/wp-content\/uploads\/2023\/01\/saunacuozon.png","type":"image\/png"}],"twitter_card":"summary_large_image","twitter_misc":{"Est. reading time":"1 minute"},"schema":{"@context":"https:\/\/schema.org","@graph":[{"@type":"WebPage","@id":"https:\/\/atasagon.com\/produs\/sauna-cu-ozon\/","url":"https:\/\/atasagon.com\/produs\/sauna-cu-ozon\/","name":"Saun\u0103 cu ozon - Atasagon","isPartOf":{"@id":"https:\/\/atasagon.com\/#website"},"primaryImageOfPage":{"@id":"https:\/\/atasagon.com\/produs\/sauna-cu-ozon\/#primaryimage"},"image":{"@id":"https:\/\/atasagon.com\/produs\/sauna-cu-ozon\/#primaryimage"},"thumbnailUrl":"https:\/\/atasagon.com\/wp-content\/uploads\/2023\/01\/saunacuozon.png","datePublished":"2023-01-19T14:27:29+00:00","dateModified":"2026-02-11T08:58:47+00:00","breadcrumb":{"@id":"https:\/\/atasagon.com\/produs\/sauna-cu-ozon\/#breadcrumb"},"inLanguage":"en-US","potentialAction":[{"@type":"ReadAction","target":["https:\/\/atasagon.com\/produs\/sauna-cu-ozon\/"]}]},{"@type":"ImageObject","inLanguage":"en-US","@id":"https:\/\/atasagon.com\/produs\/sauna-cu-ozon\/#primaryimage","url":"https:\/\/atasagon.com\/wp-content\/uploads\/2023\/01\/saunacuozon.png","contentUrl":"https:\/\/atasagon.com\/wp-content\/uploads\/2023\/01\/saunacuozon.png","width":416,"height":543},{"@type":"BreadcrumbList","@id":"https:\/\/atasagon.com\/produs\/sauna-cu-ozon\/#breadcrumb","itemListElement":[{"@type":"ListItem","position":1,"name":"Home","item":"https:\/\/atasagon.com\/"},{"@type":"ListItem","position":2,"name":"Products","item":"https:\/\/atasagon.com\/en\/shop\/"},{"@type":"ListItem","position":3,"name":"Saun\u0103 cu ozon"}]},{"@type":"WebSite","@id":"https:\/\/atasagon.com\/#website","url":"https:\/\/atasagon.com\/","name":"Atasagon","description":"The first nutrition and detoxification center in Romania","publisher":{"@id":"https:\/\/atasagon.com\/#organization"},"potentialAction":[{"@type":"SearchAction","target":{"@type":"EntryPoint","urlTemplate":"https:\/\/atasagon.com\/?s={search_term_string}"},"query-input":{"@type":"PropertyValueSpecification","valueRequired":true,"valueName":"search_term_string"}}],"inLanguage":"en-US"},{"@type":"Organization","@id":"https:\/\/atasagon.com\/#organization","name":"Atasagon","url":"https:\/\/atasagon.com\/","logo":{"@type":"ImageObject","inLanguage":"en-US","@id":"https:\/\/atasagon.com\/#\/schema\/logo\/image\/","url":"https:\/\/atasagon.com\/wp-content\/uploads\/2023\/01\/cropped-atasagon-logo-2-175x58-1.png","contentUrl":"https:\/\/atasagon.com\/wp-content\/uploads\/2023\/01\/cropped-atasagon-logo-2-175x58-1.png","width":175,"height":58,"caption":"Atasagon"},"image":{"@id":"https:\/\/atasagon.com\/#\/schema\/logo\/image\/"},"sameAs":["https:\/\/www.facebook.com\/atasagon\/","https:\/\/instagram.com\/atasagon"]}]}},"_links":{"self":[{"href":"https:\/\/atasagon.com\/en\/wp-json\/wp\/v2\/product\/2966","targetHints":{"allow":["GET"]}}],"collection":[{"href":"https:\/\/atasagon.com\/en\/wp-json\/wp\/v2\/product"}],"about":[{"href":"https:\/\/atasagon.com\/en\/wp-json\/wp\/v2\/types\/product"}],"replies":[{"embeddable":true,"href":"https:\/\/atasagon.com\/en\/wp-json\/wp\/v2\/comments?post=2966"}],"wp:featuredmedia":[{"embeddable":true,"href":"https:\/\/atasagon.com\/en\/wp-json\/wp\/v2\/media\/3155"}],"wp:attachment":[{"href":"https:\/\/atasagon.com\/en\/wp-json\/wp\/v2\/media?parent=2966"}],"wp:term":[{"taxonomy":"product_brand","embeddable":true,"href":"https:\/\/atasagon.com\/en\/wp-json\/wp\/v2\/product_brand?post=2966"},{"taxonomy":"product_cat","embeddable":true,"href":"https:\/\/atasagon.com\/en\/wp-json\/wp\/v2\/product_cat?post=2966"},{"taxonomy":"product_tag","embeddable":true,"href":"https:\/\/atasagon.com\/en\/wp-json\/wp\/v2\/product_tag?post=2966"}],"curies":[{"name":"wp","href":"https:\/\/api.w.org\/{rel}","templated":true}]}}