{"id":2961,"date":"2023-01-19T14:23:29","date_gmt":"2023-01-19T14:23:29","guid":{"rendered":"https:\/\/dev.mabit.ro\/?post_type=product&#038;p=2961"},"modified":"2026-02-11T11:57:36","modified_gmt":"2026-02-11T08:57:36","slug":"implant-cu-probiotice-si-suc-de-grau","status":"publish","type":"product","link":"https:\/\/atasagon.com\/en\/product\/implant-cu-probiotice-si-suc-de-grau\/","title":{"rendered":"Implant with probiotics and wheat juice"},"content":{"rendered":"<p>5 min \/ 180 ron<\/p>\n<p>Do you want to have an unbeatable immune system? The implant with probiotics and wheat juice makes this wish possible, in addition it can bring many other benefits. The extremely powerful formula for cleansing and nourishing the colon walls: 10 probiotics + 50 ml natural green wheat juice (prebiotic), restores the intestinal flora to a state of balance for nutrient absorption, immunity, neurotransmitter production (95% of the amount of serotonin produces in the intestines) and for optimal intestinal transit. Come and recharge yourself with energy! It is recommended that this implant be performed immediately after a standard colonic hydrotherapy treatment for maximum benefits. Absorption in the colon is immediate and much more effective than oral administration.<\/p>","protected":false},"excerpt":{"rendered":"<p>5 min \/ 180 ron Do you want to have an unbeatable immune system? The implant with probiotics and wheat juice makes this wish possible, in addition it can bring many other benefits. The extremely powerful formula for cleaning and nourishing the colon walls: 10 probiotics + 50 ml natural green wheat juice (prebiotic), brings back the flora\u2026<\/p>","protected":false},"featured_media":3184,"comment_status":"open","ping_status":"closed","template":"","meta":{"_acf_changed":false},"product_brand":[],"product_cat":[33],"product_tag":[],"class_list":{"0":"post-2961","1":"product","2":"type-product","3":"status-publish","4":"has-post-thumbnail","6":"product_cat-medical","8":"first","9":"instock","10":"shipping-taxable","11":"purchasable","12":"product-type-simple"},"acf":[],"yoast_head":"<!-- This site is optimized with the Yoast SEO plugin v27.2 - https:\/\/yoast.com\/product\/yoast-seo-wordpress\/ -->\n<title>Implant cu probiotice \u0219i suc de gr\u00e2u - Atasagon<\/title>\n<meta name=\"robots\" content=\"index, follow, max-snippet:-1, max-image-preview:large, max-video-preview:-1\" \/>\n<link rel=\"canonical\" href=\"https:\/\/atasagon.com\/en\/product\/implant-cu-probiotice-si-suc-de-grau\/\" \/>\n<meta property=\"og:locale\" content=\"en_US\" \/>\n<meta property=\"og:type\" content=\"article\" \/>\n<meta property=\"og:title\" content=\"Implant cu probiotice \u0219i suc de gr\u00e2u - Atasagon\" \/>\n<meta property=\"og:description\" content=\"5 min \/ 180 ron \u00ce\u021bi dore\u0219ti s\u0103 ai un sistem imunitar imbatabil? Implantul cu probiotice \u0219i suc de gr\u00e2u face posibil\u0103 aceast\u0103 dorin\u021b\u0103, \u00een plus poate aduce multe alte beneficii. Formula extrem de puternic\u0103 de cur\u0103\u021bare \u0219i hr\u0103nire a pere\u021bilor colonului: 10 probiotice + 50 ml suc natural verde de gr\u00e2u (prebiotic), readuce flora&hellip;\" \/>\n<meta property=\"og:url\" content=\"https:\/\/atasagon.com\/en\/product\/implant-cu-probiotice-si-suc-de-grau\/\" \/>\n<meta property=\"og:site_name\" content=\"Atasagon\" \/>\n<meta property=\"article:publisher\" content=\"https:\/\/www.facebook.com\/atasagon\/\" \/>\n<meta property=\"article:modified_time\" content=\"2026-02-11T08:57:36+00:00\" \/>\n<meta property=\"og:image\" content=\"https:\/\/atasagon.com\/wp-content\/uploads\/2023\/01\/Atasagon-1356-scaled.jpg\" \/>\n\t<meta property=\"og:image:width\" content=\"1707\" \/>\n\t<meta property=\"og:image:height\" content=\"2560\" \/>\n\t<meta property=\"og:image:type\" content=\"image\/jpeg\" \/>\n<meta name=\"twitter:card\" content=\"summary_large_image\" \/>\n<meta name=\"twitter:label1\" content=\"Est. reading time\" \/>\n\t<meta name=\"twitter:data1\" content=\"1 minute\" \/>\n<script type=\"application\/ld+json\" class=\"yoast-schema-graph\">{\"@context\":\"https:\/\/schema.org\",\"@graph\":[{\"@type\":\"WebPage\",\"@id\":\"https:\/\/atasagon.com\/produs\/implant-cu-probiotice-si-suc-de-grau\/\",\"url\":\"https:\/\/atasagon.com\/produs\/implant-cu-probiotice-si-suc-de-grau\/\",\"name\":\"Implant cu probiotice \u0219i suc de gr\u00e2u - Atasagon\",\"isPartOf\":{\"@id\":\"https:\/\/atasagon.com\/#website\"},\"primaryImageOfPage\":{\"@id\":\"https:\/\/atasagon.com\/produs\/implant-cu-probiotice-si-suc-de-grau\/#primaryimage\"},\"image\":{\"@id\":\"https:\/\/atasagon.com\/produs\/implant-cu-probiotice-si-suc-de-grau\/#primaryimage\"},\"thumbnailUrl\":\"https:\/\/atasagon.com\/wp-content\/uploads\/2023\/01\/Atasagon-1356-scaled.jpg\",\"datePublished\":\"2023-01-19T14:23:29+00:00\",\"dateModified\":\"2026-02-11T08:57:36+00:00\",\"breadcrumb\":{\"@id\":\"https:\/\/atasagon.com\/produs\/implant-cu-probiotice-si-suc-de-grau\/#breadcrumb\"},\"inLanguage\":\"en-US\",\"potentialAction\":[{\"@type\":\"ReadAction\",\"target\":[\"https:\/\/atasagon.com\/produs\/implant-cu-probiotice-si-suc-de-grau\/\"]}]},{\"@type\":\"ImageObject\",\"inLanguage\":\"en-US\",\"@id\":\"https:\/\/atasagon.com\/produs\/implant-cu-probiotice-si-suc-de-grau\/#primaryimage\",\"url\":\"https:\/\/atasagon.com\/wp-content\/uploads\/2023\/01\/Atasagon-1356-scaled.jpg\",\"contentUrl\":\"https:\/\/atasagon.com\/wp-content\/uploads\/2023\/01\/Atasagon-1356-scaled.jpg\",\"width\":1707,\"height\":2560},{\"@type\":\"BreadcrumbList\",\"@id\":\"https:\/\/atasagon.com\/produs\/implant-cu-probiotice-si-suc-de-grau\/#breadcrumb\",\"itemListElement\":[{\"@type\":\"ListItem\",\"position\":1,\"name\":\"Home\",\"item\":\"https:\/\/atasagon.com\/\"},{\"@type\":\"ListItem\",\"position\":2,\"name\":\"Products\",\"item\":\"https:\/\/atasagon.com\/en\/shop\/\"},{\"@type\":\"ListItem\",\"position\":3,\"name\":\"Implant cu probiotice \u0219i suc de gr\u00e2u\"}]},{\"@type\":\"WebSite\",\"@id\":\"https:\/\/atasagon.com\/#website\",\"url\":\"https:\/\/atasagon.com\/\",\"name\":\"Atasagon\",\"description\":\"Primul centru de nutri\u021bie \u0219i detoxifiere din Rom\u00e2nia\",\"publisher\":{\"@id\":\"https:\/\/atasagon.com\/#organization\"},\"potentialAction\":[{\"@type\":\"SearchAction\",\"target\":{\"@type\":\"EntryPoint\",\"urlTemplate\":\"https:\/\/atasagon.com\/?s={search_term_string}\"},\"query-input\":{\"@type\":\"PropertyValueSpecification\",\"valueRequired\":true,\"valueName\":\"search_term_string\"}}],\"inLanguage\":\"en-US\"},{\"@type\":\"Organization\",\"@id\":\"https:\/\/atasagon.com\/#organization\",\"name\":\"Atasagon\",\"url\":\"https:\/\/atasagon.com\/\",\"logo\":{\"@type\":\"ImageObject\",\"inLanguage\":\"en-US\",\"@id\":\"https:\/\/atasagon.com\/#\/schema\/logo\/image\/\",\"url\":\"https:\/\/atasagon.com\/wp-content\/uploads\/2023\/01\/cropped-atasagon-logo-2-175x58-1.png\",\"contentUrl\":\"https:\/\/atasagon.com\/wp-content\/uploads\/2023\/01\/cropped-atasagon-logo-2-175x58-1.png\",\"width\":175,\"height\":58,\"caption\":\"Atasagon\"},\"image\":{\"@id\":\"https:\/\/atasagon.com\/#\/schema\/logo\/image\/\"},\"sameAs\":[\"https:\/\/www.facebook.com\/atasagon\/\",\"https:\/\/instagram.com\/atasagon\"]}]}<\/script>\n<!-- \/ Yoast SEO plugin. -->","yoast_head_json":{"title":"Implant cu probiotice \u0219i suc de gr\u00e2u - Atasagon","robots":{"index":"index","follow":"follow","max-snippet":"max-snippet:-1","max-image-preview":"max-image-preview:large","max-video-preview":"max-video-preview:-1"},"canonical":"https:\/\/atasagon.com\/en\/product\/implant-cu-probiotice-si-suc-de-grau\/","og_locale":"en_US","og_type":"article","og_title":"Implant cu probiotice \u0219i suc de gr\u00e2u - Atasagon","og_description":"5 min \/ 180 ron \u00ce\u021bi dore\u0219ti s\u0103 ai un sistem imunitar imbatabil? Implantul cu probiotice \u0219i suc de gr\u00e2u face posibil\u0103 aceast\u0103 dorin\u021b\u0103, \u00een plus poate aduce multe alte beneficii. Formula extrem de puternic\u0103 de cur\u0103\u021bare \u0219i hr\u0103nire a pere\u021bilor colonului: 10 probiotice + 50 ml suc natural verde de gr\u00e2u (prebiotic), readuce flora&hellip;","og_url":"https:\/\/atasagon.com\/en\/product\/implant-cu-probiotice-si-suc-de-grau\/","og_site_name":"Atasagon","article_publisher":"https:\/\/www.facebook.com\/atasagon\/","article_modified_time":"2026-02-11T08:57:36+00:00","og_image":[{"width":1707,"height":2560,"url":"https:\/\/atasagon.com\/wp-content\/uploads\/2023\/01\/Atasagon-1356-scaled.jpg","type":"image\/jpeg"}],"twitter_card":"summary_large_image","twitter_misc":{"Est. reading time":"1 minute"},"schema":{"@context":"https:\/\/schema.org","@graph":[{"@type":"WebPage","@id":"https:\/\/atasagon.com\/produs\/implant-cu-probiotice-si-suc-de-grau\/","url":"https:\/\/atasagon.com\/produs\/implant-cu-probiotice-si-suc-de-grau\/","name":"Implant cu probiotice \u0219i suc de gr\u00e2u - Atasagon","isPartOf":{"@id":"https:\/\/atasagon.com\/#website"},"primaryImageOfPage":{"@id":"https:\/\/atasagon.com\/produs\/implant-cu-probiotice-si-suc-de-grau\/#primaryimage"},"image":{"@id":"https:\/\/atasagon.com\/produs\/implant-cu-probiotice-si-suc-de-grau\/#primaryimage"},"thumbnailUrl":"https:\/\/atasagon.com\/wp-content\/uploads\/2023\/01\/Atasagon-1356-scaled.jpg","datePublished":"2023-01-19T14:23:29+00:00","dateModified":"2026-02-11T08:57:36+00:00","breadcrumb":{"@id":"https:\/\/atasagon.com\/produs\/implant-cu-probiotice-si-suc-de-grau\/#breadcrumb"},"inLanguage":"en-US","potentialAction":[{"@type":"ReadAction","target":["https:\/\/atasagon.com\/produs\/implant-cu-probiotice-si-suc-de-grau\/"]}]},{"@type":"ImageObject","inLanguage":"en-US","@id":"https:\/\/atasagon.com\/produs\/implant-cu-probiotice-si-suc-de-grau\/#primaryimage","url":"https:\/\/atasagon.com\/wp-content\/uploads\/2023\/01\/Atasagon-1356-scaled.jpg","contentUrl":"https:\/\/atasagon.com\/wp-content\/uploads\/2023\/01\/Atasagon-1356-scaled.jpg","width":1707,"height":2560},{"@type":"BreadcrumbList","@id":"https:\/\/atasagon.com\/produs\/implant-cu-probiotice-si-suc-de-grau\/#breadcrumb","itemListElement":[{"@type":"ListItem","position":1,"name":"Home","item":"https:\/\/atasagon.com\/"},{"@type":"ListItem","position":2,"name":"Products","item":"https:\/\/atasagon.com\/en\/shop\/"},{"@type":"ListItem","position":3,"name":"Implant cu probiotice \u0219i suc de gr\u00e2u"}]},{"@type":"WebSite","@id":"https:\/\/atasagon.com\/#website","url":"https:\/\/atasagon.com\/","name":"Atasagon","description":"The first nutrition and detoxification center in Romania","publisher":{"@id":"https:\/\/atasagon.com\/#organization"},"potentialAction":[{"@type":"SearchAction","target":{"@type":"EntryPoint","urlTemplate":"https:\/\/atasagon.com\/?s={search_term_string}"},"query-input":{"@type":"PropertyValueSpecification","valueRequired":true,"valueName":"search_term_string"}}],"inLanguage":"en-US"},{"@type":"Organization","@id":"https:\/\/atasagon.com\/#organization","name":"Atasagon","url":"https:\/\/atasagon.com\/","logo":{"@type":"ImageObject","inLanguage":"en-US","@id":"https:\/\/atasagon.com\/#\/schema\/logo\/image\/","url":"https:\/\/atasagon.com\/wp-content\/uploads\/2023\/01\/cropped-atasagon-logo-2-175x58-1.png","contentUrl":"https:\/\/atasagon.com\/wp-content\/uploads\/2023\/01\/cropped-atasagon-logo-2-175x58-1.png","width":175,"height":58,"caption":"Atasagon"},"image":{"@id":"https:\/\/atasagon.com\/#\/schema\/logo\/image\/"},"sameAs":["https:\/\/www.facebook.com\/atasagon\/","https:\/\/instagram.com\/atasagon"]}]}},"_links":{"self":[{"href":"https:\/\/atasagon.com\/en\/wp-json\/wp\/v2\/product\/2961","targetHints":{"allow":["GET"]}}],"collection":[{"href":"https:\/\/atasagon.com\/en\/wp-json\/wp\/v2\/product"}],"about":[{"href":"https:\/\/atasagon.com\/en\/wp-json\/wp\/v2\/types\/product"}],"replies":[{"embeddable":true,"href":"https:\/\/atasagon.com\/en\/wp-json\/wp\/v2\/comments?post=2961"}],"wp:featuredmedia":[{"embeddable":true,"href":"https:\/\/atasagon.com\/en\/wp-json\/wp\/v2\/media\/3184"}],"wp:attachment":[{"href":"https:\/\/atasagon.com\/en\/wp-json\/wp\/v2\/media?parent=2961"}],"wp:term":[{"taxonomy":"product_brand","embeddable":true,"href":"https:\/\/atasagon.com\/en\/wp-json\/wp\/v2\/product_brand?post=2961"},{"taxonomy":"product_cat","embeddable":true,"href":"https:\/\/atasagon.com\/en\/wp-json\/wp\/v2\/product_cat?post=2961"},{"taxonomy":"product_tag","embeddable":true,"href":"https:\/\/atasagon.com\/en\/wp-json\/wp\/v2\/product_tag?post=2961"}],"curies":[{"name":"wp","href":"https:\/\/api.w.org\/{rel}","templated":true}]}}