{"id":2956,"date":"2023-01-19T14:10:06","date_gmt":"2023-01-19T11:10:06","guid":{"rendered":"https:\/\/dev.mabit.ro\/?post_type=product&#038;p=2956"},"modified":"2026-02-13T21:34:43","modified_gmt":"2026-02-13T18:34:43","slug":"alkaline-green","status":"publish","type":"product","link":"https:\/\/atasagon.com\/en\/product\/alkaline-green\/","title":{"rendered":"Alkaline Green Detox"},"content":{"rendered":"<p><strong>\ud83c\udf43<\/strong>In the green juice detox program, you&#039;ll feed your body throughout the day with alkaline herbs like spinach, celery, and cucumber juices.<\/p>\n<p>The high levels of chlorophyll in this detox program will increase the oxygen content of the blood. Since your body will not be burdened with digestion, it will use its energy for restoration, regeneration and healing. Alkaline Green Detox can be followed exclusively for 4-7 days, before or after a detoxification diet (Master Detox).<\/p>\n<p>In addition to the juices served, you must drink a lot of water (alkaline with pH 9.5), to intensify the detoxification process by increasing the amount of toxins eliminated through the kidneys. It is recommended to consume it so that you urinate every hour.<\/p>\n<p>going <strong>ALKALINE GREEN DETOX,<\/strong>\u00a0you will benefit from a complete experience of detoxification and energization, after which you will eliminate toxins and restore health and energy to the body.<strong>\ud83c\udf43<\/strong><\/p>\n<p><strong>Juice serving schedule for the ALKALINE GREEN DETOX program:<\/strong><\/p>\n<p>09:00 &#8211; B\u0103utura energizant\u0103 verde + ap\u0103 alcalin\u0103<\/p>\n<p>09:30 \u2013 Wheat juice, herbs and green juice<\/p>\n<p>11:00 \u2013 Alkaline water + detox soup<\/p>\n<p>12:30 \u2013 Avocado shake + Electrolyte drink<\/p>\n<p>14:00 \u2013 Alkaline water + Detox soup<\/p>\n<p>15:30 \u2013 Wheat juice, herbs and green juice<\/p>\n<p>17:00 \u2013 Alkaline water + detox soup<\/p>\n<p>18:30 \u2013 Avocado shake + Electrolyte drink<\/p>\n<p>20:00 \u2013 Green energizing drink + alkaline water<\/p>\n<p>21:30 \u2013 Probiotics<\/p>\n<p>Inclus \u00een pre\u021bul programului:<\/p>\n<p>\ud83c\udf4f Sucuri proaspete din legume verzi.<\/p>\n<p>\ud83c\udf75 Sup\u0103 detox, ceaiuri din plante \u0219i ap\u0103 alcalin\u0103<\/p>\n<p>\ud83e\ude7a Analiz\u0103 corporal\u0103 \u0219i interpretare cu un specialist<\/p>\n<p>\ud83d\udca7 Tratament zilnic de cur\u0103\u021bare a colonului<\/p>\n<p>\ud83e\uddd8\u200d\u2640\ufe0f Activit\u0103\u021bi fizice cu instructori califica\u021bi<\/p>\n<p>\ud83d\udcda Seminarii \u0219i workshop-uri pe diverse teme<\/p>\n<p>\ud83d\udd25 Acces la saun\u0103 umed\u0103, saun\u0103 cu infraro\u0219u \u0219i du\u0219 cu cromoterapie<\/p>\n<p>\ud83d\udecb\ufe0f Zone de relaxare \u0219i Bibliotec\u0103<\/p>\n<p>\ud83d\udcca Evaluarea rezultatelor din punct de vedere medical \u0219i nutri\u021bional (dac\u0103 se achizi\u021bioneaz\u0103 minim 7 zile)<\/p>","protected":false},"excerpt":{"rendered":"<h3 data-start=\"226\" data-end=\"319\"><strong data-start=\"233\" data-end=\"319\">Ofert\u0103 special\u0103: 1+1 cadou la programele de detoxifiere Atasagon<\/strong><\/h3>\n<p class=\"default\">Vii tu \u0219i aduci pe cine vrei \u2013\u00a0<strong data-start=\"223\" data-end=\"255\">a doua persoan\u0103 este GRATIS!<\/strong><\/p>\n<p class=\"default\">Bucur\u0103-te de programele noastre de detoxifiere \u0219i transform\u0103 experien\u021ba \u00eentr-un boost de energie, echilibru \u0219i stare de bine,\u00a0<strong data-start=\"383\" data-end=\"410\">\u00eempreun\u0103 cu cineva drag<\/strong>\u00a0\ud83d\udc9a<\/p>\n<p data-start=\"764\" data-end=\"930\">\ud83d\udcc5<strong> Perioada de achizitie 15 februarie &#8211; 01 mai 2026<\/strong><br data-start=\"827\" data-end=\"830\" \/>\u2728 <strong data-start=\"871\" data-end=\"928\">Pentru orice program de detoxifiere de minimum 4 zile<\/strong><\/p>\n<p data-start=\"932\" data-end=\"995\">Locuri limitate \u2013 rezerv\u0103 acum experien\u021ba ta de transformare!<\/p>","protected":false},"featured_media":8901,"comment_status":"open","ping_status":"closed","template":"","meta":{"_acf_changed":false},"product_brand":[],"product_cat":[39],"product_tag":[],"class_list":{"0":"post-2956","1":"product","2":"type-product","3":"status-publish","4":"has-post-thumbnail","6":"product_cat-detox","8":"first","9":"instock","10":"shipping-taxable","11":"purchasable","12":"product-type-simple"},"acf":[],"yoast_head":"<!-- This site is optimized with the Yoast SEO plugin v27.2 - https:\/\/yoast.com\/product\/yoast-seo-wordpress\/ -->\n<title>Alkaline Green Detox - Atasagon<\/title>\n<meta name=\"description\" content=\"\u00cen programul de detoxifiere cu suc verde, vei hr\u0103ni corpul pe tot parcursul zilei cu plante alcaline, cum ar fi sucurile din spanac, \u021belin\u0103 \u0219i castrave\u021bi.\" \/>\n<meta name=\"robots\" content=\"index, follow, max-snippet:-1, max-image-preview:large, max-video-preview:-1\" \/>\n<link rel=\"canonical\" href=\"https:\/\/atasagon.com\/en\/product\/alkaline-green\/\" \/>\n<meta property=\"og:locale\" content=\"en_US\" \/>\n<meta property=\"og:type\" content=\"article\" \/>\n<meta property=\"og:title\" content=\"Alkaline Green Detox - Atasagon\" \/>\n<meta property=\"og:description\" content=\"\u00cen programul de detoxifiere cu suc verde, vei hr\u0103ni corpul pe tot parcursul zilei cu plante alcaline, cum ar fi sucurile din spanac, \u021belin\u0103 \u0219i castrave\u021bi.\" \/>\n<meta property=\"og:url\" content=\"https:\/\/atasagon.com\/en\/product\/alkaline-green\/\" \/>\n<meta property=\"og:site_name\" content=\"Atasagon\" \/>\n<meta property=\"article:publisher\" content=\"https:\/\/www.facebook.com\/atasagon\/\" \/>\n<meta property=\"article:modified_time\" content=\"2026-02-13T18:34:43+00:00\" \/>\n<meta property=\"og:image\" content=\"https:\/\/atasagon.com\/wp-content\/uploads\/2025\/01\/3.png\" \/>\n\t<meta property=\"og:image:width\" content=\"851\" \/>\n\t<meta property=\"og:image:height\" content=\"315\" \/>\n\t<meta property=\"og:image:type\" content=\"image\/png\" \/>\n<meta name=\"twitter:card\" content=\"summary_large_image\" \/>\n<meta name=\"twitter:label1\" content=\"Est. reading time\" \/>\n\t<meta name=\"twitter:data1\" content=\"2 minutes\" \/>\n<script type=\"application\/ld+json\" class=\"yoast-schema-graph\">{\"@context\":\"https:\/\/schema.org\",\"@graph\":[{\"@type\":\"WebPage\",\"@id\":\"https:\/\/atasagon.com\/produs\/alkaline-green\/\",\"url\":\"https:\/\/atasagon.com\/produs\/alkaline-green\/\",\"name\":\"Alkaline Green Detox - Atasagon\",\"isPartOf\":{\"@id\":\"https:\/\/atasagon.com\/#website\"},\"primaryImageOfPage\":{\"@id\":\"https:\/\/atasagon.com\/produs\/alkaline-green\/#primaryimage\"},\"image\":{\"@id\":\"https:\/\/atasagon.com\/produs\/alkaline-green\/#primaryimage\"},\"thumbnailUrl\":\"https:\/\/atasagon.com\/wp-content\/uploads\/2025\/01\/3.png\",\"datePublished\":\"2023-01-19T11:10:06+00:00\",\"dateModified\":\"2026-02-13T18:34:43+00:00\",\"description\":\"\u00cen programul de detoxifiere cu suc verde, vei hr\u0103ni corpul pe tot parcursul zilei cu plante alcaline, cum ar fi sucurile din spanac, \u021belin\u0103 \u0219i castrave\u021bi.\",\"breadcrumb\":{\"@id\":\"https:\/\/atasagon.com\/produs\/alkaline-green\/#breadcrumb\"},\"inLanguage\":\"en-US\",\"potentialAction\":[{\"@type\":\"ReadAction\",\"target\":[\"https:\/\/atasagon.com\/produs\/alkaline-green\/\"]}]},{\"@type\":\"ImageObject\",\"inLanguage\":\"en-US\",\"@id\":\"https:\/\/atasagon.com\/produs\/alkaline-green\/#primaryimage\",\"url\":\"https:\/\/atasagon.com\/wp-content\/uploads\/2025\/01\/3.png\",\"contentUrl\":\"https:\/\/atasagon.com\/wp-content\/uploads\/2025\/01\/3.png\",\"width\":851,\"height\":315},{\"@type\":\"BreadcrumbList\",\"@id\":\"https:\/\/atasagon.com\/produs\/alkaline-green\/#breadcrumb\",\"itemListElement\":[{\"@type\":\"ListItem\",\"position\":1,\"name\":\"Home\",\"item\":\"https:\/\/atasagon.com\/\"},{\"@type\":\"ListItem\",\"position\":2,\"name\":\"Products\",\"item\":\"https:\/\/atasagon.com\/en\/shop\/\"},{\"@type\":\"ListItem\",\"position\":3,\"name\":\"Alkaline Green Detox\"}]},{\"@type\":\"WebSite\",\"@id\":\"https:\/\/atasagon.com\/#website\",\"url\":\"https:\/\/atasagon.com\/\",\"name\":\"Atasagon\",\"description\":\"Primul centru de nutri\u021bie \u0219i detoxifiere din Rom\u00e2nia\",\"publisher\":{\"@id\":\"https:\/\/atasagon.com\/#organization\"},\"potentialAction\":[{\"@type\":\"SearchAction\",\"target\":{\"@type\":\"EntryPoint\",\"urlTemplate\":\"https:\/\/atasagon.com\/?s={search_term_string}\"},\"query-input\":{\"@type\":\"PropertyValueSpecification\",\"valueRequired\":true,\"valueName\":\"search_term_string\"}}],\"inLanguage\":\"en-US\"},{\"@type\":\"Organization\",\"@id\":\"https:\/\/atasagon.com\/#organization\",\"name\":\"Atasagon\",\"url\":\"https:\/\/atasagon.com\/\",\"logo\":{\"@type\":\"ImageObject\",\"inLanguage\":\"en-US\",\"@id\":\"https:\/\/atasagon.com\/#\/schema\/logo\/image\/\",\"url\":\"https:\/\/atasagon.com\/wp-content\/uploads\/2023\/01\/cropped-atasagon-logo-2-175x58-1.png\",\"contentUrl\":\"https:\/\/atasagon.com\/wp-content\/uploads\/2023\/01\/cropped-atasagon-logo-2-175x58-1.png\",\"width\":175,\"height\":58,\"caption\":\"Atasagon\"},\"image\":{\"@id\":\"https:\/\/atasagon.com\/#\/schema\/logo\/image\/\"},\"sameAs\":[\"https:\/\/www.facebook.com\/atasagon\/\",\"https:\/\/instagram.com\/atasagon\"]}]}<\/script>\n<!-- \/ Yoast SEO plugin. -->","yoast_head_json":{"title":"Alkaline Green Detox - Atasagon","description":"In the green juice detox program, you&#039;ll feed your body throughout the day with alkaline herbs like spinach, celery, and cucumber juices.","robots":{"index":"index","follow":"follow","max-snippet":"max-snippet:-1","max-image-preview":"max-image-preview:large","max-video-preview":"max-video-preview:-1"},"canonical":"https:\/\/atasagon.com\/en\/product\/alkaline-green\/","og_locale":"en_US","og_type":"article","og_title":"Alkaline Green Detox - Atasagon","og_description":"\u00cen programul de detoxifiere cu suc verde, vei hr\u0103ni corpul pe tot parcursul zilei cu plante alcaline, cum ar fi sucurile din spanac, \u021belin\u0103 \u0219i castrave\u021bi.","og_url":"https:\/\/atasagon.com\/en\/product\/alkaline-green\/","og_site_name":"Atasagon","article_publisher":"https:\/\/www.facebook.com\/atasagon\/","article_modified_time":"2026-02-13T18:34:43+00:00","og_image":[{"width":851,"height":315,"url":"https:\/\/atasagon.com\/wp-content\/uploads\/2025\/01\/3.png","type":"image\/png"}],"twitter_card":"summary_large_image","twitter_misc":{"Est. reading time":"2 minutes"},"schema":{"@context":"https:\/\/schema.org","@graph":[{"@type":"WebPage","@id":"https:\/\/atasagon.com\/produs\/alkaline-green\/","url":"https:\/\/atasagon.com\/produs\/alkaline-green\/","name":"Alkaline Green Detox - Atasagon","isPartOf":{"@id":"https:\/\/atasagon.com\/#website"},"primaryImageOfPage":{"@id":"https:\/\/atasagon.com\/produs\/alkaline-green\/#primaryimage"},"image":{"@id":"https:\/\/atasagon.com\/produs\/alkaline-green\/#primaryimage"},"thumbnailUrl":"https:\/\/atasagon.com\/wp-content\/uploads\/2025\/01\/3.png","datePublished":"2023-01-19T11:10:06+00:00","dateModified":"2026-02-13T18:34:43+00:00","description":"In the green juice detox program, you&#039;ll feed your body throughout the day with alkaline herbs like spinach, celery, and cucumber juices.","breadcrumb":{"@id":"https:\/\/atasagon.com\/produs\/alkaline-green\/#breadcrumb"},"inLanguage":"en-US","potentialAction":[{"@type":"ReadAction","target":["https:\/\/atasagon.com\/produs\/alkaline-green\/"]}]},{"@type":"ImageObject","inLanguage":"en-US","@id":"https:\/\/atasagon.com\/produs\/alkaline-green\/#primaryimage","url":"https:\/\/atasagon.com\/wp-content\/uploads\/2025\/01\/3.png","contentUrl":"https:\/\/atasagon.com\/wp-content\/uploads\/2025\/01\/3.png","width":851,"height":315},{"@type":"BreadcrumbList","@id":"https:\/\/atasagon.com\/produs\/alkaline-green\/#breadcrumb","itemListElement":[{"@type":"ListItem","position":1,"name":"Home","item":"https:\/\/atasagon.com\/"},{"@type":"ListItem","position":2,"name":"Products","item":"https:\/\/atasagon.com\/en\/shop\/"},{"@type":"ListItem","position":3,"name":"Alkaline Green Detox"}]},{"@type":"WebSite","@id":"https:\/\/atasagon.com\/#website","url":"https:\/\/atasagon.com\/","name":"Atasagon","description":"The first nutrition and detoxification center in Romania","publisher":{"@id":"https:\/\/atasagon.com\/#organization"},"potentialAction":[{"@type":"SearchAction","target":{"@type":"EntryPoint","urlTemplate":"https:\/\/atasagon.com\/?s={search_term_string}"},"query-input":{"@type":"PropertyValueSpecification","valueRequired":true,"valueName":"search_term_string"}}],"inLanguage":"en-US"},{"@type":"Organization","@id":"https:\/\/atasagon.com\/#organization","name":"Atasagon","url":"https:\/\/atasagon.com\/","logo":{"@type":"ImageObject","inLanguage":"en-US","@id":"https:\/\/atasagon.com\/#\/schema\/logo\/image\/","url":"https:\/\/atasagon.com\/wp-content\/uploads\/2023\/01\/cropped-atasagon-logo-2-175x58-1.png","contentUrl":"https:\/\/atasagon.com\/wp-content\/uploads\/2023\/01\/cropped-atasagon-logo-2-175x58-1.png","width":175,"height":58,"caption":"Atasagon"},"image":{"@id":"https:\/\/atasagon.com\/#\/schema\/logo\/image\/"},"sameAs":["https:\/\/www.facebook.com\/atasagon\/","https:\/\/instagram.com\/atasagon"]}]}},"_links":{"self":[{"href":"https:\/\/atasagon.com\/en\/wp-json\/wp\/v2\/product\/2956","targetHints":{"allow":["GET"]}}],"collection":[{"href":"https:\/\/atasagon.com\/en\/wp-json\/wp\/v2\/product"}],"about":[{"href":"https:\/\/atasagon.com\/en\/wp-json\/wp\/v2\/types\/product"}],"replies":[{"embeddable":true,"href":"https:\/\/atasagon.com\/en\/wp-json\/wp\/v2\/comments?post=2956"}],"wp:featuredmedia":[{"embeddable":true,"href":"https:\/\/atasagon.com\/en\/wp-json\/wp\/v2\/media\/8901"}],"wp:attachment":[{"href":"https:\/\/atasagon.com\/en\/wp-json\/wp\/v2\/media?parent=2956"}],"wp:term":[{"taxonomy":"product_brand","embeddable":true,"href":"https:\/\/atasagon.com\/en\/wp-json\/wp\/v2\/product_brand?post=2956"},{"taxonomy":"product_cat","embeddable":true,"href":"https:\/\/atasagon.com\/en\/wp-json\/wp\/v2\/product_cat?post=2956"},{"taxonomy":"product_tag","embeddable":true,"href":"https:\/\/atasagon.com\/en\/wp-json\/wp\/v2\/product_tag?post=2956"}],"curies":[{"name":"wp","href":"https:\/\/api.w.org\/{rel}","templated":true}]}}