{"id":2955,"date":"2023-01-19T14:09:32","date_gmt":"2023-01-19T11:09:32","guid":{"rendered":"https:\/\/dev.mabit.ro\/?post_type=product&#038;p=2955"},"modified":"2026-02-13T21:35:47","modified_gmt":"2026-02-13T18:35:47","slug":"master-detox","status":"publish","type":"product","link":"https:\/\/atasagon.com\/en\/product\/master-detox\/","title":{"rendered":"Master Detox"},"content":{"rendered":"<p><strong>\ud83c\udf43<\/strong>Nature provides us with all the nutrients we need for o <strong>complete detoxification<\/strong>. However, it depends on us how we select them and introduce them into our body.<\/p>\n<p>The program&#039;s recipes include all the nutrients you will need. During the program <strong>Master Detox<\/strong> only fresh fruit and vegetable juices, vegetable soup, alkaline water and herbal teas are consumed. The juices provide the necessary nutrients for the liver detoxification phases. Juices will be served at regular intervals along with probiotics and other food supplements (minerals, fibers, protein powder).<\/p>\n<p>In addition to the juices served, you should drink a lot of water (alkaline with pH 9.5) to intensify the detoxification process by increasing the amount of toxins eliminated through the kidneys. It is recommended to consume it so that you urinate every hour. Since no new toxins will enter the body, the existing ones will be eliminated. You will get all the nutrients your body needs and you won&#039;t be hungry, even though you won&#039;t be eating solid food.<\/p>\n<p>By abstaining from solid food, you will allow your body to relax and cleanse your intestines, blood and lymphatic system. In this program, the enema session is essential, helping to restore the intestinal flora and optimal cleaning of the colon.<\/p>\n<p>going <strong>MASTER\u00a0DETOX,<\/strong>\u00a0you will benefit from a complete experience of detoxification and energization, after which you will eliminate toxins and restore health and energy to the body.<strong>\ud83c\udf43<\/strong><\/p>\n<p><strong>Juice serving time intervals for the Master Detox program<\/strong>:<\/p>\n<p>09:00 &#8211; Shake<\/p>\n<p>09:30 \u2013 Wheat juice and herbs<\/p>\n<p>11:00 \u2013 Shake<\/p>\n<p>12:30 &#8211; Suc verde \u0219i b\u0103utura electrolitic\u0103<\/p>\n<p>14:00 \u2013 Shake<\/p>\n<p>15:30 \u2013 Wheat juice and herbs<\/p>\n<p>17:00 \u2013 Shake<\/p>\n<p>18:30 \u2013 Green juice and electrolyte drink<\/p>\n<p>20:00 \u2013 Shake<\/p>\n<p>21:30 \u2013 Probiotics<\/p>\n<p>Inclus \u00een pre\u021bul programului:<\/p>\n<p>\ud83c\udf4f Sucuri proaspete din legume \u0219i fructe: Nutri\u021bie s\u0103n\u0103toas\u0103 \u0219i delicioas\u0103 pentru revitalizarea corpului.<\/p>\n<p>\ud83c\udf75 Sup\u0103 detox, ceaiuri din plante \u0219i ap\u0103 alcalin\u0103<\/p>\n<p>\ud83e\ude7a Analiz\u0103 corporal\u0103 \u0219i interpretare cu un specialist<\/p>\n<p>\ud83d\udca7 Tratament zilnic de cur\u0103\u021bare a colonului<\/p>\n<p>\ud83e\uddd8\u200d\u2640\ufe0f Activit\u0103\u021bi fizice cu instructori califica\u021bi<\/p>\n<p>\ud83d\udcda Seminarii \u0219i workshop-uri pe diverse teme<\/p>\n<p>\ud83d\udd25 Acces la saun\u0103 umed\u0103, saun\u0103 cu infraro\u0219u \u0219i du\u0219 cu cromoterapie<\/p>\n<p>\ud83d\udecb\ufe0f Zone de relaxare \u0219i Bibliotec\u0103<\/p>\n<p>\ud83d\udcca Evaluarea rezultatelor din punct de vedere medical \u0219i nutri\u021bional (dac\u0103 se achizi\u021bioneaz\u0103 minim 7 zile)<\/p>\n<p>&nbsp;<\/p>","protected":false},"excerpt":{"rendered":"<h3 data-start=\"226\" data-end=\"319\"><strong data-start=\"233\" data-end=\"319\">Ofert\u0103 special\u0103: 1+1 cadou la programele de detoxifiere Atasagon<\/strong><\/h3>\n<p class=\"default\">Vii tu \u0219i aduci pe cine vrei \u2013\u00a0<strong data-start=\"223\" data-end=\"255\">a doua persoan\u0103 este GRATIS!<\/strong><\/p>\n<p class=\"default\">Bucur\u0103-te de programele noastre de detoxifiere \u0219i transform\u0103 experien\u021ba \u00eentr-un boost de energie, echilibru \u0219i stare de bine,\u00a0<strong data-start=\"383\" data-end=\"410\">\u00eempreun\u0103 cu cineva drag<\/strong>\u00a0\ud83d\udc9a<\/p>\n<p data-start=\"764\" data-end=\"930\">\ud83d\udcc5<strong> Perioada de achizitie 15 februarie &#8211; 01 mai 2026<\/strong><br data-start=\"827\" data-end=\"830\" \/>\u2728 <strong data-start=\"871\" data-end=\"928\">Pentru orice program de detoxifiere de minimum 4 zile<\/strong><\/p>\n<p data-start=\"932\" data-end=\"995\">Locuri limitate \u2013 rezerv\u0103 acum experien\u021ba ta de transformare!<\/p>","protected":false},"featured_media":8827,"comment_status":"open","ping_status":"closed","template":"","meta":{"_acf_changed":false},"product_brand":[],"product_cat":[39],"product_tag":[],"class_list":{"0":"post-2955","1":"product","2":"type-product","3":"status-publish","4":"has-post-thumbnail","6":"product_cat-detox","8":"first","9":"instock","10":"shipping-taxable","11":"purchasable","12":"product-type-simple"},"acf":[],"yoast_head":"<!-- This site is optimized with the Yoast SEO plugin v27.2 - https:\/\/yoast.com\/product\/yoast-seo-wordpress\/ -->\n<title>Master Detox - Atasagon<\/title>\n<meta name=\"description\" content=\"Sucurile vor fi servite la intervale regulate de timp al\u0103turi de probiotice \u0219i alte suplimente alimentare (minerale, fibre, pubr\u0103 de proteine).\" \/>\n<meta name=\"robots\" content=\"index, follow, max-snippet:-1, max-image-preview:large, max-video-preview:-1\" \/>\n<link rel=\"canonical\" href=\"https:\/\/atasagon.com\/en\/product\/master-detox\/\" \/>\n<meta property=\"og:locale\" content=\"en_US\" \/>\n<meta property=\"og:type\" content=\"article\" \/>\n<meta property=\"og:title\" content=\"Master Detox - Atasagon\" \/>\n<meta property=\"og:description\" content=\"Sucurile vor fi servite la intervale regulate de timp al\u0103turi de probiotice \u0219i alte suplimente alimentare (minerale, fibre, pubr\u0103 de proteine).\" \/>\n<meta property=\"og:url\" content=\"https:\/\/atasagon.com\/en\/product\/master-detox\/\" \/>\n<meta property=\"og:site_name\" content=\"Atasagon\" \/>\n<meta property=\"article:publisher\" content=\"https:\/\/www.facebook.com\/atasagon\/\" \/>\n<meta property=\"article:modified_time\" content=\"2026-02-13T18:35:47+00:00\" \/>\n<meta property=\"og:image\" content=\"https:\/\/atasagon.com\/wp-content\/uploads\/2023\/01\/Atasagon_206.jpg\" \/>\n\t<meta property=\"og:image:width\" content=\"1304\" \/>\n\t<meta property=\"og:image:height\" content=\"869\" \/>\n\t<meta property=\"og:image:type\" content=\"image\/jpeg\" \/>\n<meta name=\"twitter:card\" content=\"summary_large_image\" \/>\n<meta name=\"twitter:label1\" content=\"Est. reading time\" \/>\n\t<meta name=\"twitter:data1\" content=\"3 minutes\" \/>\n<script type=\"application\/ld+json\" class=\"yoast-schema-graph\">{\"@context\":\"https:\/\/schema.org\",\"@graph\":[{\"@type\":\"WebPage\",\"@id\":\"https:\/\/atasagon.com\/produs\/master-detox\/\",\"url\":\"https:\/\/atasagon.com\/produs\/master-detox\/\",\"name\":\"Master Detox - Atasagon\",\"isPartOf\":{\"@id\":\"https:\/\/atasagon.com\/#website\"},\"primaryImageOfPage\":{\"@id\":\"https:\/\/atasagon.com\/produs\/master-detox\/#primaryimage\"},\"image\":{\"@id\":\"https:\/\/atasagon.com\/produs\/master-detox\/#primaryimage\"},\"thumbnailUrl\":\"https:\/\/atasagon.com\/wp-content\/uploads\/2023\/01\/Atasagon_206.jpg\",\"datePublished\":\"2023-01-19T11:09:32+00:00\",\"dateModified\":\"2026-02-13T18:35:47+00:00\",\"description\":\"Sucurile vor fi servite la intervale regulate de timp al\u0103turi de probiotice \u0219i alte suplimente alimentare (minerale, fibre, pubr\u0103 de proteine).\",\"breadcrumb\":{\"@id\":\"https:\/\/atasagon.com\/produs\/master-detox\/#breadcrumb\"},\"inLanguage\":\"en-US\",\"potentialAction\":[{\"@type\":\"ReadAction\",\"target\":[\"https:\/\/atasagon.com\/produs\/master-detox\/\"]}]},{\"@type\":\"ImageObject\",\"inLanguage\":\"en-US\",\"@id\":\"https:\/\/atasagon.com\/produs\/master-detox\/#primaryimage\",\"url\":\"https:\/\/atasagon.com\/wp-content\/uploads\/2023\/01\/Atasagon_206.jpg\",\"contentUrl\":\"https:\/\/atasagon.com\/wp-content\/uploads\/2023\/01\/Atasagon_206.jpg\",\"width\":1304,\"height\":869},{\"@type\":\"BreadcrumbList\",\"@id\":\"https:\/\/atasagon.com\/produs\/master-detox\/#breadcrumb\",\"itemListElement\":[{\"@type\":\"ListItem\",\"position\":1,\"name\":\"Home\",\"item\":\"https:\/\/atasagon.com\/\"},{\"@type\":\"ListItem\",\"position\":2,\"name\":\"Products\",\"item\":\"https:\/\/atasagon.com\/en\/shop\/\"},{\"@type\":\"ListItem\",\"position\":3,\"name\":\"Master Detox\"}]},{\"@type\":\"WebSite\",\"@id\":\"https:\/\/atasagon.com\/#website\",\"url\":\"https:\/\/atasagon.com\/\",\"name\":\"Atasagon\",\"description\":\"Primul centru de nutri\u021bie \u0219i detoxifiere din Rom\u00e2nia\",\"publisher\":{\"@id\":\"https:\/\/atasagon.com\/#organization\"},\"potentialAction\":[{\"@type\":\"SearchAction\",\"target\":{\"@type\":\"EntryPoint\",\"urlTemplate\":\"https:\/\/atasagon.com\/?s={search_term_string}\"},\"query-input\":{\"@type\":\"PropertyValueSpecification\",\"valueRequired\":true,\"valueName\":\"search_term_string\"}}],\"inLanguage\":\"en-US\"},{\"@type\":\"Organization\",\"@id\":\"https:\/\/atasagon.com\/#organization\",\"name\":\"Atasagon\",\"url\":\"https:\/\/atasagon.com\/\",\"logo\":{\"@type\":\"ImageObject\",\"inLanguage\":\"en-US\",\"@id\":\"https:\/\/atasagon.com\/#\/schema\/logo\/image\/\",\"url\":\"https:\/\/atasagon.com\/wp-content\/uploads\/2023\/01\/cropped-atasagon-logo-2-175x58-1.png\",\"contentUrl\":\"https:\/\/atasagon.com\/wp-content\/uploads\/2023\/01\/cropped-atasagon-logo-2-175x58-1.png\",\"width\":175,\"height\":58,\"caption\":\"Atasagon\"},\"image\":{\"@id\":\"https:\/\/atasagon.com\/#\/schema\/logo\/image\/\"},\"sameAs\":[\"https:\/\/www.facebook.com\/atasagon\/\",\"https:\/\/instagram.com\/atasagon\"]}]}<\/script>\n<!-- \/ Yoast SEO plugin. -->","yoast_head_json":{"title":"Master Detox - Atasagon","description":"Juices will be served at regular intervals along with probiotics and other food supplements (minerals, fiber, protein powder).","robots":{"index":"index","follow":"follow","max-snippet":"max-snippet:-1","max-image-preview":"max-image-preview:large","max-video-preview":"max-video-preview:-1"},"canonical":"https:\/\/atasagon.com\/en\/product\/master-detox\/","og_locale":"en_US","og_type":"article","og_title":"Master Detox - Atasagon","og_description":"Sucurile vor fi servite la intervale regulate de timp al\u0103turi de probiotice \u0219i alte suplimente alimentare (minerale, fibre, pubr\u0103 de proteine).","og_url":"https:\/\/atasagon.com\/en\/product\/master-detox\/","og_site_name":"Atasagon","article_publisher":"https:\/\/www.facebook.com\/atasagon\/","article_modified_time":"2026-02-13T18:35:47+00:00","og_image":[{"width":1304,"height":869,"url":"https:\/\/atasagon.com\/wp-content\/uploads\/2023\/01\/Atasagon_206.jpg","type":"image\/jpeg"}],"twitter_card":"summary_large_image","twitter_misc":{"Est. reading time":"3 minutes"},"schema":{"@context":"https:\/\/schema.org","@graph":[{"@type":"WebPage","@id":"https:\/\/atasagon.com\/produs\/master-detox\/","url":"https:\/\/atasagon.com\/produs\/master-detox\/","name":"Master Detox - Atasagon","isPartOf":{"@id":"https:\/\/atasagon.com\/#website"},"primaryImageOfPage":{"@id":"https:\/\/atasagon.com\/produs\/master-detox\/#primaryimage"},"image":{"@id":"https:\/\/atasagon.com\/produs\/master-detox\/#primaryimage"},"thumbnailUrl":"https:\/\/atasagon.com\/wp-content\/uploads\/2023\/01\/Atasagon_206.jpg","datePublished":"2023-01-19T11:09:32+00:00","dateModified":"2026-02-13T18:35:47+00:00","description":"Juices will be served at regular intervals along with probiotics and other food supplements (minerals, fiber, protein powder).","breadcrumb":{"@id":"https:\/\/atasagon.com\/produs\/master-detox\/#breadcrumb"},"inLanguage":"en-US","potentialAction":[{"@type":"ReadAction","target":["https:\/\/atasagon.com\/produs\/master-detox\/"]}]},{"@type":"ImageObject","inLanguage":"en-US","@id":"https:\/\/atasagon.com\/produs\/master-detox\/#primaryimage","url":"https:\/\/atasagon.com\/wp-content\/uploads\/2023\/01\/Atasagon_206.jpg","contentUrl":"https:\/\/atasagon.com\/wp-content\/uploads\/2023\/01\/Atasagon_206.jpg","width":1304,"height":869},{"@type":"BreadcrumbList","@id":"https:\/\/atasagon.com\/produs\/master-detox\/#breadcrumb","itemListElement":[{"@type":"ListItem","position":1,"name":"Home","item":"https:\/\/atasagon.com\/"},{"@type":"ListItem","position":2,"name":"Products","item":"https:\/\/atasagon.com\/en\/shop\/"},{"@type":"ListItem","position":3,"name":"Master Detox"}]},{"@type":"WebSite","@id":"https:\/\/atasagon.com\/#website","url":"https:\/\/atasagon.com\/","name":"Atasagon","description":"The first nutrition and detoxification center in Romania","publisher":{"@id":"https:\/\/atasagon.com\/#organization"},"potentialAction":[{"@type":"SearchAction","target":{"@type":"EntryPoint","urlTemplate":"https:\/\/atasagon.com\/?s={search_term_string}"},"query-input":{"@type":"PropertyValueSpecification","valueRequired":true,"valueName":"search_term_string"}}],"inLanguage":"en-US"},{"@type":"Organization","@id":"https:\/\/atasagon.com\/#organization","name":"Atasagon","url":"https:\/\/atasagon.com\/","logo":{"@type":"ImageObject","inLanguage":"en-US","@id":"https:\/\/atasagon.com\/#\/schema\/logo\/image\/","url":"https:\/\/atasagon.com\/wp-content\/uploads\/2023\/01\/cropped-atasagon-logo-2-175x58-1.png","contentUrl":"https:\/\/atasagon.com\/wp-content\/uploads\/2023\/01\/cropped-atasagon-logo-2-175x58-1.png","width":175,"height":58,"caption":"Atasagon"},"image":{"@id":"https:\/\/atasagon.com\/#\/schema\/logo\/image\/"},"sameAs":["https:\/\/www.facebook.com\/atasagon\/","https:\/\/instagram.com\/atasagon"]}]}},"_links":{"self":[{"href":"https:\/\/atasagon.com\/en\/wp-json\/wp\/v2\/product\/2955","targetHints":{"allow":["GET"]}}],"collection":[{"href":"https:\/\/atasagon.com\/en\/wp-json\/wp\/v2\/product"}],"about":[{"href":"https:\/\/atasagon.com\/en\/wp-json\/wp\/v2\/types\/product"}],"replies":[{"embeddable":true,"href":"https:\/\/atasagon.com\/en\/wp-json\/wp\/v2\/comments?post=2955"}],"wp:featuredmedia":[{"embeddable":true,"href":"https:\/\/atasagon.com\/en\/wp-json\/wp\/v2\/media\/8827"}],"wp:attachment":[{"href":"https:\/\/atasagon.com\/en\/wp-json\/wp\/v2\/media?parent=2955"}],"wp:term":[{"taxonomy":"product_brand","embeddable":true,"href":"https:\/\/atasagon.com\/en\/wp-json\/wp\/v2\/product_brand?post=2955"},{"taxonomy":"product_cat","embeddable":true,"href":"https:\/\/atasagon.com\/en\/wp-json\/wp\/v2\/product_cat?post=2955"},{"taxonomy":"product_tag","embeddable":true,"href":"https:\/\/atasagon.com\/en\/wp-json\/wp\/v2\/product_tag?post=2955"}],"curies":[{"name":"wp","href":"https:\/\/api.w.org\/{rel}","templated":true}]}}